{"id":956,"date":"2023-05-22T13:57:46","date_gmt":"2023-05-22T11:57:46","guid":{"rendered":"https:\/\/drottningblanka.se\/vasastan\/?page_id=956"},"modified":"2025-08-21T14:24:24","modified_gmt":"2025-08-21T12:24:24","slug":"elevhalsa","status":"publish","type":"page","link":"https:\/\/drottningblanka.se\/vasastan\/om-dbgy\/elevhalsa\/","title":{"rendered":"Elevh\u00e4lsa"},"content":{"rendered":"\n\t\n\t\n\t\n\n\t\n\t\n\t\t\n<section  class=\"c-block l-stacked  \" data-color-scheme=\"vit\">\n\t<div class=\"ams-fifty ams-fifty--container ams-fifty--left ams-fifty--top l-container u-pt-fluid-3xl-6xl u-pb-fluid-3xl-6xl\">\n\t\t<div class=\"ams-fifty__content l-stack l-stack-xl is-left is-left@lg\">\n\t\t\t<div class=\"ams-fifty__text l-stack l-stack-lg\">\n\t\t\t\t\t\n\t<h1\n\tclass=\"c-heading u-font-title-1 \"\n\tstyle=\"\">\n\t\t\n\t\t\t\t\tElevh\u00e4lsa\n\t\t\t\t\n\t<\/h1>\n\n\t\t\t\t\t\t\t\t\t<div class=\"text l-stack u-font-body\">\n\t\t\t\t\t\t<p>Inom Drottning Blankas Gymnasieskolor arbetar vi mycket med v\u00e5r elevh\u00e4lsa. Det \u00e4r egentligen inte s\u00e5 konstigt eftersom skolverket best\u00e4mt att alla skolor m\u00e5ste ha just en elevh\u00e4lsa \u2013 men vad betyder det egentligen?<\/p>\n\n\t\t\t\t\t<\/div>\n\t\t\t\t\t\t\t<\/div>\n\n\t\t\t\t\t<\/div>\n\n\t\t <div class=\"ams-fifty__media u-ratio-square\">\n\t\t \t\t\t\t\t<img decoding=\"async\" width=\"600\" height=\"900\" src=\"https:\/\/drottningblanka.se\/wp-content\/uploads\/sites\/30\/2024\/05\/dbgygoteborg202403h8a6527-600x900.jpeg\" class=\"attachment-md size-md\" alt=\"Elever i en park\" sizes=\"(min-width: 64em) 600px, calc(100vw - 160px)\" srcset=\"https:\/\/drottningblanka.se\/wp-content\/uploads\/sites\/30\/2024\/05\/dbgygoteborg202403h8a6527-600x900.jpeg 600w, https:\/\/drottningblanka.se\/wp-content\/uploads\/sites\/30\/2024\/05\/dbgygoteborg202403h8a6527-300x450.jpeg 300w, https:\/\/drottningblanka.se\/wp-content\/uploads\/sites\/30\/2024\/05\/dbgygoteborg202403h8a6527-400x600.jpeg 400w, https:\/\/drottningblanka.se\/wp-content\/uploads\/sites\/30\/2024\/05\/dbgygoteborg202403h8a6527-800x1200.jpeg 800w, https:\/\/drottningblanka.se\/wp-content\/uploads\/sites\/30\/2024\/05\/dbgygoteborg202403h8a6527.jpeg 853w\" \/>\n\t\t\t\n\t\t\t\n\t\t\t\t\t<\/div>\n\t<\/div>\n\n\t\t\n\n<\/section>\n\n\n\n\t\n\t\n\t\n\n\t\n\t\n\t\t\n<section  class=\"c-block l-stacked  \" data-color-scheme=\"gra\">\n\t<div class=\"ams-fifty ams-fifty--container ams-fifty--right ams-fifty--top l-container u-pt-fluid-3xl-6xl u-pb-fluid-3xl-6xl\">\n\t\t<div class=\"ams-fifty__content l-stack l-stack-xl is-left is-left@lg\">\n\t\t\t<div class=\"ams-fifty__text l-stack l-stack-lg\">\n\t\t\t\t\t\n\t<h2\n\tclass=\"c-heading u-font-title-1 \"\n\tstyle=\"\">\n\t\t\n\t\t\t\t\tDet \u00e4r viktigt f\u00f6r oss att det g\u00e5r bra f\u00f6r dig!\n\t\t\t\t\n\t<\/h2>\n\n\t\t\t\t\t\t\t\t\t<div class=\"text l-stack u-font-body\">\n\t\t\t\t\t\t<p>En elevh\u00e4lsa finns f\u00f6r dig som elev och ska arbeta b\u00e5de h\u00e4lsofr\u00e4mjande och f\u00f6rebyggande p\u00e5 skolan, f\u00f6r att du ska m\u00e5 s\u00e5 bra som m\u00f6jligt. Det kan inneb\u00e4ra allt ifr\u00e5n medicinska, psykologiska, psykosociala och specialpedagogiska insatser till att st\u00f6dja din utveckling och dina m\u00e5l.<\/p>\n<p>F\u00f6r oss inom Drottning Blanka ligger elevers h\u00e4lsa extra n\u00e4ra hj\u00e4rtat. Som vi brukar s\u00e4ga \u2013 det \u00e4r viktigt f\u00f6r oss att det g\u00e5r bra f\u00f6r dig! D\u00e5 \u00e4r det ocks\u00e5 en sj\u00e4lvklarhet att vi ska ha en stark elevh\u00e4lsa p\u00e5 v\u00e5ra skolor! Vi tror att om du m\u00e5r bra s\u00e5 kommer du ocks\u00e5 prestera b\u00e4ttre.<\/p>\n\n\t\t\t\t\t<\/div>\n\t\t\t\t\t\t\t<\/div>\n\n\t\t\t\t\t<\/div>\n\n\t\t <div class=\"ams-fifty__media u-ratio-square\">\n\t\t \t\t\t\t\t<img decoding=\"async\" width=\"600\" height=\"400\" src=\"https:\/\/drottningblanka.se\/wp-content\/uploads\/sites\/30\/2024\/05\/dbgyhelsingborg202403h8a1892-600x400.jpeg\" class=\"attachment-md size-md\" alt=\"Elever vid sina sk\u00e5p i skolan\" sizes=\"(min-width: 64em) 600px, calc(100vw - 160px)\" srcset=\"https:\/\/drottningblanka.se\/wp-content\/uploads\/sites\/30\/2024\/05\/dbgyhelsingborg202403h8a1892-600x400.jpeg 600w, https:\/\/drottningblanka.se\/wp-content\/uploads\/sites\/30\/2024\/05\/dbgyhelsingborg202403h8a1892-300x200.jpeg 300w, https:\/\/drottningblanka.se\/wp-content\/uploads\/sites\/30\/2024\/05\/dbgyhelsingborg202403h8a1892-400x267.jpeg 400w, https:\/\/drottningblanka.se\/wp-content\/uploads\/sites\/30\/2024\/05\/dbgyhelsingborg202403h8a1892-800x533.jpeg 800w, https:\/\/drottningblanka.se\/wp-content\/uploads\/sites\/30\/2024\/05\/dbgyhelsingborg202403h8a1892-1024x683.jpeg 1024w, https:\/\/drottningblanka.se\/wp-content\/uploads\/sites\/30\/2024\/05\/dbgyhelsingborg202403h8a1892.jpeg 1080w\" \/>\n\t\t\t\n\t\t\t\n\t\t\t\t\t<\/div>\n\t<\/div>\n\n\t\t\n\n<\/section>\n\n\n\n<section \n\t\t class=\"\n\t\t ams-contact\n\t\t \n\t\t c-block l-stacked\n\t\t \n\t\t \n\t\t js-load-more\n\t\t \"\n\t\t data-color-scheme=\"vit\"\n\t\t\t\t\tdata-count=\"3\"\n\t\t\t\t\t\t\tdata-count-mobile=\"2\"\n\t\t\t\t>\n\t<div\n\t\t class=\"\n\t\t l-container\n\t\t l-stack l-stack-fluid-2xl\n\t\t u-pt-fluid-3xl-6xl\n\t\t u-pb-fluid-3xl-6xl\n\t\t is-center\n\t\t is-center@md\n\t\t \">\n\t\t\t\t\t<div class=\"ams-contact__intro l-stack l-stack-lg\">\n\t\t\t\t\t\n\t<h2\n\tclass=\"c-heading u-font-title-1 \"\n\tstyle=\"\">\n\t\t\n\t\t\t\t\tKontakta oss\n\t\t\t\t\n\t<\/h2>\n\n\t\t\t\t\t\t\t<\/div>\n\t\t\n\t\t\n\t\t    \t\n\t\t\n\t\t<ul\n\t\t\tid=\"contact-grid-69e135a760d82\"\n\t\t\tclass=\"ams-contact__list l-grid u-gap-fluid-2xl-4xl u-justify-center js-results \"\n\t\t\taria-label=\"Kontakter\"\n\t\t\tdata-filter-animation=\"off\"\n\t\t\t>\n\t\t\t\t\t\t\t\t\t\t\t\n\t\t\t\t\n\t\t\t\t<li class=\"l-col-6@md l-col-4@lg \" data-filter=\"elevhalsa\">\n\t\t\t\t\t<article class=\"c-card \" data-variant=\"neutral\">\n\t\t\t\t\t\t<div class=\"c-card__content u-text-center\">\n\t\t\t\t\t\t\t\t\t\t\t\t\t\t\t<h3 class=\"c-card__title u-font-title-3\">\n\t\t\t\t\t\t\t\t\tCatarina Larsson\n\t\t\t\t\t\t\t\t<\/h3>\n\t\t\t\t\t\t\t\n\t\t\t\t\t\t\t\t\t\t\t\t\t\t\t<p class=\"position u-font-body\">Studie- och yrkesv\u00e4gledare<\/p>\n\t\t\t\t\t\t\t\n\t\t\t\t\t\t\t\t\t\t\t\t\t\t\t<div class=\"contact-info u-font-body\">\n\t\t\t\t\t\t\t\t\t\n\t\t\t\t\t\t\t\t\t\t\t\t\t\t\t\t\t\t\t\t\t\t\t\t\t\t\t\t\t\t<p class=\"email\"><a\n\t\t\t\t\t\t\t\t\t\t\t\t\thref=\"&#109;&#097;&#105;&#108;to:&#099;&#097;&#116;&#097;rina&#046;&#108;&#097;&#114;sson&#064;&#097;&#099;ade&#109;&#101;&#100;ia&#046;s&#101;\"\n\t\t\t\t\t\t\t\t\t\t\t\t\tclass=\"u-text-link\">&#099;&#097;ta&#114;&#105;&#110;&#097;&#046;&#108;&#097;r&#115;&#115;&#111;n&#064;&#097;&#099;a&#100;&#101;&#109;&#101;&#100;ia&#046;s&#101;<\/a>\n\t\t\t\t\t\t\t\t\t\t\t<\/p>\n\t\t\t\t\t\t\t\t\t\t\t\t\t\t\t\t\t\t\t\t\t\t\t\t\t\t\t<\/div>\n\t\t\t\t\t\t\t\n\t\t\t\t\t\t\t\t\t\t\t\t\t<\/div>\n\t\t\t\t\t\t<div class=\"c-card__media\">\n\t\t\t\t\t\t\t\t\t\t\t\t\t\t\t\t\t\t\t\t\t\t\t\t\t\t\t\t\t\t\t\t\t\t\t\t\t\t\t\t\t\t\t\t\t\t\t\t\t<img decoding=\"async\" width=\"400\" height=\"267\" src=\"https:\/\/drottningblanka.se\/wp-content\/uploads\/sites\/30\/2022\/10\/catarina-hemsida-400x267.png\" class=\"u-radius-round u-ratio-landscape  \" alt=\"\" sizes=\"(max-width: 300px) 100vw, 300px\" srcset=\"https:\/\/drottningblanka.se\/wp-content\/uploads\/sites\/30\/2022\/10\/catarina-hemsida-400x267.png 400w, https:\/\/drottningblanka.se\/wp-content\/uploads\/sites\/30\/2022\/10\/catarina-hemsida-300x200.png 300w, https:\/\/drottningblanka.se\/wp-content\/uploads\/sites\/30\/2022\/10\/catarina-hemsida-600x400.png 600w, https:\/\/drottningblanka.se\/wp-content\/uploads\/sites\/30\/2022\/10\/catarina-hemsida-800x533.png 800w, https:\/\/drottningblanka.se\/wp-content\/uploads\/sites\/30\/2022\/10\/catarina-hemsida-1024x683.png 1024w, https:\/\/drottningblanka.se\/wp-content\/uploads\/sites\/30\/2022\/10\/catarina-hemsida-1200x800.png 1200w\" \/>\n\t\t\t\t\t\t<\/div>\n\t\t\t\t\t<\/article>\n\t\t\t\t<\/li>\n\t\t\t\t\t\t\t\t\t\t\t\n\t\t\t\t\n\t\t\t\t<li class=\"l-col-6@md l-col-4@lg \" data-filter=\"elevhalsa\">\n\t\t\t\t\t<article class=\"c-card \" data-variant=\"neutral\">\n\t\t\t\t\t\t<div class=\"c-card__content u-text-center\">\n\t\t\t\t\t\t\t\t\t\t\t\t\t\t\t<h3 class=\"c-card__title u-font-title-3\">\n\t\t\t\t\t\t\t\t\tDzeneta Kasapovic\n\t\t\t\t\t\t\t\t<\/h3>\n\t\t\t\t\t\t\t\n\t\t\t\t\t\t\t\t\t\t\t\t\t\t\t<p class=\"position u-font-body\">Specialpedagog <\/p>\n\t\t\t\t\t\t\t\n\t\t\t\t\t\t\t\t\t\t\t\t\t\t\t<div class=\"contact-info u-font-body\">\n\t\t\t\t\t\t\t\t\t\t\t\t\t\t\t\t\t\t\t\t\t\t\t\t\t\t\t\t\t\t<p class=\"phone\"><a\n\t\t\t\t\t\t\t\t\t\t\t\t\thref=\"tel:0725025328\"\n\t\t\t\t\t\t\t\t\t\t\t\t\tclass=\"u-text-link\">072-502 53 28<\/a>\n\t\t\t\t\t\t\t\t\t\t\t<\/p>\n\t\t\t\t\t\t\t\t\t\t\t\t\t\t\t\t\t\t\t\n\t\t\t\t\t\t\t\t\t\t\t\t\t\t\t\t\t\t\t\t\t\t\t\t\t\t\t\t\t\t<p class=\"email\"><a\n\t\t\t\t\t\t\t\t\t\t\t\t\thref=\"&#109;a&#105;&#108;to&#058;d&#122;&#101;n&#101;&#116;&#097;&#046;&#107;&#097;&#115;&#097;p&#111;&#118;ic&#064;&#100;&#098;gy&#046;&#115;e\"\n\t\t\t\t\t\t\t\t\t\t\t\t\tclass=\"u-text-link\">&#100;z&#101;&#110;&#101;&#116;&#097;.&#107;a&#115;ap&#111;v&#105;c&#064;d&#098;&#103;&#121;&#046;&#115;e<\/a>\n\t\t\t\t\t\t\t\t\t\t\t<\/p>\n\t\t\t\t\t\t\t\t\t\t\t\t\t\t\t\t\t\t\t\t\t\t\t\t\t\t\t<\/div>\n\t\t\t\t\t\t\t\n\t\t\t\t\t\t\t\t\t\t\t\t\t<\/div>\n\t\t\t\t\t\t<div class=\"c-card__media\">\n\t\t\t\t\t\t\t\t\t\t\t\t\t\t\t\t\t\t\t\t\t\t\t\t\t\t\t\t\t\t\t\t\t\t\t\t\t\t\t\t\t\t\t\t\t\t\t\t\t<img decoding=\"async\" width=\"400\" height=\"313\" src=\"https:\/\/drottningblanka.se\/wp-content\/uploads\/sites\/30\/2022\/07\/dzeneta-kaspovic-400x313.png\" class=\"u-radius-round u-ratio-landscape  \" alt=\"Personalbild\" sizes=\"(max-width: 300px) 100vw, 300px\" srcset=\"https:\/\/drottningblanka.se\/wp-content\/uploads\/sites\/30\/2022\/07\/dzeneta-kaspovic-400x313.png 400w, https:\/\/drottningblanka.se\/wp-content\/uploads\/sites\/30\/2022\/07\/dzeneta-kaspovic-300x235.png 300w, https:\/\/drottningblanka.se\/wp-content\/uploads\/sites\/30\/2022\/07\/dzeneta-kaspovic-600x469.png 600w, https:\/\/drottningblanka.se\/wp-content\/uploads\/sites\/30\/2022\/07\/dzeneta-kaspovic.png 678w\" \/>\n\t\t\t\t\t\t<\/div>\n\t\t\t\t\t<\/article>\n\t\t\t\t<\/li>\n\t\t\t\t\t\t\t\t\t\t\t\n\t\t\t\t\n\t\t\t\t<li class=\"l-col-6@md l-col-4@lg \" data-filter=\"elevhalsa\">\n\t\t\t\t\t<article class=\"c-card \" data-variant=\"neutral\">\n\t\t\t\t\t\t<div class=\"c-card__content u-text-center\">\n\t\t\t\t\t\t\t\t\t\t\t\t\t\t\t<h3 class=\"c-card__title u-font-title-3\">\n\t\t\t\t\t\t\t\t\tKatarina Renlund\n\t\t\t\t\t\t\t\t<\/h3>\n\t\t\t\t\t\t\t\n\t\t\t\t\t\t\t\t\t\t\t\t\t\t\t<p class=\"position u-font-body\">Kurator  <\/p>\n\t\t\t\t\t\t\t\n\t\t\t\t\t\t\t\t\t\t\t\t\t\t\t<div class=\"contact-info u-font-body\">\n\t\t\t\t\t\t\t\t\t\n\t\t\t\t\t\t\t\t\t\t\t\t\t\t\t\t\t\t\t\t\t\t\t\t\t\t\t\t\t\t<p class=\"email\"><a\n\t\t\t\t\t\t\t\t\t\t\t\t\thref=\"&#109;a&#105;&#108;&#116;o:ka&#116;a&#114;in&#097;&#046;r&#101;nlu&#110;d&#064;&#100;bgy.se\"\n\t\t\t\t\t\t\t\t\t\t\t\t\tclass=\"u-text-link\">k&#097;&#116;ari&#110;a&#046;ren&#108;u&#110;&#100;&#064;d&#098;g&#121;.&#115;&#101;<\/a>\n\t\t\t\t\t\t\t\t\t\t\t<\/p>\n\t\t\t\t\t\t\t\t\t\t\t\t\t\t\t\t\t\t\t\t\t\t\t\t\t\t\t<\/div>\n\t\t\t\t\t\t\t\n\t\t\t\t\t\t\t\t\t\t\t\t\t<\/div>\n\t\t\t\t\t\t<div class=\"c-card__media\">\n\t\t\t\t\t\t\t\t\t\t\t\t\t\t\t\t\t\t\t\t\t\t\t\t\t\t\t\t\t\t\t\t\t\t\t\t\t\t\t\t\t\t\t\t\t\t\t\t\t<img decoding=\"async\" width=\"400\" height=\"267\" src=\"https:\/\/drottningblanka.se\/wp-content\/uploads\/sites\/30\/2023\/07\/katarina-hemsida-400x267.jpg\" class=\"u-radius-round u-ratio-landscape  \" alt=\"\" sizes=\"(max-width: 300px) 100vw, 300px\" srcset=\"https:\/\/drottningblanka.se\/wp-content\/uploads\/sites\/30\/2023\/07\/katarina-hemsida-400x267.jpg 400w, https:\/\/drottningblanka.se\/wp-content\/uploads\/sites\/30\/2023\/07\/katarina-hemsida-300x200.jpg 300w, https:\/\/drottningblanka.se\/wp-content\/uploads\/sites\/30\/2023\/07\/katarina-hemsida-600x400.jpg 600w, https:\/\/drottningblanka.se\/wp-content\/uploads\/sites\/30\/2023\/07\/katarina-hemsida-800x533.jpg 800w, https:\/\/drottningblanka.se\/wp-content\/uploads\/sites\/30\/2023\/07\/katarina-hemsida-1024x683.jpg 1024w, https:\/\/drottningblanka.se\/wp-content\/uploads\/sites\/30\/2023\/07\/katarina-hemsida-1200x800.jpg 1200w\" \/>\n\t\t\t\t\t\t<\/div>\n\t\t\t\t\t<\/article>\n\t\t\t\t<\/li>\n\t\t\t\t\t\t\t\t\t\t\t\n\t\t\t\t\n\t\t\t\t<li class=\"l-col-6@md l-col-4@lg \" data-filter=\"elevhalsa\">\n\t\t\t\t\t<article class=\"c-card \" data-variant=\"neutral\">\n\t\t\t\t\t\t<div class=\"c-card__content u-text-center\">\n\t\t\t\t\t\t\t\t\t\t\t\t\t\t\t<h3 class=\"c-card__title u-font-title-3\">\n\t\t\t\t\t\t\t\t\tKristin Knutsson\n\t\t\t\t\t\t\t\t<\/h3>\n\t\t\t\t\t\t\t\n\t\t\t\t\t\t\t\t\t\t\t\t\t\t\t<p class=\"position u-font-body\">Skolsk\u00f6terska<\/p>\n\t\t\t\t\t\t\t\n\t\t\t\t\t\t\t\t\t\t\t\t\t\t\t<div class=\"contact-info u-font-body\">\n\t\t\t\t\t\t\t\t\t\n\t\t\t\t\t\t\t\t\t\t\t\t\t\t\t\t\t\t\t\t\t\t\t\t\t\t\t\t\t\t<p class=\"email\"><a\n\t\t\t\t\t\t\t\t\t\t\t\t\thref=\"m&#097;i&#108;&#116;&#111;&#058;&#107;ri&#115;t&#105;n.k&#110;u&#116;sson&#064;db&#103;&#121;.se\"\n\t\t\t\t\t\t\t\t\t\t\t\t\tclass=\"u-text-link\">&#107;r&#105;st&#105;n.&#107;&#110;ut&#115;s&#111;&#110;&#064;d&#098;&#103;y.se<\/a>\n\t\t\t\t\t\t\t\t\t\t\t<\/p>\n\t\t\t\t\t\t\t\t\t\t\t\t\t\t\t\t\t\t\t\t\t\t\t\t\t\t\t<\/div>\n\t\t\t\t\t\t\t\n\t\t\t\t\t\t\t\t\t\t\t\t\t<\/div>\n\t\t\t\t\t\t<div class=\"c-card__media\">\n\t\t\t\t\t\t\t\t\t\t\t\t\t\t\t\t\t\t\t\t\t\t\t\t\t\t\t\t\t\t\t\t\t\t\t\t\t\t\t\t\t\t\t\t\t\t\t\t\t<img decoding=\"async\" width=\"400\" height=\"267\" src=\"https:\/\/drottningblanka.se\/wp-content\/uploads\/sites\/30\/2022\/10\/kristin-hemsida-400x267.png\" class=\"u-radius-round u-ratio-landscape  \" alt=\"\" sizes=\"(max-width: 300px) 100vw, 300px\" srcset=\"https:\/\/drottningblanka.se\/wp-content\/uploads\/sites\/30\/2022\/10\/kristin-hemsida-400x267.png 400w, https:\/\/drottningblanka.se\/wp-content\/uploads\/sites\/30\/2022\/10\/kristin-hemsida-300x200.png 300w, https:\/\/drottningblanka.se\/wp-content\/uploads\/sites\/30\/2022\/10\/kristin-hemsida-600x400.png 600w, https:\/\/drottningblanka.se\/wp-content\/uploads\/sites\/30\/2022\/10\/kristin-hemsida-800x533.png 800w, https:\/\/drottningblanka.se\/wp-content\/uploads\/sites\/30\/2022\/10\/kristin-hemsida-1024x683.png 1024w, https:\/\/drottningblanka.se\/wp-content\/uploads\/sites\/30\/2022\/10\/kristin-hemsida-1200x800.png 1200w\" \/>\n\t\t\t\t\t\t<\/div>\n\t\t\t\t\t<\/article>\n\t\t\t\t<\/li>\n\t\t\t\t\t<\/ul>\n\n\t\t\n\t\t    <div class=\"ams-contact__more u-inline-items js-load-more-btn\">\n        <button href=\"#\"\n                class=\"c-btn\"\n                data-style=\"round\"\n                data-size=\"md\"\n                data-width=\"full-mobile\"\n                data-variant=\"outline\">\n        \tVisa mer\n        <\/button>\n    <\/div>\n\n\t\t\t<\/div>\n\n\t\t\n\n<\/section>\n\n\n\n\n<section  class=\"ams-cta ams-cta--stacked c-block l-stacked ams-border\" data-color-scheme=\"beige\">\n\t<div class=\"l-container-narrow l-stack l-stack-fluid-2xl u-pt-fluid-3xl-6xl u-pb-fluid-3xl-6xl is-center is-center@md\">\n\t\t\t\t\t<div class=\"ams-cta__intro l-stack l-stack-lg\">\n\t\t\t\t\t\n\t<h2\n\tclass=\"c-heading u-font-title-1 \"\n\tstyle=\"\">\n\t\t\n\t\t\t\t\tNyfiken p\u00e5 DBGY Stockholm Vasastan?\n\t\t\t\t\n\t<\/h2>\n\n\t\t\t\t\t\t\t\t\t<div class=\"c-text l-stack u-cs-xl u-font-body\">\n\t\t\t\t\t\t<p>\u00c4r du intresserad av att b\u00f6rja p\u00e5 Drottning Blankas gymnasieskola och vill ta reda p\u00e5 om vi \u00e4r skolan f\u00f6r dig? L\u00e4s v\u00e5r vision och varf\u00f6r det \u00e4r viktigt f\u00f6r oss att det g\u00e5r bra f\u00f6r dig!<\/p>\n\n\t\t\t\t\t<\/div>\n\t\t\t\t\t\t\t<\/div>\n\t\t\n\t\t\n\t\t\t<div class=\"ams-cta__action u-inline-items\">\n\t\t\t\t\t\t\t\n\n\n<a href=\"https:\/\/drottningblanka.se\/vasastan\/om-dbgy\/\"\n\t\n\tclass=\"c-btn \"\n\tdata-style=\"round\"\n\tdata-size=\"md\"\n\tdata-width=\"full-mobile\"\n\tdata-variant=\"default\"\n\ttarget=\"_self\">\n\t\t\t<span class=\"label\"> L\u00e4s mer<\/span>\n\t\t\t<\/a>\n\t\t\t<\/div>\n\t<\/div>\n\n\t\t\n\n<\/section>\n","protected":false},"excerpt":{"rendered":"","protected":false},"author":1,"featured_media":0,"parent":19,"menu_order":0,"comment_status":"closed","ping_status":"closed","template":"","meta":{"footnotes":""},"yoast_head":"<!-- This site is optimized with the Yoast SEO plugin v22.0 - https:\/\/yoast.com\/wordpress\/plugins\/seo\/ -->\n<title>Elevh\u00e4lsa - Drottning Blankas Gymnasium Stockholm Vasastan<\/title>\n<meta name=\"description\" content=\"Inom Drottning Blankas Gymnasieskolor arbetar vi mycket med v\u00e5r elevh\u00e4lsa. V\u00e4lkommen till Drottning Blanka!\" \/>\n<meta name=\"robots\" content=\"index, follow, max-snippet:-1, max-image-preview:large, max-video-preview:-1\" \/>\n<link rel=\"canonical\" href=\"https:\/\/drottningblanka.se\/elevhalsa\/\" \/>\n<meta property=\"og:locale\" content=\"sv_SE\" \/>\n<meta property=\"og:type\" content=\"article\" \/>\n<meta property=\"og:title\" content=\"Elevh\u00e4lsa - Drottning Blankas Gymnasium Stockholm Vasastan\" \/>\n<meta property=\"og:description\" content=\"Inom Drottning Blankas Gymnasieskolor arbetar vi mycket med v\u00e5r elevh\u00e4lsa. V\u00e4lkommen till Drottning Blanka!\" \/>\n<meta property=\"og:url\" content=\"https:\/\/drottningblanka.se\/elevhalsa\/\" \/>\n<meta property=\"og:site_name\" content=\"Stockholm Vasastan\" \/>\n<meta property=\"article:modified_time\" content=\"2025-08-21T12:24:24+00:00\" \/>\n<meta name=\"twitter:card\" content=\"summary_large_image\" \/>\n<meta name=\"twitter:title\" content=\"Elevh\u00e4lsa - Drottning Blankas Gymnasium Stockholm Vasastan\" \/>\n<meta name=\"twitter:description\" content=\"Inom Drottning Blankas Gymnasieskolor arbetar vi mycket med v\u00e5r elevh\u00e4lsa. V\u00e4lkommen till Drottning Blanka!\" \/>\n<meta name=\"twitter:label1\" content=\"Ber\u00e4knad l\u00e4stid\" \/>\n\t<meta name=\"twitter:data1\" content=\"2 minuter\" \/>\n<script type=\"application\/ld+json\" class=\"yoast-schema-graph\">{\"@context\":\"https:\/\/schema.org\",\"@graph\":[{\"@type\":\"WebPage\",\"@id\":\"https:\/\/drottningblanka.se\/vasastan\/om-dbgy\/elevhalsa\/\",\"url\":\"https:\/\/drottningblanka.se\/elevhalsa\/\",\"name\":\"Elevh\u00e4lsa - Drottning Blankas Gymnasium Stockholm Vasastan\",\"isPartOf\":{\"@id\":\"https:\/\/drottningblanka.se\/vasastan\/#website\"},\"datePublished\":\"2023-05-22T11:57:46+00:00\",\"dateModified\":\"2025-08-21T12:24:24+00:00\",\"description\":\"Inom Drottning Blankas Gymnasieskolor arbetar vi mycket med v\u00e5r elevh\u00e4lsa. V\u00e4lkommen till Drottning Blanka!\",\"breadcrumb\":{\"@id\":\"https:\/\/drottningblanka.se\/elevhalsa\/#breadcrumb\"},\"inLanguage\":\"sv-SE\",\"potentialAction\":[{\"@type\":\"ReadAction\",\"target\":[\"https:\/\/drottningblanka.se\/elevhalsa\/\"]}]},{\"@type\":\"BreadcrumbList\",\"@id\":\"https:\/\/drottningblanka.se\/elevhalsa\/#breadcrumb\",\"itemListElement\":[{\"@type\":\"ListItem\",\"position\":1,\"name\":\"Start\",\"item\":\"https:\/\/drottningblanka.se\/vasastan\/\"},{\"@type\":\"ListItem\",\"position\":2,\"name\":\"Om DBGY\",\"item\":\"https:\/\/drottningblanka.se\/vasastan\/om-dbgy\/\"},{\"@type\":\"ListItem\",\"position\":3,\"name\":\"Elevh\u00e4lsa\"}]},{\"@type\":\"WebSite\",\"@id\":\"https:\/\/drottningblanka.se\/vasastan\/#website\",\"url\":\"https:\/\/drottningblanka.se\/vasastan\/\",\"name\":\"Stockholm Vasastan\",\"description\":\"En del av AcadeMedia\",\"potentialAction\":[{\"@type\":\"SearchAction\",\"target\":{\"@type\":\"EntryPoint\",\"urlTemplate\":\"https:\/\/drottningblanka.se\/vasastan\/?s={search_term_string}\"},\"query-input\":\"required name=search_term_string\"}],\"inLanguage\":\"sv-SE\"}]}<\/script>\n<!-- \/ Yoast SEO plugin. -->","yoast_head_json":{"title":"Elevh\u00e4lsa - Drottning Blankas Gymnasium Stockholm Vasastan","description":"Inom Drottning Blankas Gymnasieskolor arbetar vi mycket med v\u00e5r elevh\u00e4lsa. V\u00e4lkommen till Drottning Blanka!","robots":{"index":"index","follow":"follow","max-snippet":"max-snippet:-1","max-image-preview":"max-image-preview:large","max-video-preview":"max-video-preview:-1"},"canonical":"https:\/\/drottningblanka.se\/elevhalsa\/","og_locale":"sv_SE","og_type":"article","og_title":"Elevh\u00e4lsa - Drottning Blankas Gymnasium Stockholm Vasastan","og_description":"Inom Drottning Blankas Gymnasieskolor arbetar vi mycket med v\u00e5r elevh\u00e4lsa. V\u00e4lkommen till Drottning Blanka!","og_url":"https:\/\/drottningblanka.se\/elevhalsa\/","og_site_name":"Stockholm Vasastan","article_modified_time":"2025-08-21T12:24:24+00:00","twitter_card":"summary_large_image","twitter_title":"Elevh\u00e4lsa - Drottning Blankas Gymnasium Stockholm Vasastan","twitter_description":"Inom Drottning Blankas Gymnasieskolor arbetar vi mycket med v\u00e5r elevh\u00e4lsa. V\u00e4lkommen till Drottning Blanka!","twitter_misc":{"Ber\u00e4knad l\u00e4stid":"2 minuter"},"schema":{"@context":"https:\/\/schema.org","@graph":[{"@type":"WebPage","@id":"https:\/\/drottningblanka.se\/vasastan\/om-dbgy\/elevhalsa\/","url":"https:\/\/drottningblanka.se\/elevhalsa\/","name":"Elevh\u00e4lsa - Drottning Blankas Gymnasium Stockholm Vasastan","isPartOf":{"@id":"https:\/\/drottningblanka.se\/vasastan\/#website"},"datePublished":"2023-05-22T11:57:46+00:00","dateModified":"2025-08-21T12:24:24+00:00","description":"Inom Drottning Blankas Gymnasieskolor arbetar vi mycket med v\u00e5r elevh\u00e4lsa. V\u00e4lkommen till Drottning Blanka!","breadcrumb":{"@id":"https:\/\/drottningblanka.se\/elevhalsa\/#breadcrumb"},"inLanguage":"sv-SE","potentialAction":[{"@type":"ReadAction","target":["https:\/\/drottningblanka.se\/elevhalsa\/"]}]},{"@type":"BreadcrumbList","@id":"https:\/\/drottningblanka.se\/elevhalsa\/#breadcrumb","itemListElement":[{"@type":"ListItem","position":1,"name":"Start","item":"https:\/\/drottningblanka.se\/vasastan\/"},{"@type":"ListItem","position":2,"name":"Om DBGY","item":"https:\/\/drottningblanka.se\/vasastan\/om-dbgy\/"},{"@type":"ListItem","position":3,"name":"Elevh\u00e4lsa"}]},{"@type":"WebSite","@id":"https:\/\/drottningblanka.se\/vasastan\/#website","url":"https:\/\/drottningblanka.se\/vasastan\/","name":"Stockholm Vasastan","description":"En del av AcadeMedia","potentialAction":[{"@type":"SearchAction","target":{"@type":"EntryPoint","urlTemplate":"https:\/\/drottningblanka.se\/vasastan\/?s={search_term_string}"},"query-input":"required name=search_term_string"}],"inLanguage":"sv-SE"}]}},"_links":{"self":[{"href":"https:\/\/drottningblanka.se\/vasastan\/wp-json\/wp\/v2\/pages\/956"}],"collection":[{"href":"https:\/\/drottningblanka.se\/vasastan\/wp-json\/wp\/v2\/pages"}],"about":[{"href":"https:\/\/drottningblanka.se\/vasastan\/wp-json\/wp\/v2\/types\/page"}],"author":[{"embeddable":true,"href":"https:\/\/drottningblanka.se\/vasastan\/wp-json\/wp\/v2\/users\/1"}],"replies":[{"embeddable":true,"href":"https:\/\/drottningblanka.se\/vasastan\/wp-json\/wp\/v2\/comments?post=956"}],"version-history":[{"count":10,"href":"https:\/\/drottningblanka.se\/vasastan\/wp-json\/wp\/v2\/pages\/956\/revisions"}],"predecessor-version":[{"id":2339,"href":"https:\/\/drottningblanka.se\/vasastan\/wp-json\/wp\/v2\/pages\/956\/revisions\/2339"}],"up":[{"embeddable":true,"href":"https:\/\/drottningblanka.se\/vasastan\/wp-json\/wp\/v2\/pages\/19"}],"wp:attachment":[{"href":"https:\/\/drottningblanka.se\/vasastan\/wp-json\/wp\/v2\/media?parent=956"}],"curies":[{"name":"wp","href":"https:\/\/api.w.org\/{rel}","templated":true}]}}