{"id":5,"date":"2022-07-25T22:55:30","date_gmt":"2022-07-25T20:55:30","guid":{"rendered":"https:\/\/drottningblanka.se\/varberg\/?page_id=5"},"modified":"2026-01-30T12:42:41","modified_gmt":"2026-01-30T11:42:41","slug":"startsida","status":"publish","type":"page","link":"https:\/\/drottningblanka.se\/varberg\/","title":{"rendered":"Startsida"},"content":{"rendered":"\n\t\n\t\n\t\n\t\n\t\n\n<section \n\tclass=\"ams-hero ams-hero--classic ams-hero--100 c-block l-stacked ams-border \"\n\tdata-color-scheme=\"hero\"\n\tstyle=\"\">\n\t<div class=\"ams-hero__container u-items-center u-justify-center\">\n\t\t<div\n\t\t\tclass=\"ams-hero__content l-stack l-stack-xl is-center is-center@md\" >\n\t\t\t<div class=\"l-stack l-stack-lg\">\n\t\t\t\t\t\n\t<h1\n\tclass=\"c-heading u-font-huge u-font-mobile\"\n\tstyle=\"--font-size: 42px;\">\n\t\t\n\t\t\t\t\tVi \u00e4r nu Varbergs enskilda gymnasieskola\n\t\t\t\t\n\t<\/h1>\n\n\t\t\t\t\t\t\t\t\t<div class=\"text l-stack u-font-body\">\n\t\t\t\t\t\t<p><strong>Vi har plockat det b\u00e4sta fr\u00e5n DBGY och LBS f\u00f6r att skapa en ny, riktigt bra skola.<\/strong><\/p>\n\n\t\t\t\t\t<\/div>\n\t\t\t\t\t\t\t<\/div>\n\n\t\t\t\t<div class=\"ams-hero__action u-inline-items\">\n\t\t\t\t\t\t\t\n\n\n<a href=\"https:\/\/drottningblanka.se\/varberg\/nyheter\/vi-blir-varbergs-enskilda-gymnasieskola\/\"\n\t\n\tclass=\"c-btn \"\n\tdata-style=\"round\"\n\tdata-size=\"md\"\n\tdata-width=\"full-mobile\"\n\tdata-variant=\"default\"\n\ttarget=\"_self\">\n\t\t\t<span class=\"label\"> L\u00e4s mer om f\u00f6r\u00e4ndringen<\/span>\n\t\t\t<\/a>\n\t\t\t\t\t\t\t\n\n\n<a href=\"https:\/\/varbergsenskilda.se\/\"\n\t\n\tclass=\"c-btn \"\n\tdata-style=\"round\"\n\tdata-size=\"md\"\n\tdata-width=\"full-mobile\"\n\tdata-variant=\"outline\"\n\ttarget=\"_blank\">\n\t\t\t<span class=\"label\"> Till Varbergs Enskilda<\/span>\n\t\t\t<\/a>\n\t\t\t<\/div>\n\t\t<\/div>\n\t<\/div>\n\n\t\n\t\t\t\n\t\t\t\t\t\t\t\n\t\t\t\t<div class=\"c-bg c-bg--img\" data-settings=\"{&quot;desktop_settings&quot;:{&quot;size&quot;:&quot;cover&quot;,&quot;position&quot;:&quot;middle-center&quot;},&quot;mobile_settings&quot;:{&quot;size&quot;:&quot;cover&quot;,&quot;position&quot;:&quot;middle-center&quot;}}\" data-position=\"middle-center\" data-size=\"cover\">\n\t\t\t<img decoding=\"async\" width=\"1920\" height=\"960\" src=\"https:\/\/drottningblanka.se\/wp-content\/uploads\/sites\/35\/2025\/08\/varbergs-gymnasieskola-hero-test-1.jpg\" class=\"attachment-hero-lg size-hero-lg\" alt=\"Tecknat penseldrag i bl\u00e5tt\" sizes=\"(max-width: 1920px) 100vw, 1920px\" srcset=\"https:\/\/drottningblanka.se\/wp-content\/uploads\/sites\/35\/2025\/08\/varbergs-gymnasieskola-hero-test-1.jpg 1920w, https:\/\/drottningblanka.se\/wp-content\/uploads\/sites\/35\/2025\/08\/varbergs-gymnasieskola-hero-test-1-300x150.jpg 300w, https:\/\/drottningblanka.se\/wp-content\/uploads\/sites\/35\/2025\/08\/varbergs-gymnasieskola-hero-test-1-400x200.jpg 400w, https:\/\/drottningblanka.se\/wp-content\/uploads\/sites\/35\/2025\/08\/varbergs-gymnasieskola-hero-test-1-600x300.jpg 600w, https:\/\/drottningblanka.se\/wp-content\/uploads\/sites\/35\/2025\/08\/varbergs-gymnasieskola-hero-test-1-800x400.jpg 800w, https:\/\/drottningblanka.se\/wp-content\/uploads\/sites\/35\/2025\/08\/varbergs-gymnasieskola-hero-test-1-1024x512.jpg 1024w, https:\/\/drottningblanka.se\/wp-content\/uploads\/sites\/35\/2025\/08\/varbergs-gymnasieskola-hero-test-1-1200x600.jpg 1200w\" \/>\n\t\t<\/div>\n\t\n\t<div class=\"c-overlay\" style=\"--overlay-bg: rgba(34,51,75,0.6);\"><\/div>\n<\/section>\n\n\n\n\t\n\t\n\t\n\n\t\n\t\n\t\t\n<section  class=\"c-block l-stacked  \" data-color-scheme=\"gra\">\n\t<div class=\"ams-fifty ams-fifty--container ams-fifty--right ams-fifty--top l-container u-pt-fluid-3xl-6xl u-pb-fluid-3xl-6xl\">\n\t\t<div class=\"ams-fifty__content l-stack l-stack-xl is-center is-left@lg\">\n\t\t\t<div class=\"ams-fifty__text l-stack l-stack-lg\">\n\t\t\t\t\t\n\t<h2\n\tclass=\"c-heading u-font-title-1 \"\n\tstyle=\"\">\n\t\t\n\t\t\t\t\tVarbergs enskilda gymnasieskola\n\t\t\t\t\n\t<\/h2>\n\n\t\t\t\t\t\t\t\t\t<div class=\"text l-stack u-font-body\">\n\t\t\t\t\t\t<p style=\"text-align: left;\">Efter ett \u00e5r tillsammans under samma tak \u00e4r det \u00e4ntligen dags att g\u00e5 ihop helt och h\u00e5llet. Vi har plockat det b\u00e4sta fr\u00e5n DBGY och LBS f\u00f6r att skapa en ny, riktigt bra skola. V\u00e4lkommen till Varbergs Enskilda Gymnasieskola!<\/p>\n\n\t\t\t\t\t<\/div>\n\t\t\t\t\t\t\t<\/div>\n\n\t\t\t\t<div class=\"ams-fifty__action u-inline-items\">\n\t\t\t\t\t\t\t\n\n\n<a href=\"https:\/\/varbergsenskilda.se\/\"\n\t\n\tclass=\"c-btn \"\n\tdata-style=\"round\"\n\tdata-size=\"md\"\n\tdata-width=\"full-mobile\"\n\tdata-variant=\"default\"\n\ttarget=\"_blank\">\n\t\t\t<span class=\"label\"> Varbergs enskilda<\/span>\n\t\t\t<\/a>\n\t\t\t<\/div>\n\t\t<\/div>\n\n\t\t <div class=\"ams-fifty__media u-ratio-widescreen\">\n\t\t \t\t\t\t\t<img decoding=\"async\" width=\"600\" height=\"507\" src=\"https:\/\/drottningblanka.se\/wp-content\/uploads\/sites\/35\/2025\/04\/veg01-600x507.png\" class=\"attachment-md size-md\" alt=\"Logotyp f\u00f6r Varbergs Enskilda Gymnasieskola\" sizes=\"(min-width: 64em) 600px, calc(100vw - 160px)\" srcset=\"https:\/\/drottningblanka.se\/wp-content\/uploads\/sites\/35\/2025\/04\/veg01-600x507.png 600w, https:\/\/drottningblanka.se\/wp-content\/uploads\/sites\/35\/2025\/04\/veg01-300x254.png 300w, https:\/\/drottningblanka.se\/wp-content\/uploads\/sites\/35\/2025\/04\/veg01-400x338.png 400w, https:\/\/drottningblanka.se\/wp-content\/uploads\/sites\/35\/2025\/04\/veg01.png 686w\" \/>\n\t\t\t\n\t\t\t\n\t\t\t\t\t<\/div>\n\t<\/div>\n\n\t\t\n\n<\/section>\n\n\n\n\n\n<section  class=\"ams-article c-block l-stacked js-load-more\" data-color-scheme=\"bakgrund-hover-standard_standard\" data-count=\"3\" data-count-mobile=\"3\">\n\t<div class=\"l-container l-stack l-stack-fluid-2xl u-pt-fluid-3xl-6xl u-pb-fluid-3xl-6xl is-center is-center@md\">\n\t\t\t\t\t<div class=\"ams-article__intro l-stack l-stack-lg\">\n\t\t\t\t\t\n\t<h2\n\tclass=\"c-heading u-font-title-1 \"\n\tstyle=\"\">\n\t\t\n\t\t\t\t\tNyheter\n\t\t\t\t\n\t<\/h2>\n\n\t\t\t\t\t\t\t<\/div>\n\t\t\n\t\t\t\n\t    \n\t\n\t<ul id=\"ams-article-list-69d38aae5135d\" class=\"ams-article__list l-grid u-gap-2xl u-justify-center js-results \" aria-label=\"Artiklar\" data-filter-animation=\"off\">\n\t\t\t\t\t\t\t\t\t\t\t\t\t\t\t\t\t\n\t\t\t\n\t\t\t\n\t\t\t<li class=\"l-col-6@md l-col-4@lg \" data-filter=\"nyheter augusti-2025\">\n\t\t\t\t<article class=\"c-card  has-media-zoom  \" data-variant=\"simple\" data-style=\"square\" data-click-area>\n\t\t\t\t\t<div class=\"c-card__content l-stack l-stack-sm\">\n\n\t\t\t\t\t\t\t\t\t\t\t\t\t<time class=\"c-card__date u-font-small\" datetime=\"2025-08-01\">1 augusti 2025<\/time>\n\t\t\t\t\t\t\n\t\t\t\t\t\t\t\t\t\t\t\t\t<h3 class=\"c-card__title u-font-title-3\">\n\t\t\t\t\t\t\t\t\t\t\t\t\t\t\t\t\t<a class=\"c-card__link\" href=\"https:\/\/drottningblanka.se\/varberg\/nyheter\/vi-blir-varbergs-enskilda-gymnasieskola\/\">\n\t\t\t\t\t\t\t\t\t\tNytt namn, samma engagemang\n\t\t\t\t\t\t\t\t\t<\/a>\n\t\t\t\t\t\t\t\t\t\t\t\t\t\t\t<\/h3>\n\t\t\t\t\t\t\n\t\t\t\t\t\t\t\t\t\t\t\t\t<p class=\"c-card__text l-stack-xs u-font-body\">\n\t\t\t\t\t\t\t\tVi byter namn till Varbergs Enskilda Gymnasieskola!\n\t\t\t\t\t\t\t<\/p>\n\t\t\t\t\t\t\n\t\t\t\t\t\t\t\t\t\t\t\t\t<ul class=\"c-card__tags l-stack-grow u-list-none u-pt-md\" aria-label=\"Kategorier\">\n\t\t\t\t\t\t\t\t\t\t\t\t\t\t\t\t\t<li><span class=\"c-tag\" data-variant=\"outline\">Nyheter<\/span><\/li>\n\t\t\t\t\t\t\t\t\t\t\t\t\t\t\t<\/ul>\n\t\t\t\t\t\t\n\t\t\t\t\t\t<div class=\"c-card__icon\">\n\t\t\t\t\t\t\t\t\t\t\t\t\t\t<svg class=\"ams-icon ams-icon--arrow-right\" width=\"32\" height=\"32\" viewbox=\"0 0 32 32\" fill=\"currentColor\" aria-hidden=\"true\" xmlns=\"http:\/\/www.w3.org\/2000\/svg\">\n\t\t\t\t\t\t\t\t\t\t\t\t\t\t\t\t<path d=\"M15.4617 0.252159L14.9567 0.75931C14.6219 1.09545 14.6219 1.64048 14.9567 1.97669L27.7062 14.7806H0.857144C0.383786 14.7806 0 15.166 0 15.6414V16.3587C0 16.8341 0.383786 17.2195 0.857144 17.2195H27.7062L14.9567 30.0234C14.6219 30.3595 14.6219 30.9045 14.9567 31.2407L15.4617 31.7479C15.7964 32.084 16.3392 32.084 16.6739 31.7479L31.749 16.6087C32.0837 16.2725 32.0837 15.7275 31.749 15.3913L16.6739 0.252159C16.3392 -0.084053 15.7964 -0.084053 15.4617 0.252159Z\"\/>\n\t\t\t\t\t\t\t\n\t\t\t\t\t\t\t<\/svg>\n\t\t\t\t\t\t<\/div>\n\t\t\t\t\t<\/div>\n\n\t\t\t\t\t<div class=\"c-card__media \" style=\" \">\n\t\t\t\t\t\t<img decoding=\"async\" width=\"400\" height=\"338\" src=\"https:\/\/drottningblanka.se\/wp-content\/uploads\/sites\/35\/2025\/04\/veg01-400x338.png\" class=\"attachment-sm size-sm\" alt=\"Logotyp f\u00f6r Varbergs Enskilda Gymnasieskola\" sizes=\"(min-width: 64em) 300px, (min-width: 48em) calc(.50 * (100vw - 224px)), calc(100vw - 160px)\" srcset=\"https:\/\/drottningblanka.se\/wp-content\/uploads\/sites\/35\/2025\/04\/veg01-400x338.png 400w, https:\/\/drottningblanka.se\/wp-content\/uploads\/sites\/35\/2025\/04\/veg01-300x254.png 300w, https:\/\/drottningblanka.se\/wp-content\/uploads\/sites\/35\/2025\/04\/veg01-600x507.png 600w, https:\/\/drottningblanka.se\/wp-content\/uploads\/sites\/35\/2025\/04\/veg01.png 686w\" \/>\n\t\t\t\t\t<\/div>\n\t\t\t\t<\/article>\n\t\t\t<\/li>\n\t\t\t\t\t\t\t\t\t\t\t\t\t\t\t\t\t\n\t\t\t\n\t\t\t\n\t\t\t<li class=\"l-col-6@md l-col-4@lg \" data-filter=\"nyheter juli-2024\">\n\t\t\t\t<article class=\"c-card  has-media-zoom  \" data-variant=\"simple\" data-style=\"square\" data-click-area>\n\t\t\t\t\t<div class=\"c-card__content l-stack l-stack-sm\">\n\n\t\t\t\t\t\t\t\t\t\t\t\t\t<time class=\"c-card__date u-font-small\" datetime=\"2024-07-03\">3 juli 2024<\/time>\n\t\t\t\t\t\t\n\t\t\t\t\t\t\t\t\t\t\t\t\t<h3 class=\"c-card__title u-font-title-3\">\n\t\t\t\t\t\t\t\t\t\t\t\t\t\t\t\t\t<a class=\"c-card__link\" href=\"https:\/\/drottningblanka.se\/varberg\/nyheter\/dbgy-varberg-flyttar-ht-2024\/\">\n\t\t\t\t\t\t\t\t\t\tDBGY Varberg flyttar HT 2024\n\t\t\t\t\t\t\t\t\t<\/a>\n\t\t\t\t\t\t\t\t\t\t\t\t\t\t\t<\/h3>\n\t\t\t\t\t\t\n\t\t\t\t\t\t\t\t\t\t\t\t\t<p class=\"c-card__text l-stack-xs u-font-body\">\n\t\t\t\t\t\t\t\tVi flyttar till Tr\u00e4sl\u00f6vsv\u00e4gen 58 och bildar campus med LBS.\n\t\t\t\t\t\t\t<\/p>\n\t\t\t\t\t\t\n\t\t\t\t\t\t\t\t\t\t\t\t\t<ul class=\"c-card__tags l-stack-grow u-list-none u-pt-md\" aria-label=\"Kategorier\">\n\t\t\t\t\t\t\t\t\t\t\t\t\t\t\t\t\t<li><span class=\"c-tag\" data-variant=\"outline\">Nyheter<\/span><\/li>\n\t\t\t\t\t\t\t\t\t\t\t\t\t\t\t<\/ul>\n\t\t\t\t\t\t\n\t\t\t\t\t\t<div class=\"c-card__icon\">\n\t\t\t\t\t\t\t\t\t\t\t\t\t\t<svg class=\"ams-icon ams-icon--arrow-right\" width=\"32\" height=\"32\" viewbox=\"0 0 32 32\" fill=\"currentColor\" aria-hidden=\"true\" xmlns=\"http:\/\/www.w3.org\/2000\/svg\">\n\t\t\t\t\t\t\t\t\t\t\t\t\t\t\t\t<path d=\"M15.4617 0.252159L14.9567 0.75931C14.6219 1.09545 14.6219 1.64048 14.9567 1.97669L27.7062 14.7806H0.857144C0.383786 14.7806 0 15.166 0 15.6414V16.3587C0 16.8341 0.383786 17.2195 0.857144 17.2195H27.7062L14.9567 30.0234C14.6219 30.3595 14.6219 30.9045 14.9567 31.2407L15.4617 31.7479C15.7964 32.084 16.3392 32.084 16.6739 31.7479L31.749 16.6087C32.0837 16.2725 32.0837 15.7275 31.749 15.3913L16.6739 0.252159C16.3392 -0.084053 15.7964 -0.084053 15.4617 0.252159Z\"\/>\n\t\t\t\t\t\t\t\n\t\t\t\t\t\t\t<\/svg>\n\t\t\t\t\t\t<\/div>\n\t\t\t\t\t<\/div>\n\n\t\t\t\t\t<div class=\"c-card__media \" style=\" \">\n\t\t\t\t\t\t<img decoding=\"async\" width=\"400\" height=\"600\" src=\"https:\/\/drottningblanka.se\/wp-content\/uploads\/sites\/35\/2024\/05\/dbgygoteborg202403h8a6602-400x600.jpeg\" class=\"attachment-sm size-sm\" alt=\"Elever i en park\" sizes=\"(min-width: 64em) 300px, (min-width: 48em) calc(.50 * (100vw - 224px)), calc(100vw - 160px)\" srcset=\"https:\/\/drottningblanka.se\/wp-content\/uploads\/sites\/35\/2024\/05\/dbgygoteborg202403h8a6602-400x600.jpeg 400w, https:\/\/drottningblanka.se\/wp-content\/uploads\/sites\/35\/2024\/05\/dbgygoteborg202403h8a6602-300x450.jpeg 300w, https:\/\/drottningblanka.se\/wp-content\/uploads\/sites\/35\/2024\/05\/dbgygoteborg202403h8a6602-600x900.jpeg 600w, https:\/\/drottningblanka.se\/wp-content\/uploads\/sites\/35\/2024\/05\/dbgygoteborg202403h8a6602-800x1200.jpeg 800w, https:\/\/drottningblanka.se\/wp-content\/uploads\/sites\/35\/2024\/05\/dbgygoteborg202403h8a6602.jpeg 853w\" \/>\n\t\t\t\t\t<\/div>\n\t\t\t\t<\/article>\n\t\t\t<\/li>\n\t\t\t\t\t\t\t\t\t\t\t\t\t\t\t\t\t\n\t\t\t\n\t\t\t\n\t\t\t<li class=\"l-col-6@md l-col-4@lg \" data-filter=\"nyheter februari-2024\">\n\t\t\t\t<article class=\"c-card  has-media-zoom  \" data-variant=\"simple\" data-style=\"square\" data-click-area>\n\t\t\t\t\t<div class=\"c-card__content l-stack l-stack-sm\">\n\n\t\t\t\t\t\t\t\t\t\t\t\t\t<time class=\"c-card__date u-font-small\" datetime=\"2024-02-16\">16 februari 2024<\/time>\n\t\t\t\t\t\t\n\t\t\t\t\t\t\t\t\t\t\t\t\t<h3 class=\"c-card__title u-font-title-3\">\n\t\t\t\t\t\t\t\t\t\t\t\t\t\t\t\t\t<a class=\"c-card__link\" href=\"https:\/\/drottningblanka.se\/varberg\/nyheter\/drottning-blanka-och-lbs-bildar-gemensamt-gymnasiecampus-i-varberg-till-hosten\/\">\n\t\t\t\t\t\t\t\t\t\tDrottning Blanka och LBS bildar gemensam&#8230;\n\t\t\t\t\t\t\t\t\t<\/a>\n\t\t\t\t\t\t\t\t\t\t\t\t\t\t\t<\/h3>\n\t\t\t\t\t\t\n\t\t\t\t\t\t\t\t\t\t\t\t\t<p class=\"c-card__text l-stack-xs u-font-body\">\n\t\t\t\t\t\t\t\tInf\u00f6r h\u00f6stterminen 2024 kommer Drottning Blanka att flytta in till LBS skolbyggn&#8230;\n\t\t\t\t\t\t\t<\/p>\n\t\t\t\t\t\t\n\t\t\t\t\t\t\t\t\t\t\t\t\t<ul class=\"c-card__tags l-stack-grow u-list-none u-pt-md\" aria-label=\"Kategorier\">\n\t\t\t\t\t\t\t\t\t\t\t\t\t\t\t\t\t<li><span class=\"c-tag\" data-variant=\"outline\">Nyheter<\/span><\/li>\n\t\t\t\t\t\t\t\t\t\t\t\t\t\t\t<\/ul>\n\t\t\t\t\t\t\n\t\t\t\t\t\t<div class=\"c-card__icon\">\n\t\t\t\t\t\t\t\t\t\t\t\t\t\t<svg class=\"ams-icon ams-icon--arrow-right\" width=\"32\" height=\"32\" viewbox=\"0 0 32 32\" fill=\"currentColor\" aria-hidden=\"true\" xmlns=\"http:\/\/www.w3.org\/2000\/svg\">\n\t\t\t\t\t\t\t\t\t\t\t\t\t\t\t\t<path d=\"M15.4617 0.252159L14.9567 0.75931C14.6219 1.09545 14.6219 1.64048 14.9567 1.97669L27.7062 14.7806H0.857144C0.383786 14.7806 0 15.166 0 15.6414V16.3587C0 16.8341 0.383786 17.2195 0.857144 17.2195H27.7062L14.9567 30.0234C14.6219 30.3595 14.6219 30.9045 14.9567 31.2407L15.4617 31.7479C15.7964 32.084 16.3392 32.084 16.6739 31.7479L31.749 16.6087C32.0837 16.2725 32.0837 15.7275 31.749 15.3913L16.6739 0.252159C16.3392 -0.084053 15.7964 -0.084053 15.4617 0.252159Z\"\/>\n\t\t\t\t\t\t\t\n\t\t\t\t\t\t\t<\/svg>\n\t\t\t\t\t\t<\/div>\n\t\t\t\t\t<\/div>\n\n\t\t\t\t\t<div class=\"c-card__media \" style=\" \">\n\t\t\t\t\t\t<img decoding=\"async\" width=\"400\" height=\"267\" src=\"https:\/\/drottningblanka.se\/wp-content\/uploads\/sites\/35\/2024\/02\/813af727-5692-445c-8083-cc49f7a495fd-w960-e1708087487135-400x267.png\" class=\"attachment-sm size-sm\" alt=\"Drottning Blankas och LBS loggor tillsammans\" sizes=\"(min-width: 64em) 300px, (min-width: 48em) calc(.50 * (100vw - 224px)), calc(100vw - 160px)\" srcset=\"https:\/\/drottningblanka.se\/wp-content\/uploads\/sites\/35\/2024\/02\/813af727-5692-445c-8083-cc49f7a495fd-w960-e1708087487135-400x267.png 400w, https:\/\/drottningblanka.se\/wp-content\/uploads\/sites\/35\/2024\/02\/813af727-5692-445c-8083-cc49f7a495fd-w960-e1708087487135-300x200.png 300w, https:\/\/drottningblanka.se\/wp-content\/uploads\/sites\/35\/2024\/02\/813af727-5692-445c-8083-cc49f7a495fd-w960-e1708087487135-600x400.png 600w, https:\/\/drottningblanka.se\/wp-content\/uploads\/sites\/35\/2024\/02\/813af727-5692-445c-8083-cc49f7a495fd-w960-e1708087487135.png 720w\" \/>\n\t\t\t\t\t<\/div>\n\t\t\t\t<\/article>\n\t\t\t<\/li>\n\t\t\t<\/ul>\n\n\t<div class=\"no-results u-mt-0 u-hide\" data-filter-fallback-id=\"ams-article-list-69d38aae5135d\">\n\t<p>Det finns inga resultat som matchar din filtrering.<\/p>\n<\/div>\n\n\t\n\n\t\t\n\t\t\t<div class=\"ams-article__action u-inline-items\">\n\t\t\t\t\t\t\t\n\n\n<a href=\"https:\/\/drottningblanka.se\/varberg\/nyheter\/\"\n\t\n\tclass=\"c-btn \"\n\tdata-style=\"round\"\n\tdata-size=\"md\"\n\tdata-width=\"full-mobile\"\n\tdata-variant=\"default\"\n\ttarget=\"_self\">\n\t\t\t<span class=\"label\"> Se alla nyheter<\/span>\n\t\t\t<\/a>\n\t\t\t<\/div>\n\t<\/div>\n\n\t\t\n\n<\/section>\n","protected":false},"excerpt":{"rendered":"","protected":false},"author":1,"featured_media":0,"parent":0,"menu_order":0,"comment_status":"closed","ping_status":"closed","template":"","meta":{"footnotes":""},"yoast_head":"<!-- This site is optimized with the Yoast SEO plugin v22.0 - https:\/\/yoast.com\/wordpress\/plugins\/seo\/ -->\n<title>V\u00e4lkommen till Drottning Blankas Gymnasieskola Varberg!<\/title>\n<meta name=\"description\" content=\"Vi \u00e4r nu Varbergs enskilda gymnasieskola! Vi har plockat det b\u00e4sta fr\u00e5n DBGY och LBS f\u00f6r att skapa en ny, riktigt bra skola.\" \/>\n<meta name=\"robots\" content=\"index, follow, max-snippet:-1, max-image-preview:large, max-video-preview:-1\" \/>\n<link rel=\"canonical\" href=\"https:\/\/drottningblanka.se\/varberg\/\" \/>\n<meta property=\"og:locale\" content=\"sv_SE\" \/>\n<meta property=\"og:type\" content=\"article\" \/>\n<meta property=\"og:title\" content=\"V\u00e4lkommen till Drottning Blankas Gymnasieskola Varberg!\" \/>\n<meta property=\"og:description\" content=\"Vi \u00e4r nu Varbergs enskilda gymnasieskola! Vi har plockat det b\u00e4sta fr\u00e5n DBGY och LBS f\u00f6r att skapa en ny, riktigt bra skola.\" \/>\n<meta property=\"og:url\" content=\"https:\/\/drottningblanka.se\/varberg\/\" \/>\n<meta property=\"og:site_name\" content=\"Varberg\" \/>\n<meta property=\"article:modified_time\" content=\"2026-01-30T11:42:41+00:00\" \/>\n<meta name=\"twitter:card\" content=\"summary_large_image\" \/>\n<meta name=\"twitter:title\" content=\"V\u00e4lkommen till Drottning Blankas Gymnasieskola Varberg!\" \/>\n<meta name=\"twitter:description\" content=\"Vi \u00e4r nu Varbergs enskilda gymnasieskola! Vi har plockat det b\u00e4sta fr\u00e5n DBGY och LBS f\u00f6r att skapa en ny, riktigt bra skola.\" \/>\n<meta name=\"twitter:label1\" content=\"Ber\u00e4knad l\u00e4stid\" \/>\n\t<meta name=\"twitter:data1\" content=\"1 minut\" \/>\n<script type=\"application\/ld+json\" class=\"yoast-schema-graph\">{\"@context\":\"https:\/\/schema.org\",\"@graph\":[{\"@type\":\"WebPage\",\"@id\":\"https:\/\/drottningblanka.se\/varberg\/\",\"url\":\"https:\/\/drottningblanka.se\/varberg\/\",\"name\":\"V\u00e4lkommen till Drottning Blankas Gymnasieskola Varberg!\",\"isPartOf\":{\"@id\":\"https:\/\/drottningblanka.se\/varberg\/#website\"},\"datePublished\":\"2022-07-25T20:55:30+00:00\",\"dateModified\":\"2026-01-30T11:42:41+00:00\",\"description\":\"Vi \u00e4r nu Varbergs enskilda gymnasieskola! Vi har plockat det b\u00e4sta fr\u00e5n DBGY och LBS f\u00f6r att skapa en ny, riktigt bra skola.\",\"breadcrumb\":{\"@id\":\"https:\/\/drottningblanka.se\/varberg\/#breadcrumb\"},\"inLanguage\":\"sv-SE\",\"potentialAction\":[{\"@type\":\"ReadAction\",\"target\":[\"https:\/\/drottningblanka.se\/varberg\/\"]}]},{\"@type\":\"BreadcrumbList\",\"@id\":\"https:\/\/drottningblanka.se\/varberg\/#breadcrumb\",\"itemListElement\":[{\"@type\":\"ListItem\",\"position\":1,\"name\":\"Start\",\"item\":\"https:\/\/drottningblanka.se\/varberg\/\"},{\"@type\":\"ListItem\",\"position\":2,\"name\":\"Startsida\"}]},{\"@type\":\"WebSite\",\"@id\":\"https:\/\/drottningblanka.se\/varberg\/#website\",\"url\":\"https:\/\/drottningblanka.se\/varberg\/\",\"name\":\"Varberg\",\"description\":\"En del av AcadeMedia\",\"potentialAction\":[{\"@type\":\"SearchAction\",\"target\":{\"@type\":\"EntryPoint\",\"urlTemplate\":\"https:\/\/drottningblanka.se\/varberg\/?s={search_term_string}\"},\"query-input\":\"required name=search_term_string\"}],\"inLanguage\":\"sv-SE\"}]}<\/script>\n<!-- \/ Yoast SEO plugin. -->","yoast_head_json":{"title":"V\u00e4lkommen till Drottning Blankas Gymnasieskola Varberg!","description":"Vi \u00e4r nu Varbergs enskilda gymnasieskola! Vi har plockat det b\u00e4sta fr\u00e5n DBGY och LBS f\u00f6r att skapa en ny, riktigt bra skola.","robots":{"index":"index","follow":"follow","max-snippet":"max-snippet:-1","max-image-preview":"max-image-preview:large","max-video-preview":"max-video-preview:-1"},"canonical":"https:\/\/drottningblanka.se\/varberg\/","og_locale":"sv_SE","og_type":"article","og_title":"V\u00e4lkommen till Drottning Blankas Gymnasieskola Varberg!","og_description":"Vi \u00e4r nu Varbergs enskilda gymnasieskola! Vi har plockat det b\u00e4sta fr\u00e5n DBGY och LBS f\u00f6r att skapa en ny, riktigt bra skola.","og_url":"https:\/\/drottningblanka.se\/varberg\/","og_site_name":"Varberg","article_modified_time":"2026-01-30T11:42:41+00:00","twitter_card":"summary_large_image","twitter_title":"V\u00e4lkommen till Drottning Blankas Gymnasieskola Varberg!","twitter_description":"Vi \u00e4r nu Varbergs enskilda gymnasieskola! Vi har plockat det b\u00e4sta fr\u00e5n DBGY och LBS f\u00f6r att skapa en ny, riktigt bra skola.","twitter_misc":{"Ber\u00e4knad l\u00e4stid":"1 minut"},"schema":{"@context":"https:\/\/schema.org","@graph":[{"@type":"WebPage","@id":"https:\/\/drottningblanka.se\/varberg\/","url":"https:\/\/drottningblanka.se\/varberg\/","name":"V\u00e4lkommen till Drottning Blankas Gymnasieskola Varberg!","isPartOf":{"@id":"https:\/\/drottningblanka.se\/varberg\/#website"},"datePublished":"2022-07-25T20:55:30+00:00","dateModified":"2026-01-30T11:42:41+00:00","description":"Vi \u00e4r nu Varbergs enskilda gymnasieskola! Vi har plockat det b\u00e4sta fr\u00e5n DBGY och LBS f\u00f6r att skapa en ny, riktigt bra skola.","breadcrumb":{"@id":"https:\/\/drottningblanka.se\/varberg\/#breadcrumb"},"inLanguage":"sv-SE","potentialAction":[{"@type":"ReadAction","target":["https:\/\/drottningblanka.se\/varberg\/"]}]},{"@type":"BreadcrumbList","@id":"https:\/\/drottningblanka.se\/varberg\/#breadcrumb","itemListElement":[{"@type":"ListItem","position":1,"name":"Start","item":"https:\/\/drottningblanka.se\/varberg\/"},{"@type":"ListItem","position":2,"name":"Startsida"}]},{"@type":"WebSite","@id":"https:\/\/drottningblanka.se\/varberg\/#website","url":"https:\/\/drottningblanka.se\/varberg\/","name":"Varberg","description":"En del av AcadeMedia","potentialAction":[{"@type":"SearchAction","target":{"@type":"EntryPoint","urlTemplate":"https:\/\/drottningblanka.se\/varberg\/?s={search_term_string}"},"query-input":"required name=search_term_string"}],"inLanguage":"sv-SE"}]}},"_links":{"self":[{"href":"https:\/\/drottningblanka.se\/varberg\/wp-json\/wp\/v2\/pages\/5"}],"collection":[{"href":"https:\/\/drottningblanka.se\/varberg\/wp-json\/wp\/v2\/pages"}],"about":[{"href":"https:\/\/drottningblanka.se\/varberg\/wp-json\/wp\/v2\/types\/page"}],"author":[{"embeddable":true,"href":"https:\/\/drottningblanka.se\/varberg\/wp-json\/wp\/v2\/users\/1"}],"replies":[{"embeddable":true,"href":"https:\/\/drottningblanka.se\/varberg\/wp-json\/wp\/v2\/comments?post=5"}],"version-history":[{"count":10,"href":"https:\/\/drottningblanka.se\/varberg\/wp-json\/wp\/v2\/pages\/5\/revisions"}],"predecessor-version":[{"id":2246,"href":"https:\/\/drottningblanka.se\/varberg\/wp-json\/wp\/v2\/pages\/5\/revisions\/2246"}],"wp:attachment":[{"href":"https:\/\/drottningblanka.se\/varberg\/wp-json\/wp\/v2\/media?parent=5"}],"curies":[{"name":"wp","href":"https:\/\/api.w.org\/{rel}","templated":true}]}}