{"id":456,"date":"2022-09-22T11:19:34","date_gmt":"2022-09-22T09:19:34","guid":{"rendered":"https:\/\/drottningblanka.se\/uddevalla\/?page_id=456"},"modified":"2025-07-03T11:39:59","modified_gmt":"2025-07-03T09:39:59","slug":"program","status":"publish","type":"page","link":"https:\/\/drottningblanka.se\/uddevalla\/program\/","title":{"rendered":"Program"},"content":{"rendered":"\n\n<section  class=\"ams-courses-list c-block l-stacked\" data-color-scheme=\"kurslistning\">\n\t<div class=\"l-container l-stack l-stack-fluid-2xl u-pt-fluid-3xl-6xl u-pb-fluid-3xl-6xl is-center is-center@md\">\n\t\t\t\t\t<div class=\"ams-courses-list__intro l-stack l-stack-lg\">\n\t\t\t\t\t\n\t<h1\n\tclass=\"c-heading u-font-title-1 \"\n\tstyle=\"\">\n\t\t\n\t\t\t\t\tV\u00e5ra gymnasieprogram i Uddevalla\n\t\t\t\t\n\t<\/h1>\n\n\t\t\t\t\t\t\t\t\t<div class=\"c-text l-stack u-cs-xl u-font-body\">\n\t\t\t\t\t\t<p>L\u00e4s mer och uppt\u00e4ck v\u00e5ra program och profiler!<\/p>\n\n\t\t\t\t\t<\/div>\n\t\t\t\t\t\t\t<\/div>\n\t\t\n\t\t\n\t\t\t\n<ul class=\"ams-courses-list__list l-grid u-gap-fluid-2xl-4xl u-justify-center\">\n\t\t\t<li class=\"l-col-6@md l-col-4@lg\">\n\t\t\t<article class=\"c-card has-media-zoom  \"\n\t\t\t\t\t\tdata-variant=\"\"\n\t\t\t\t\t\tdata-style=\"square\"\n\t\t\t\t\t\tdata-click-area>\n\t\t\t\t<div class=\"c-card__content l-stack l-stack-sm\">\n\t\t\t\t\t\t\t\t\t\t\t<h2 class=\"c-card__title u-font-title-3\">\n\t\t\t\t\t\t\t\t\t\t\t\t\t\t\t<a class=\"c-card__title-link\" href=\"https:\/\/drottningblanka.se\/uddevalla\/program\/barn-och-fritidsprogrammet\/pedagogik-och-ledarskap\/\">\n\t\t\t\t\t\t\t\t\tPedagogik och ledarskap\n\t\t\t\t\t\t\t\t<\/a>\n\t\t\t\t\t\t\t\t\t\t\t\t\t<\/h2>\n\t\t\t\t\t\n\t\t\t\t\t\t\t\t\t\t\t<p class=\"c-card__text l-stack-xs u-font-body u-hide@mobile\">\n\t\t\t\t\t\t\tPedagogik och ledarskap \u00e4r en av v\u00e5ra profiler (utbildningar) inom Barn- och fritidsprogrammet med inriktning fritid och h\u00e4lsa.\n\t\t\t\t\t\t<\/p>\n\t\t\t\t\t\n\t\t\t\t\t\t\t\t\t\t\t\t\t\t\t\t<ul class=\"c-card__list u-list-none l-stack-grow u-divider-top u-font-body\">\n\t\t\t\t\t\t\t\t\t\t\t\t\t\t\t<li>\n\t\t\t\t\t\t\t\t\t<strong>Program<\/strong>\n\t\t\t\t\t\t\t\t\t<ul class=\"u-list-dash\">\n\t\t\t\t\t\t\t\t\t\t\t\t\t\t\t\t\t\t\t\t\t<li>Barn- och fritidsprogrammet<\/li>\n\t\t\t\t\t\t\t\t\t\t\t\t\t\t\t\t\t\t\t<\/ul>\n\t\t\t\t\t\t\t\t<\/li>\n\t\t\t\t\t\t\t\n\t\t\t\t\t\t\t\t\t\t\t\t\t\t\t\t\t\t\t\t\t\t\t\t<li>\n\t\t\t\t\t\t\t\t\t\t<strong>Inriktning<\/strong>\n\t\t\t\t\t\t\t\t\t\t<ul class=\"u-list-dash\">\n\t\t\t\t\t\t\t\t\t\t\t\t\t\t\t\t\t\t\t\t\t\t\t<li>Fritid och h\u00e4lsa<\/li>\n\t\t\t\t\t\t\t\t\t\t\t\t\t\t\t\t\t\t\t\t\t<\/ul>\n\t\t\t\t\t\t\t\t\t<\/li>\n\t\t\t\t\t\t\t\t\t\t\t\t\t\t\t\t\t\t\t\t\t<\/ul>\n\n\t\t\t\t\t\t<div class=\"c-card__icon c-card__icon--nl\">\n\t\t\t\t\t\t\t\t\t\t\t\t\t\t<svg class=\"ams-icon ams-icon--arrow-right\" width=\"32\" height=\"32\" viewbox=\"0 0 32 32\" fill=\"currentColor\" aria-hidden=\"true\" xmlns=\"http:\/\/www.w3.org\/2000\/svg\">\n\t\t\t\t\t\t\t\t\t\t\t\t\t\t\t\t<path d=\"M15.4617 0.252159L14.9567 0.75931C14.6219 1.09545 14.6219 1.64048 14.9567 1.97669L27.7062 14.7806H0.857144C0.383786 14.7806 0 15.166 0 15.6414V16.3587C0 16.8341 0.383786 17.2195 0.857144 17.2195H27.7062L14.9567 30.0234C14.6219 30.3595 14.6219 30.9045 14.9567 31.2407L15.4617 31.7479C15.7964 32.084 16.3392 32.084 16.6739 31.7479L31.749 16.6087C32.0837 16.2725 32.0837 15.7275 31.749 15.3913L16.6739 0.252159C16.3392 -0.084053 15.7964 -0.084053 15.4617 0.252159Z\"\/>\n\t\t\t\t\t\t\t\n\t\t\t\t\t\t\t<\/svg>\n\t\t\t\t\t\t<\/div>\n\t\t\t\t\t\t\t\t\t<\/div>\n\t\t\t\t<div class=\"c-card__media \" style=\" \">\n\t\t\t\t\t<img decoding=\"async\" width=\"400\" height=\"267\" src=\"https:\/\/drottningblanka.se\/wp-content\/uploads\/sites\/33\/2023\/06\/bfpedagogikdbgykristianstad202403h8a4286-400x267.jpeg\" class=\"attachment-sm size-sm wp-post-image\" alt=\"Elev utomhus i en reflexv\u00e4st\" sizes=\"(min-width: 64em) 300px, (min-width: 48em) calc(.50 * (100vw - 240px)), calc(100vw - 160px)\" srcset=\"https:\/\/drottningblanka.se\/wp-content\/uploads\/sites\/33\/2023\/06\/bfpedagogikdbgykristianstad202403h8a4286-400x267.jpeg 400w, https:\/\/drottningblanka.se\/wp-content\/uploads\/sites\/33\/2023\/06\/bfpedagogikdbgykristianstad202403h8a4286-300x200.jpeg 300w, https:\/\/drottningblanka.se\/wp-content\/uploads\/sites\/33\/2023\/06\/bfpedagogikdbgykristianstad202403h8a4286-600x400.jpeg 600w, https:\/\/drottningblanka.se\/wp-content\/uploads\/sites\/33\/2023\/06\/bfpedagogikdbgykristianstad202403h8a4286-800x533.jpeg 800w, https:\/\/drottningblanka.se\/wp-content\/uploads\/sites\/33\/2023\/06\/bfpedagogikdbgykristianstad202403h8a4286-1024x682.jpeg 1024w, https:\/\/drottningblanka.se\/wp-content\/uploads\/sites\/33\/2023\/06\/bfpedagogikdbgykristianstad202403h8a4286-1200x800.jpeg 1200w, https:\/\/drottningblanka.se\/wp-content\/uploads\/sites\/33\/2023\/06\/bfpedagogikdbgykristianstad202403h8a4286.jpeg 1280w\" \/>\n\t\t\t\t<\/div>\n\t\t\t<\/article>\n\t\t<\/li>\n\t\t\t<li class=\"l-col-6@md l-col-4@lg\">\n\t\t\t<article class=\"c-card has-media-zoom  \"\n\t\t\t\t\t\tdata-variant=\"\"\n\t\t\t\t\t\tdata-style=\"square\"\n\t\t\t\t\t\tdata-click-area>\n\t\t\t\t<div class=\"c-card__content l-stack l-stack-sm\">\n\t\t\t\t\t\t\t\t\t\t\t<h2 class=\"c-card__title u-font-title-3\">\n\t\t\t\t\t\t\t\t\t\t\t\t\t\t\t<a class=\"c-card__title-link\" href=\"https:\/\/drottningblanka.se\/uddevalla\/program\/frisor-och-stylistprogrammet\/har-och-makeupstylist\/\">\n\t\t\t\t\t\t\t\t\tH\u00e5r- och makeupstylist\n\t\t\t\t\t\t\t\t<\/a>\n\t\t\t\t\t\t\t\t\t\t\t\t\t<\/h2>\n\t\t\t\t\t\n\t\t\t\t\t\t\t\t\t\t\t<p class=\"c-card__text l-stack-xs u-font-body u-hide@mobile\">\n\t\t\t\t\t\t\tF\u00f6r dig som gillar service i kombination med piff, f\u00e4rg, form och design passar detta bra.\n\t\t\t\t\t\t<\/p>\n\t\t\t\t\t\n\t\t\t\t\t\t\t\t\t\t\t\t\t\t\t\t<ul class=\"c-card__list u-list-none l-stack-grow u-divider-top u-font-body\">\n\t\t\t\t\t\t\t\t\t\t\t\t\t\t\t<li>\n\t\t\t\t\t\t\t\t\t<strong>Program<\/strong>\n\t\t\t\t\t\t\t\t\t<ul class=\"u-list-dash\">\n\t\t\t\t\t\t\t\t\t\t\t\t\t\t\t\t\t\t\t\t\t<li>Fris\u00f6r- och stylistprogrammet<\/li>\n\t\t\t\t\t\t\t\t\t\t\t\t\t\t\t\t\t\t\t<\/ul>\n\t\t\t\t\t\t\t\t<\/li>\n\t\t\t\t\t\t\t\n\t\t\t\t\t\t\t\t\t\t\t\t\t\t\t\t\t\t\t\t\t\t\t\t<li>\n\t\t\t\t\t\t\t\t\t\t<strong>Inriktning<\/strong>\n\t\t\t\t\t\t\t\t\t\t<ul class=\"u-list-dash\">\n\t\t\t\t\t\t\t\t\t\t\t\t\t\t\t\t\t\t\t\t\t\t\t<li>H\u00e5r- och makeupstylist<\/li>\n\t\t\t\t\t\t\t\t\t\t\t\t\t\t\t\t\t\t\t\t\t<\/ul>\n\t\t\t\t\t\t\t\t\t<\/li>\n\t\t\t\t\t\t\t\t\t\t\t\t\t\t\t\t\t\t\t\t\t<\/ul>\n\n\t\t\t\t\t\t<div class=\"c-card__icon c-card__icon--nl\">\n\t\t\t\t\t\t\t\t\t\t\t\t\t\t<svg class=\"ams-icon ams-icon--arrow-right\" width=\"32\" height=\"32\" viewbox=\"0 0 32 32\" fill=\"currentColor\" aria-hidden=\"true\" xmlns=\"http:\/\/www.w3.org\/2000\/svg\">\n\t\t\t\t\t\t\t\t\t\t\t\t\t\t\t\t<path d=\"M15.4617 0.252159L14.9567 0.75931C14.6219 1.09545 14.6219 1.64048 14.9567 1.97669L27.7062 14.7806H0.857144C0.383786 14.7806 0 15.166 0 15.6414V16.3587C0 16.8341 0.383786 17.2195 0.857144 17.2195H27.7062L14.9567 30.0234C14.6219 30.3595 14.6219 30.9045 14.9567 31.2407L15.4617 31.7479C15.7964 32.084 16.3392 32.084 16.6739 31.7479L31.749 16.6087C32.0837 16.2725 32.0837 15.7275 31.749 15.3913L16.6739 0.252159C16.3392 -0.084053 15.7964 -0.084053 15.4617 0.252159Z\"\/>\n\t\t\t\t\t\t\t\n\t\t\t\t\t\t\t<\/svg>\n\t\t\t\t\t\t<\/div>\n\t\t\t\t\t\t\t\t\t<\/div>\n\t\t\t\t<div class=\"c-card__media \" style=\" \">\n\t\t\t\t\t<img decoding=\"async\" width=\"400\" height=\"267\" src=\"https:\/\/drottningblanka.se\/wp-content\/uploads\/sites\/33\/2023\/06\/hvharstylistdbgyhelsingborg202403h8a0468-400x267.jpg\" class=\"attachment-sm size-sm wp-post-image\" alt=\"Elever sminkar en modell\" sizes=\"(min-width: 64em) 300px, (min-width: 48em) calc(.50 * (100vw - 240px)), calc(100vw - 160px)\" srcset=\"https:\/\/drottningblanka.se\/wp-content\/uploads\/sites\/33\/2023\/06\/hvharstylistdbgyhelsingborg202403h8a0468-400x267.jpg 400w, https:\/\/drottningblanka.se\/wp-content\/uploads\/sites\/33\/2023\/06\/hvharstylistdbgyhelsingborg202403h8a0468-300x200.jpg 300w, https:\/\/drottningblanka.se\/wp-content\/uploads\/sites\/33\/2023\/06\/hvharstylistdbgyhelsingborg202403h8a0468-600x400.jpg 600w, https:\/\/drottningblanka.se\/wp-content\/uploads\/sites\/33\/2023\/06\/hvharstylistdbgyhelsingborg202403h8a0468-800x533.jpg 800w, https:\/\/drottningblanka.se\/wp-content\/uploads\/sites\/33\/2023\/06\/hvharstylistdbgyhelsingborg202403h8a0468-1024x683.jpg 1024w, https:\/\/drottningblanka.se\/wp-content\/uploads\/sites\/33\/2023\/06\/hvharstylistdbgyhelsingborg202403h8a0468.jpg 1080w\" \/>\n\t\t\t\t<\/div>\n\t\t\t<\/article>\n\t\t<\/li>\n\t\t\t<li class=\"l-col-6@md l-col-4@lg\">\n\t\t\t<article class=\"c-card has-media-zoom  \"\n\t\t\t\t\t\tdata-variant=\"\"\n\t\t\t\t\t\tdata-style=\"square\"\n\t\t\t\t\t\tdata-click-area>\n\t\t\t\t<div class=\"c-card__content l-stack l-stack-sm\">\n\t\t\t\t\t\t\t\t\t\t\t<h2 class=\"c-card__title u-font-title-3\">\n\t\t\t\t\t\t\t\t\t\t\t\t\t\t\t<a class=\"c-card__title-link\" href=\"https:\/\/drottningblanka.se\/uddevalla\/program\/forsaljnings-och-serviceprogrammet\/forsaljning-och-service\/\">\n\t\t\t\t\t\t\t\t\tF\u00f6rs\u00e4ljning och service\n\t\t\t\t\t\t\t\t<\/a>\n\t\t\t\t\t\t\t\t\t\t\t\t\t<\/h2>\n\t\t\t\t\t\n\t\t\t\t\t\t\t\t\t\t\t<p class=\"c-card__text l-stack-xs u-font-body u-hide@mobile\">\n\t\t\t\t\t\t\tF\u00f6r dig med en s\u00e4ljande personlighet som gillar kommunikation, s\u00e5 \u00e4r detta helt r\u00e4tt val.\n\t\t\t\t\t\t<\/p>\n\t\t\t\t\t\n\t\t\t\t\t\t\t\t\t\t\t\t\t\t\t\t<ul class=\"c-card__list u-list-none l-stack-grow u-divider-top u-font-body\">\n\t\t\t\t\t\t\t\t\t\t\t\t\t\t\t<li>\n\t\t\t\t\t\t\t\t\t<strong>Program<\/strong>\n\t\t\t\t\t\t\t\t\t<ul class=\"u-list-dash\">\n\t\t\t\t\t\t\t\t\t\t\t\t\t\t\t\t\t\t\t\t\t<li>F\u00f6rs\u00e4ljnings- och serviceprogrammet<\/li>\n\t\t\t\t\t\t\t\t\t\t\t\t\t\t\t\t\t\t\t<\/ul>\n\t\t\t\t\t\t\t\t<\/li>\n\t\t\t\t\t\t\t\n\t\t\t\t\t\t\t\t\t\t\t\t\t\t\t\t\t\t\t\t\t\t\t\t<li>\n\t\t\t\t\t\t\t\t\t\t<strong>Inriktning<\/strong>\n\t\t\t\t\t\t\t\t\t\t<ul class=\"u-list-dash\">\n\t\t\t\t\t\t\t\t\t\t\t\t\t\t\t\t\t\t\t\t\t\t\t<li>F\u00f6rs\u00e4ljning och service<\/li>\n\t\t\t\t\t\t\t\t\t\t\t\t\t\t\t\t\t\t\t\t\t<\/ul>\n\t\t\t\t\t\t\t\t\t<\/li>\n\t\t\t\t\t\t\t\t\t\t\t\t\t\t\t\t\t\t\t\t\t<\/ul>\n\n\t\t\t\t\t\t<div class=\"c-card__icon c-card__icon--nl\">\n\t\t\t\t\t\t\t\t\t\t\t\t\t\t<svg class=\"ams-icon ams-icon--arrow-right\" width=\"32\" height=\"32\" viewbox=\"0 0 32 32\" fill=\"currentColor\" aria-hidden=\"true\" xmlns=\"http:\/\/www.w3.org\/2000\/svg\">\n\t\t\t\t\t\t\t\t\t\t\t\t\t\t\t\t<path d=\"M15.4617 0.252159L14.9567 0.75931C14.6219 1.09545 14.6219 1.64048 14.9567 1.97669L27.7062 14.7806H0.857144C0.383786 14.7806 0 15.166 0 15.6414V16.3587C0 16.8341 0.383786 17.2195 0.857144 17.2195H27.7062L14.9567 30.0234C14.6219 30.3595 14.6219 30.9045 14.9567 31.2407L15.4617 31.7479C15.7964 32.084 16.3392 32.084 16.6739 31.7479L31.749 16.6087C32.0837 16.2725 32.0837 15.7275 31.749 15.3913L16.6739 0.252159C16.3392 -0.084053 15.7964 -0.084053 15.4617 0.252159Z\"\/>\n\t\t\t\t\t\t\t\n\t\t\t\t\t\t\t<\/svg>\n\t\t\t\t\t\t<\/div>\n\t\t\t\t\t\t\t\t\t<\/div>\n\t\t\t\t<div class=\"c-card__media \" style=\" \">\n\t\t\t\t\t<img decoding=\"async\" width=\"400\" height=\"267\" src=\"https:\/\/drottningblanka.se\/wp-content\/uploads\/sites\/33\/2023\/06\/fsdbgyhelsingborg202403h8a0075-400x267.jpeg\" class=\"attachment-sm size-sm wp-post-image\" alt=\"L\u00e4rare h\u00e5ller en lektion\" sizes=\"(min-width: 64em) 300px, (min-width: 48em) calc(.50 * (100vw - 240px)), calc(100vw - 160px)\" srcset=\"https:\/\/drottningblanka.se\/wp-content\/uploads\/sites\/33\/2023\/06\/fsdbgyhelsingborg202403h8a0075-400x267.jpeg 400w, https:\/\/drottningblanka.se\/wp-content\/uploads\/sites\/33\/2023\/06\/fsdbgyhelsingborg202403h8a0075-300x200.jpeg 300w, https:\/\/drottningblanka.se\/wp-content\/uploads\/sites\/33\/2023\/06\/fsdbgyhelsingborg202403h8a0075-600x400.jpeg 600w, https:\/\/drottningblanka.se\/wp-content\/uploads\/sites\/33\/2023\/06\/fsdbgyhelsingborg202403h8a0075-800x533.jpeg 800w, https:\/\/drottningblanka.se\/wp-content\/uploads\/sites\/33\/2023\/06\/fsdbgyhelsingborg202403h8a0075-1024x682.jpeg 1024w, https:\/\/drottningblanka.se\/wp-content\/uploads\/sites\/33\/2023\/06\/fsdbgyhelsingborg202403h8a0075-1200x800.jpeg 1200w, https:\/\/drottningblanka.se\/wp-content\/uploads\/sites\/33\/2023\/06\/fsdbgyhelsingborg202403h8a0075.jpeg 1280w\" \/>\n\t\t\t\t<\/div>\n\t\t\t<\/article>\n\t\t<\/li>\n\t<\/ul>\n\t\n\n\t\t\t<\/div>\n\n\t\t\n\n<\/section>\n","protected":false},"excerpt":{"rendered":"","protected":false},"author":1,"featured_media":0,"parent":0,"menu_order":0,"comment_status":"closed","ping_status":"closed","template":"","meta":{"footnotes":""},"yoast_head":"<!-- This site is optimized with the Yoast SEO plugin v22.0 - https:\/\/yoast.com\/wordpress\/plugins\/seo\/ -->\n<title>Program hos Drottning Blankas Gymnasieskola Uddevalla<\/title>\n<meta name=\"description\" content=\"V\u00e5ra program har profiler som s\u00e4tter en intressant twist p\u00e5 din utbildning och ger dig en utbildning som du trivs lite extra p\u00e5.\" \/>\n<meta name=\"robots\" content=\"index, follow, max-snippet:-1, max-image-preview:large, max-video-preview:-1\" \/>\n<link rel=\"canonical\" href=\"https:\/\/drottningblanka.se\/uddevalla\/program\/\" \/>\n<meta property=\"og:locale\" content=\"sv_SE\" \/>\n<meta property=\"og:type\" content=\"article\" \/>\n<meta property=\"og:title\" content=\"Program hos Drottning Blankas Gymnasieskola Uddevalla\" \/>\n<meta property=\"og:description\" content=\"V\u00e5ra program har profiler som s\u00e4tter en intressant twist p\u00e5 din utbildning och ger dig en utbildning som du trivs lite extra p\u00e5.\" \/>\n<meta property=\"og:url\" content=\"https:\/\/drottningblanka.se\/uddevalla\/program\/\" \/>\n<meta property=\"og:site_name\" content=\"Uddevalla\" \/>\n<meta property=\"article:modified_time\" content=\"2025-07-03T09:39:59+00:00\" \/>\n<meta name=\"twitter:card\" content=\"summary_large_image\" \/>\n<meta name=\"twitter:title\" content=\"Program hos Drottning Blankas Gymnasieskola Uddevalla\" \/>\n<meta name=\"twitter:description\" content=\"V\u00e5ra program har profiler som s\u00e4tter en intressant twist p\u00e5 din utbildning och ger dig en utbildning som du trivs lite extra p\u00e5.\" \/>\n<meta name=\"twitter:label1\" content=\"Ber\u00e4knad l\u00e4stid\" \/>\n\t<meta name=\"twitter:data1\" content=\"1 minut\" \/>\n<script type=\"application\/ld+json\" class=\"yoast-schema-graph\">{\"@context\":\"https:\/\/schema.org\",\"@graph\":[{\"@type\":\"WebPage\",\"@id\":\"https:\/\/drottningblanka.se\/uddevalla\/program\/\",\"url\":\"https:\/\/drottningblanka.se\/uddevalla\/program\/\",\"name\":\"Program hos Drottning Blankas Gymnasieskola Uddevalla\",\"isPartOf\":{\"@id\":\"https:\/\/drottningblanka.se\/uddevalla\/#website\"},\"datePublished\":\"2022-09-22T09:19:34+00:00\",\"dateModified\":\"2025-07-03T09:39:59+00:00\",\"description\":\"V\u00e5ra program har profiler som s\u00e4tter en intressant twist p\u00e5 din utbildning och ger dig en utbildning som du trivs lite extra p\u00e5.\",\"breadcrumb\":{\"@id\":\"https:\/\/drottningblanka.se\/uddevalla\/program\/#breadcrumb\"},\"inLanguage\":\"sv-SE\",\"potentialAction\":[{\"@type\":\"ReadAction\",\"target\":[\"https:\/\/drottningblanka.se\/uddevalla\/program\/\"]}]},{\"@type\":\"BreadcrumbList\",\"@id\":\"https:\/\/drottningblanka.se\/uddevalla\/program\/#breadcrumb\",\"itemListElement\":[{\"@type\":\"ListItem\",\"position\":1,\"name\":\"Start\",\"item\":\"https:\/\/drottningblanka.se\/uddevalla\/\"},{\"@type\":\"ListItem\",\"position\":2,\"name\":\"Program\"}]},{\"@type\":\"WebSite\",\"@id\":\"https:\/\/drottningblanka.se\/uddevalla\/#website\",\"url\":\"https:\/\/drottningblanka.se\/uddevalla\/\",\"name\":\"Uddevalla\",\"description\":\"En del av AcadeMedia\",\"potentialAction\":[{\"@type\":\"SearchAction\",\"target\":{\"@type\":\"EntryPoint\",\"urlTemplate\":\"https:\/\/drottningblanka.se\/uddevalla\/?s={search_term_string}\"},\"query-input\":\"required name=search_term_string\"}],\"inLanguage\":\"sv-SE\"}]}<\/script>\n<!-- \/ Yoast SEO plugin. -->","yoast_head_json":{"title":"Program hos Drottning Blankas Gymnasieskola Uddevalla","description":"V\u00e5ra program har profiler som s\u00e4tter en intressant twist p\u00e5 din utbildning och ger dig en utbildning som du trivs lite extra p\u00e5.","robots":{"index":"index","follow":"follow","max-snippet":"max-snippet:-1","max-image-preview":"max-image-preview:large","max-video-preview":"max-video-preview:-1"},"canonical":"https:\/\/drottningblanka.se\/uddevalla\/program\/","og_locale":"sv_SE","og_type":"article","og_title":"Program hos Drottning Blankas Gymnasieskola Uddevalla","og_description":"V\u00e5ra program har profiler som s\u00e4tter en intressant twist p\u00e5 din utbildning och ger dig en utbildning som du trivs lite extra p\u00e5.","og_url":"https:\/\/drottningblanka.se\/uddevalla\/program\/","og_site_name":"Uddevalla","article_modified_time":"2025-07-03T09:39:59+00:00","twitter_card":"summary_large_image","twitter_title":"Program hos Drottning Blankas Gymnasieskola Uddevalla","twitter_description":"V\u00e5ra program har profiler som s\u00e4tter en intressant twist p\u00e5 din utbildning och ger dig en utbildning som du trivs lite extra p\u00e5.","twitter_misc":{"Ber\u00e4knad l\u00e4stid":"1 minut"},"schema":{"@context":"https:\/\/schema.org","@graph":[{"@type":"WebPage","@id":"https:\/\/drottningblanka.se\/uddevalla\/program\/","url":"https:\/\/drottningblanka.se\/uddevalla\/program\/","name":"Program hos Drottning Blankas Gymnasieskola Uddevalla","isPartOf":{"@id":"https:\/\/drottningblanka.se\/uddevalla\/#website"},"datePublished":"2022-09-22T09:19:34+00:00","dateModified":"2025-07-03T09:39:59+00:00","description":"V\u00e5ra program har profiler som s\u00e4tter en intressant twist p\u00e5 din utbildning och ger dig en utbildning som du trivs lite extra p\u00e5.","breadcrumb":{"@id":"https:\/\/drottningblanka.se\/uddevalla\/program\/#breadcrumb"},"inLanguage":"sv-SE","potentialAction":[{"@type":"ReadAction","target":["https:\/\/drottningblanka.se\/uddevalla\/program\/"]}]},{"@type":"BreadcrumbList","@id":"https:\/\/drottningblanka.se\/uddevalla\/program\/#breadcrumb","itemListElement":[{"@type":"ListItem","position":1,"name":"Start","item":"https:\/\/drottningblanka.se\/uddevalla\/"},{"@type":"ListItem","position":2,"name":"Program"}]},{"@type":"WebSite","@id":"https:\/\/drottningblanka.se\/uddevalla\/#website","url":"https:\/\/drottningblanka.se\/uddevalla\/","name":"Uddevalla","description":"En del av AcadeMedia","potentialAction":[{"@type":"SearchAction","target":{"@type":"EntryPoint","urlTemplate":"https:\/\/drottningblanka.se\/uddevalla\/?s={search_term_string}"},"query-input":"required name=search_term_string"}],"inLanguage":"sv-SE"}]}},"_links":{"self":[{"href":"https:\/\/drottningblanka.se\/uddevalla\/wp-json\/wp\/v2\/pages\/456"}],"collection":[{"href":"https:\/\/drottningblanka.se\/uddevalla\/wp-json\/wp\/v2\/pages"}],"about":[{"href":"https:\/\/drottningblanka.se\/uddevalla\/wp-json\/wp\/v2\/types\/page"}],"author":[{"embeddable":true,"href":"https:\/\/drottningblanka.se\/uddevalla\/wp-json\/wp\/v2\/users\/1"}],"replies":[{"embeddable":true,"href":"https:\/\/drottningblanka.se\/uddevalla\/wp-json\/wp\/v2\/comments?post=456"}],"version-history":[{"count":10,"href":"https:\/\/drottningblanka.se\/uddevalla\/wp-json\/wp\/v2\/pages\/456\/revisions"}],"predecessor-version":[{"id":2224,"href":"https:\/\/drottningblanka.se\/uddevalla\/wp-json\/wp\/v2\/pages\/456\/revisions\/2224"}],"wp:attachment":[{"href":"https:\/\/drottningblanka.se\/uddevalla\/wp-json\/wp\/v2\/media?parent=456"}],"curies":[{"name":"wp","href":"https:\/\/api.w.org\/{rel}","templated":true}]}}