{"id":956,"date":"2023-05-22T13:57:46","date_gmt":"2023-05-22T11:57:46","guid":{"rendered":"https:\/\/drottningblanka.se\/sundsvall\/?page_id=956"},"modified":"2025-08-21T11:15:36","modified_gmt":"2025-08-21T09:15:36","slug":"elevhalsa","status":"publish","type":"page","link":"https:\/\/drottningblanka.se\/sundsvall\/om-dbgy\/elevhalsa\/","title":{"rendered":"Elevh\u00e4lsa"},"content":{"rendered":"\n\t\n\t\n\t\n\n\t\n\t\n\t\t\n<section  class=\"c-block l-stacked  \" data-color-scheme=\"vit\">\n\t<div class=\"ams-fifty ams-fifty--container ams-fifty--left ams-fifty--top l-container u-pt-fluid-3xl-6xl u-pb-fluid-3xl-6xl\">\n\t\t<div class=\"ams-fifty__content l-stack l-stack-xl is-left is-left@lg\">\n\t\t\t<div class=\"ams-fifty__text l-stack l-stack-lg\">\n\t\t\t\t\t\n\t<h1\n\tclass=\"c-heading u-font-title-1 \"\n\tstyle=\"\">\n\t\t\n\t\t\t\t\tElevh\u00e4lsa\n\t\t\t\t\n\t<\/h1>\n\n\t\t\t\t\t\t\t\t\t<div class=\"text l-stack u-font-body\">\n\t\t\t\t\t\t<p>Inom Drottning Blankas Gymnasieskolor arbetar vi mycket med v\u00e5r elevh\u00e4lsa. Det \u00e4r egentligen inte s\u00e5 konstigt eftersom skolverket best\u00e4mt att alla skolor m\u00e5ste ha just en elevh\u00e4lsa \u2013 men vad betyder det egentligen?<\/p>\n\n\t\t\t\t\t<\/div>\n\t\t\t\t\t\t\t<\/div>\n\n\t\t\t\t\t<\/div>\n\n\t\t <div class=\"ams-fifty__media u-ratio-square\">\n\t\t \t\t\t\t\t<img decoding=\"async\" width=\"600\" height=\"900\" src=\"https:\/\/drottningblanka.se\/wp-content\/uploads\/sites\/31\/2024\/05\/dbgygoteborg202403h8a6527-600x900.jpeg\" class=\"attachment-md size-md\" alt=\"Elever ute i en park\" sizes=\"(min-width: 64em) 600px, calc(100vw - 160px)\" srcset=\"https:\/\/drottningblanka.se\/wp-content\/uploads\/sites\/31\/2024\/05\/dbgygoteborg202403h8a6527-600x900.jpeg 600w, https:\/\/drottningblanka.se\/wp-content\/uploads\/sites\/31\/2024\/05\/dbgygoteborg202403h8a6527-300x450.jpeg 300w, https:\/\/drottningblanka.se\/wp-content\/uploads\/sites\/31\/2024\/05\/dbgygoteborg202403h8a6527-400x600.jpeg 400w, https:\/\/drottningblanka.se\/wp-content\/uploads\/sites\/31\/2024\/05\/dbgygoteborg202403h8a6527-800x1200.jpeg 800w, https:\/\/drottningblanka.se\/wp-content\/uploads\/sites\/31\/2024\/05\/dbgygoteborg202403h8a6527.jpeg 853w\" \/>\n\t\t\t\n\t\t\t\n\t\t\t\t\t<\/div>\n\t<\/div>\n\n\t\t\n\n<\/section>\n\n\n\n\t\n\t\n\t\n\n\t\n\t\n\t\t\n<section  class=\"c-block l-stacked  \" data-color-scheme=\"gra\">\n\t<div class=\"ams-fifty ams-fifty--container ams-fifty--right ams-fifty--top l-container u-pt-fluid-3xl-6xl u-pb-fluid-3xl-6xl\">\n\t\t<div class=\"ams-fifty__content l-stack l-stack-xl is-left is-left@lg\">\n\t\t\t<div class=\"ams-fifty__text l-stack l-stack-lg\">\n\t\t\t\t\t\n\t<h2\n\tclass=\"c-heading u-font-title-1 \"\n\tstyle=\"\">\n\t\t\n\t\t\t\t\tDet \u00e4r viktigt f\u00f6r oss att det g\u00e5r bra f\u00f6r dig!\n\t\t\t\t\n\t<\/h2>\n\n\t\t\t\t\t\t\t\t\t<div class=\"text l-stack u-font-body\">\n\t\t\t\t\t\t<p>En elevh\u00e4lsa finns f\u00f6r dig som elev och ska arbeta b\u00e5de h\u00e4lsofr\u00e4mjande och f\u00f6rebyggande p\u00e5 skolan, f\u00f6r att du ska m\u00e5 s\u00e5 bra som m\u00f6jligt. Det kan inneb\u00e4ra allt ifr\u00e5n medicinska, psykologiska, psykosociala och specialpedagogiska insatser till att st\u00f6dja din utveckling och dina m\u00e5l.<\/p>\n<p>F\u00f6r oss inom Drottning Blanka ligger elevers h\u00e4lsa extra n\u00e4ra hj\u00e4rtat. Som vi brukar s\u00e4ga \u2013 det \u00e4r viktigt f\u00f6r oss att det g\u00e5r bra f\u00f6r dig! D\u00e5 \u00e4r det ocks\u00e5 en sj\u00e4lvklarhet att vi ska ha en stark elevh\u00e4lsa p\u00e5 v\u00e5ra skolor! Vi tror att om du m\u00e5r bra s\u00e5 kommer du ocks\u00e5 prestera b\u00e4ttre.<\/p>\n\n\t\t\t\t\t<\/div>\n\t\t\t\t\t\t\t<\/div>\n\n\t\t\t\t\t<\/div>\n\n\t\t <div class=\"ams-fifty__media u-ratio-square\">\n\t\t \t\t\t\t\t<img decoding=\"async\" width=\"600\" height=\"400\" src=\"https:\/\/drottningblanka.se\/wp-content\/uploads\/sites\/31\/2024\/05\/dbgyhelsingborg202403h8a1892-600x400.jpeg\" class=\"attachment-md size-md\" alt=\"Elever vid sina sk\u00e5p i skolan\" sizes=\"(min-width: 64em) 600px, calc(100vw - 160px)\" srcset=\"https:\/\/drottningblanka.se\/wp-content\/uploads\/sites\/31\/2024\/05\/dbgyhelsingborg202403h8a1892-600x400.jpeg 600w, https:\/\/drottningblanka.se\/wp-content\/uploads\/sites\/31\/2024\/05\/dbgyhelsingborg202403h8a1892-300x200.jpeg 300w, https:\/\/drottningblanka.se\/wp-content\/uploads\/sites\/31\/2024\/05\/dbgyhelsingborg202403h8a1892-400x267.jpeg 400w, https:\/\/drottningblanka.se\/wp-content\/uploads\/sites\/31\/2024\/05\/dbgyhelsingborg202403h8a1892-800x533.jpeg 800w, https:\/\/drottningblanka.se\/wp-content\/uploads\/sites\/31\/2024\/05\/dbgyhelsingborg202403h8a1892-1024x683.jpeg 1024w, https:\/\/drottningblanka.se\/wp-content\/uploads\/sites\/31\/2024\/05\/dbgyhelsingborg202403h8a1892.jpeg 1080w\" \/>\n\t\t\t\n\t\t\t\n\t\t\t\t\t<\/div>\n\t<\/div>\n\n\t\t\n\n<\/section>\n\n\n\n<section \n\t\t class=\"\n\t\t ams-contact\n\t\t \n\t\t c-block l-stacked\n\t\t \n\t\t \n\t\t js-load-more\n\t\t \"\n\t\t data-color-scheme=\"vit\"\n\t\t\t\t\tdata-count=\"3\"\n\t\t\t\t\t\t\tdata-count-mobile=\"2\"\n\t\t\t\t>\n\t<div\n\t\t class=\"\n\t\t l-container\n\t\t l-stack l-stack-fluid-2xl\n\t\t u-pt-fluid-3xl-6xl\n\t\t u-pb-fluid-3xl-6xl\n\t\t is-center\n\t\t is-center@md\n\t\t \">\n\t\t\t\t\t<div class=\"ams-contact__intro l-stack l-stack-lg\">\n\t\t\t\t\t\n\t<h2\n\tclass=\"c-heading u-font-title-1 \"\n\tstyle=\"\">\n\t\t\n\t\t\t\t\tKontakta oss\n\t\t\t\t\n\t<\/h2>\n\n\t\t\t\t\t\t\t<\/div>\n\t\t\n\t\t\n\t\t    \t\n\t\t\n\t\t<ul\n\t\t\tid=\"contact-grid-69dfca2429224\"\n\t\t\tclass=\"ams-contact__list l-grid u-gap-fluid-2xl-4xl u-justify-center js-results \"\n\t\t\taria-label=\"Kontakter\"\n\t\t\tdata-filter-animation=\"off\"\n\t\t\t>\n\t\t\t\t\t\t\t\t\t\t\t\n\t\t\t\t\n\t\t\t\t<li class=\"l-col-6@md l-col-4@lg \" data-filter=\"elevhalsa\">\n\t\t\t\t\t<article class=\"c-card \" data-variant=\"neutral\">\n\t\t\t\t\t\t<div class=\"c-card__content u-text-center\">\n\t\t\t\t\t\t\t\t\t\t\t\t\t\t\t<h3 class=\"c-card__title u-font-title-3\">\n\t\t\t\t\t\t\t\t\tAnna Nordlander\n\t\t\t\t\t\t\t\t<\/h3>\n\t\t\t\t\t\t\t\n\t\t\t\t\t\t\t\t\t\t\t\t\t\t\t<p class=\"position u-font-body\">Skolsk\u00f6terska<\/p>\n\t\t\t\t\t\t\t\n\t\t\t\t\t\t\t\t\t\t\t\t\t\t\t<div class=\"contact-info u-font-body\">\n\t\t\t\t\t\t\t\t\t\n\t\t\t\t\t\t\t\t\t\t\t\t\t\t\t\t\t\t\t\t\t\t\t\t\t\t\t\t\t\t<p class=\"email\"><a\n\t\t\t\t\t\t\t\t\t\t\t\t\thref=\"&#109;ail&#116;o:&#097;nn&#097;&#046;no&#114;&#100;&#108;&#097;&#110;&#100;e&#114;&#064;dbg&#121;&#046;se\"\n\t\t\t\t\t\t\t\t\t\t\t\t\tclass=\"u-text-link\">a&#110;&#110;&#097;&#046;no&#114;&#100;l&#097;&#110;de&#114;&#064;db&#103;y.se<\/a>\n\t\t\t\t\t\t\t\t\t\t\t<\/p>\n\t\t\t\t\t\t\t\t\t\t\t\t\t\t\t\t\t\t\t\t\t\t\t\t\t\t\t<\/div>\n\t\t\t\t\t\t\t\n\t\t\t\t\t\t\t\t\t\t\t\t\t<\/div>\n\t\t\t\t\t\t<div class=\"c-card__media\">\n\t\t\t\t\t\t\t\t\t\t\t\t\t\t\t\t\t\t\t\t\t\t\t\t\t\t\t\t\t\t\t\t\t\t\t\t\t\t\t\t\t\t\t\t\t\t\t\t\t<img decoding=\"async\" width=\"400\" height=\"533\" src=\"https:\/\/drottningblanka.se\/wp-content\/uploads\/sites\/31\/2023\/07\/annaimg01291-400x533.jpg\" class=\"u-radius-round u-ratio-landscape  \" alt=\"Personalbild\" sizes=\"(max-width: 300px) 100vw, 300px\" srcset=\"https:\/\/drottningblanka.se\/wp-content\/uploads\/sites\/31\/2023\/07\/annaimg01291-400x533.jpg 400w, https:\/\/drottningblanka.se\/wp-content\/uploads\/sites\/31\/2023\/07\/annaimg01291-300x400.jpg 300w, https:\/\/drottningblanka.se\/wp-content\/uploads\/sites\/31\/2023\/07\/annaimg01291-600x800.jpg 600w, https:\/\/drottningblanka.se\/wp-content\/uploads\/sites\/31\/2023\/07\/annaimg01291-800x1067.jpg 800w, https:\/\/drottningblanka.se\/wp-content\/uploads\/sites\/31\/2023\/07\/annaimg01291-1024x1365.jpg 1024w, https:\/\/drottningblanka.se\/wp-content\/uploads\/sites\/31\/2023\/07\/annaimg01291-1200x1600.jpg 1200w, https:\/\/drottningblanka.se\/wp-content\/uploads\/sites\/31\/2023\/07\/annaimg01291-scaled.jpg 1920w\" \/>\n\t\t\t\t\t\t<\/div>\n\t\t\t\t\t<\/article>\n\t\t\t\t<\/li>\n\t\t\t\t\t\t\t\t\t\t\t\n\t\t\t\t\n\t\t\t\t<li class=\"l-col-6@md l-col-4@lg \" data-filter=\"elevhalsa\">\n\t\t\t\t\t<article class=\"c-card \" data-variant=\"neutral\">\n\t\t\t\t\t\t<div class=\"c-card__content u-text-center\">\n\t\t\t\t\t\t\t\t\t\t\t\t\t\t\t<h3 class=\"c-card__title u-font-title-3\">\n\t\t\t\t\t\t\t\t\tHelen Liedholm\n\t\t\t\t\t\t\t\t<\/h3>\n\t\t\t\t\t\t\t\n\t\t\t\t\t\t\t\t\t\t\t\t\t\t\t<p class=\"position u-font-body\">Kurator <\/p>\n\t\t\t\t\t\t\t\n\t\t\t\t\t\t\t\t\t\t\t\t\t\t\t<div class=\"contact-info u-font-body\">\n\t\t\t\t\t\t\t\t\t\n\t\t\t\t\t\t\t\t\t\t\t\t\t\t\t\t\t\t\t\t\t\t\t\t\t\t\t\t\t\t<p class=\"email\"><a\n\t\t\t\t\t\t\t\t\t\t\t\t\thref=\"m&#097;i&#108;&#116;&#111;:he&#108;e&#110;.lied&#104;o&#108;m&#064;d&#098;&#103;y.s&#101;\"\n\t\t\t\t\t\t\t\t\t\t\t\t\tclass=\"u-text-link\">h&#101;&#108;en.l&#105;&#101;d&#104;&#111;lm&#064;&#100;b&#103;y&#046;&#115;&#101;<\/a>\n\t\t\t\t\t\t\t\t\t\t\t<\/p>\n\t\t\t\t\t\t\t\t\t\t\t\t\t\t\t\t\t\t\t\t\t\t\t\t\t\t\t<\/div>\n\t\t\t\t\t\t\t\n\t\t\t\t\t\t\t\t\t\t\t\t\t<\/div>\n\t\t\t\t\t\t<div class=\"c-card__media\">\n\t\t\t\t\t\t\t\t\t\t\t\t\t\t\t\t\t\t\t\t\t\t\t\t\t\t\t\t\t\t\t\t\t\t\t\t\t\t\t\t\t\t\t\t\t\t\t\t\t<img decoding=\"async\" width=\"400\" height=\"533\" src=\"https:\/\/drottningblanka.se\/wp-content\/uploads\/sites\/31\/2023\/07\/helenimg0114-400x533.jpg\" class=\"u-radius-round u-ratio-landscape  \" alt=\"Personalbild\" sizes=\"(max-width: 300px) 100vw, 300px\" srcset=\"https:\/\/drottningblanka.se\/wp-content\/uploads\/sites\/31\/2023\/07\/helenimg0114-400x533.jpg 400w, https:\/\/drottningblanka.se\/wp-content\/uploads\/sites\/31\/2023\/07\/helenimg0114-300x400.jpg 300w, https:\/\/drottningblanka.se\/wp-content\/uploads\/sites\/31\/2023\/07\/helenimg0114-600x800.jpg 600w, https:\/\/drottningblanka.se\/wp-content\/uploads\/sites\/31\/2023\/07\/helenimg0114-800x1067.jpg 800w, https:\/\/drottningblanka.se\/wp-content\/uploads\/sites\/31\/2023\/07\/helenimg0114-1024x1365.jpg 1024w, https:\/\/drottningblanka.se\/wp-content\/uploads\/sites\/31\/2023\/07\/helenimg0114-1200x1600.jpg 1200w, https:\/\/drottningblanka.se\/wp-content\/uploads\/sites\/31\/2023\/07\/helenimg0114-scaled.jpg 1920w\" \/>\n\t\t\t\t\t\t<\/div>\n\t\t\t\t\t<\/article>\n\t\t\t\t<\/li>\n\t\t\t\t\t\t\t\t\t\t\t\n\t\t\t\t\n\t\t\t\t<li class=\"l-col-6@md l-col-4@lg \" data-filter=\"elevhalsa\">\n\t\t\t\t\t<article class=\"c-card \" data-variant=\"neutral\">\n\t\t\t\t\t\t<div class=\"c-card__content u-text-center\">\n\t\t\t\t\t\t\t\t\t\t\t\t\t\t\t<h3 class=\"c-card__title u-font-title-3\">\n\t\t\t\t\t\t\t\t\tAnette Sj\u00f6din\n\t\t\t\t\t\t\t\t<\/h3>\n\t\t\t\t\t\t\t\n\t\t\t\t\t\t\t\t\t\t\t\t\t\t\t<p class=\"position u-font-body\">Specialpedagog <\/p>\n\t\t\t\t\t\t\t\n\t\t\t\t\t\t\t\t\t\t\t\t\t\t\t<div class=\"contact-info u-font-body\">\n\t\t\t\t\t\t\t\t\t\t\t\t\t\t\t\t\t\t\t\t\t\t\t\t\t\t\t\t\t\t<p class=\"phone\"><a\n\t\t\t\t\t\t\t\t\t\t\t\t\thref=\"tel:0761033748\"\n\t\t\t\t\t\t\t\t\t\t\t\t\tclass=\"u-text-link\">076-103 37 48<\/a>\n\t\t\t\t\t\t\t\t\t\t\t<\/p>\n\t\t\t\t\t\t\t\t\t\t\t\t\t\t\t\t\t\t\t\n\t\t\t\t\t\t\t\t\t\t\t\t\t\t\t\t\t\t\t\t\t\t\t\t\t\t\t\t\t\t<p class=\"email\"><a\n\t\t\t\t\t\t\t\t\t\t\t\t\thref=\"m&#097;i&#108;to:&#097;&#110;&#101;tte.sj&#111;d&#105;&#110;&#064;&#100;&#098;&#103;&#121;&#046;&#115;&#101;\"\n\t\t\t\t\t\t\t\t\t\t\t\t\tclass=\"u-text-link\">a&#110;ett&#101;&#046;&#115;&#106;od&#105;&#110;&#064;&#100;bg&#121;.se<\/a>\n\t\t\t\t\t\t\t\t\t\t\t<\/p>\n\t\t\t\t\t\t\t\t\t\t\t\t\t\t\t\t\t\t\t\t\t\t\t\t\t\t\t<\/div>\n\t\t\t\t\t\t\t\n\t\t\t\t\t\t\t\t\t\t\t\t\t<\/div>\n\t\t\t\t\t\t<div class=\"c-card__media\">\n\t\t\t\t\t\t\t\t\t\t\t\t\t\t\t\t\t\t\t\t\t\t\t\t\t\t\t\t\t\t\t\t\t\t\t\t\t\t\t\t\t\t\t\t\t\t\t\t\t<img decoding=\"async\" width=\"400\" height=\"533\" src=\"https:\/\/drottningblanka.se\/wp-content\/uploads\/sites\/31\/2023\/07\/anetteimg9822-400x533.jpg\" class=\"u-radius-round u-ratio-landscape  \" alt=\"Personalbild\" sizes=\"(max-width: 300px) 100vw, 300px\" srcset=\"https:\/\/drottningblanka.se\/wp-content\/uploads\/sites\/31\/2023\/07\/anetteimg9822-400x533.jpg 400w, https:\/\/drottningblanka.se\/wp-content\/uploads\/sites\/31\/2023\/07\/anetteimg9822-300x400.jpg 300w, https:\/\/drottningblanka.se\/wp-content\/uploads\/sites\/31\/2023\/07\/anetteimg9822-600x800.jpg 600w, https:\/\/drottningblanka.se\/wp-content\/uploads\/sites\/31\/2023\/07\/anetteimg9822-800x1067.jpg 800w, https:\/\/drottningblanka.se\/wp-content\/uploads\/sites\/31\/2023\/07\/anetteimg9822-1024x1365.jpg 1024w, https:\/\/drottningblanka.se\/wp-content\/uploads\/sites\/31\/2023\/07\/anetteimg9822-1200x1600.jpg 1200w, https:\/\/drottningblanka.se\/wp-content\/uploads\/sites\/31\/2023\/07\/anetteimg9822-scaled.jpg 1920w\" \/>\n\t\t\t\t\t\t<\/div>\n\t\t\t\t\t<\/article>\n\t\t\t\t<\/li>\n\t\t\t\t\t\t\t\t\t\t\t\n\t\t\t\t\n\t\t\t\t<li class=\"l-col-6@md l-col-4@lg \" data-filter=\"elevhalsa\">\n\t\t\t\t\t<article class=\"c-card \" data-variant=\"neutral\">\n\t\t\t\t\t\t<div class=\"c-card__content u-text-center\">\n\t\t\t\t\t\t\t\t\t\t\t\t\t\t\t<h3 class=\"c-card__title u-font-title-3\">\n\t\t\t\t\t\t\t\t\tKlara T\u00f6rnquist\n\t\t\t\t\t\t\t\t<\/h3>\n\t\t\t\t\t\t\t\n\t\t\t\t\t\t\t\t\t\t\t\t\t\t\t<p class=\"position u-font-body\">Studie- och yrkesv\u00e4gledare<\/p>\n\t\t\t\t\t\t\t\n\t\t\t\t\t\t\t\t\t\t\t\t\t\t\t<div class=\"contact-info u-font-body\">\n\t\t\t\t\t\t\t\t\t\t\t\t\t\t\t\t\t\t\t\t\t\t\t\t\t\t\t\t\t\t<p class=\"phone\"><a\n\t\t\t\t\t\t\t\t\t\t\t\t\thref=\"tel:0761398309\"\n\t\t\t\t\t\t\t\t\t\t\t\t\tclass=\"u-text-link\">076-139 83 09<\/a>\n\t\t\t\t\t\t\t\t\t\t\t<\/p>\n\t\t\t\t\t\t\t\t\t\t\t\t\t\t\t\t\t\t\t\n\t\t\t\t\t\t\t\t\t\t\t\t\t\t\t\t\t\t\t\t\t\t\t\t\t\t\t\t\t\t<p class=\"email\"><a\n\t\t\t\t\t\t\t\t\t\t\t\t\thref=\"mailto&#058;k&#108;&#097;&#114;&#097;&#046;&#116;&#111;r&#110;&#113;uis&#116;&#064;acad&#101;m&#101;di&#097;.&#115;e\"\n\t\t\t\t\t\t\t\t\t\t\t\t\tclass=\"u-text-link\">&#107;&#108;&#097;r&#097;&#046;t&#111;&#114;&#110;&#113;&#117;&#105;st&#064;aca&#100;&#101;m&#101;d&#105;a&#046;s&#101;<\/a>\n\t\t\t\t\t\t\t\t\t\t\t<\/p>\n\t\t\t\t\t\t\t\t\t\t\t\t\t\t\t\t\t\t\t\t\t\t\t\t\t\t\t<\/div>\n\t\t\t\t\t\t\t\n\t\t\t\t\t\t\t\t\t\t\t\t\t<\/div>\n\t\t\t\t\t\t<div class=\"c-card__media\">\n\t\t\t\t\t\t\t\t\t\t\t\t\t\t\t\t\t\t\t\t\t\t\t\t\t\t\t\t\t\t\t\t\t\t\t\t\t\t\t\t\t\t\t\t\t\t\t\t\t<img decoding=\"async\" width=\"400\" height=\"540\" src=\"https:\/\/drottningblanka.se\/wp-content\/uploads\/sites\/31\/2025\/08\/kt-400x540.jpg\" class=\"u-radius-round u-ratio-landscape  \" alt=\"Personalbild\" sizes=\"(max-width: 300px) 100vw, 300px\" srcset=\"https:\/\/drottningblanka.se\/wp-content\/uploads\/sites\/31\/2025\/08\/kt-400x540.jpg 400w, https:\/\/drottningblanka.se\/wp-content\/uploads\/sites\/31\/2025\/08\/kt-300x405.jpg 300w, https:\/\/drottningblanka.se\/wp-content\/uploads\/sites\/31\/2025\/08\/kt.jpg 443w\" \/>\n\t\t\t\t\t\t<\/div>\n\t\t\t\t\t<\/article>\n\t\t\t\t<\/li>\n\t\t\t\t\t<\/ul>\n\n\t\t\n\t\t    <div class=\"ams-contact__more u-inline-items js-load-more-btn\">\n        <button href=\"#\"\n                class=\"c-btn\"\n                data-style=\"round\"\n                data-size=\"md\"\n                data-width=\"full-mobile\"\n                data-variant=\"outline\">\n        \tVisa mer\n        <\/button>\n    <\/div>\n\n\t\t\t<\/div>\n\n\t\t\n\n<\/section>\n\n\n\n\n<section  class=\"ams-cta ams-cta--stacked c-block l-stacked ams-border\" data-color-scheme=\"beige\">\n\t<div class=\"l-container-narrow l-stack l-stack-fluid-2xl u-pt-fluid-3xl-6xl u-pb-fluid-3xl-6xl is-center is-center@md\">\n\t\t\t\t\t<div class=\"ams-cta__intro l-stack l-stack-lg\">\n\t\t\t\t\t\n\t<h2\n\tclass=\"c-heading u-font-title-1 \"\n\tstyle=\"\">\n\t\t\n\t\t\t\t\tNyfiken p\u00e5 DBGY Sundsvall?\n\t\t\t\t\n\t<\/h2>\n\n\t\t\t\t\t\t\t\t\t<div class=\"c-text l-stack u-cs-xl u-font-body\">\n\t\t\t\t\t\t<p>\u00c4r du intresserad av att b\u00f6rja p\u00e5 Drottning Blankas gymnasieskola och vill ta reda p\u00e5 om vi \u00e4r skolan f\u00f6r dig? L\u00e4s v\u00e5r vision och varf\u00f6r det \u00e4r viktigt f\u00f6r oss att det g\u00e5r bra f\u00f6r dig!<\/p>\n\n\t\t\t\t\t<\/div>\n\t\t\t\t\t\t\t<\/div>\n\t\t\n\t\t\n\t\t\t<div class=\"ams-cta__action u-inline-items\">\n\t\t\t\t\t\t\t\n\n\n<a href=\"https:\/\/drottningblanka.se\/sundsvall\/om-dbgy\/\"\n\t\n\tclass=\"c-btn \"\n\tdata-style=\"round\"\n\tdata-size=\"md\"\n\tdata-width=\"full-mobile\"\n\tdata-variant=\"default\"\n\ttarget=\"_self\">\n\t\t\t<span class=\"label\"> L\u00e4s mer<\/span>\n\t\t\t<\/a>\n\t\t\t<\/div>\n\t<\/div>\n\n\t\t\n\n<\/section>\n","protected":false},"excerpt":{"rendered":"","protected":false},"author":1,"featured_media":0,"parent":19,"menu_order":0,"comment_status":"closed","ping_status":"closed","template":"","meta":{"footnotes":""},"yoast_head":"<!-- This site is optimized with the Yoast SEO plugin v22.0 - https:\/\/yoast.com\/wordpress\/plugins\/seo\/ -->\n<title>Elevh\u00e4lsa - Drottning Blankas Gymnasieskola Sundsvall<\/title>\n<meta name=\"description\" content=\"Inom Drottning Blankas Gymnasieskolor arbetar vi mycket med v\u00e5r elevh\u00e4lsa. V\u00e4lkommen till Drottning Blanka!\" \/>\n<meta name=\"robots\" content=\"index, follow, max-snippet:-1, max-image-preview:large, max-video-preview:-1\" \/>\n<link rel=\"canonical\" href=\"https:\/\/drottningblanka.se\/elevhalsa\/\" \/>\n<meta property=\"og:locale\" content=\"sv_SE\" \/>\n<meta property=\"og:type\" content=\"article\" \/>\n<meta property=\"og:title\" content=\"Elevh\u00e4lsa - Drottning Blankas Gymnasieskola Sundsvall\" \/>\n<meta property=\"og:description\" content=\"Inom Drottning Blankas Gymnasieskolor arbetar vi mycket med v\u00e5r elevh\u00e4lsa. V\u00e4lkommen till Drottning Blanka!\" \/>\n<meta property=\"og:url\" content=\"https:\/\/drottningblanka.se\/elevhalsa\/\" \/>\n<meta property=\"og:site_name\" content=\"Sundsvall\" \/>\n<meta property=\"article:modified_time\" content=\"2025-08-21T09:15:36+00:00\" \/>\n<meta name=\"twitter:card\" content=\"summary_large_image\" \/>\n<meta name=\"twitter:title\" content=\"Elevh\u00e4lsa - Drottning Blankas Gymnasieskola Sundsvall\" \/>\n<meta name=\"twitter:description\" content=\"Inom Drottning Blankas Gymnasieskolor arbetar vi mycket med v\u00e5r elevh\u00e4lsa. V\u00e4lkommen till Drottning Blanka!\" \/>\n<meta name=\"twitter:label1\" content=\"Ber\u00e4knad l\u00e4stid\" \/>\n\t<meta name=\"twitter:data1\" content=\"2 minuter\" \/>\n<script type=\"application\/ld+json\" class=\"yoast-schema-graph\">{\"@context\":\"https:\/\/schema.org\",\"@graph\":[{\"@type\":\"WebPage\",\"@id\":\"https:\/\/drottningblanka.se\/sundsvall\/om-dbgy\/elevhalsa\/\",\"url\":\"https:\/\/drottningblanka.se\/elevhalsa\/\",\"name\":\"Elevh\u00e4lsa - Drottning Blankas Gymnasieskola Sundsvall\",\"isPartOf\":{\"@id\":\"https:\/\/drottningblanka.se\/sundsvall\/#website\"},\"datePublished\":\"2023-05-22T11:57:46+00:00\",\"dateModified\":\"2025-08-21T09:15:36+00:00\",\"description\":\"Inom Drottning Blankas Gymnasieskolor arbetar vi mycket med v\u00e5r elevh\u00e4lsa. V\u00e4lkommen till Drottning Blanka!\",\"breadcrumb\":{\"@id\":\"https:\/\/drottningblanka.se\/elevhalsa\/#breadcrumb\"},\"inLanguage\":\"sv-SE\",\"potentialAction\":[{\"@type\":\"ReadAction\",\"target\":[\"https:\/\/drottningblanka.se\/elevhalsa\/\"]}]},{\"@type\":\"BreadcrumbList\",\"@id\":\"https:\/\/drottningblanka.se\/elevhalsa\/#breadcrumb\",\"itemListElement\":[{\"@type\":\"ListItem\",\"position\":1,\"name\":\"Start\",\"item\":\"https:\/\/drottningblanka.se\/sundsvall\/\"},{\"@type\":\"ListItem\",\"position\":2,\"name\":\"Om DBGY\",\"item\":\"https:\/\/drottningblanka.se\/sundsvall\/om-dbgy\/\"},{\"@type\":\"ListItem\",\"position\":3,\"name\":\"Elevh\u00e4lsa\"}]},{\"@type\":\"WebSite\",\"@id\":\"https:\/\/drottningblanka.se\/sundsvall\/#website\",\"url\":\"https:\/\/drottningblanka.se\/sundsvall\/\",\"name\":\"Sundsvall\",\"description\":\"En del av AcadeMedia\",\"potentialAction\":[{\"@type\":\"SearchAction\",\"target\":{\"@type\":\"EntryPoint\",\"urlTemplate\":\"https:\/\/drottningblanka.se\/sundsvall\/?s={search_term_string}\"},\"query-input\":\"required name=search_term_string\"}],\"inLanguage\":\"sv-SE\"}]}<\/script>\n<!-- \/ Yoast SEO plugin. -->","yoast_head_json":{"title":"Elevh\u00e4lsa - Drottning Blankas Gymnasieskola Sundsvall","description":"Inom Drottning Blankas Gymnasieskolor arbetar vi mycket med v\u00e5r elevh\u00e4lsa. V\u00e4lkommen till Drottning Blanka!","robots":{"index":"index","follow":"follow","max-snippet":"max-snippet:-1","max-image-preview":"max-image-preview:large","max-video-preview":"max-video-preview:-1"},"canonical":"https:\/\/drottningblanka.se\/elevhalsa\/","og_locale":"sv_SE","og_type":"article","og_title":"Elevh\u00e4lsa - Drottning Blankas Gymnasieskola Sundsvall","og_description":"Inom Drottning Blankas Gymnasieskolor arbetar vi mycket med v\u00e5r elevh\u00e4lsa. V\u00e4lkommen till Drottning Blanka!","og_url":"https:\/\/drottningblanka.se\/elevhalsa\/","og_site_name":"Sundsvall","article_modified_time":"2025-08-21T09:15:36+00:00","twitter_card":"summary_large_image","twitter_title":"Elevh\u00e4lsa - Drottning Blankas Gymnasieskola Sundsvall","twitter_description":"Inom Drottning Blankas Gymnasieskolor arbetar vi mycket med v\u00e5r elevh\u00e4lsa. V\u00e4lkommen till Drottning Blanka!","twitter_misc":{"Ber\u00e4knad l\u00e4stid":"2 minuter"},"schema":{"@context":"https:\/\/schema.org","@graph":[{"@type":"WebPage","@id":"https:\/\/drottningblanka.se\/sundsvall\/om-dbgy\/elevhalsa\/","url":"https:\/\/drottningblanka.se\/elevhalsa\/","name":"Elevh\u00e4lsa - Drottning Blankas Gymnasieskola Sundsvall","isPartOf":{"@id":"https:\/\/drottningblanka.se\/sundsvall\/#website"},"datePublished":"2023-05-22T11:57:46+00:00","dateModified":"2025-08-21T09:15:36+00:00","description":"Inom Drottning Blankas Gymnasieskolor arbetar vi mycket med v\u00e5r elevh\u00e4lsa. V\u00e4lkommen till Drottning Blanka!","breadcrumb":{"@id":"https:\/\/drottningblanka.se\/elevhalsa\/#breadcrumb"},"inLanguage":"sv-SE","potentialAction":[{"@type":"ReadAction","target":["https:\/\/drottningblanka.se\/elevhalsa\/"]}]},{"@type":"BreadcrumbList","@id":"https:\/\/drottningblanka.se\/elevhalsa\/#breadcrumb","itemListElement":[{"@type":"ListItem","position":1,"name":"Start","item":"https:\/\/drottningblanka.se\/sundsvall\/"},{"@type":"ListItem","position":2,"name":"Om DBGY","item":"https:\/\/drottningblanka.se\/sundsvall\/om-dbgy\/"},{"@type":"ListItem","position":3,"name":"Elevh\u00e4lsa"}]},{"@type":"WebSite","@id":"https:\/\/drottningblanka.se\/sundsvall\/#website","url":"https:\/\/drottningblanka.se\/sundsvall\/","name":"Sundsvall","description":"En del av AcadeMedia","potentialAction":[{"@type":"SearchAction","target":{"@type":"EntryPoint","urlTemplate":"https:\/\/drottningblanka.se\/sundsvall\/?s={search_term_string}"},"query-input":"required name=search_term_string"}],"inLanguage":"sv-SE"}]}},"_links":{"self":[{"href":"https:\/\/drottningblanka.se\/sundsvall\/wp-json\/wp\/v2\/pages\/956"}],"collection":[{"href":"https:\/\/drottningblanka.se\/sundsvall\/wp-json\/wp\/v2\/pages"}],"about":[{"href":"https:\/\/drottningblanka.se\/sundsvall\/wp-json\/wp\/v2\/types\/page"}],"author":[{"embeddable":true,"href":"https:\/\/drottningblanka.se\/sundsvall\/wp-json\/wp\/v2\/users\/1"}],"replies":[{"embeddable":true,"href":"https:\/\/drottningblanka.se\/sundsvall\/wp-json\/wp\/v2\/comments?post=956"}],"version-history":[{"count":10,"href":"https:\/\/drottningblanka.se\/sundsvall\/wp-json\/wp\/v2\/pages\/956\/revisions"}],"predecessor-version":[{"id":2157,"href":"https:\/\/drottningblanka.se\/sundsvall\/wp-json\/wp\/v2\/pages\/956\/revisions\/2157"}],"up":[{"embeddable":true,"href":"https:\/\/drottningblanka.se\/sundsvall\/wp-json\/wp\/v2\/pages\/19"}],"wp:attachment":[{"href":"https:\/\/drottningblanka.se\/sundsvall\/wp-json\/wp\/v2\/media?parent=956"}],"curies":[{"name":"wp","href":"https:\/\/api.w.org\/{rel}","templated":true}]}}