{"id":943,"date":"2023-05-16T16:26:23","date_gmt":"2023-05-16T14:26:23","guid":{"rendered":"https:\/\/drottningblanka.se\/stoc\/?page_id=943"},"modified":"2025-09-23T12:57:35","modified_gmt":"2025-09-23T10:57:35","slug":"internationalisering","status":"publish","type":"page","link":"https:\/\/drottningblanka.se\/stockholm-odenplan\/internationalisering\/","title":{"rendered":"Internationalisering"},"content":{"rendered":"\n\t<div class=\"module_wrapper ams_remote_pages_module \">\n\t\t\n\t\n\t\n\t\n\n\t\n\t\n\t\t\n<section  class=\"c-block l-stacked  \" data-color-scheme=\"vit\">\n\t<div class=\"ams-fifty ams-fifty--container ams-fifty--left ams-fifty--top l-container u-pt-fluid-3xl-6xl u-pb-fluid-3xl-6xl\">\n\t\t<div class=\"ams-fifty__content l-stack l-stack-xl is-center is-left@lg\">\n\t\t\t<div class=\"ams-fifty__text l-stack l-stack-lg\">\n\t\t\t\t\t\n\t<h1\n\tclass=\"c-heading u-font-title-1 \"\n\tstyle=\"\">\n\t\t\n\t\t\t\t\tInternationalisering\n\t\t\t\t\n\t<\/h1>\n\n\t\t\t\t\t\t\t\t\t<div class=\"text l-stack u-font-body\">\n\t\t\t\t\t\t<p style=\"text-align: left;\">Vill du ha ett internationellt perspektiv i din utbildning? N\u00e4r du v\u00e4ljer att g\u00e5 p\u00e5 en DBGY-skola f\u00e5r du unika m\u00f6jligheter att vidga dina vyer. Du som l\u00e4ser ett praktiskt program f\u00e5r m\u00f6jlighet att ans\u00f6ka om att g\u00f6ra APL (arbetsplatsf\u00f6rlagt l\u00e4rande) utomlands. Om du l\u00e4ser ett teoretiskt program s\u00e5 f\u00e5r du m\u00f6jlighet att ans\u00f6ka om utbytesresa eller praktik i ett annat europeiskt land.<\/p>\n<p><img decoding=\"async\" class=\"alignnone\" src=\"https:\/\/drottningblanka.se\/wp-content\/uploads\/2023\/05\/sv-finansieras-av-europeiska-unionenpos-scaled.jpg\" alt=\"Finansieras av Europeiska unionen\" width=\"677\" height=\"142\" \/><\/p>\n\n\t\t\t\t\t<\/div>\n\t\t\t\t\t\t\t<\/div>\n\n\t\t\t\t\t<\/div>\n\n\t\t <div class=\"ams-fifty__media u-ratio-widescreen\">\n\t\t \t\n\t\t\t\n\t\t\t\t\t\t\t<lite-youtube videoid=\"0GcDaZO-QKg\" style=\"background-image: url('https:\/\/i.ytimg.com\/vi\/0GcDaZO-QKg\/hqdefault.jpg');\">\n\t\t\t\t\t\t<button href=\"https:\/\/youtube.com\/watch?v=0GcDaZO-QKg\" class=\"lty-playbtn\" title=\"Play Video\">\n\t\t\t\t\t\t\t<span class=\"lyt-visually-hidden\">Play Video<\/span>\n\t\t\t\t\t\t<\/button>\n\t\t\t\t\t<\/lite-youtube>\n\t\t\t\t\t<\/div>\n\t<\/div>\n\n\t\t\n\n<\/section>\n\n\t\n\t\n\t\n\n\t\n\t\n\t\t\n<section  class=\"c-block l-stacked  \" data-color-scheme=\"gra\">\n\t<div class=\"ams-fifty ams-fifty--container ams-fifty--right ams-fifty--top l-container u-pt-fluid-3xl-6xl u-pb-fluid-3xl-6xl\">\n\t\t<div class=\"ams-fifty__content l-stack l-stack-xl is-center is-left@lg\">\n\t\t\t<div class=\"ams-fifty__text l-stack l-stack-lg\">\n\t\t\t\t\t\n\t<h2\n\tclass=\"c-heading u-font-title-1 \"\n\tstyle=\"\">\n\t\t\n\t\t\t\t\tSkolan f\u00f6r dig som \u00e4r nyfiken p\u00e5 v\u00e4rlden\n\t\t\t\t\n\t<\/h2>\n\n\t\t\t\t\t\t\t\t\t<div class=\"text l-stack u-font-body\">\n\t\t\t\t\t\t<p style=\"text-align: left;\">Efter tre \u00e5r hos oss \u00e4r du f\u00f6rberedd, engagerad och certifierad f\u00f6r att s\u00f6ka utbildningar och arbete utanf\u00f6r Sveriges gr\u00e4nser! Nedan kan du se hur vi jobbar med internationalisering samt l\u00e4sa mer om vad som h\u00e4nder varje \u00e5r \u2013 detta \u00e4r allts\u00e5 ut\u00f6ver vad ditt program erbjuder.<\/p>\n\n\t\t\t\t\t<\/div>\n\t\t\t\t\t\t\t<\/div>\n\n\t\t\t\t\t<\/div>\n\n\t\t <div class=\"ams-fifty__media u-ratio-square\">\n\t\t \t\t\t\t\t<img decoding=\"async\" width=\"600\" height=\"400\" src=\"https:\/\/drottningblanka.se\/wp-content\/uploads\/2023\/05\/dbgylund202403h8a4558-600x400.jpeg\" class=\"attachment-md size-md\" alt=\"Elever umg\u00e5s i skolans lokaler\" sizes=\"(min-width: 64em) 600px, calc(100vw - 160px)\" srcset=\"https:\/\/drottningblanka.se\/wp-content\/uploads\/2023\/05\/dbgylund202403h8a4558-600x400.jpeg 600w, https:\/\/drottningblanka.se\/wp-content\/uploads\/2023\/05\/dbgylund202403h8a4558-300x200.jpeg 300w, https:\/\/drottningblanka.se\/wp-content\/uploads\/2023\/05\/dbgylund202403h8a4558-400x267.jpeg 400w, https:\/\/drottningblanka.se\/wp-content\/uploads\/2023\/05\/dbgylund202403h8a4558-800x533.jpeg 800w, https:\/\/drottningblanka.se\/wp-content\/uploads\/2023\/05\/dbgylund202403h8a4558-1024x682.jpeg 1024w, https:\/\/drottningblanka.se\/wp-content\/uploads\/2023\/05\/dbgylund202403h8a4558-1200x800.jpeg 1200w, https:\/\/drottningblanka.se\/wp-content\/uploads\/2023\/05\/dbgylund202403h8a4558.jpeg 1280w\" \/>\n\t\t\t\n\t\t\t\n\t\t\t\t\t<\/div>\n\t<\/div>\n\n\t\t\n\n<\/section>\n\n\n<section  class=\"ams-usp c-block l-stacked\" data-color-scheme=\"kort-bla\">\n\t<div class=\"l-container l-stack l-stack-fluid-2xl u-pt-fluid-3xl-6xl u-pb-fluid-3xl-6xl is-center is-center@md\">\n\t\t\t\t\t<div class=\"ams-usp__intro l-stack l-stack-lg\">\n\t\t\t\t\t\n\t<h2\n\tclass=\"c-heading u-font-title-1 \"\n\tstyle=\"\">\n\t\t\n\t\t\t\t\tDin resa p\u00e5 tre \u00e5r &#8211; tusen m\u00f6jligheter\n\t\t\t\t\n\t<\/h2>\n\n\t\t\t\t\t\t\t<\/div>\n\t\t\n\t\t\t<ul class=\"ams-usp__list l-grid u-justify-center u-gap-fluid-2xl-4xl\">\n\t\t\t\t\t<li class=\"l-col-6@md l-col-4@lg\">\n\t\t\t\t<article\n\t\t\t\t\tclass=\"\n\t\t\t\t\tc-card\n\t\t\t\t\thas-media-zoom\n\t\t\t\t\t\n\t\t\t\t\t\n\t\t\t\t\t\"\n\t\t\t\t\tdata-variant=\"simple\"\n\t\t\t\t\tdata-style=\"square\"\n\t\t\t\t\t\n\t\t\t\t\t>\n\t\t\t\t\t\t\t\t\t\t\t<div class=\"c-card__content l-stack l-stack-sm u-text-left\">\n\t\t\t\t\t\t\t\t\t\t\t\t\t\t\t<h3 class=\"c-card__title u-font-title-3\">\n\t\t\t\t\t\t\t\t\t\t\t\t\t\t\t\t\t\t\t\t\t\t\t\t\t\t\t\t\t\t\u00c5r 1 &#8211; Personligt\n\t\t\t\t\t\t\t\t\t\t\t<span class=\"c-card__title__sub is-below u-font-title-4\">\n\t\t\t\t\t\t\t\t\t\t\t\t\u2013\u2013\u2013\n\t\t\t\t\t\t\t\t\t\t\t<\/span>\n\t\t\t\t\t\t\t\t\t\t\t\t\t\t\t\t\t\t\t\t\t\t\t\t\t\t\t<\/h3>\n\t\t\t\t\t\t\t\n\t\t\t\t\t\t\t\t\t\t\t\t\t\t\t<div class=\"c-card__text l-stack-xs u-font-body\">\n\t\t\t\t\t\t\t\t\t<p>Under ditt f\u00f6rsta \u00e5r blir du introducerad till en teoretisk grund. Du l\u00e4r dig om EU (Europeiska Unionen), FNs (F\u00f6renta Nationernas) globala m\u00e5l och hur du kan bidra till ett b\u00e4ttre samh\u00e4lle.<\/p>\n<h4>Exempel p\u00e5 vad vi g\u00f6r under \u00e5r 1:<\/h4>\n<ul>\n<li>Fokuserar p\u00e5 dig och din roll i v\u00e4rldssamh\u00e4llet<\/li>\n<li>Studerar FNs globala m\u00e5l<\/li>\n<li>L\u00e4r dig om vad det inneb\u00e4r att vara EU-medborgare<\/li>\n<li>Tr\u00e4ffar ex. Amnesty och R\u00f6da Korset<\/li>\n<\/ul>\n\n\t\t\t\t\t\t\t\t<\/div>\n\t\t\t\t\t\t\t\t\t\t\t\t\t<\/div>\n\t\t\t\t\t\n\t\t\t\t\t<div class=\"c-card__media\">\n\t\t\t\t\t\t\t\t\t\t\t\t\t<img decoding=\"async\" width=\"400\" height=\"600\" src=\"https:\/\/drottningblanka.se\/wp-content\/uploads\/2024\/03\/esbilgrafiskdesigndbgylund202403h8a3693-400x600.jpg\" class=\"u-radius-square u-ratio-landscape  ams_icon_size_default\" alt=\"Elev och l\u00e4rare fotar tillsammans\" srcset=\"https:\/\/drottningblanka.se\/wp-content\/uploads\/2024\/03\/esbilgrafiskdesigndbgylund202403h8a3693-400x600.jpg 400w, https:\/\/drottningblanka.se\/wp-content\/uploads\/2024\/03\/esbilgrafiskdesigndbgylund202403h8a3693-300x450.jpg 300w, https:\/\/drottningblanka.se\/wp-content\/uploads\/2024\/03\/esbilgrafiskdesigndbgylund202403h8a3693-600x900.jpg 600w, https:\/\/drottningblanka.se\/wp-content\/uploads\/2024\/03\/esbilgrafiskdesigndbgylund202403h8a3693-800x1200.jpg 800w, https:\/\/drottningblanka.se\/wp-content\/uploads\/2024\/03\/esbilgrafiskdesigndbgylund202403h8a3693-1024x1536.jpg 1024w, https:\/\/drottningblanka.se\/wp-content\/uploads\/2024\/03\/esbilgrafiskdesigndbgylund202403h8a3693-1200x1800.jpg 1200w, https:\/\/drottningblanka.se\/wp-content\/uploads\/2024\/03\/esbilgrafiskdesigndbgylund202403h8a3693-scaled.jpg 1707w\" sizes=\"(max-width: 400px) 100vw, 400px\" \/>\n\t\t\t\t\t\t\t\t\t\t\t<\/div>\n\t\t\t\t<\/article>\n\t\t\t<\/li>\n\n\t\t\t\t\t<li class=\"l-col-6@md l-col-4@lg\">\n\t\t\t\t<article\n\t\t\t\t\tclass=\"\n\t\t\t\t\tc-card\n\t\t\t\t\thas-media-zoom\n\t\t\t\t\t\n\t\t\t\t\t\n\t\t\t\t\t\"\n\t\t\t\t\tdata-variant=\"simple\"\n\t\t\t\t\tdata-style=\"square\"\n\t\t\t\t\t\n\t\t\t\t\t>\n\t\t\t\t\t\t\t\t\t\t\t<div class=\"c-card__content l-stack l-stack-sm u-text-left\">\n\t\t\t\t\t\t\t\t\t\t\t\t\t\t\t<h3 class=\"c-card__title u-font-title-3\">\n\t\t\t\t\t\t\t\t\t\t\t\t\t\t\t\t\t\t\t\t\t\t\t\t\t\t\t\t\t\t\u00c5r 2 &#8211; Lokalt\n\t\t\t\t\t\t\t\t\t\t\t<span class=\"c-card__title__sub is-below u-font-title-4\">\n\t\t\t\t\t\t\t\t\t\t\t\t\u2013\u2013\u2013\n\t\t\t\t\t\t\t\t\t\t\t<\/span>\n\t\t\t\t\t\t\t\t\t\t\t\t\t\t\t\t\t\t\t\t\t\t\t\t\t\t\t<\/h3>\n\t\t\t\t\t\t\t\n\t\t\t\t\t\t\t\t\t\t\t\t\t\t\t<div class=\"c-card__text l-stack-xs u-font-body\">\n\t\t\t\t\t\t\t\t\t<p>I n\u00e4sta steg vidgas dina vyer och vi hj\u00e4lper dig att delta i ett internationellt projekt som kan ske antingen hemma i Sverige eller utomlands.<\/p>\n<h4>Exempel p\u00e5 vad vi g\u00f6r under \u00e5r 2:<\/h4>\n<ul>\n<li>Skriver internationellt CV (Europass)<\/li>\n<li>Erbjuder APL (arbetsplatsf\u00f6rlagt l\u00e4rande) utomlands (g\u00e4ller alla yrkesprogram p\u00e5 DBGY)<\/li>\n<li>Deltar i ett internationellt projekt i Sverige eller utomlands<\/li>\n<\/ul>\n\n\t\t\t\t\t\t\t\t<\/div>\n\t\t\t\t\t\t\t\t\t\t\t\t\t<\/div>\n\t\t\t\t\t\n\t\t\t\t\t<div class=\"c-card__media\">\n\t\t\t\t\t\t\t\t\t\t\t\t\t<img decoding=\"async\" width=\"400\" height=\"267\" src=\"https:\/\/drottningblanka.se\/wp-content\/uploads\/2024\/03\/dbgyhelsingborg202403h8a1616-400x267.jpg\" class=\"u-radius-square u-ratio-landscape  ams_icon_size_default\" alt=\"Tre elever f\u00e5r hj\u00e4lp av en l\u00e4rare\" srcset=\"https:\/\/drottningblanka.se\/wp-content\/uploads\/2024\/03\/dbgyhelsingborg202403h8a1616-400x267.jpg 400w, https:\/\/drottningblanka.se\/wp-content\/uploads\/2024\/03\/dbgyhelsingborg202403h8a1616-300x200.jpg 300w, https:\/\/drottningblanka.se\/wp-content\/uploads\/2024\/03\/dbgyhelsingborg202403h8a1616-600x400.jpg 600w, https:\/\/drottningblanka.se\/wp-content\/uploads\/2024\/03\/dbgyhelsingborg202403h8a1616-800x533.jpg 800w, https:\/\/drottningblanka.se\/wp-content\/uploads\/2024\/03\/dbgyhelsingborg202403h8a1616-1024x683.jpg 1024w, https:\/\/drottningblanka.se\/wp-content\/uploads\/2024\/03\/dbgyhelsingborg202403h8a1616.jpg 1080w\" sizes=\"(max-width: 400px) 100vw, 400px\" \/>\n\t\t\t\t\t\t\t\t\t\t\t<\/div>\n\t\t\t\t<\/article>\n\t\t\t<\/li>\n\n\t\t\t\t\t<li class=\"l-col-6@md l-col-4@lg\">\n\t\t\t\t<article\n\t\t\t\t\tclass=\"\n\t\t\t\t\tc-card\n\t\t\t\t\thas-media-zoom\n\t\t\t\t\t\n\t\t\t\t\t\n\t\t\t\t\t\"\n\t\t\t\t\tdata-variant=\"simple\"\n\t\t\t\t\tdata-style=\"square\"\n\t\t\t\t\t\n\t\t\t\t\t>\n\t\t\t\t\t\t\t\t\t\t\t<div class=\"c-card__content l-stack l-stack-sm u-text-left\">\n\t\t\t\t\t\t\t\t\t\t\t\t\t\t\t<h3 class=\"c-card__title u-font-title-3\">\n\t\t\t\t\t\t\t\t\t\t\t\t\t\t\t\t\t\t\t\t\t\t\t\t\t\t\t\t\t\t\u00c5r 3 &#8211; Globalt\n\t\t\t\t\t\t\t\t\t\t\t<span class=\"c-card__title__sub is-below u-font-title-4\">\n\t\t\t\t\t\t\t\t\t\t\t\t\u2013\u2013\u2013\n\t\t\t\t\t\t\t\t\t\t\t<\/span>\n\t\t\t\t\t\t\t\t\t\t\t\t\t\t\t\t\t\t\t\t\t\t\t\t\t\t\t<\/h3>\n\t\t\t\t\t\t\t\n\t\t\t\t\t\t\t\t\t\t\t\t\t\t\t<div class=\"c-card__text l-stack-xs u-font-body\">\n\t\t\t\t\t\t\t\t\t<p>Under \u00e5ret tr\u00e4ffar du m\u00e5nga sp\u00e4nnande m\u00e4nniskor fr\u00e5n andra kulturer och bygger upp din f\u00f6rm\u00e5ga att interagera och kommunicera med personer fr\u00e5n andra l\u00e4nder.<\/p>\n<h4>Exempel p\u00e5 vad vi g\u00f6r under \u00e5r 3:<\/h4>\n<ul>\n<li>Erbjuder APL (arbetsplatsf\u00f6rlagt l\u00e4rande) utomlands, 3 veckor &#8211; 3 m\u00e5nader<\/li>\n<li>Bygger ditt internationella kontaktn\u00e4t<\/li>\n<li>St\u00e4rker din kompetens i yrkesrollen<\/li>\n<\/ul>\n\n\t\t\t\t\t\t\t\t<\/div>\n\t\t\t\t\t\t\t\t\t\t\t\t\t<\/div>\n\t\t\t\t\t\n\t\t\t\t\t<div class=\"c-card__media\">\n\t\t\t\t\t\t\t\t\t\t\t\t\t<img decoding=\"async\" width=\"400\" height=\"267\" src=\"https:\/\/drottningblanka.se\/wp-content\/uploads\/2024\/03\/sasamdbgykristianstad202403h8a2323-400x267.jpg\" class=\"u-radius-square u-ratio-landscape  ams_icon_size_default\" alt=\"Elev i ett klassrum tittar p\u00e5 en jordglob\" srcset=\"https:\/\/drottningblanka.se\/wp-content\/uploads\/2024\/03\/sasamdbgykristianstad202403h8a2323-400x267.jpg 400w, https:\/\/drottningblanka.se\/wp-content\/uploads\/2024\/03\/sasamdbgykristianstad202403h8a2323-300x200.jpg 300w, https:\/\/drottningblanka.se\/wp-content\/uploads\/2024\/03\/sasamdbgykristianstad202403h8a2323-600x400.jpg 600w, https:\/\/drottningblanka.se\/wp-content\/uploads\/2024\/03\/sasamdbgykristianstad202403h8a2323-800x533.jpg 800w, https:\/\/drottningblanka.se\/wp-content\/uploads\/2024\/03\/sasamdbgykristianstad202403h8a2323-1024x683.jpg 1024w, https:\/\/drottningblanka.se\/wp-content\/uploads\/2024\/03\/sasamdbgykristianstad202403h8a2323.jpg 1080w\" sizes=\"(max-width: 400px) 100vw, 400px\" \/>\n\t\t\t\t\t\t\t\t\t\t\t<\/div>\n\t\t\t\t<\/article>\n\t\t\t<\/li>\n\n\t\t\t<\/ul>\n\n\t\t\t<\/div>\n\n\t\t\n\n<\/section>\n\n\t\n\t\n\t\n\n\t\n\t\n\t\t\n<section  class=\"c-block l-stacked  \" data-color-scheme=\"vit\">\n\t<div class=\"ams-fifty ams-fifty--container ams-fifty--right ams-fifty--top l-container u-pt-fluid-3xl-6xl u-pb-fluid-3xl-6xl\">\n\t\t<div class=\"ams-fifty__content l-stack l-stack-xl is-left is-left@lg\">\n\t\t\t<div class=\"ams-fifty__text l-stack l-stack-lg\">\n\t\t\t\t\t\n\t<h2\n\tclass=\"c-heading u-font-title-1 \"\n\tstyle=\"\">\n\t\t\n\t\t\t\t\tEfter studenten &#8211; jobba eller plugga\n\t\t\t\t\n\t<\/h2>\n\n\t\t\t\t\t\t\t\t\t<div class=\"text l-stack u-font-body\">\n\t\t\t\t\t\t<ul>\n<li>Ett internationellt kontaktn\u00e4t.<\/li>\n<li>ECVET-po\u00e4ng som beskriver vad du har gjort p\u00e5 APL utomlands.<\/li>\n<li>EU- och FN kunskap<\/li>\n<li>Certifikat f\u00f6r de internationella projekt du har deltagit i<\/li>\n<li>Europass-CV<\/li>\n<li>\u00d6kad motivation f\u00f6r att forts\u00e4tta studera\/arbeta utomlands<\/li>\n<li>\u00d6kad social kompetens och kommunikationsf\u00f6rm\u00e5ga<\/li>\n<\/ul>\n<h3>M\u00e5l &#8211; Efter gymnasiet<\/h3>\n<ul>\n<li>Kontakta SYV f\u00f6r mer information!<\/li>\n<li>F\u00f6lj #dbgyinternationalisering p\u00e5 instagram<\/li>\n<\/ul>\n\n\t\t\t\t\t<\/div>\n\t\t\t\t\t\t\t<\/div>\n\n\t\t\t\t\t<\/div>\n\n\t\t <div class=\"ams-fifty__media u-ratio-square\">\n\t\t \t\t\t\t\t<img decoding=\"async\" width=\"600\" height=\"400\" src=\"https:\/\/drottningblanka.se\/wp-content\/uploads\/2023\/05\/esbilgrafiskdesigndbgylund202403h8a3767-600x400.jpeg\" class=\"attachment-md size-md\" alt=\"Elev visar upp sitt arbete f\u00f6r tv\u00e5 klasskompisar\" sizes=\"(min-width: 64em) 600px, calc(100vw - 160px)\" srcset=\"https:\/\/drottningblanka.se\/wp-content\/uploads\/2023\/05\/esbilgrafiskdesigndbgylund202403h8a3767-600x400.jpeg 600w, https:\/\/drottningblanka.se\/wp-content\/uploads\/2023\/05\/esbilgrafiskdesigndbgylund202403h8a3767-300x200.jpeg 300w, https:\/\/drottningblanka.se\/wp-content\/uploads\/2023\/05\/esbilgrafiskdesigndbgylund202403h8a3767-400x267.jpeg 400w, https:\/\/drottningblanka.se\/wp-content\/uploads\/2023\/05\/esbilgrafiskdesigndbgylund202403h8a3767-800x533.jpeg 800w, https:\/\/drottningblanka.se\/wp-content\/uploads\/2023\/05\/esbilgrafiskdesigndbgylund202403h8a3767-1024x682.jpeg 1024w, https:\/\/drottningblanka.se\/wp-content\/uploads\/2023\/05\/esbilgrafiskdesigndbgylund202403h8a3767-1200x800.jpeg 1200w, https:\/\/drottningblanka.se\/wp-content\/uploads\/2023\/05\/esbilgrafiskdesigndbgylund202403h8a3767.jpeg 1280w\" \/>\n\t\t\t\n\t\t\t\n\t\t\t\t\t<\/div>\n\t<\/div>\n\n\t\t\n\n<\/section>\n\t<\/div>\n\n\t\n\n\n\t\n\t\n\t\n\n\t\n\t\n\t\t\n<section  class=\"c-block l-stacked  \" data-color-scheme=\"gra\">\n\t<div class=\"ams-fifty ams-fifty--container ams-fifty--left ams-fifty--top l-container u-pt-fluid-3xl-6xl u-pb-fluid-3xl-6xl\">\n\t\t<div class=\"ams-fifty__content l-stack l-stack-xl is-left is-left@lg\">\n\t\t\t<div class=\"ams-fifty__text l-stack l-stack-lg\">\n\t\t\t\t\t\n\t<h2\n\tclass=\"c-heading u-font-title-1 \"\n\tstyle=\"\">\n\t\t\n\t\t\t\t\tAnm\u00e4l dig till Erasmus Pro\n\t\t\t\t\n\t<\/h2>\n\n\t\t\t\t\t\t\t\t\t<div class=\"text l-stack u-font-body\">\n\t\t\t\t\t\t<p>\u00c5k p\u00e5 en praktikresa utomlands tillsammans med Drottning Blanka och Erasmus Pro. Vi arrangerar resan tillsammans med en partnerorganisation utomlands, som hj\u00e4lper dig att hitta boende och praktikplats.<\/p>\n<p>Det \u00e4r Erasmus-programmet, ett EU-finansierat projekt, som bekostar din resa, boende och uppeh\u00e4lle under hela din vistelse utomlands.<\/p>\n<h3>L\u00e4s mer om hur ans\u00f6kan g\u00e5r till p\u00e5 l\u00e4nken nedan.<\/h3>\n<p>Tillsammans med din ans\u00f6kan beh\u00f6ver du ocks\u00e5 skriva under avtalet\u00a0<em>Regler f\u00f6r utexaminerade elever i samband med utlandsresor f\u00f6r AcadeMedias gymnasieskolor<\/em>, som du kan ladda ner\u00a0<span style=\"text-decoration: underline;\"><a href=\"https:\/\/drottningblanka.se\/wp-content\/uploads\/2023\/05\/avtal-for-utlandsvistelse-fd-elever-pa-academedias-skolor-1.pdf\">h\u00e4r<\/a><\/span>. Skicka den sedan till\u00a0<a href=\"mailto:anna-karin.berg@dbgy.se\">anna-karin.berg@dbgy.se<\/a>.<\/p>\n\n\t\t\t\t\t<\/div>\n\t\t\t\t\t\t\t<\/div>\n\n\t\t\t\t<div class=\"ams-fifty__action u-inline-items\">\n\t\t\t\t\t\t\t\n\n\n<a href=\"https:\/\/docs.google.com\/forms\/d\/1s4MygiAvuWXRQvj0JrtrJTxmQg9aN-_ayBfClNR7_Bs\/viewform?edit_requested=true\"\n\t\n\tclass=\"c-btn \"\n\tdata-style=\"round\"\n\tdata-size=\"md\"\n\tdata-width=\"full-mobile\"\n\tdata-variant=\"default\"\n\ttarget=\"_blank\">\n\t\t\t<span class=\"label\"> Till ans\u00f6kan<\/span>\n\t\t\t<\/a>\n\t\t\t<\/div>\n\t\t<\/div>\n\n\t\t <div class=\"ams-fifty__media u-ratio-square\">\n\t\t \t\t\t\t\t<img decoding=\"async\" width=\"600\" height=\"900\" src=\"https:\/\/drottningblanka.se\/wp-content\/uploads\/sites\/42\/2024\/05\/dbgyhelsingborg202403h8a1830-600x900.jpeg\" class=\"attachment-md size-md\" alt=\"Elever i ett klassrum\" sizes=\"(min-width: 64em) 600px, calc(100vw - 160px)\" srcset=\"https:\/\/drottningblanka.se\/wp-content\/uploads\/sites\/42\/2024\/05\/dbgyhelsingborg202403h8a1830-600x900.jpeg 600w, https:\/\/drottningblanka.se\/wp-content\/uploads\/sites\/42\/2024\/05\/dbgyhelsingborg202403h8a1830-300x450.jpeg 300w, https:\/\/drottningblanka.se\/wp-content\/uploads\/sites\/42\/2024\/05\/dbgyhelsingborg202403h8a1830-400x600.jpeg 400w, https:\/\/drottningblanka.se\/wp-content\/uploads\/sites\/42\/2024\/05\/dbgyhelsingborg202403h8a1830-800x1200.jpeg 800w, https:\/\/drottningblanka.se\/wp-content\/uploads\/sites\/42\/2024\/05\/dbgyhelsingborg202403h8a1830.jpeg 853w\" \/>\n\t\t\t\n\t\t\t\n\t\t\t\t\t<\/div>\n\t<\/div>\n\n\t\t\n\n<\/section>\n\n\n\n\n<section  class=\"ams-cta ams-cta--stacked c-block l-stacked ams-border\" data-color-scheme=\"beige\">\n\t<div class=\"l-container-narrow l-stack l-stack-fluid-2xl u-pt-fluid-3xl-6xl u-pb-fluid-3xl-6xl is-center is-center@md\">\n\t\t\t\t\t<div class=\"ams-cta__intro l-stack l-stack-lg\">\n\t\t\t\t\t\n\t<h2\n\tclass=\"c-heading u-font-title-1 \"\n\tstyle=\"\">\n\t\t\n\t\t\t\t\tL\u00e4s mer om vad du f\u00e5r som elev!\n\t\t\t\t\n\t<\/h2>\n\n\t\t\t\t\t\t\t\t\t<div class=\"c-text l-stack u-cs-xl u-font-body\">\n\t\t\t\t\t\t<p style=\"text-align: center;\">Ut\u00f6ver v\u00e5ra elever och undervisningen finns det ett par saker som vi bryr oss lite extra om. Detta \u00e4r omr\u00e5den som vi satsar extra mycket p\u00e5 och som ska ge dig som elev extra bra f\u00f6ruts\u00e4ttningar under din gymnasietid.<\/p>\n\n\t\t\t\t\t<\/div>\n\t\t\t\t\t\t\t<\/div>\n\t\t\n\t\t\n\t\t\t<div class=\"ams-cta__action u-inline-items\">\n\t\t\t\t\t\t\t\n\n\n<a href=\"https:\/\/drottningblanka.se\/stockholm-odenplan\/engagemang\/\"\n\t\n\tclass=\"c-btn \"\n\tdata-style=\"round\"\n\tdata-size=\"md\"\n\tdata-width=\"full-mobile\"\n\tdata-variant=\"outline\"\n\ttarget=\"_self\">\n\t\t\t<span class=\"label\"> Engagemang<\/span>\n\t\t\t<\/a>\n\t\t\t<\/div>\n\t<\/div>\n\n\t\t\n\n<\/section>\n","protected":false},"excerpt":{"rendered":"","protected":false},"author":1,"featured_media":0,"parent":0,"menu_order":0,"comment_status":"closed","ping_status":"closed","template":"","meta":{"footnotes":""},"yoast_head":"<!-- This site is optimized with the Yoast SEO plugin v22.0 - https:\/\/yoast.com\/wordpress\/plugins\/seo\/ -->\n<title>Internationalisering - Drottning Blankas Gymnasium Stockholm Odenplan<\/title>\n<meta name=\"description\" content=\"N\u00e4r du v\u00e4ljer att g\u00e5 p\u00e5 en DBGY-skola f\u00e5r du unika m\u00f6jligheter att vidga dina vyer. V\u00e4lkommen till Drottning Blanka!\" \/>\n<meta name=\"robots\" content=\"index, follow, max-snippet:-1, max-image-preview:large, max-video-preview:-1\" \/>\n<link rel=\"canonical\" href=\"https:\/\/drottningblanka.se\/internationalisering\/\" \/>\n<meta property=\"og:locale\" content=\"sv_SE\" \/>\n<meta property=\"og:type\" content=\"article\" \/>\n<meta property=\"og:title\" content=\"Internationalisering - Drottning Blankas Gymnasium Stockholm Odenplan\" \/>\n<meta property=\"og:description\" content=\"N\u00e4r du v\u00e4ljer att g\u00e5 p\u00e5 en DBGY-skola f\u00e5r du unika m\u00f6jligheter att vidga dina vyer. V\u00e4lkommen till Drottning Blanka!\" \/>\n<meta property=\"og:url\" content=\"https:\/\/drottningblanka.se\/internationalisering\/\" \/>\n<meta property=\"og:site_name\" content=\"Stockholm Odenplan\" \/>\n<meta property=\"article:modified_time\" content=\"2025-09-23T10:57:35+00:00\" \/>\n<meta name=\"twitter:card\" content=\"summary_large_image\" \/>\n<meta name=\"twitter:title\" content=\"Internationalisering - Drottning Blankas Gymnasium Stockholm Odenplan\" \/>\n<meta name=\"twitter:description\" content=\"N\u00e4r du v\u00e4ljer att g\u00e5 p\u00e5 en DBGY-skola f\u00e5r du unika m\u00f6jligheter att vidga dina vyer. V\u00e4lkommen till Drottning Blanka!\" \/>\n<meta name=\"twitter:label1\" content=\"Ber\u00e4knad l\u00e4stid\" \/>\n\t<meta name=\"twitter:data1\" content=\"1 minut\" \/>\n<script type=\"application\/ld+json\" class=\"yoast-schema-graph\">{\"@context\":\"https:\/\/schema.org\",\"@graph\":[{\"@type\":\"WebPage\",\"@id\":\"https:\/\/drottningblanka.se\/stockholm-odenplan\/internationalisering\/\",\"url\":\"https:\/\/drottningblanka.se\/internationalisering\/\",\"name\":\"Internationalisering - Drottning Blankas Gymnasium Stockholm Odenplan\",\"isPartOf\":{\"@id\":\"https:\/\/drottningblanka.se\/stockholm-odenplan\/#website\"},\"datePublished\":\"2023-05-16T14:26:23+00:00\",\"dateModified\":\"2025-09-23T10:57:35+00:00\",\"description\":\"N\u00e4r du v\u00e4ljer att g\u00e5 p\u00e5 en DBGY-skola f\u00e5r du unika m\u00f6jligheter att vidga dina vyer. V\u00e4lkommen till Drottning Blanka!\",\"breadcrumb\":{\"@id\":\"https:\/\/drottningblanka.se\/internationalisering\/#breadcrumb\"},\"inLanguage\":\"sv-SE\",\"potentialAction\":[{\"@type\":\"ReadAction\",\"target\":[\"https:\/\/drottningblanka.se\/internationalisering\/\"]}]},{\"@type\":\"BreadcrumbList\",\"@id\":\"https:\/\/drottningblanka.se\/internationalisering\/#breadcrumb\",\"itemListElement\":[{\"@type\":\"ListItem\",\"position\":1,\"name\":\"Start\",\"item\":\"https:\/\/drottningblanka.se\/stockholm-odenplan\/\"},{\"@type\":\"ListItem\",\"position\":2,\"name\":\"Internationalisering\"}]},{\"@type\":\"WebSite\",\"@id\":\"https:\/\/drottningblanka.se\/stockholm-odenplan\/#website\",\"url\":\"https:\/\/drottningblanka.se\/stockholm-odenplan\/\",\"name\":\"Stockholm Odenplan\",\"description\":\"En del av AcadeMedia\",\"potentialAction\":[{\"@type\":\"SearchAction\",\"target\":{\"@type\":\"EntryPoint\",\"urlTemplate\":\"https:\/\/drottningblanka.se\/stockholm-odenplan\/?s={search_term_string}\"},\"query-input\":\"required name=search_term_string\"}],\"inLanguage\":\"sv-SE\"}]}<\/script>\n<!-- \/ Yoast SEO plugin. -->","yoast_head_json":{"title":"Internationalisering - Drottning Blankas Gymnasium Stockholm Odenplan","description":"N\u00e4r du v\u00e4ljer att g\u00e5 p\u00e5 en DBGY-skola f\u00e5r du unika m\u00f6jligheter att vidga dina vyer. V\u00e4lkommen till Drottning Blanka!","robots":{"index":"index","follow":"follow","max-snippet":"max-snippet:-1","max-image-preview":"max-image-preview:large","max-video-preview":"max-video-preview:-1"},"canonical":"https:\/\/drottningblanka.se\/internationalisering\/","og_locale":"sv_SE","og_type":"article","og_title":"Internationalisering - Drottning Blankas Gymnasium Stockholm Odenplan","og_description":"N\u00e4r du v\u00e4ljer att g\u00e5 p\u00e5 en DBGY-skola f\u00e5r du unika m\u00f6jligheter att vidga dina vyer. V\u00e4lkommen till Drottning Blanka!","og_url":"https:\/\/drottningblanka.se\/internationalisering\/","og_site_name":"Stockholm Odenplan","article_modified_time":"2025-09-23T10:57:35+00:00","twitter_card":"summary_large_image","twitter_title":"Internationalisering - Drottning Blankas Gymnasium Stockholm Odenplan","twitter_description":"N\u00e4r du v\u00e4ljer att g\u00e5 p\u00e5 en DBGY-skola f\u00e5r du unika m\u00f6jligheter att vidga dina vyer. V\u00e4lkommen till Drottning Blanka!","twitter_misc":{"Ber\u00e4knad l\u00e4stid":"1 minut"},"schema":{"@context":"https:\/\/schema.org","@graph":[{"@type":"WebPage","@id":"https:\/\/drottningblanka.se\/stockholm-odenplan\/internationalisering\/","url":"https:\/\/drottningblanka.se\/internationalisering\/","name":"Internationalisering - Drottning Blankas Gymnasium Stockholm Odenplan","isPartOf":{"@id":"https:\/\/drottningblanka.se\/stockholm-odenplan\/#website"},"datePublished":"2023-05-16T14:26:23+00:00","dateModified":"2025-09-23T10:57:35+00:00","description":"N\u00e4r du v\u00e4ljer att g\u00e5 p\u00e5 en DBGY-skola f\u00e5r du unika m\u00f6jligheter att vidga dina vyer. V\u00e4lkommen till Drottning Blanka!","breadcrumb":{"@id":"https:\/\/drottningblanka.se\/internationalisering\/#breadcrumb"},"inLanguage":"sv-SE","potentialAction":[{"@type":"ReadAction","target":["https:\/\/drottningblanka.se\/internationalisering\/"]}]},{"@type":"BreadcrumbList","@id":"https:\/\/drottningblanka.se\/internationalisering\/#breadcrumb","itemListElement":[{"@type":"ListItem","position":1,"name":"Start","item":"https:\/\/drottningblanka.se\/stockholm-odenplan\/"},{"@type":"ListItem","position":2,"name":"Internationalisering"}]},{"@type":"WebSite","@id":"https:\/\/drottningblanka.se\/stockholm-odenplan\/#website","url":"https:\/\/drottningblanka.se\/stockholm-odenplan\/","name":"Stockholm Odenplan","description":"En del av AcadeMedia","potentialAction":[{"@type":"SearchAction","target":{"@type":"EntryPoint","urlTemplate":"https:\/\/drottningblanka.se\/stockholm-odenplan\/?s={search_term_string}"},"query-input":"required name=search_term_string"}],"inLanguage":"sv-SE"}]}},"_links":{"self":[{"href":"https:\/\/drottningblanka.se\/stockholm-odenplan\/wp-json\/wp\/v2\/pages\/943"}],"collection":[{"href":"https:\/\/drottningblanka.se\/stockholm-odenplan\/wp-json\/wp\/v2\/pages"}],"about":[{"href":"https:\/\/drottningblanka.se\/stockholm-odenplan\/wp-json\/wp\/v2\/types\/page"}],"author":[{"embeddable":true,"href":"https:\/\/drottningblanka.se\/stockholm-odenplan\/wp-json\/wp\/v2\/users\/1"}],"replies":[{"embeddable":true,"href":"https:\/\/drottningblanka.se\/stockholm-odenplan\/wp-json\/wp\/v2\/comments?post=943"}],"version-history":[{"count":10,"href":"https:\/\/drottningblanka.se\/stockholm-odenplan\/wp-json\/wp\/v2\/pages\/943\/revisions"}],"predecessor-version":[{"id":2480,"href":"https:\/\/drottningblanka.se\/stockholm-odenplan\/wp-json\/wp\/v2\/pages\/943\/revisions\/2480"}],"wp:attachment":[{"href":"https:\/\/drottningblanka.se\/stockholm-odenplan\/wp-json\/wp\/v2\/media?parent=943"}],"curies":[{"name":"wp","href":"https:\/\/api.w.org\/{rel}","templated":true}]}}