{"id":419,"date":"2022-09-22T10:50:00","date_gmt":"2022-09-22T08:50:00","guid":{"rendered":"https:\/\/drottningblanka.se\/stoc\/?page_id=419"},"modified":"2025-09-23T13:06:23","modified_gmt":"2025-09-23T11:06:23","slug":"kontakta-oss","status":"publish","type":"page","link":"https:\/\/drottningblanka.se\/stockholm-odenplan\/kontakta-oss\/","title":{"rendered":"Kontakta oss"},"content":{"rendered":"\n\t<div class=\"module_wrapper ams_remote_pages_module \">\n\t\t\n\t\n\t\n<section  class=\"ams-map ams-map--fifty c-block  media-bottom media-right \" data-color-scheme=\"gra\" data-locations=\"[{&quot;id&quot;:&quot;6179&quot;,&quot;county&quot;:&quot;Stockholms l\\u00e4n&quot;,&quot;city&quot;:&quot;Stockholms stad&quot;,&quot;school&quot;:&quot;Stockholm Odenplan&quot;,&quot;title&quot;:&quot;DBGY Stockholm Odenplan&quot;,&quot;phone&quot;:&quot;0841041008&quot;,&quot;phone_formatted&quot;:&quot;08-41041008&quot;,&quot;email&quot;:&quot;stockholm@cybergymnasiet.se&quot;,&quot;visiting_address&quot;:{&quot;address&quot;:&quot;Hagagatan 25A&quot;,&quot;zip_code&quot;:&quot;113 47&quot;,&quot;city&quot;:&quot;Stockholm&quot;},&quot;postal_address&quot;:{&quot;address&quot;:&quot;Hagagatan 25A&quot;,&quot;zip_code&quot;:&quot;113 47&quot;,&quot;city&quot;:&quot;Stockholm&quot;},&quot;address_map&quot;:&quot;Hagagatan 25A, Stockholm, Sverige&quot;,&quot;lat&quot;:59.34687390000001,&quot;lng&quot;:18.0500429,&quot;link&quot;:{&quot;url&quot;:&quot;https:\\\/\\\/drottningblanka.se\\\/stockholm-odenplan\\\/&quot;,&quot;text&quot;:&quot;Till skolans hemsida&quot;}}]\">\n\t<div class=\"ams-map__content u-pt-fluid-3xl-6xl u-pb-fluid-3xl-6xl l-stack l-stack-fluid-xl is-center is-left@lg\">\n\t\t\t\n\t<h1\n\tclass=\"c-heading u-font-title-1 \"\n\tstyle=\"\">\n\t\t\n\t\t\t\t\tKontakta oss\n\t\t\t\t\n\t<\/h1>\n\n\t\t\t\t\t<div class=\"c-text l-stack u-cs-xl u-font-body\">\n\t\t\t\t<p>H\u00e4r hittar du kontaktuppgifter till Drottning Blankas Gymnasieskola i Stockholm.<\/p>\n<p>Bes\u00f6k g\u00e4rna v\u00e5r <a href=\"https:\/\/drottningblanka.se\/stockholm-odenplan\/vanliga-fragor\/\">FAQ<\/a> f\u00f6r att f\u00e5 svar p\u00e5 de vanligaste fr\u00e5gorna om v\u00e5r skola.<\/p>\n\n\t\t\t<\/div>\n\t\t\n\t\t\t\t\t<div class=\"contact-info l-stack\">\n\t\t\t\t\t\t\t\t\t<div class=\"contact-info__item\">\n\t\t\t\t\t\t<p class=\"contact-info__heading u-font-title-4\">\n\t\t\t\t\t\t\tBes\u00f6ksadress\n\t\t\t\t\t\t<\/p>\n\t\t\t\t\t\t<p>\n\t\t\t\t\t\t\t\t\t\t\t\t\t\t\tHagagatan 25A<br \/>\n\t\t\t\t\t\t\t\t\t\t\t\t\t\t113 47 Stockholm\n\t\t\t\t\t\t<\/p>\n\t\t\t\t\t<\/div>\n\t\t\t\t\n\t\t\t\t\n\t\t\t\t\t\t\t\t\t<div class=\"contact-info__item\">\n\t\t\t\t\t\t<p class=\"contact-info__heading u-font-title-4\">\n\t\t\t\t\t\t\tKontakt\n\t\t\t\t\t\t<\/p>\n\t\t\t\t\t\t<p>\n\t\t\t\t\t\t\t\t\t\t\t\t\t\t\t<a href=\"tel:0841041008\">08-41041008<\/a><br \/>\n\t\t\t\t\t\t\t\t\t\t\t\t\t\t\t\t\t\t\t\t\t\t<a href=\"mailto:stockholm@cybergymnasiet.se\">stockholm@cybergymnasiet.se<\/a>\n\t\t\t\t\t\t\t\t\t\t\t\t\t<\/p>\n\t\t\t\t\t<\/div>\n\t\t\t\t\t\t\t<\/div>\n\t\t\t<\/div>\n\n\t<div class=\"ams-map__media\">\n\t<\/div>\n<\/section>\n\t<\/div>\n\n\t\n\n\n<section \n\t\t class=\"\n\t\t ams-contact\n\t\t \n\t\t c-block l-stacked\n\t\t \n\t\t \n\t\t js-load-more\n\t\t \"\n\t\t data-color-scheme=\"vit\"\n\t\t\t\t\tdata-count=\"3\"\n\t\t\t\t\t\t\tdata-count-mobile=\"2\"\n\t\t\t\t>\n\t<div\n\t\t class=\"\n\t\t l-container\n\t\t l-stack l-stack-fluid-2xl\n\t\t u-pt-fluid-3xl-6xl\n\t\t u-pb-fluid-3xl-6xl\n\t\t is-center\n\t\t is-center@md\n\t\t \">\n\t\t\t\t\t<div class=\"ams-contact__intro l-stack l-stack-lg\">\n\t\t\t\t\t\n\t<h2\n\tclass=\"c-heading u-font-title-1 \"\n\tstyle=\"\">\n\t\t\n\t\t\t\t\tLedning \n\t\t\t\t\n\t<\/h2>\n\n\t\t\t\t\t\t\t<\/div>\n\t\t\n\t\t\n\t\t    \t\n\t\t\n\t\t<ul\n\t\t\tid=\"contact-grid-69e1421c8a22c\"\n\t\t\tclass=\"ams-contact__list l-grid u-gap-fluid-2xl-4xl u-justify-center js-results \"\n\t\t\taria-label=\"Kontakter\"\n\t\t\tdata-filter-animation=\"off\"\n\t\t\t>\n\t\t\t\t\t\t\t\t\t\t\t\n\t\t\t\t\n\t\t\t\t<li class=\"l-col-6@md l-col-4@lg \" data-filter=\"ledning\">\n\t\t\t\t\t<article class=\"c-card \" data-variant=\"neutral\">\n\t\t\t\t\t\t<div class=\"c-card__content u-text-center\">\n\t\t\t\t\t\t\t\t\t\t\t\t\t\t\t<h3 class=\"c-card__title u-font-title-3\">\n\t\t\t\t\t\t\t\t\tMaria Dahlin\n\t\t\t\t\t\t\t\t<\/h3>\n\t\t\t\t\t\t\t\n\t\t\t\t\t\t\t\t\t\t\t\t\t\t\t<p class=\"position u-font-body\">Rektor<\/p>\n\t\t\t\t\t\t\t\n\t\t\t\t\t\t\t\t\t\t\t\t\t\t\t<div class=\"contact-info u-font-body\">\n\t\t\t\t\t\t\t\t\t\t\t\t\t\t\t\t\t\t\t\t\t\t\t\t\t\t\t\t\t\t<p class=\"phone\"><a\n\t\t\t\t\t\t\t\t\t\t\t\t\thref=\"tel:0841041006\"\n\t\t\t\t\t\t\t\t\t\t\t\t\tclass=\"u-text-link\">08-410 410 06<\/a>\n\t\t\t\t\t\t\t\t\t\t\t<\/p>\n\t\t\t\t\t\t\t\t\t\t\t\t\t\t\t\t\t\t\t\n\t\t\t\t\t\t\t\t\t\t\t\t\t\t\t\t\t\t\t\t\t\t\t\t\t\t\t\t\t\t<p class=\"email\"><a\n\t\t\t\t\t\t\t\t\t\t\t\t\thref=\"ma&#105;lt&#111;&#058;mar&#105;a&#046;&#100;&#097;&#104;li&#110;&#064;cy&#098;&#101;rgym&#110;&#097;&#115;&#105;et.s&#101;\"\n\t\t\t\t\t\t\t\t\t\t\t\t\tclass=\"u-text-link\">&#109;&#097;&#114;&#105;a.d&#097;hlin&#064;c&#121;ber&#103;ymn&#097;&#115;i&#101;&#116;.se<\/a>\n\t\t\t\t\t\t\t\t\t\t\t<\/p>\n\t\t\t\t\t\t\t\t\t\t\t\t\t\t\t\t\t\t\t\t\t\t\t\t\t\t\t<\/div>\n\t\t\t\t\t\t\t\n\t\t\t\t\t\t\t\t\t\t\t\t\t<\/div>\n\t\t\t\t\t\t<div class=\"c-card__media\">\n\t\t\t\t\t\t\t\t\t\t\t\t\t\t\t\t\t\t\t\t\t\t\t\t\t\t\t\t\t\t\t\t\t\t\t\t\t\t\t\t\t\t\t\t\t\t\t\t\t<img decoding=\"async\" width=\"400\" height=\"399\" src=\"https:\/\/drottningblanka.se\/wp-content\/uploads\/2023\/06\/dbgy-ikon-400x399.png\" class=\"u-radius-round u-ratio-landscape  \" alt=\"Logotyp Drottning Blankas Gymnasieskola.\" sizes=\"(max-width: 300px) 100vw, 300px\" srcset=\"https:\/\/drottningblanka.se\/wp-content\/uploads\/2023\/06\/dbgy-ikon-400x399.png 400w, https:\/\/drottningblanka.se\/wp-content\/uploads\/2023\/06\/dbgy-ikon-150x150.png 150w, https:\/\/drottningblanka.se\/wp-content\/uploads\/2023\/06\/dbgy-ikon-300x299.png 300w, https:\/\/drottningblanka.se\/wp-content\/uploads\/2023\/06\/dbgy-ikon-600x599.png 600w, https:\/\/drottningblanka.se\/wp-content\/uploads\/2023\/06\/dbgy-ikon-800x799.png 800w, https:\/\/drottningblanka.se\/wp-content\/uploads\/2023\/06\/dbgy-ikon-1024x1022.png 1024w, https:\/\/drottningblanka.se\/wp-content\/uploads\/2023\/06\/dbgy-ikon.png 1127w\" \/>\n\t\t\t\t\t\t<\/div>\n\t\t\t\t\t<\/article>\n\t\t\t\t<\/li>\n\t\t\t\t\t\t\t\t\t\t\t\n\t\t\t\t\n\t\t\t\t<li class=\"l-col-6@md l-col-4@lg \" data-filter=\"ledning\">\n\t\t\t\t\t<article class=\"c-card \" data-variant=\"neutral\">\n\t\t\t\t\t\t<div class=\"c-card__content u-text-center\">\n\t\t\t\t\t\t\t\t\t\t\t\t\t\t\t<h3 class=\"c-card__title u-font-title-3\">\n\t\t\t\t\t\t\t\t\t Sarah Ahmed\n\t\t\t\t\t\t\t\t<\/h3>\n\t\t\t\t\t\t\t\n\t\t\t\t\t\t\t\t\t\t\t\t\t\t\t<p class=\"position u-font-body\">Bitr\u00e4dande rektor<\/p>\n\t\t\t\t\t\t\t\n\t\t\t\t\t\t\t\t\t\t\t\t\t\t\t<div class=\"contact-info u-font-body\">\n\t\t\t\t\t\t\t\t\t\t\t\t\t\t\t\t\t\t\t\t\t\t\t\t\t\t\t\t\t\t<p class=\"phone\"><a\n\t\t\t\t\t\t\t\t\t\t\t\t\thref=\"tel:0841041007\"\n\t\t\t\t\t\t\t\t\t\t\t\t\tclass=\"u-text-link\">08-410 410 07<\/a>\n\t\t\t\t\t\t\t\t\t\t\t<\/p>\n\t\t\t\t\t\t\t\t\t\t\t\t\t\t\t\t\t\t\t\n\t\t\t\t\t\t\t\t\t\t\t\t\t\t\t\t\t\t\t\t\t\t\t\t\t\t\t\t\t\t<p class=\"email\"><a\n\t\t\t\t\t\t\t\t\t\t\t\t\thref=\"&#109;&#097;ilt&#111;&#058;sara&#104;&#046;&#097;&#104;med&#064;&#099;yb&#101;&#114;&#103;y&#109;nas&#105;&#101;t&#046;&#115;e\"\n\t\t\t\t\t\t\t\t\t\t\t\t\tclass=\"u-text-link\">s&#097;&#114;&#097;&#104;.ahme&#100;&#064;c&#121;be&#114;&#103;ymn&#097;&#115;i&#101;&#116;&#046;se<\/a>\n\t\t\t\t\t\t\t\t\t\t\t<\/p>\n\t\t\t\t\t\t\t\t\t\t\t\t\t\t\t\t\t\t\t\t\t\t\t\t\t\t\t<\/div>\n\t\t\t\t\t\t\t\n\t\t\t\t\t\t\t\t\t\t\t\t\t<\/div>\n\t\t\t\t\t\t<div class=\"c-card__media\">\n\t\t\t\t\t\t\t\t\t\t\t\t\t\t\t\t\t\t\t\t\t\t\t\t\t\t\t\t\t\t\t\t\t\t\t\t\t\t\t\t\t\t\t\t\t\t\t\t\t<img decoding=\"async\" width=\"400\" height=\"399\" src=\"https:\/\/drottningblanka.se\/wp-content\/uploads\/2023\/06\/dbgy-ikon-400x399.png\" class=\"u-radius-round u-ratio-landscape  \" alt=\"Logotyp Drottning Blankas Gymnasieskola.\" sizes=\"(max-width: 300px) 100vw, 300px\" srcset=\"https:\/\/drottningblanka.se\/wp-content\/uploads\/2023\/06\/dbgy-ikon-400x399.png 400w, https:\/\/drottningblanka.se\/wp-content\/uploads\/2023\/06\/dbgy-ikon-150x150.png 150w, https:\/\/drottningblanka.se\/wp-content\/uploads\/2023\/06\/dbgy-ikon-300x299.png 300w, https:\/\/drottningblanka.se\/wp-content\/uploads\/2023\/06\/dbgy-ikon-600x599.png 600w, https:\/\/drottningblanka.se\/wp-content\/uploads\/2023\/06\/dbgy-ikon-800x799.png 800w, https:\/\/drottningblanka.se\/wp-content\/uploads\/2023\/06\/dbgy-ikon-1024x1022.png 1024w, https:\/\/drottningblanka.se\/wp-content\/uploads\/2023\/06\/dbgy-ikon.png 1127w\" \/>\n\t\t\t\t\t\t<\/div>\n\t\t\t\t\t<\/article>\n\t\t\t\t<\/li>\n\t\t\t\t\t\t\t\t\t\t\t\n\t\t\t\t\n\t\t\t\t<li class=\"l-col-6@md l-col-4@lg \" data-filter=\"ledning\">\n\t\t\t\t\t<article class=\"c-card \" data-variant=\"neutral\">\n\t\t\t\t\t\t<div class=\"c-card__content u-text-center\">\n\t\t\t\t\t\t\t\t\t\t\t\t\t\t\t<h3 class=\"c-card__title u-font-title-3\">\n\t\t\t\t\t\t\t\t\tKarin Sandberg\n\t\t\t\t\t\t\t\t<\/h3>\n\t\t\t\t\t\t\t\n\t\t\t\t\t\t\t\t\t\t\t\t\t\t\t<p class=\"position u-font-body\">Bitr\u00e4dande rektor<\/p>\n\t\t\t\t\t\t\t\n\t\t\t\t\t\t\t\t\t\t\t\t\t\t\t<div class=\"contact-info u-font-body\">\n\t\t\t\t\t\t\t\t\t\t\t\t\t\t\t\t\t\t\t\t\t\t\t\t\t\t\t\t\t\t<p class=\"phone\"><a\n\t\t\t\t\t\t\t\t\t\t\t\t\thref=\"tel:0841041002\"\n\t\t\t\t\t\t\t\t\t\t\t\t\tclass=\"u-text-link\">08-410 410 02<\/a>\n\t\t\t\t\t\t\t\t\t\t\t<\/p>\n\t\t\t\t\t\t\t\t\t\t\t\t\t\t\t\t\t\t\t\n\t\t\t\t\t\t\t\t\t\t\t\t\t\t\t\t\t\t\t\t\t\t\t\t\t\t\t\t\t\t<p class=\"email\"><a\n\t\t\t\t\t\t\t\t\t\t\t\t\thref=\"ma&#105;&#108;&#116;&#111;&#058;k&#097;&#114;in.&#115;andberg&#064;c&#121;b&#101;&#114;gym&#110;&#097;&#115;&#105;e&#116;.s&#101;\"\n\t\t\t\t\t\t\t\t\t\t\t\t\tclass=\"u-text-link\">&#107;&#097;ri&#110;.sa&#110;db&#101;&#114;&#103;&#064;cy&#098;e&#114;&#103;&#121;&#109;&#110;&#097;si&#101;t&#046;&#115;e<\/a>\n\t\t\t\t\t\t\t\t\t\t\t<\/p>\n\t\t\t\t\t\t\t\t\t\t\t\t\t\t\t\t\t\t\t\t\t\t\t\t\t\t\t<\/div>\n\t\t\t\t\t\t\t\n\t\t\t\t\t\t\t\t\t\t\t\t\t<\/div>\n\t\t\t\t\t\t<div class=\"c-card__media\">\n\t\t\t\t\t\t\t\t\t\t\t\t\t\t\t\t\t\t\t\t\t\t\t\t\t\t\t\t\t\t\t\t\t\t\t\t\t\t\t\t\t\t\t\t\t\t\t\t\t<img decoding=\"async\" width=\"400\" height=\"399\" src=\"https:\/\/drottningblanka.se\/wp-content\/uploads\/2023\/06\/dbgy-ikon-400x399.png\" class=\"u-radius-round u-ratio-landscape  \" alt=\"Logotyp Drottning Blankas Gymnasieskola.\" sizes=\"(max-width: 300px) 100vw, 300px\" srcset=\"https:\/\/drottningblanka.se\/wp-content\/uploads\/2023\/06\/dbgy-ikon-400x399.png 400w, https:\/\/drottningblanka.se\/wp-content\/uploads\/2023\/06\/dbgy-ikon-150x150.png 150w, https:\/\/drottningblanka.se\/wp-content\/uploads\/2023\/06\/dbgy-ikon-300x299.png 300w, https:\/\/drottningblanka.se\/wp-content\/uploads\/2023\/06\/dbgy-ikon-600x599.png 600w, https:\/\/drottningblanka.se\/wp-content\/uploads\/2023\/06\/dbgy-ikon-800x799.png 800w, https:\/\/drottningblanka.se\/wp-content\/uploads\/2023\/06\/dbgy-ikon-1024x1022.png 1024w, https:\/\/drottningblanka.se\/wp-content\/uploads\/2023\/06\/dbgy-ikon.png 1127w\" \/>\n\t\t\t\t\t\t<\/div>\n\t\t\t\t\t<\/article>\n\t\t\t\t<\/li>\n\t\t\t\t\t<\/ul>\n\n\t\t\n\t\t    <div class=\"ams-contact__more u-inline-items js-load-more-btn\">\n        <button href=\"#\"\n                class=\"c-btn\"\n                data-style=\"round\"\n                data-size=\"md\"\n                data-width=\"full-mobile\"\n                data-variant=\"outline\">\n        \tVisa mer\n        <\/button>\n    <\/div>\n\n\t\t\t<\/div>\n\n\t\t\n\n<\/section>\n\n\n\n<section \n\t\t class=\"\n\t\t ams-contact\n\t\t \n\t\t c-block l-stacked\n\t\t \n\t\t \n\t\t js-load-more\n\t\t \"\n\t\t data-color-scheme=\"vit\"\n\t\t\t\t\tdata-count=\"3\"\n\t\t\t\t\t\t\tdata-count-mobile=\"2\"\n\t\t\t\t>\n\t<div\n\t\t class=\"\n\t\t l-container\n\t\t l-stack l-stack-fluid-2xl\n\t\t u-pt-fluid-3xl-6xl\n\t\t u-pb-fluid-3xl-6xl\n\t\t is-center\n\t\t is-center@md\n\t\t \">\n\t\t\t\t\t<div class=\"ams-contact__intro l-stack l-stack-lg\">\n\t\t\t\t\t\n\t<h2\n\tclass=\"c-heading u-font-title-1 \"\n\tstyle=\"\">\n\t\t\n\t\t\t\t\tAdministration \n\t\t\t\t\n\t<\/h2>\n\n\t\t\t\t\t\t\t<\/div>\n\t\t\n\t\t\n\t\t    \t\n\t\t\n\t\t<ul\n\t\t\tid=\"contact-grid-69e1421c8fc0f\"\n\t\t\tclass=\"ams-contact__list l-grid u-gap-fluid-2xl-4xl u-justify-center js-results \"\n\t\t\taria-label=\"Kontakter\"\n\t\t\tdata-filter-animation=\"off\"\n\t\t\t>\n\t\t\t\t\t<\/ul>\n\n\t\t\n\t\t    <div class=\"ams-contact__more u-inline-items js-load-more-btn\">\n        <button href=\"#\"\n                class=\"c-btn\"\n                data-style=\"round\"\n                data-size=\"md\"\n                data-width=\"full-mobile\"\n                data-variant=\"outline\">\n        \tVisa mer\n        <\/button>\n    <\/div>\n\n\t\t\t<\/div>\n\n\t\t\n\n<\/section>\n\n\n\n<section \n\t\t class=\"\n\t\t ams-contact\n\t\t \n\t\t c-block l-stacked\n\t\t \n\t\t \n\t\t js-load-more\n\t\t \"\n\t\t data-color-scheme=\"vit\"\n\t\t\t\t\tdata-count=\"3\"\n\t\t\t\t\t\t\tdata-count-mobile=\"2\"\n\t\t\t\t>\n\t<div\n\t\t class=\"\n\t\t l-container\n\t\t l-stack l-stack-fluid-2xl\n\t\t u-pt-fluid-3xl-6xl\n\t\t u-pb-fluid-3xl-6xl\n\t\t is-center\n\t\t is-center@md\n\t\t \">\n\t\t\t\t\t<div class=\"ams-contact__intro l-stack l-stack-lg\">\n\t\t\t\t\t\n\t<h2\n\tclass=\"c-heading u-font-title-1 \"\n\tstyle=\"\">\n\t\t\n\t\t\t\t\tElevh\u00e4lsa \n\t\t\t\t\n\t<\/h2>\n\n\t\t\t\t\t\t\t<\/div>\n\t\t\n\t\t\n\t\t    \t\n\t\t\n\t\t<ul\n\t\t\tid=\"contact-grid-69e1421c91c2a\"\n\t\t\tclass=\"ams-contact__list l-grid u-gap-fluid-2xl-4xl u-justify-center js-results \"\n\t\t\taria-label=\"Kontakter\"\n\t\t\tdata-filter-animation=\"off\"\n\t\t\t>\n\t\t\t\t\t<\/ul>\n\n\t\t\n\t\t    <div class=\"ams-contact__more u-inline-items js-load-more-btn\">\n        <button href=\"#\"\n                class=\"c-btn\"\n                data-style=\"round\"\n                data-size=\"md\"\n                data-width=\"full-mobile\"\n                data-variant=\"outline\">\n        \tVisa mer\n        <\/button>\n    <\/div>\n\n\t\t\t<\/div>\n\n\t\t\n\n<\/section>\n\n\n\n<section \n\t\t class=\"\n\t\t ams-contact\n\t\t \n\t\t c-block l-stacked\n\t\t \n\t\t \n\t\t js-load-more\n\t\t \"\n\t\t data-color-scheme=\"vit\"\n\t\t\t\t\tdata-count=\"3\"\n\t\t\t\t\t\t\tdata-count-mobile=\"2\"\n\t\t\t\t>\n\t<div\n\t\t class=\"\n\t\t l-container\n\t\t l-stack l-stack-fluid-2xl\n\t\t u-pt-fluid-3xl-6xl\n\t\t u-pb-fluid-3xl-6xl\n\t\t is-center\n\t\t is-center@md\n\t\t \">\n\t\t\t\t\t<div class=\"ams-contact__intro l-stack l-stack-lg\">\n\t\t\t\t\t\n\t<h2\n\tclass=\"c-heading u-font-title-1 \"\n\tstyle=\"\">\n\t\t\n\t\t\t\t\tPersonal\n\t\t\t\t\n\t<\/h2>\n\n\t\t\t\t\t\t\t<\/div>\n\t\t\n\t\t\n\t\t    \t\n\t\t\n\t\t<ul\n\t\t\tid=\"contact-grid-69e1421c93989\"\n\t\t\tclass=\"ams-contact__list l-grid u-gap-fluid-2xl-4xl u-justify-center js-results \"\n\t\t\taria-label=\"Kontakter\"\n\t\t\tdata-filter-animation=\"off\"\n\t\t\t>\n\t\t\t\t\t<\/ul>\n\n\t\t\n\t\t    <div class=\"ams-contact__more u-inline-items js-load-more-btn\">\n        <button href=\"#\"\n                class=\"c-btn\"\n                data-style=\"round\"\n                data-size=\"md\"\n                data-width=\"full-mobile\"\n                data-variant=\"outline\">\n        \tVisa mer\n        <\/button>\n    <\/div>\n\n\t\t\t<\/div>\n\n\t\t\n\n<\/section>\n\n\n\n\n<section  class=\"ams-cta ams-cta--stacked c-block l-stacked ams-border\" data-color-scheme=\"beige\">\n\t<div class=\"l-container-narrow l-stack l-stack-fluid-2xl u-pt-fluid-3xl-6xl u-pb-fluid-3xl-6xl is-center is-center@md\">\n\t\t\t\t\t<div class=\"ams-cta__intro l-stack l-stack-lg\">\n\t\t\t\t\t\n\t<h2\n\tclass=\"c-heading u-font-title-1 \"\n\tstyle=\"\">\n\t\t\n\t\t\t\t\tSynpunkter p\u00e5 verksamheten\n\t\t\t\t\n\t<\/h2>\n\n\t\t\t\t\t\t\t\t\t<div class=\"c-text l-stack u-cs-xl u-font-body\">\n\t\t\t\t\t\t<p style=\"text-align: center;\">Vi vill att v\u00e5r skola ska vara s\u00e5 bra som m\u00f6jligt f\u00f6r alla! V\u00e5rt m\u00e5l \u00e4r att erbjuda en h\u00f6g och god kvalitet i alla v\u00e5ra verksamheter. D\u00e4rf\u00f6r \u00e4r det viktigt att vi f\u00e5r information om eventuella brister, s\u00e5 att vi i dialog med dig kan f\u00f6rb\u00e4ttra och utveckla verksamheten.<\/p>\n\n\t\t\t\t\t<\/div>\n\t\t\t\t\t\t\t<\/div>\n\t\t\n\t\t\n\t\t\t<div class=\"ams-cta__action u-inline-items\">\n\t\t\t\t\t\t\t\n\n\n<a href=\"https:\/\/drottningblanka.se\/stockholm-odenplan\/kvalitet\/synpunkter-pa-verksamheten\/\"\n\t\n\tclass=\"c-btn \"\n\tdata-style=\"round\"\n\tdata-size=\"md\"\n\tdata-width=\"full-mobile\"\n\tdata-variant=\"default\"\n\ttarget=\"_self\">\n\t\t\t<span class=\"label\"> L\u00e4mna synpunkt<\/span>\n\t\t\t<\/a>\n\t\t\t<\/div>\n\t<\/div>\n\n\t\t\n\n<\/section>\n","protected":false},"excerpt":{"rendered":"","protected":false},"author":1,"featured_media":0,"parent":0,"menu_order":0,"comment_status":"closed","ping_status":"closed","template":"archive-personal.php","meta":{"footnotes":""},"yoast_head":"<!-- This site is optimized with the Yoast SEO plugin v22.0 - https:\/\/yoast.com\/wordpress\/plugins\/seo\/ -->\n<title>Kontakta oss - Drottning Blankas Gymnasium Stockholm Odenplan<\/title>\n<meta name=\"description\" content=\"H\u00e4r hittar du v\u00e5ra kontaktuppgifter till Drottning Blankas Gymnasium. Ni \u00e4r v\u00e4lkomna att ringa eller maila oss! V\u00e4lkommen till DBGY!\" \/>\n<meta name=\"robots\" content=\"index, follow, max-snippet:-1, max-image-preview:large, max-video-preview:-1\" \/>\n<link rel=\"canonical\" href=\"https:\/\/drottningblanka.se\/stockholm-odenplan\/kontakta-oss\/\" \/>\n<meta property=\"og:locale\" content=\"sv_SE\" \/>\n<meta property=\"og:type\" content=\"article\" \/>\n<meta property=\"og:title\" content=\"Kontakta oss - Drottning Blankas Gymnasium Stockholm Odenplan\" \/>\n<meta property=\"og:description\" content=\"H\u00e4r hittar du v\u00e5ra kontaktuppgifter till Drottning Blankas Gymnasium. Ni \u00e4r v\u00e4lkomna att ringa eller maila oss! V\u00e4lkommen till DBGY!\" \/>\n<meta property=\"og:url\" content=\"https:\/\/drottningblanka.se\/stockholm-odenplan\/kontakta-oss\/\" \/>\n<meta property=\"og:site_name\" content=\"Stockholm Odenplan\" \/>\n<meta property=\"article:modified_time\" content=\"2025-09-23T11:06:23+00:00\" \/>\n<meta name=\"twitter:card\" content=\"summary_large_image\" \/>\n<meta name=\"twitter:title\" content=\"Kontakta oss - Drottning Blankas Gymnasium Stockholm Odenplan\" \/>\n<meta name=\"twitter:description\" content=\"H\u00e4r hittar du v\u00e5ra kontaktuppgifter till Drottning Blankas Gymnasium. Ni \u00e4r v\u00e4lkomna att ringa eller maila oss! V\u00e4lkommen till DBGY!\" \/>\n<meta name=\"twitter:label1\" content=\"Ber\u00e4knad l\u00e4stid\" \/>\n\t<meta name=\"twitter:data1\" content=\"1 minut\" \/>\n<script type=\"application\/ld+json\" class=\"yoast-schema-graph\">{\"@context\":\"https:\/\/schema.org\",\"@graph\":[{\"@type\":\"WebPage\",\"@id\":\"https:\/\/drottningblanka.se\/stockholm-odenplan\/kontakta-oss\/\",\"url\":\"https:\/\/drottningblanka.se\/stockholm-odenplan\/kontakta-oss\/\",\"name\":\"Kontakta oss - Drottning Blankas Gymnasium Stockholm Odenplan\",\"isPartOf\":{\"@id\":\"https:\/\/drottningblanka.se\/stockholm-odenplan\/#website\"},\"datePublished\":\"2022-09-22T08:50:00+00:00\",\"dateModified\":\"2025-09-23T11:06:23+00:00\",\"description\":\"H\u00e4r hittar du v\u00e5ra kontaktuppgifter till Drottning Blankas Gymnasium. Ni \u00e4r v\u00e4lkomna att ringa eller maila oss! V\u00e4lkommen till DBGY!\",\"breadcrumb\":{\"@id\":\"https:\/\/drottningblanka.se\/stockholm-odenplan\/kontakta-oss\/#breadcrumb\"},\"inLanguage\":\"sv-SE\",\"potentialAction\":[{\"@type\":\"ReadAction\",\"target\":[\"https:\/\/drottningblanka.se\/stockholm-odenplan\/kontakta-oss\/\"]}]},{\"@type\":\"BreadcrumbList\",\"@id\":\"https:\/\/drottningblanka.se\/stockholm-odenplan\/kontakta-oss\/#breadcrumb\",\"itemListElement\":[{\"@type\":\"ListItem\",\"position\":1,\"name\":\"Start\",\"item\":\"https:\/\/drottningblanka.se\/stockholm-odenplan\/\"},{\"@type\":\"ListItem\",\"position\":2,\"name\":\"Kontakta oss\"}]},{\"@type\":\"WebSite\",\"@id\":\"https:\/\/drottningblanka.se\/stockholm-odenplan\/#website\",\"url\":\"https:\/\/drottningblanka.se\/stockholm-odenplan\/\",\"name\":\"Stockholm Odenplan\",\"description\":\"En del av AcadeMedia\",\"potentialAction\":[{\"@type\":\"SearchAction\",\"target\":{\"@type\":\"EntryPoint\",\"urlTemplate\":\"https:\/\/drottningblanka.se\/stockholm-odenplan\/?s={search_term_string}\"},\"query-input\":\"required name=search_term_string\"}],\"inLanguage\":\"sv-SE\"}]}<\/script>\n<!-- \/ Yoast SEO plugin. -->","yoast_head_json":{"title":"Kontakta oss - Drottning Blankas Gymnasium Stockholm Odenplan","description":"H\u00e4r hittar du v\u00e5ra kontaktuppgifter till Drottning Blankas Gymnasium. Ni \u00e4r v\u00e4lkomna att ringa eller maila oss! V\u00e4lkommen till DBGY!","robots":{"index":"index","follow":"follow","max-snippet":"max-snippet:-1","max-image-preview":"max-image-preview:large","max-video-preview":"max-video-preview:-1"},"canonical":"https:\/\/drottningblanka.se\/stockholm-odenplan\/kontakta-oss\/","og_locale":"sv_SE","og_type":"article","og_title":"Kontakta oss - Drottning Blankas Gymnasium Stockholm Odenplan","og_description":"H\u00e4r hittar du v\u00e5ra kontaktuppgifter till Drottning Blankas Gymnasium. Ni \u00e4r v\u00e4lkomna att ringa eller maila oss! V\u00e4lkommen till DBGY!","og_url":"https:\/\/drottningblanka.se\/stockholm-odenplan\/kontakta-oss\/","og_site_name":"Stockholm Odenplan","article_modified_time":"2025-09-23T11:06:23+00:00","twitter_card":"summary_large_image","twitter_title":"Kontakta oss - Drottning Blankas Gymnasium Stockholm Odenplan","twitter_description":"H\u00e4r hittar du v\u00e5ra kontaktuppgifter till Drottning Blankas Gymnasium. Ni \u00e4r v\u00e4lkomna att ringa eller maila oss! V\u00e4lkommen till DBGY!","twitter_misc":{"Ber\u00e4knad l\u00e4stid":"1 minut"},"schema":{"@context":"https:\/\/schema.org","@graph":[{"@type":"WebPage","@id":"https:\/\/drottningblanka.se\/stockholm-odenplan\/kontakta-oss\/","url":"https:\/\/drottningblanka.se\/stockholm-odenplan\/kontakta-oss\/","name":"Kontakta oss - Drottning Blankas Gymnasium Stockholm Odenplan","isPartOf":{"@id":"https:\/\/drottningblanka.se\/stockholm-odenplan\/#website"},"datePublished":"2022-09-22T08:50:00+00:00","dateModified":"2025-09-23T11:06:23+00:00","description":"H\u00e4r hittar du v\u00e5ra kontaktuppgifter till Drottning Blankas Gymnasium. Ni \u00e4r v\u00e4lkomna att ringa eller maila oss! V\u00e4lkommen till DBGY!","breadcrumb":{"@id":"https:\/\/drottningblanka.se\/stockholm-odenplan\/kontakta-oss\/#breadcrumb"},"inLanguage":"sv-SE","potentialAction":[{"@type":"ReadAction","target":["https:\/\/drottningblanka.se\/stockholm-odenplan\/kontakta-oss\/"]}]},{"@type":"BreadcrumbList","@id":"https:\/\/drottningblanka.se\/stockholm-odenplan\/kontakta-oss\/#breadcrumb","itemListElement":[{"@type":"ListItem","position":1,"name":"Start","item":"https:\/\/drottningblanka.se\/stockholm-odenplan\/"},{"@type":"ListItem","position":2,"name":"Kontakta oss"}]},{"@type":"WebSite","@id":"https:\/\/drottningblanka.se\/stockholm-odenplan\/#website","url":"https:\/\/drottningblanka.se\/stockholm-odenplan\/","name":"Stockholm Odenplan","description":"En del av AcadeMedia","potentialAction":[{"@type":"SearchAction","target":{"@type":"EntryPoint","urlTemplate":"https:\/\/drottningblanka.se\/stockholm-odenplan\/?s={search_term_string}"},"query-input":"required name=search_term_string"}],"inLanguage":"sv-SE"}]}},"_links":{"self":[{"href":"https:\/\/drottningblanka.se\/stockholm-odenplan\/wp-json\/wp\/v2\/pages\/419"}],"collection":[{"href":"https:\/\/drottningblanka.se\/stockholm-odenplan\/wp-json\/wp\/v2\/pages"}],"about":[{"href":"https:\/\/drottningblanka.se\/stockholm-odenplan\/wp-json\/wp\/v2\/types\/page"}],"author":[{"embeddable":true,"href":"https:\/\/drottningblanka.se\/stockholm-odenplan\/wp-json\/wp\/v2\/users\/1"}],"replies":[{"embeddable":true,"href":"https:\/\/drottningblanka.se\/stockholm-odenplan\/wp-json\/wp\/v2\/comments?post=419"}],"version-history":[{"count":9,"href":"https:\/\/drottningblanka.se\/stockholm-odenplan\/wp-json\/wp\/v2\/pages\/419\/revisions"}],"predecessor-version":[{"id":2487,"href":"https:\/\/drottningblanka.se\/stockholm-odenplan\/wp-json\/wp\/v2\/pages\/419\/revisions\/2487"}],"wp:attachment":[{"href":"https:\/\/drottningblanka.se\/stockholm-odenplan\/wp-json\/wp\/v2\/media?parent=419"}],"curies":[{"name":"wp","href":"https:\/\/api.w.org\/{rel}","templated":true}]}}