{"id":963,"date":"2023-05-22T14:09:57","date_gmt":"2023-05-22T12:09:57","guid":{"rendered":"https:\/\/drottningblanka.se\/orebro\/?page_id=963"},"modified":"2025-08-22T09:47:33","modified_gmt":"2025-08-22T07:47:33","slug":"kvalitet","status":"publish","type":"page","link":"https:\/\/drottningblanka.se\/orebro\/kvalitet\/","title":{"rendered":"Kvalitet"},"content":{"rendered":"\n\t<div class=\"module_wrapper ams_remote_pages_module \">\n\t\t\n\t\n\t\n\t\n\n\t\n\t\n\t\t\n<section  class=\"c-block l-stacked  \" data-color-scheme=\"gra\">\n\t<div class=\"ams-fifty ams-fifty--container ams-fifty--left ams-fifty--top l-container u-pt-fluid-3xl-6xl u-pb-fluid-3xl-6xl\">\n\t\t<div class=\"ams-fifty__content l-stack l-stack-xl is-left is-left@lg\">\n\t\t\t<div class=\"ams-fifty__text l-stack l-stack-lg\">\n\t\t\t\t\t\n\t<h1\n\tclass=\"c-heading u-font-title-1 \"\n\tstyle=\"\">\n\t\t\n\t\t\t\t\tSystematitiskt kvalitetsarbete\n\t\t\t\t\n\t<\/h1>\n\n\t\t\t\t\t\t\t\t\t<div class=\"text l-stack u-font-body\">\n\t\t\t\t\t\t<p><span data-sheets-value=\"{&quot;1&quot;:2,&quot;2&quot;:&quot;Hur roligt l\u00e5ter det egentligen med systematiskt kvalitetsarbete? N\u00e4 vi vet, men hur l\u00e5ter det att du som elev f\u00e5r tycka till om undervisningen p\u00e5 skolan mer \u00e4n en g\u00e5ng per \u00e5r? Dessutom f\u00f6ljer vi upp din v\u00e4g mot m\u00e5len flera g\u00e5nger per \u00e5r.\\n\\nDu som elev f\u00e5r g\u00f6ra din r\u00f6st h\u00f6rd. D\u00e5 kan vi ocks\u00e5 se till att du trivs, m\u00e5r bra och f\u00e5nga upp utvecklingsomr\u00e5den \u2013 lite som att l\u00e4mna in bilen p\u00e5 service i tid.&quot;}\" data-sheets-userformat=\"{&quot;2&quot;:5025,&quot;3&quot;:{&quot;1&quot;:0},&quot;8&quot;:{&quot;1&quot;:[{&quot;1&quot;:2,&quot;2&quot;:0,&quot;5&quot;:{&quot;1&quot;:2,&quot;2&quot;:0}},{&quot;1&quot;:0,&quot;2&quot;:0,&quot;3&quot;:3},{&quot;1&quot;:1,&quot;2&quot;:0,&quot;4&quot;:1}]},&quot;10&quot;:0,&quot;11&quot;:4,&quot;12&quot;:0,&quot;15&quot;:&quot;Montserrat&quot;}\">Hur roligt l\u00e5ter det egentligen med systematiskt kvalitetsarbete? N\u00e4 vi vet, men hur l\u00e5ter det att du som elev f\u00e5r tycka till om undervisningen p\u00e5 skolan mer \u00e4n en g\u00e5ng per \u00e5r? Dessutom f\u00f6ljer vi upp din v\u00e4g mot m\u00e5len flera g\u00e5nger per \u00e5r.<\/span><\/p>\n<p>Du som elev f\u00e5r g\u00f6ra din r\u00f6st h\u00f6rd. D\u00e5 kan vi ocks\u00e5 se till att du trivs, m\u00e5r bra och f\u00e5nga upp utvecklingsomr\u00e5den \u2013 lite som att l\u00e4mna in bilen p\u00e5 service i tid.<\/p>\n\n\t\t\t\t\t<\/div>\n\t\t\t\t\t\t\t<\/div>\n\n\t\t\t\t\t<\/div>\n\n\t\t <div class=\"ams-fifty__media u-ratio-widescreen\">\n\t\t \t\n\t\t\t\n\t\t\t\t\t\t\t<lite-youtube videoid=\"Yx72Vp5TIE8\" style=\"background-image: url('https:\/\/i.ytimg.com\/vi\/Yx72Vp5TIE8\/hqdefault.jpg');\">\n\t\t\t\t\t\t<button href=\"https:\/\/youtube.com\/watch?v=Yx72Vp5TIE8\" class=\"lty-playbtn\" title=\"Play Video\">\n\t\t\t\t\t\t\t<span class=\"lyt-visually-hidden\">Play Video<\/span>\n\t\t\t\t\t\t<\/button>\n\t\t\t\t\t<\/lite-youtube>\n\t\t\t\t\t<\/div>\n\t<\/div>\n\n\t\t\n\n<\/section>\n\n\t\n\t\n\t\n\n\t\n\t\n\t\t\n<section  class=\"c-block l-stacked  \" data-color-scheme=\"vit\">\n\t<div class=\"ams-fifty ams-fifty--container ams-fifty--right ams-fifty--top l-container u-pt-fluid-3xl-6xl u-pb-fluid-3xl-6xl\">\n\t\t<div class=\"ams-fifty__content l-stack l-stack-xl is-left is-left@lg\">\n\t\t\t<div class=\"ams-fifty__text l-stack l-stack-lg\">\n\t\t\t\t\t\n\t<h2\n\tclass=\"c-heading u-font-title-1 \"\n\tstyle=\"\">\n\t\t\n\t\t\t\t\tOm v\u00e5rt kvalitetsarbete p\u00e5 Drottning Blanka\n\t\t\t\t\n\t<\/h2>\n\n\t\t\t\t\t\t\t\t\t<div class=\"text l-stack u-font-body\">\n\t\t\t\t\t\t<p><span data-sheets-value=\"{&quot;1&quot;:2,&quot;2&quot;:&quot;\u00d6vergripande ansvar finns hos ledningsgruppen best\u00e5ende av verksamhetschef, skolchefer som har st\u00f6d av ansvariga inom kvalitet, marknad, ekonomi och HR. Arbetet utg\u00e5r fr\u00e5n det gemensamma kvalitetshjulet och tillsammans med rektorerna ansvarar vi f\u00f6r att underh\u00e5lla en v\u00e4lfungerande styrkedja som n\u00e5r fr\u00e5n huvudman, rektor, l\u00e4rare \u00e4nda ner till elevniv\u00e5. Som st\u00f6d i arbetet finns gemensamma rutiner, tidsplaner och uppf\u00f6ljningsverktyg.\\n\\nI slutet av varje l\u00e4s\u00e5r g\u00f6rs en samlad analys av resultat och processer. Utifr\u00e5n de behov som framkommer uppr\u00e4ttas en verksamhetsplan och lokala arbetsplaner inneh\u00e5llande \u00e5rets fokusomr\u00e5den. Allt arbete dokumenteras i huvudmannens och de lokala skolornas kvalitetsrapporter.&quot;}\" data-sheets-userformat=\"{&quot;2&quot;:5025,&quot;3&quot;:{&quot;1&quot;:0},&quot;8&quot;:{&quot;1&quot;:[{&quot;1&quot;:2,&quot;2&quot;:0,&quot;5&quot;:{&quot;1&quot;:2,&quot;2&quot;:0}},{&quot;1&quot;:0,&quot;2&quot;:0,&quot;3&quot;:3},{&quot;1&quot;:1,&quot;2&quot;:0,&quot;4&quot;:1}]},&quot;10&quot;:0,&quot;11&quot;:4,&quot;12&quot;:0,&quot;15&quot;:&quot;Montserrat&quot;}\">\u00d6vergripande ansvar finns hos ledningsgruppen best\u00e5ende av verksamhetschef, skolchefer som har st\u00f6d av ansvariga inom kvalitet, marknad, ekonomi och HR. Arbetet utg\u00e5r fr\u00e5n det gemensamma kvalitetshjulet och tillsammans med rektorerna ansvarar vi f\u00f6r att underh\u00e5lla en v\u00e4lfungerande styrkedja som n\u00e5r fr\u00e5n huvudman, rektor, l\u00e4rare \u00e4nda ner till elevniv\u00e5. Som st\u00f6d i arbetet finns gemensamma rutiner, tidsplaner och uppf\u00f6ljningsverktyg.<\/span><\/p>\n<p>I slutet av varje l\u00e4s\u00e5r g\u00f6rs en samlad analys av resultat och processer. Utifr\u00e5n de behov som framkommer uppr\u00e4ttas en verksamhetsplan och lokala arbetsplaner inneh\u00e5llande \u00e5rets fokusomr\u00e5den. Allt arbete dokumenteras i huvudmannens och de lokala skolornas kvalitetsrapporter.<\/p>\n\n\t\t\t\t\t<\/div>\n\t\t\t\t\t\t\t<\/div>\n\n\t\t\t\t\t<\/div>\n\n\t\t <div class=\"ams-fifty__media u-ratio-square\">\n\t\t \t\t\t\t\t<img decoding=\"async\" width=\"600\" height=\"400\" src=\"https:\/\/drottningblanka.se\/wp-content\/uploads\/2023\/05\/dbgylund202403h8a4364-600x400.jpeg\" class=\"attachment-md size-md\" alt=\"Tv\u00e5 elever i ett klassrum\" sizes=\"(min-width: 64em) 600px, calc(100vw - 160px)\" srcset=\"https:\/\/drottningblanka.se\/wp-content\/uploads\/2023\/05\/dbgylund202403h8a4364-600x400.jpeg 600w, https:\/\/drottningblanka.se\/wp-content\/uploads\/2023\/05\/dbgylund202403h8a4364-300x200.jpeg 300w, https:\/\/drottningblanka.se\/wp-content\/uploads\/2023\/05\/dbgylund202403h8a4364-400x267.jpeg 400w, https:\/\/drottningblanka.se\/wp-content\/uploads\/2023\/05\/dbgylund202403h8a4364-800x533.jpeg 800w, https:\/\/drottningblanka.se\/wp-content\/uploads\/2023\/05\/dbgylund202403h8a4364-1024x682.jpeg 1024w, https:\/\/drottningblanka.se\/wp-content\/uploads\/2023\/05\/dbgylund202403h8a4364-1200x800.jpeg 1200w, https:\/\/drottningblanka.se\/wp-content\/uploads\/2023\/05\/dbgylund202403h8a4364.jpeg 1280w\" \/>\n\t\t\t\n\t\t\t\n\t\t\t\t\t<\/div>\n\t<\/div>\n\n\t\t\n\n<\/section>\n\t<\/div>\n\n\t\n\n\n\n<section  class=\"ams-info-card c-block l-stacked\" data-color-scheme=\"kort-beige\">\n\t<div class=\"l-container l-stack l-stack-fluid-2xl u-pt-fluid-3xl-6xl u-pb-fluid-3xl-6xl is-center is-center@md\">\n\t\t\t\t\t<div class=\"ams-info-card__intro l-stack l-stack-lg\">\n\t\t\t\t\t\n\t<h2\n\tclass=\"c-heading u-font-title-1 \"\n\tstyle=\"\">\n\t\t\n\t\t\t\t\tVill du veta mer om v\u00e5rt kvalitetsarbete?\n\t\t\t\t\n\t<\/h2>\n\n\t\t\t\t\t\t\t<\/div>\n\t\t\n\t\t\t\t\t\n<ul class=\"ams-info-card__list l-grid u-gap-2xl\">\n\t\t\t<li class=\"l-col-6@md l-col-4@lg\">\n\t\t\t<article\n\t\t\t\tclass=\"\n\t\t\t\tc-card\n\t\t\t\t\n\t\t\t\thas-media-zoom\n\t\t\t\t\n\t\t\t\t\"\n\t\t\t\tdata-variant=\"simple\"\n\t\t\t\tdata-style=\"square\"\n\t\t\t\t data-click-area\n\t\t\t\t\n\t\t\t\t\n\t\t\t\t>\n\t\t\t\t<div class=\"c-card__content l-stack l-stack-sm is-left is-left@md\">\n\t\t\t\t\t\t\t\t\t\t\t<h3 class=\"c-card__title u-font-title-3\">\n\t\t\t\t\t\t\t\t\t\t\t\t\t\t\t<a class=\"c-card__link\" href=\"https:\/\/drottningblanka.se\/orebro\/kontakt\/\" target=\"_self\">\n\t\t\t\t\t\t\t\t\tKontakta oss\n\t\t\t\t\t\t\t\t<\/a>\n\t\t\t\t\t\t\t\t\t\t\t\t\t<\/h3>\n\t\t\t\t\t\n\t\t\t\t\t\t\t\t\t\t\t<div class=\"c-card__text l-stack-xs u-font-body\">\n\t\t\t\t\t\t\t<p>Du \u00e4r alltid v\u00e4lkommen att h\u00f6ra av dig direkt till oss med dina fr\u00e5gor.<\/p>\n\n\t\t\t\t\t\t<\/div>\n\t\t\t\t\t\n\t\t\t\t\t\t\t\t\t\t\t<div class=\"c-card__icon c-card__icon--nl\">\n\t\t\t\t\t\t\t\t\t\t\t\t\t\t<svg class=\"ams-icon ams-icon--arrow-right\" width=\"32\" height=\"32\" viewbox=\"0 0 32 32\" fill=\"currentColor\" aria-hidden=\"true\" xmlns=\"http:\/\/www.w3.org\/2000\/svg\">\n\t\t\t\t\t\t\t\t\t\t\t\t\t\t\t\t<path d=\"M15.4617 0.252159L14.9567 0.75931C14.6219 1.09545 14.6219 1.64048 14.9567 1.97669L27.7062 14.7806H0.857144C0.383786 14.7806 0 15.166 0 15.6414V16.3587C0 16.8341 0.383786 17.2195 0.857144 17.2195H27.7062L14.9567 30.0234C14.6219 30.3595 14.6219 30.9045 14.9567 31.2407L15.4617 31.7479C15.7964 32.084 16.3392 32.084 16.6739 31.7479L31.749 16.6087C32.0837 16.2725 32.0837 15.7275 31.749 15.3913L16.6739 0.252159C16.3392 -0.084053 15.7964 -0.084053 15.4617 0.252159Z\"\/>\n\t\t\t\t\t\t\t\n\t\t\t\t\t\t\t<\/svg>\n\t\t\t\t\t\t<\/div>\n\t\t\t\t\t\t\t\t\t<\/div>\n\n\t\t\t\t\t\t\t\t\t<div class=\"c-card__media \" style=\" \">\n\t\t\t\t\t\t<img decoding=\"async\" width=\"400\" height=\"267\" src=\"https:\/\/drottningblanka.se\/wp-content\/uploads\/sites\/36\/2023\/05\/esbildesigninredningdbgygoteborg202403h8a5166-400x267.jpg\" class=\"\" alt=\"Elever i ett klassrum\" sizes=\"(min-width: 64em) 300px, (min-width: 48em) calc(.50 * (100vw - 304px)), calc(100vw - 208px)\" srcset=\"https:\/\/drottningblanka.se\/wp-content\/uploads\/sites\/36\/2023\/05\/esbildesigninredningdbgygoteborg202403h8a5166-400x267.jpg 400w, https:\/\/drottningblanka.se\/wp-content\/uploads\/sites\/36\/2023\/05\/esbildesigninredningdbgygoteborg202403h8a5166-300x200.jpg 300w, https:\/\/drottningblanka.se\/wp-content\/uploads\/sites\/36\/2023\/05\/esbildesigninredningdbgygoteborg202403h8a5166-600x400.jpg 600w, https:\/\/drottningblanka.se\/wp-content\/uploads\/sites\/36\/2023\/05\/esbildesigninredningdbgygoteborg202403h8a5166-800x533.jpg 800w, https:\/\/drottningblanka.se\/wp-content\/uploads\/sites\/36\/2023\/05\/esbildesigninredningdbgygoteborg202403h8a5166-1024x683.jpg 1024w, https:\/\/drottningblanka.se\/wp-content\/uploads\/sites\/36\/2023\/05\/esbildesigninredningdbgygoteborg202403h8a5166.jpg 1080w\" \/>\n\t\t\t\t\t<\/div>\n\t\t\t\t\t\t\t<\/article>\n\t\t<\/li>\n\t\t\t<li class=\"l-col-6@md l-col-4@lg\">\n\t\t\t<article\n\t\t\t\tclass=\"\n\t\t\t\tc-card\n\t\t\t\t\n\t\t\t\thas-media-zoom\n\t\t\t\t\n\t\t\t\t\"\n\t\t\t\tdata-variant=\"simple\"\n\t\t\t\tdata-style=\"square\"\n\t\t\t\t data-click-area\n\t\t\t\t\n\t\t\t\t\n\t\t\t\t>\n\t\t\t\t<div class=\"c-card__content l-stack l-stack-sm is-left is-left@md\">\n\t\t\t\t\t\t\t\t\t\t\t<h3 class=\"c-card__title u-font-title-3\">\n\t\t\t\t\t\t\t\t\t\t\t\t\t\t\t<a class=\"c-card__link\" href=\"https:\/\/drottningblanka.se\/orebro\/kvalitet\/kvalitetsrapporter\/\" target=\"_self\">\n\t\t\t\t\t\t\t\t\tV\u00e5ra kvalitetsresultat\n\t\t\t\t\t\t\t\t<\/a>\n\t\t\t\t\t\t\t\t\t\t\t\t\t<\/h3>\n\t\t\t\t\t\n\t\t\t\t\t\t\t\t\t\t\t<div class=\"c-card__text l-stack-xs u-font-body\">\n\t\t\t\t\t\t\t<p>Se v\u00e5ra kvalitetsrapporter.<\/p>\n\n\t\t\t\t\t\t<\/div>\n\t\t\t\t\t\n\t\t\t\t\t\t\t\t\t\t\t<div class=\"c-card__icon c-card__icon--nl\">\n\t\t\t\t\t\t\t\t\t\t\t\t\t\t<svg class=\"ams-icon ams-icon--arrow-right\" width=\"32\" height=\"32\" viewbox=\"0 0 32 32\" fill=\"currentColor\" aria-hidden=\"true\" xmlns=\"http:\/\/www.w3.org\/2000\/svg\">\n\t\t\t\t\t\t\t\t\t\t\t\t\t\t\t\t<path d=\"M15.4617 0.252159L14.9567 0.75931C14.6219 1.09545 14.6219 1.64048 14.9567 1.97669L27.7062 14.7806H0.857144C0.383786 14.7806 0 15.166 0 15.6414V16.3587C0 16.8341 0.383786 17.2195 0.857144 17.2195H27.7062L14.9567 30.0234C14.6219 30.3595 14.6219 30.9045 14.9567 31.2407L15.4617 31.7479C15.7964 32.084 16.3392 32.084 16.6739 31.7479L31.749 16.6087C32.0837 16.2725 32.0837 15.7275 31.749 15.3913L16.6739 0.252159C16.3392 -0.084053 15.7964 -0.084053 15.4617 0.252159Z\"\/>\n\t\t\t\t\t\t\t\n\t\t\t\t\t\t\t<\/svg>\n\t\t\t\t\t\t<\/div>\n\t\t\t\t\t\t\t\t\t<\/div>\n\n\t\t\t\t\t\t\t\t\t<div class=\"c-card__media \" style=\" \">\n\t\t\t\t\t\t<img decoding=\"async\" width=\"400\" height=\"267\" src=\"https:\/\/drottningblanka.se\/wp-content\/uploads\/sites\/36\/2023\/05\/ekekodbgykristianstad202403h8a3249-400x267.jpg\" class=\"\" alt=\"L\u00e4rare och elev i ett klassrum\" sizes=\"(min-width: 64em) 300px, (min-width: 48em) calc(.50 * (100vw - 304px)), calc(100vw - 208px)\" srcset=\"https:\/\/drottningblanka.se\/wp-content\/uploads\/sites\/36\/2023\/05\/ekekodbgykristianstad202403h8a3249-400x267.jpg 400w, https:\/\/drottningblanka.se\/wp-content\/uploads\/sites\/36\/2023\/05\/ekekodbgykristianstad202403h8a3249-300x200.jpg 300w, https:\/\/drottningblanka.se\/wp-content\/uploads\/sites\/36\/2023\/05\/ekekodbgykristianstad202403h8a3249-600x400.jpg 600w, https:\/\/drottningblanka.se\/wp-content\/uploads\/sites\/36\/2023\/05\/ekekodbgykristianstad202403h8a3249-800x533.jpg 800w, https:\/\/drottningblanka.se\/wp-content\/uploads\/sites\/36\/2023\/05\/ekekodbgykristianstad202403h8a3249-1024x683.jpg 1024w, https:\/\/drottningblanka.se\/wp-content\/uploads\/sites\/36\/2023\/05\/ekekodbgykristianstad202403h8a3249.jpg 1080w\" \/>\n\t\t\t\t\t<\/div>\n\t\t\t\t\t\t\t<\/article>\n\t\t<\/li>\n\t\t\t<li class=\"l-col-6@md l-col-4@lg\">\n\t\t\t<article\n\t\t\t\tclass=\"\n\t\t\t\tc-card\n\t\t\t\t\n\t\t\t\thas-media-zoom\n\t\t\t\t\n\t\t\t\t\"\n\t\t\t\tdata-variant=\"simple\"\n\t\t\t\tdata-style=\"square\"\n\t\t\t\t data-click-area\n\t\t\t\t\n\t\t\t\t\n\t\t\t\t>\n\t\t\t\t<div class=\"c-card__content l-stack l-stack-sm is-left is-left@md\">\n\t\t\t\t\t\t\t\t\t\t\t<h3 class=\"c-card__title u-font-title-3\">\n\t\t\t\t\t\t\t\t\t\t\t\t\t\t\t<a class=\"c-card__link\" href=\"https:\/\/drottningblanka.se\/orebro\/kvalitet\/synpunkter-pa-verksamheten\/\" target=\"_self\">\n\t\t\t\t\t\t\t\t\tSynpunkter p\u00e5 verksamheten\n\t\t\t\t\t\t\t\t<\/a>\n\t\t\t\t\t\t\t\t\t\t\t\t\t<\/h3>\n\t\t\t\t\t\n\t\t\t\t\t\t\t\t\t\t\t<div class=\"c-card__text l-stack-xs u-font-body\">\n\t\t\t\t\t\t\t<p>L\u00e4mna dina synpunkter till huvudmannen.<\/p>\n\n\t\t\t\t\t\t<\/div>\n\t\t\t\t\t\n\t\t\t\t\t\t\t\t\t\t\t<div class=\"c-card__icon c-card__icon--nl\">\n\t\t\t\t\t\t\t\t\t\t\t\t\t\t<svg class=\"ams-icon ams-icon--arrow-right\" width=\"32\" height=\"32\" viewbox=\"0 0 32 32\" fill=\"currentColor\" aria-hidden=\"true\" xmlns=\"http:\/\/www.w3.org\/2000\/svg\">\n\t\t\t\t\t\t\t\t\t\t\t\t\t\t\t\t<path d=\"M15.4617 0.252159L14.9567 0.75931C14.6219 1.09545 14.6219 1.64048 14.9567 1.97669L27.7062 14.7806H0.857144C0.383786 14.7806 0 15.166 0 15.6414V16.3587C0 16.8341 0.383786 17.2195 0.857144 17.2195H27.7062L14.9567 30.0234C14.6219 30.3595 14.6219 30.9045 14.9567 31.2407L15.4617 31.7479C15.7964 32.084 16.3392 32.084 16.6739 31.7479L31.749 16.6087C32.0837 16.2725 32.0837 15.7275 31.749 15.3913L16.6739 0.252159C16.3392 -0.084053 15.7964 -0.084053 15.4617 0.252159Z\"\/>\n\t\t\t\t\t\t\t\n\t\t\t\t\t\t\t<\/svg>\n\t\t\t\t\t\t<\/div>\n\t\t\t\t\t\t\t\t\t<\/div>\n\n\t\t\t\t\t\t\t\t\t<div class=\"c-card__media \" style=\" \">\n\t\t\t\t\t\t<img decoding=\"async\" width=\"400\" height=\"267\" src=\"https:\/\/drottningblanka.se\/wp-content\/uploads\/sites\/36\/2023\/05\/dbgy-elevhalsa-202105-202405-400x267.jpg\" class=\"\" alt=\"L\u00e4rare hj\u00e4lper sina elever under en lektion\" sizes=\"(min-width: 64em) 300px, (min-width: 48em) calc(.50 * (100vw - 304px)), calc(100vw - 208px)\" srcset=\"https:\/\/drottningblanka.se\/wp-content\/uploads\/sites\/36\/2023\/05\/dbgy-elevhalsa-202105-202405-400x267.jpg 400w, https:\/\/drottningblanka.se\/wp-content\/uploads\/sites\/36\/2023\/05\/dbgy-elevhalsa-202105-202405-300x200.jpg 300w, https:\/\/drottningblanka.se\/wp-content\/uploads\/sites\/36\/2023\/05\/dbgy-elevhalsa-202105-202405-600x400.jpg 600w, https:\/\/drottningblanka.se\/wp-content\/uploads\/sites\/36\/2023\/05\/dbgy-elevhalsa-202105-202405-800x533.jpg 800w, https:\/\/drottningblanka.se\/wp-content\/uploads\/sites\/36\/2023\/05\/dbgy-elevhalsa-202105-202405-1024x683.jpg 1024w, https:\/\/drottningblanka.se\/wp-content\/uploads\/sites\/36\/2023\/05\/dbgy-elevhalsa-202105-202405-1200x800.jpg 1200w\" \/>\n\t\t\t\t\t<\/div>\n\t\t\t\t\t\t\t<\/article>\n\t\t<\/li>\n\t<\/ul>\n\t\n\t\t\t<\/div>\n\n\t\t\n\n<\/section>\n","protected":false},"excerpt":{"rendered":"","protected":false},"author":1,"featured_media":0,"parent":0,"menu_order":0,"comment_status":"closed","ping_status":"closed","template":"","meta":{"footnotes":""},"yoast_head":"<!-- This site is optimized with the Yoast SEO plugin v22.0 - https:\/\/yoast.com\/wordpress\/plugins\/seo\/ -->\n<title>Kvalitet - Drottning Blankas Gymnasieskola \u00d6rebro<\/title>\n<meta name=\"description\" content=\"Du som elev f\u00e5r g\u00f6ra din r\u00f6st h\u00f6rd. D\u00e5 kan vi ocks\u00e5 se till att du trivs, m\u00e5r bra och f\u00e5nga upp utvecklingsomr\u00e5den.\" \/>\n<meta name=\"robots\" content=\"index, follow, max-snippet:-1, max-image-preview:large, max-video-preview:-1\" \/>\n<link rel=\"canonical\" href=\"https:\/\/drottningblanka.se\/kvalitet\/\" \/>\n<meta property=\"og:locale\" content=\"sv_SE\" \/>\n<meta property=\"og:type\" content=\"article\" \/>\n<meta property=\"og:title\" content=\"Kvalitet - Drottning Blankas Gymnasieskola \u00d6rebro\" \/>\n<meta property=\"og:description\" content=\"Du som elev f\u00e5r g\u00f6ra din r\u00f6st h\u00f6rd. D\u00e5 kan vi ocks\u00e5 se till att du trivs, m\u00e5r bra och f\u00e5nga upp utvecklingsomr\u00e5den.\" \/>\n<meta property=\"og:url\" content=\"https:\/\/drottningblanka.se\/kvalitet\/\" \/>\n<meta property=\"og:site_name\" content=\"\u00d6rebro\" \/>\n<meta property=\"article:modified_time\" content=\"2025-08-22T07:47:33+00:00\" \/>\n<meta name=\"twitter:card\" content=\"summary_large_image\" \/>\n<meta name=\"twitter:title\" content=\"Kvalitet - Drottning Blankas Gymnasieskola \u00d6rebro\" \/>\n<meta name=\"twitter:description\" content=\"Du som elev f\u00e5r g\u00f6ra din r\u00f6st h\u00f6rd. D\u00e5 kan vi ocks\u00e5 se till att du trivs, m\u00e5r bra och f\u00e5nga upp utvecklingsomr\u00e5den.\" \/>\n<meta name=\"twitter:label1\" content=\"Ber\u00e4knad l\u00e4stid\" \/>\n\t<meta name=\"twitter:data1\" content=\"1 minut\" \/>\n<script type=\"application\/ld+json\" class=\"yoast-schema-graph\">{\"@context\":\"https:\/\/schema.org\",\"@graph\":[{\"@type\":\"WebPage\",\"@id\":\"https:\/\/drottningblanka.se\/orebro\/kvalitet\/\",\"url\":\"https:\/\/drottningblanka.se\/kvalitet\/\",\"name\":\"Kvalitet - Drottning Blankas Gymnasieskola \u00d6rebro\",\"isPartOf\":{\"@id\":\"https:\/\/drottningblanka.se\/orebro\/#website\"},\"datePublished\":\"2023-05-22T12:09:57+00:00\",\"dateModified\":\"2025-08-22T07:47:33+00:00\",\"description\":\"Du som elev f\u00e5r g\u00f6ra din r\u00f6st h\u00f6rd. D\u00e5 kan vi ocks\u00e5 se till att du trivs, m\u00e5r bra och f\u00e5nga upp utvecklingsomr\u00e5den.\",\"breadcrumb\":{\"@id\":\"https:\/\/drottningblanka.se\/kvalitet\/#breadcrumb\"},\"inLanguage\":\"sv-SE\",\"potentialAction\":[{\"@type\":\"ReadAction\",\"target\":[\"https:\/\/drottningblanka.se\/kvalitet\/\"]}]},{\"@type\":\"BreadcrumbList\",\"@id\":\"https:\/\/drottningblanka.se\/kvalitet\/#breadcrumb\",\"itemListElement\":[{\"@type\":\"ListItem\",\"position\":1,\"name\":\"Start\",\"item\":\"https:\/\/drottningblanka.se\/orebro\/\"},{\"@type\":\"ListItem\",\"position\":2,\"name\":\"Kvalitet\"}]},{\"@type\":\"WebSite\",\"@id\":\"https:\/\/drottningblanka.se\/orebro\/#website\",\"url\":\"https:\/\/drottningblanka.se\/orebro\/\",\"name\":\"\u00d6rebro\",\"description\":\"En del av AcadeMedia\",\"potentialAction\":[{\"@type\":\"SearchAction\",\"target\":{\"@type\":\"EntryPoint\",\"urlTemplate\":\"https:\/\/drottningblanka.se\/orebro\/?s={search_term_string}\"},\"query-input\":\"required name=search_term_string\"}],\"inLanguage\":\"sv-SE\"}]}<\/script>\n<!-- \/ Yoast SEO plugin. -->","yoast_head_json":{"title":"Kvalitet - Drottning Blankas Gymnasieskola \u00d6rebro","description":"Du som elev f\u00e5r g\u00f6ra din r\u00f6st h\u00f6rd. D\u00e5 kan vi ocks\u00e5 se till att du trivs, m\u00e5r bra och f\u00e5nga upp utvecklingsomr\u00e5den.","robots":{"index":"index","follow":"follow","max-snippet":"max-snippet:-1","max-image-preview":"max-image-preview:large","max-video-preview":"max-video-preview:-1"},"canonical":"https:\/\/drottningblanka.se\/kvalitet\/","og_locale":"sv_SE","og_type":"article","og_title":"Kvalitet - Drottning Blankas Gymnasieskola \u00d6rebro","og_description":"Du som elev f\u00e5r g\u00f6ra din r\u00f6st h\u00f6rd. D\u00e5 kan vi ocks\u00e5 se till att du trivs, m\u00e5r bra och f\u00e5nga upp utvecklingsomr\u00e5den.","og_url":"https:\/\/drottningblanka.se\/kvalitet\/","og_site_name":"\u00d6rebro","article_modified_time":"2025-08-22T07:47:33+00:00","twitter_card":"summary_large_image","twitter_title":"Kvalitet - Drottning Blankas Gymnasieskola \u00d6rebro","twitter_description":"Du som elev f\u00e5r g\u00f6ra din r\u00f6st h\u00f6rd. D\u00e5 kan vi ocks\u00e5 se till att du trivs, m\u00e5r bra och f\u00e5nga upp utvecklingsomr\u00e5den.","twitter_misc":{"Ber\u00e4knad l\u00e4stid":"1 minut"},"schema":{"@context":"https:\/\/schema.org","@graph":[{"@type":"WebPage","@id":"https:\/\/drottningblanka.se\/orebro\/kvalitet\/","url":"https:\/\/drottningblanka.se\/kvalitet\/","name":"Kvalitet - Drottning Blankas Gymnasieskola \u00d6rebro","isPartOf":{"@id":"https:\/\/drottningblanka.se\/orebro\/#website"},"datePublished":"2023-05-22T12:09:57+00:00","dateModified":"2025-08-22T07:47:33+00:00","description":"Du som elev f\u00e5r g\u00f6ra din r\u00f6st h\u00f6rd. D\u00e5 kan vi ocks\u00e5 se till att du trivs, m\u00e5r bra och f\u00e5nga upp utvecklingsomr\u00e5den.","breadcrumb":{"@id":"https:\/\/drottningblanka.se\/kvalitet\/#breadcrumb"},"inLanguage":"sv-SE","potentialAction":[{"@type":"ReadAction","target":["https:\/\/drottningblanka.se\/kvalitet\/"]}]},{"@type":"BreadcrumbList","@id":"https:\/\/drottningblanka.se\/kvalitet\/#breadcrumb","itemListElement":[{"@type":"ListItem","position":1,"name":"Start","item":"https:\/\/drottningblanka.se\/orebro\/"},{"@type":"ListItem","position":2,"name":"Kvalitet"}]},{"@type":"WebSite","@id":"https:\/\/drottningblanka.se\/orebro\/#website","url":"https:\/\/drottningblanka.se\/orebro\/","name":"\u00d6rebro","description":"En del av AcadeMedia","potentialAction":[{"@type":"SearchAction","target":{"@type":"EntryPoint","urlTemplate":"https:\/\/drottningblanka.se\/orebro\/?s={search_term_string}"},"query-input":"required name=search_term_string"}],"inLanguage":"sv-SE"}]}},"_links":{"self":[{"href":"https:\/\/drottningblanka.se\/orebro\/wp-json\/wp\/v2\/pages\/963"}],"collection":[{"href":"https:\/\/drottningblanka.se\/orebro\/wp-json\/wp\/v2\/pages"}],"about":[{"href":"https:\/\/drottningblanka.se\/orebro\/wp-json\/wp\/v2\/types\/page"}],"author":[{"embeddable":true,"href":"https:\/\/drottningblanka.se\/orebro\/wp-json\/wp\/v2\/users\/1"}],"replies":[{"embeddable":true,"href":"https:\/\/drottningblanka.se\/orebro\/wp-json\/wp\/v2\/comments?post=963"}],"version-history":[{"count":10,"href":"https:\/\/drottningblanka.se\/orebro\/wp-json\/wp\/v2\/pages\/963\/revisions"}],"predecessor-version":[{"id":2399,"href":"https:\/\/drottningblanka.se\/orebro\/wp-json\/wp\/v2\/pages\/963\/revisions\/2399"}],"wp:attachment":[{"href":"https:\/\/drottningblanka.se\/orebro\/wp-json\/wp\/v2\/media?parent=963"}],"curies":[{"name":"wp","href":"https:\/\/api.w.org\/{rel}","templated":true}]}}