{"id":7,"date":"2022-07-25T22:55:40","date_gmt":"2022-07-25T20:55:40","guid":{"rendered":"https:\/\/drottningblanka.se\/malmo-lilla-torg\/?page_id=7"},"modified":"2025-09-05T14:29:08","modified_gmt":"2025-09-05T12:29:08","slug":"soka-till-dbgy-malmo-lilla-torg","status":"publish","type":"page","link":"https:\/\/drottningblanka.se\/malmo-lilla-torg\/soka-till-dbgy-malmo-lilla-torg\/","title":{"rendered":"S\u00f6ka till DBGY Malm\u00f6 Lilla Torg"},"content":{"rendered":"\n\n<section  class=\"ams-cta ams-cta--stacked c-block l-stacked ams-border\" data-color-scheme=\"gra\">\n\t<div class=\"l-container-narrow l-stack l-stack-fluid-2xl u-pt-fluid-3xl-6xl u-pb-fluid-3xl-6xl is-center is-center@md\">\n\t\t\t\t\t<div class=\"ams-cta__intro l-stack l-stack-lg\">\n\t\t\t\t\t\n\t<h1\n\tclass=\"c-heading u-font-title-1 \"\n\tstyle=\"\">\n\t\t\n\t\t\t\t\tVill du s\u00f6ka till Drottning Blankas Gymnasieskola Malm\u00f6 Lilla Torg?\n\t\t\t\t\n\t<\/h1>\n\n\t\t\t\t\t\t\t\t\t<div class=\"c-text l-stack u-cs-xl u-font-body\">\n\t\t\t\t\t\t<p>D\u00e5 \u00e4r det bara att f\u00f6lja guiden nedan. L\u00e4ngre ner p\u00e5 sidan hittar du ocks\u00e5 ans\u00f6kningskoder f\u00f6r de program vi erbjuder och tips p\u00e5 v\u00e4gledning f\u00f6r dig som \u00e4nnu inte har best\u00e4mt vilket program du ska s\u00f6ka.<\/p>\n\n\t\t\t\t\t<\/div>\n\t\t\t\t\t\t\t<\/div>\n\t\t\n\t\t\n\t\t\t<\/div>\n\n\t\t\n\n<\/section>\n\n\n\n\n<section  class=\"ams-timeline c-block l-stacked\" data-color-scheme=\"bakgrund-dark-card-nyans1_av_p2-dark-hover-menu_standard\">\n\t<div class=\"l-container l-stack l-stack-fluid-2xl u-pt-fluid-3xl-6xl u-pb-fluid-3xl-6xl is-center is-center@md\">\n\t\t\t\t\t<div class=\"ams-timeline__intro l-stack l-stack-lg\">\n\t\t\t\t\t\n\t<h2\n\tclass=\"c-heading u-font-title-1 \"\n\tstyle=\"\">\n\t\t\n\t\t\t\t\tS\u00e5 h\u00e4r ans\u00f6ker du till gymnasiet\n\t\t\t\t\n\t<\/h2>\n\n\t\t\t\t\t\t\t<\/div>\n\t\t\n\t\t\t\t\t\n<ol class=\"c-steps\" data-variant=\"vertical\" data-size=\"sm\" data-columns=\"2\">\n\t\t\t<li class=\"c-steps__item\"\n\t\t\t\n\t\t>\n\t\t\t<div class=\"c-steps__circle u-radius-round\">\n\t\t\t\t\t\t\t\t\t<span class=\"c-steps__number\">1<\/span>\n\t\t\t\t\t\t\t<\/div>\n\n\t\t\t\t\t\t\t<div class=\"c-steps__content l-stack-xs\">\n\t\t\t\t\t\t\t\t\t\t\t<h3 class=\"c-steps__title u-font-title-3\">\n\t\t\t\t\t\t\t\t\t\t\t\t\t\t\tLogga in\n\t\t\t\t\t\t\t\t\t\t\t\t\t<\/h3>\n\t\t\t\t\t\n\t\t\t\t\t\t\t\t\t\t\t<div class=\"c-steps__text l-stack-sm u-font-body\">\n\t\t\t\t\t\t\t<p>N\u00e4r du ska g\u00f6ra ditt gymnasieval loggar du in p\u00e5 elevantagningens hemsida via knappen nedan. Inloggningsuppgifter f\u00e5r du hemskickat med brev till din folkbokf\u00f6ringsadress.<\/p>\n\n\t\t\t\t\t\t<\/div>\n\t\t\t\t\t\t\t\t\t<\/div>\n\t\t\t\t\t<\/li>\n\t\t\t<li class=\"c-steps__item\"\n\t\t\t\n\t\t>\n\t\t\t<div class=\"c-steps__circle u-radius-round\">\n\t\t\t\t\t\t\t\t\t<span class=\"c-steps__number\">2<\/span>\n\t\t\t\t\t\t\t<\/div>\n\n\t\t\t\t\t\t\t<div class=\"c-steps__content l-stack-xs\">\n\t\t\t\t\t\t\t\t\t\t\t<h3 class=\"c-steps__title u-font-title-3\">\n\t\t\t\t\t\t\t\t\t\t\t\t\t\t\tKontrollera\n\t\t\t\t\t\t\t\t\t\t\t\t\t<\/h3>\n\t\t\t\t\t\n\t\t\t\t\t\t\t\t\t\t\t<div class=\"c-steps__text l-stack-sm u-font-body\">\n\t\t\t\t\t\t\t<p>Kontrollera att dina betyg och kontaktuppgifter st\u00e4mmer.<\/p>\n\n\t\t\t\t\t\t<\/div>\n\t\t\t\t\t\t\t\t\t<\/div>\n\t\t\t\t\t<\/li>\n\t\t\t<li class=\"c-steps__item\"\n\t\t\t\n\t\t>\n\t\t\t<div class=\"c-steps__circle u-radius-round\">\n\t\t\t\t\t\t\t\t\t<span class=\"c-steps__number\">3<\/span>\n\t\t\t\t\t\t\t<\/div>\n\n\t\t\t\t\t\t\t<div class=\"c-steps__content l-stack-xs\">\n\t\t\t\t\t\t\t\t\t\t\t<h3 class=\"c-steps__title u-font-title-3\">\n\t\t\t\t\t\t\t\t\t\t\t\t\t\t\tHitta din utbildning\n\t\t\t\t\t\t\t\t\t\t\t\t\t<\/h3>\n\t\t\t\t\t\n\t\t\t\t\t\t\t\t\t\t\t<div class=\"c-steps__text l-stack-sm u-font-body\">\n\t\t\t\t\t\t\t<p>S\u00f6k p\u00e5 Drottning Blankas Gymnasieskola Malm\u00f6 Lilla Torg eller ans\u00f6kningskoden f\u00f6r programmet du \u00e4r intresserad av.<\/p>\n\n\t\t\t\t\t\t<\/div>\n\t\t\t\t\t\t\t\t\t<\/div>\n\t\t\t\t\t<\/li>\n\t\t\t<li class=\"c-steps__item\"\n\t\t\t\n\t\t>\n\t\t\t<div class=\"c-steps__circle u-radius-round\">\n\t\t\t\t\t\t\t\t\t<span class=\"c-steps__number\">4<\/span>\n\t\t\t\t\t\t\t<\/div>\n\n\t\t\t\t\t\t\t<div class=\"c-steps__content l-stack-xs\">\n\t\t\t\t\t\t\t\t\t\t\t<h3 class=\"c-steps__title u-font-title-3\">\n\t\t\t\t\t\t\t\t\t\t\t\t\t\t\tJustera valet\n\t\t\t\t\t\t\t\t\t\t\t\t\t<\/h3>\n\t\t\t\t\t\n\t\t\t\t\t\t\t\t\t\t\t<div class=\"c-steps__text l-stack-sm u-font-body\">\n\t\t\t\t\t\t\t<p>Du kan \u00e4ndra ordningen och g\u00f6ra andra f\u00f6r\u00e4ndringar men det \u00e4r viktigt att valen prioriteras i \u00f6nskad ordning innan du bekr\u00e4ftar din ans\u00f6kan.<\/p>\n\n\t\t\t\t\t\t<\/div>\n\t\t\t\t\t\t\t\t\t<\/div>\n\t\t\t\t\t<\/li>\n\t\t\t<li class=\"c-steps__item\"\n\t\t\t\n\t\t>\n\t\t\t<div class=\"c-steps__circle u-radius-round\">\n\t\t\t\t\t\t\t\t\t<span class=\"c-steps__number\">5<\/span>\n\t\t\t\t\t\t\t<\/div>\n\n\t\t\t\t\t\t\t<div class=\"c-steps__content l-stack-xs\">\n\t\t\t\t\t\t\t\t\t\t\t<h3 class=\"c-steps__title u-font-title-3\">\n\t\t\t\t\t\t\t\t\t\t\t\t\t\t\tBekr\u00e4fta ans\u00f6kan\n\t\t\t\t\t\t\t\t\t\t\t\t\t<\/h3>\n\t\t\t\t\t\n\t\t\t\t\t\t\t\t\t<\/div>\n\t\t\t\t\t<\/li>\n\t\t\t<li class=\"c-steps__item\"\n\t\t\t\n\t\t>\n\t\t\t<div class=\"c-steps__circle u-radius-round\">\n\t\t\t\t\t\t\t\t\t<span class=\"c-steps__number\">6<\/span>\n\t\t\t\t\t\t\t<\/div>\n\n\t\t\t\t\t\t\t<div class=\"c-steps__content l-stack-xs\">\n\t\t\t\t\t\t\t\t\t\t\t<h3 class=\"c-steps__title u-font-title-3\">\n\t\t\t\t\t\t\t\t\t\t\t\t\t\t\tSkicka in\n\t\t\t\t\t\t\t\t\t\t\t\t\t<\/h3>\n\t\t\t\t\t\n\t\t\t\t\t\t\t\t\t\t\t<div class=\"c-steps__text l-stack-sm u-font-body\">\n\t\t\t\t\t\t\t<p>Skriv ut och l\u00e4mna en undertecknad kopia av din ans\u00f6kan till din studie- och yrkesv\u00e4gledare. Om du saknar en studie- och yrkesv\u00e4gledare eller om du inte g\u00e5r i skolan skickar du den undertecknade kopian till Antagningsenheten.<\/p>\n\n\t\t\t\t\t\t<\/div>\n\t\t\t\t\t\t\t\t\t<\/div>\n\t\t\t\t\t<\/li>\n\t<\/ol>\n\t\n\t\t\t<div class=\"ams-timeline__action u-inline-items\">\n\t\t\t\t\t\t\t\n\n\n<a href=\"https:\/\/www.skanegy.se\/\"\n\t\n\tclass=\"c-btn \"\n\tdata-style=\"round\"\n\tdata-size=\"md\"\n\tdata-width=\"full-mobile\"\n\tdata-variant=\"default\"\n\ttarget=\"_blank\">\n\t\t\t<span class=\"label\"> G\u00f6r ditt gymnasieval h\u00e4r<\/span>\n\t\t\t<\/a>\n\t\t\t<\/div>\n\t<\/div>\n\n\t\t\n\n<\/section>\n\n\n\n\t\n\t\n\t\n\n\t\n\t\n\t\t\n<section  class=\"c-block l-stacked  \" data-color-scheme=\"gra\">\n\t<div class=\"ams-fifty ams-fifty--container ams-fifty--right ams-fifty--top l-container u-pt-fluid-3xl-6xl u-pb-fluid-3xl-6xl\">\n\t\t<div class=\"ams-fifty__content l-stack l-stack-xl is-left is-left@lg\">\n\t\t\t<div class=\"ams-fifty__text l-stack l-stack-lg\">\n\t\t\t\t\t\n\t<h2\n\tclass=\"c-heading u-font-title-1 \"\n\tstyle=\"\">\n\t\t\n\t\t\t\t\tAns\u00f6kningskoder f\u00f6r v\u00e5ra program\n\t\t\t\t\n\t<\/h2>\n\n\t\t\t\t\t\t\t\t\t<div class=\"text l-stack u-font-body\">\n\t\t\t\t\t\t<p><strong>H\u00e5r- och makeupstylist<\/strong><br \/>\nFris\u00f6r- och stylistprogrammet \u2013 H\u00e5r- och makeupstylist: <strong>FRHAM<\/strong><\/p>\n<p><strong>Kriminologi<\/strong><br \/>\nSamh\u00e4llsvetenskapsprogrammet \u2013 Beteendevetenskap: <strong>SABEP<\/strong><\/p>\n<p><strong>Akutsjukv\u00e5rd<\/strong><br \/>\nV\u00e5rd- och omsorgsprogrammet: <strong>VO<\/strong><\/p>\n\n\t\t\t\t\t<\/div>\n\t\t\t\t\t\t\t<\/div>\n\n\t\t\t\t<div class=\"ams-fifty__action u-inline-items\">\n\t\t\t\t\t\t\t\n\n\n<a href=\"https:\/\/drottningblanka.se\/malmo-lilla-torg\/program\/\"\n\t\n\tclass=\"c-btn \"\n\tdata-style=\"round\"\n\tdata-size=\"md\"\n\tdata-width=\"full-mobile\"\n\tdata-variant=\"default\"\n\ttarget=\"_self\">\n\t\t\t<span class=\"label\"> L\u00e4s mer om v\u00e5ra program<\/span>\n\t\t\t<\/a>\n\t\t\t<\/div>\n\t\t<\/div>\n\n\t\t <div class=\"ams-fifty__media u-ratio-square\">\n\t\t \t\t\t\t\t<img decoding=\"async\" width=\"600\" height=\"900\" src=\"https:\/\/drottningblanka.se\/wp-content\/uploads\/sites\/41\/2024\/04\/dbgylund202403h8a4431-600x900.jpeg\" class=\"attachment-md size-md\" alt=\"Elever i skolans gemensamma lokaler\" sizes=\"(min-width: 64em) 600px, calc(100vw - 160px)\" srcset=\"https:\/\/drottningblanka.se\/wp-content\/uploads\/sites\/41\/2024\/04\/dbgylund202403h8a4431-600x900.jpeg 600w, https:\/\/drottningblanka.se\/wp-content\/uploads\/sites\/41\/2024\/04\/dbgylund202403h8a4431-300x450.jpeg 300w, https:\/\/drottningblanka.se\/wp-content\/uploads\/sites\/41\/2024\/04\/dbgylund202403h8a4431-400x600.jpeg 400w, https:\/\/drottningblanka.se\/wp-content\/uploads\/sites\/41\/2024\/04\/dbgylund202403h8a4431-800x1200.jpeg 800w, https:\/\/drottningblanka.se\/wp-content\/uploads\/sites\/41\/2024\/04\/dbgylund202403h8a4431.jpeg 853w\" \/>\n\t\t\t\n\t\t\t\n\t\t\t\t\t<\/div>\n\t<\/div>\n\n\t\t\n\n<\/section>\n\n\n\n\t\n\t\n\t\n\n\t\n\t\n\t\t\n<section  class=\"c-block l-stacked  \" data-color-scheme=\"vit\">\n\t<div class=\"ams-fifty ams-fifty--container ams-fifty--left ams-fifty--top l-container u-pt-fluid-3xl-6xl u-pb-fluid-3xl-6xl\">\n\t\t<div class=\"ams-fifty__content l-stack l-stack-xl is-left is-left@lg\">\n\t\t\t<div class=\"ams-fifty__text l-stack l-stack-lg\">\n\t\t\t\t\t\n\t<h2\n\tclass=\"c-heading u-font-title-1 \"\n\tstyle=\"\">\n\t\t\n\t\t\t\t\tHar du sv\u00e5rt att v\u00e4lja program?\n\t\t\t\t\n\t<\/h2>\n\n\t\t\t\t\t\t\t\t\t<div class=\"text l-stack u-font-body\">\n\t\t\t\t\t\t<p>P\u00e5 Gymnasiekoll.se kan du g\u00f6ra ett enkelt test f\u00f6r att se vad som passar dig. Testet bygger p\u00e5 en AI som matchar dina svar mot elever som redan g\u00e5r p\u00e5 gymnasiet, och ber\u00e4ttar mer om de program som passar dig b\u00e4st.<\/p>\n\n\t\t\t\t\t<\/div>\n\t\t\t\t\t\t\t<\/div>\n\n\t\t\t\t<div class=\"ams-fifty__action u-inline-items\">\n\t\t\t\t\t\t\t\n\n\n<a href=\"https:\/\/gymnasiekoll.se\/gymnasietestet\/\"\n\t\n\tclass=\"c-btn \"\n\tdata-style=\"round\"\n\tdata-size=\"md\"\n\tdata-width=\"full-mobile\"\n\tdata-variant=\"outline\"\n\ttarget=\"_blank\">\n\t\t\t<span class=\"label\"> G\u00f6r gymnasietestet<\/span>\n\t\t\t<\/a>\n\t\t\t<\/div>\n\t\t<\/div>\n\n\t\t <div class=\"ams-fifty__media u-ratio-square\">\n\t\t \t\t\t\t\t<img decoding=\"async\" width=\"600\" height=\"400\" src=\"https:\/\/drottningblanka.se\/wp-content\/uploads\/sites\/41\/2024\/04\/dbgygoteborg202403h8a6927-600x400.jpeg\" class=\"attachment-md size-md\" alt=\"Elever i ett grupprum\" sizes=\"(min-width: 64em) 600px, calc(100vw - 160px)\" srcset=\"https:\/\/drottningblanka.se\/wp-content\/uploads\/sites\/41\/2024\/04\/dbgygoteborg202403h8a6927-600x400.jpeg 600w, https:\/\/drottningblanka.se\/wp-content\/uploads\/sites\/41\/2024\/04\/dbgygoteborg202403h8a6927-300x200.jpeg 300w, https:\/\/drottningblanka.se\/wp-content\/uploads\/sites\/41\/2024\/04\/dbgygoteborg202403h8a6927-400x267.jpeg 400w, https:\/\/drottningblanka.se\/wp-content\/uploads\/sites\/41\/2024\/04\/dbgygoteborg202403h8a6927-800x533.jpeg 800w, https:\/\/drottningblanka.se\/wp-content\/uploads\/sites\/41\/2024\/04\/dbgygoteborg202403h8a6927-1024x683.jpeg 1024w, https:\/\/drottningblanka.se\/wp-content\/uploads\/sites\/41\/2024\/04\/dbgygoteborg202403h8a6927.jpeg 1080w\" \/>\n\t\t\t\n\t\t\t\n\t\t\t\t\t<\/div>\n\t<\/div>\n\n\t\t\n\n<\/section>\n\n\n\n<section \n\t\t class=\"\n\t\t ams-contact\n\t\t \n\t\t c-block l-stacked\n\t\t \n\t\t \n\t\t js-load-more\n\t\t \"\n\t\t data-color-scheme=\"beige\"\n\t\t\t\t\tdata-count=\"3\"\n\t\t\t\t\t\t\tdata-count-mobile=\"2\"\n\t\t\t\t>\n\t<div\n\t\t class=\"\n\t\t l-container\n\t\t l-stack l-stack-fluid-2xl\n\t\t u-pt-fluid-3xl-6xl\n\t\t u-pb-fluid-3xl-6xl\n\t\t is-center\n\t\t is-center@md\n\t\t \">\n\t\t\t\t\t<div class=\"ams-contact__intro l-stack l-stack-lg\">\n\t\t\t\t\t\n\t<h2\n\tclass=\"c-heading u-font-title-1 \"\n\tstyle=\"\">\n\t\t\n\t\t\t\t\tHar du fr\u00e5gor?\n\t\t\t\t\n\t<\/h2>\n\n\t\t\t\t\t\t\t\t\t<div class=\"c-text l-stack u-cs-xl u-font-body\">\n\t\t\t\t\t\t<p>Om du k\u00e4nner dig os\u00e4ker p\u00e5 gymnasievalet eller har fr\u00e5gor om v\u00e5r skola \u00e4r du alltid v\u00e4lkommen att kontakta oss direkt!<\/p>\n\n\t\t\t\t\t<\/div>\n\t\t\t\t\t\t\t<\/div>\n\t\t\n\t\t\n\t\t    \t\n\t\t\n\t\t<ul\n\t\t\tid=\"contact-grid-69d0ccaad7544\"\n\t\t\tclass=\"ams-contact__list l-grid u-gap-fluid-2xl-4xl u-justify-center js-results \"\n\t\t\taria-label=\"Kontakter\"\n\t\t\tdata-filter-animation=\"off\"\n\t\t\t>\n\t\t\t\t\t\t\t\t\t\t\t\n\t\t\t\t\n\t\t\t\t<li class=\"l-col-12 \" data-filter=\"ledning\">\n\t\t\t\t\t<article class=\"c-card u-justify-center\" data-variant=\"inline\">\n\t\t\t\t\t\t<div class=\"c-card__content u-flex-basis-auto u-flex-grow-0 u-text-center@mobile\">\n\t\t\t\t\t\t\t\t\t\t\t\t\t\t\t<h3 class=\"c-card__title u-font-title-3\">\n\t\t\t\t\t\t\t\t\tAnnika Silverup\n\t\t\t\t\t\t\t\t<\/h3>\n\t\t\t\t\t\t\t\n\t\t\t\t\t\t\t\t\t\t\t\t\t\t\t<p class=\"position u-font-body\">Rektor<\/p>\n\t\t\t\t\t\t\t\n\t\t\t\t\t\t\t\t\t\t\t\t\t\t\t<div class=\"contact-info u-font-body\">\n\t\t\t\t\t\t\t\t\t\t\t\t\t\t\t\t\t\t\t\t\t\t\t\t\t\t\t\t\t\t<p class=\"phone\"><a\n\t\t\t\t\t\t\t\t\t\t\t\t\thref=\"tel:0722012260\"\n\t\t\t\t\t\t\t\t\t\t\t\t\tclass=\"u-text-link\">0722-01 22 60<\/a>\n\t\t\t\t\t\t\t\t\t\t\t<\/p>\n\t\t\t\t\t\t\t\t\t\t\t\t\t\t\t\t\t\t\t\n\t\t\t\t\t\t\t\t\t\t\t\t\t\t\t\t\t\t\t\t\t\t\t\t\t\t\t\t\t\t<p class=\"email\"><a\n\t\t\t\t\t\t\t\t\t\t\t\t\thref=\"ma&#105;lt&#111;:an&#110;&#105;ka.s&#105;&#108;&#118;e&#114;up&#064;&#097;&#099;&#097;&#100;&#101;&#109;ed&#105;a.s&#101;\"\n\t\t\t\t\t\t\t\t\t\t\t\t\tclass=\"u-text-link\">ann&#105;k&#097;.s&#105;&#108;ve&#114;up&#064;a&#099;&#097;d&#101;&#109;&#101;dia&#046;s&#101;<\/a>\n\t\t\t\t\t\t\t\t\t\t\t<\/p>\n\t\t\t\t\t\t\t\t\t\t\t\t\t\t\t\t\t\t\t\t\t\t\t\t\t\t\t<\/div>\n\t\t\t\t\t\t\t\n\t\t\t\t\t\t\t\t\t\t\t\t\t<\/div>\n\t\t\t\t\t\t<div class=\"c-card__media\">\n\t\t\t\t\t\t\t\t\t\t\t\t\t\t\t\t\t\t\t\t\t\t\t\t\t\t\t\t\t\t\t\t\t\t\t\t\t\t\t\t\t\t\t\t\t\t\t\t\t<img decoding=\"async\" width=\"400\" height=\"533\" src=\"https:\/\/drottningblanka.se\/wp-content\/uploads\/sites\/41\/2022\/07\/annika-s-400x533.jpg\" class=\"u-radius-round u-ratio-landscape  \" alt=\"Personalbild\" sizes=\"(max-width: 300px) 100vw, 300px\" srcset=\"https:\/\/drottningblanka.se\/wp-content\/uploads\/sites\/41\/2022\/07\/annika-s-400x533.jpg 400w, https:\/\/drottningblanka.se\/wp-content\/uploads\/sites\/41\/2022\/07\/annika-s-300x400.jpg 300w, https:\/\/drottningblanka.se\/wp-content\/uploads\/sites\/41\/2022\/07\/annika-s-600x800.jpg 600w, https:\/\/drottningblanka.se\/wp-content\/uploads\/sites\/41\/2022\/07\/annika-s-800x1067.jpg 800w, https:\/\/drottningblanka.se\/wp-content\/uploads\/sites\/41\/2022\/07\/annika-s-1024x1366.jpg 1024w, https:\/\/drottningblanka.se\/wp-content\/uploads\/sites\/41\/2022\/07\/annika-s-1200x1600.jpg 1200w, https:\/\/drottningblanka.se\/wp-content\/uploads\/sites\/41\/2022\/07\/annika-s.jpg 1817w\" \/>\n\t\t\t\t\t\t<\/div>\n\t\t\t\t\t<\/article>\n\t\t\t\t<\/li>\n\t\t\t\t\t<\/ul>\n\n\t\t\n\t\t    <div class=\"ams-contact__more u-inline-items js-load-more-btn\">\n        <button href=\"#\"\n                class=\"c-btn\"\n                data-style=\"round\"\n                data-size=\"md\"\n                data-width=\"full-mobile\"\n                data-variant=\"outline\">\n        \tVisa mer\n        <\/button>\n    <\/div>\n\n\t\t\t<\/div>\n\n\t\t\n\n<\/section>\n","protected":false},"excerpt":{"rendered":"","protected":false},"author":1,"featured_media":0,"parent":0,"menu_order":0,"comment_status":"closed","ping_status":"closed","template":"","meta":{"footnotes":""},"yoast_head":"<!-- This site is optimized with the Yoast SEO plugin v22.0 - https:\/\/yoast.com\/wordpress\/plugins\/seo\/ -->\n<title>S\u00f6ka till DBGY Malm\u00f6 Lilla Torg - Drottning Blanka Malm\u00f6 Lilla Torg<\/title>\n<meta name=\"description\" content=\"Vill du s\u00f6ka till Drottning Blankas Gymnasieskola Malm\u00f6 Lilla Torg? D\u00e5 \u00e4r det bara att f\u00f6lja guiden h\u00e4r. V\u00e4lkommen till Drottning Blanka!\" \/>\n<meta name=\"robots\" content=\"index, follow, max-snippet:-1, max-image-preview:large, max-video-preview:-1\" \/>\n<link rel=\"canonical\" href=\"https:\/\/drottningblanka.se\/malmo-lilla-torg\/soka-till-dbgy-malmo-lilla-torg\/\" \/>\n<meta property=\"og:locale\" content=\"sv_SE\" \/>\n<meta property=\"og:type\" content=\"article\" \/>\n<meta property=\"og:title\" content=\"S\u00f6ka till DBGY Malm\u00f6 Lilla Torg - Drottning Blanka Malm\u00f6 Lilla Torg\" \/>\n<meta property=\"og:description\" content=\"Vill du s\u00f6ka till Drottning Blankas Gymnasieskola Malm\u00f6 Lilla Torg? D\u00e5 \u00e4r det bara att f\u00f6lja guiden h\u00e4r. V\u00e4lkommen till Drottning Blanka!\" \/>\n<meta property=\"og:url\" content=\"https:\/\/drottningblanka.se\/malmo-lilla-torg\/soka-till-dbgy-malmo-lilla-torg\/\" \/>\n<meta property=\"og:site_name\" content=\"Malm\u00f6 Lilla Torg\" \/>\n<meta property=\"article:modified_time\" content=\"2025-09-05T12:29:08+00:00\" \/>\n<meta name=\"twitter:card\" content=\"summary_large_image\" \/>\n<meta name=\"twitter:title\" content=\"S\u00f6ka till DBGY Malm\u00f6 Lilla Torg - Drottning Blanka Malm\u00f6 Lilla Torg\" \/>\n<meta name=\"twitter:description\" content=\"Vill du s\u00f6ka till Drottning Blankas Gymnasieskola Malm\u00f6 Lilla Torg? D\u00e5 \u00e4r det bara att f\u00f6lja guiden h\u00e4r. V\u00e4lkommen till Drottning Blanka!\" \/>\n<meta name=\"twitter:label1\" content=\"Ber\u00e4knad l\u00e4stid\" \/>\n\t<meta name=\"twitter:data1\" content=\"2 minuter\" \/>\n<script type=\"application\/ld+json\" class=\"yoast-schema-graph\">{\"@context\":\"https:\/\/schema.org\",\"@graph\":[{\"@type\":\"WebPage\",\"@id\":\"https:\/\/drottningblanka.se\/malmo-lilla-torg\/soka-till-dbgy-malmo-lilla-torg\/\",\"url\":\"https:\/\/drottningblanka.se\/malmo-lilla-torg\/soka-till-dbgy-malmo-lilla-torg\/\",\"name\":\"S\u00f6ka till DBGY Malm\u00f6 Lilla Torg - Drottning Blanka Malm\u00f6 Lilla Torg\",\"isPartOf\":{\"@id\":\"https:\/\/drottningblanka.se\/malmo-lilla-torg\/#website\"},\"datePublished\":\"2022-07-25T20:55:40+00:00\",\"dateModified\":\"2025-09-05T12:29:08+00:00\",\"description\":\"Vill du s\u00f6ka till Drottning Blankas Gymnasieskola Malm\u00f6 Lilla Torg? D\u00e5 \u00e4r det bara att f\u00f6lja guiden h\u00e4r. V\u00e4lkommen till Drottning Blanka!\",\"breadcrumb\":{\"@id\":\"https:\/\/drottningblanka.se\/malmo-lilla-torg\/soka-till-dbgy-malmo-lilla-torg\/#breadcrumb\"},\"inLanguage\":\"sv-SE\",\"potentialAction\":[{\"@type\":\"ReadAction\",\"target\":[\"https:\/\/drottningblanka.se\/malmo-lilla-torg\/soka-till-dbgy-malmo-lilla-torg\/\"]}]},{\"@type\":\"BreadcrumbList\",\"@id\":\"https:\/\/drottningblanka.se\/malmo-lilla-torg\/soka-till-dbgy-malmo-lilla-torg\/#breadcrumb\",\"itemListElement\":[{\"@type\":\"ListItem\",\"position\":1,\"name\":\"Start\",\"item\":\"https:\/\/drottningblanka.se\/malmo-lilla-torg\/\"},{\"@type\":\"ListItem\",\"position\":2,\"name\":\"S\u00f6ka till DBGY Malm\u00f6 Lilla Torg\"}]},{\"@type\":\"WebSite\",\"@id\":\"https:\/\/drottningblanka.se\/malmo-lilla-torg\/#website\",\"url\":\"https:\/\/drottningblanka.se\/malmo-lilla-torg\/\",\"name\":\"Malm\u00f6 Lilla Torg\",\"description\":\"En del av AcadeMedia\",\"potentialAction\":[{\"@type\":\"SearchAction\",\"target\":{\"@type\":\"EntryPoint\",\"urlTemplate\":\"https:\/\/drottningblanka.se\/malmo-lilla-torg\/?s={search_term_string}\"},\"query-input\":\"required name=search_term_string\"}],\"inLanguage\":\"sv-SE\"}]}<\/script>\n<!-- \/ Yoast SEO plugin. -->","yoast_head_json":{"title":"S\u00f6ka till DBGY Malm\u00f6 Lilla Torg - Drottning Blanka Malm\u00f6 Lilla Torg","description":"Vill du s\u00f6ka till Drottning Blankas Gymnasieskola Malm\u00f6 Lilla Torg? D\u00e5 \u00e4r det bara att f\u00f6lja guiden h\u00e4r. V\u00e4lkommen till Drottning Blanka!","robots":{"index":"index","follow":"follow","max-snippet":"max-snippet:-1","max-image-preview":"max-image-preview:large","max-video-preview":"max-video-preview:-1"},"canonical":"https:\/\/drottningblanka.se\/malmo-lilla-torg\/soka-till-dbgy-malmo-lilla-torg\/","og_locale":"sv_SE","og_type":"article","og_title":"S\u00f6ka till DBGY Malm\u00f6 Lilla Torg - Drottning Blanka Malm\u00f6 Lilla Torg","og_description":"Vill du s\u00f6ka till Drottning Blankas Gymnasieskola Malm\u00f6 Lilla Torg? D\u00e5 \u00e4r det bara att f\u00f6lja guiden h\u00e4r. V\u00e4lkommen till Drottning Blanka!","og_url":"https:\/\/drottningblanka.se\/malmo-lilla-torg\/soka-till-dbgy-malmo-lilla-torg\/","og_site_name":"Malm\u00f6 Lilla Torg","article_modified_time":"2025-09-05T12:29:08+00:00","twitter_card":"summary_large_image","twitter_title":"S\u00f6ka till DBGY Malm\u00f6 Lilla Torg - Drottning Blanka Malm\u00f6 Lilla Torg","twitter_description":"Vill du s\u00f6ka till Drottning Blankas Gymnasieskola Malm\u00f6 Lilla Torg? D\u00e5 \u00e4r det bara att f\u00f6lja guiden h\u00e4r. V\u00e4lkommen till Drottning Blanka!","twitter_misc":{"Ber\u00e4knad l\u00e4stid":"2 minuter"},"schema":{"@context":"https:\/\/schema.org","@graph":[{"@type":"WebPage","@id":"https:\/\/drottningblanka.se\/malmo-lilla-torg\/soka-till-dbgy-malmo-lilla-torg\/","url":"https:\/\/drottningblanka.se\/malmo-lilla-torg\/soka-till-dbgy-malmo-lilla-torg\/","name":"S\u00f6ka till DBGY Malm\u00f6 Lilla Torg - Drottning Blanka Malm\u00f6 Lilla Torg","isPartOf":{"@id":"https:\/\/drottningblanka.se\/malmo-lilla-torg\/#website"},"datePublished":"2022-07-25T20:55:40+00:00","dateModified":"2025-09-05T12:29:08+00:00","description":"Vill du s\u00f6ka till Drottning Blankas Gymnasieskola Malm\u00f6 Lilla Torg? D\u00e5 \u00e4r det bara att f\u00f6lja guiden h\u00e4r. V\u00e4lkommen till Drottning Blanka!","breadcrumb":{"@id":"https:\/\/drottningblanka.se\/malmo-lilla-torg\/soka-till-dbgy-malmo-lilla-torg\/#breadcrumb"},"inLanguage":"sv-SE","potentialAction":[{"@type":"ReadAction","target":["https:\/\/drottningblanka.se\/malmo-lilla-torg\/soka-till-dbgy-malmo-lilla-torg\/"]}]},{"@type":"BreadcrumbList","@id":"https:\/\/drottningblanka.se\/malmo-lilla-torg\/soka-till-dbgy-malmo-lilla-torg\/#breadcrumb","itemListElement":[{"@type":"ListItem","position":1,"name":"Start","item":"https:\/\/drottningblanka.se\/malmo-lilla-torg\/"},{"@type":"ListItem","position":2,"name":"S\u00f6ka till DBGY Malm\u00f6 Lilla Torg"}]},{"@type":"WebSite","@id":"https:\/\/drottningblanka.se\/malmo-lilla-torg\/#website","url":"https:\/\/drottningblanka.se\/malmo-lilla-torg\/","name":"Malm\u00f6 Lilla Torg","description":"En del av AcadeMedia","potentialAction":[{"@type":"SearchAction","target":{"@type":"EntryPoint","urlTemplate":"https:\/\/drottningblanka.se\/malmo-lilla-torg\/?s={search_term_string}"},"query-input":"required name=search_term_string"}],"inLanguage":"sv-SE"}]}},"_links":{"self":[{"href":"https:\/\/drottningblanka.se\/malmo-lilla-torg\/wp-json\/wp\/v2\/pages\/7"}],"collection":[{"href":"https:\/\/drottningblanka.se\/malmo-lilla-torg\/wp-json\/wp\/v2\/pages"}],"about":[{"href":"https:\/\/drottningblanka.se\/malmo-lilla-torg\/wp-json\/wp\/v2\/types\/page"}],"author":[{"embeddable":true,"href":"https:\/\/drottningblanka.se\/malmo-lilla-torg\/wp-json\/wp\/v2\/users\/1"}],"replies":[{"embeddable":true,"href":"https:\/\/drottningblanka.se\/malmo-lilla-torg\/wp-json\/wp\/v2\/comments?post=7"}],"version-history":[{"count":10,"href":"https:\/\/drottningblanka.se\/malmo-lilla-torg\/wp-json\/wp\/v2\/pages\/7\/revisions"}],"predecessor-version":[{"id":2289,"href":"https:\/\/drottningblanka.se\/malmo-lilla-torg\/wp-json\/wp\/v2\/pages\/7\/revisions\/2289"}],"wp:attachment":[{"href":"https:\/\/drottningblanka.se\/malmo-lilla-torg\/wp-json\/wp\/v2\/media?parent=7"}],"curies":[{"name":"wp","href":"https:\/\/api.w.org\/{rel}","templated":true}]}}