{"id":456,"date":"2022-09-22T11:19:34","date_gmt":"2022-09-22T09:19:34","guid":{"rendered":"https:\/\/drottningblanka.se\/malmo-lilla-torg\/?page_id=456"},"modified":"2025-09-05T14:27:42","modified_gmt":"2025-09-05T12:27:42","slug":"program","status":"publish","type":"page","link":"https:\/\/drottningblanka.se\/malmo-lilla-torg\/program\/","title":{"rendered":"Program"},"content":{"rendered":"\n\n<section  class=\"ams-courses-list c-block l-stacked\" data-color-scheme=\"kurslistning\">\n\t<div class=\"l-container l-stack l-stack-fluid-2xl u-pt-fluid-3xl-6xl u-pb-fluid-3xl-6xl is-center is-center@md\">\n\t\t\t\t\t<div class=\"ams-courses-list__intro l-stack l-stack-lg\">\n\t\t\t\t\t\n\t<h1\n\tclass=\"c-heading u-font-title-1 \"\n\tstyle=\"\">\n\t\t\n\t\t\t\t\tV\u00e5ra gymnasieprogram i Malm\u00f6\n\t\t\t\t\n\t<\/h1>\n\n\t\t\t\t\t\t\t\t\t<div class=\"c-text l-stack u-cs-xl u-font-body\">\n\t\t\t\t\t\t<p>L\u00e4s mer och uppt\u00e4ck v\u00e5ra program och profiler!<\/p>\n\n\t\t\t\t\t<\/div>\n\t\t\t\t\t\t\t<\/div>\n\t\t\n\t\t\n\t\t\t\n<ul class=\"ams-courses-list__list l-grid u-gap-fluid-2xl-4xl u-justify-center\">\n\t\t\t<li class=\"l-col-6@md l-col-4@lg\">\n\t\t\t<article class=\"c-card has-media-zoom  \"\n\t\t\t\t\t\tdata-variant=\"\"\n\t\t\t\t\t\tdata-style=\"square\"\n\t\t\t\t\t\tdata-click-area>\n\t\t\t\t<div class=\"c-card__content l-stack l-stack-sm\">\n\t\t\t\t\t\t\t\t\t\t\t<h2 class=\"c-card__title u-font-title-3\">\n\t\t\t\t\t\t\t\t\t\t\t\t\t\t\t<a class=\"c-card__title-link\" href=\"https:\/\/drottningblanka.se\/malmo-lilla-torg\/program\/frisor-och-stylistprogrammet\/har-och-makeupstylist\/\">\n\t\t\t\t\t\t\t\t\tH\u00e5r- och makeupstylist\n\t\t\t\t\t\t\t\t<\/a>\n\t\t\t\t\t\t\t\t\t\t\t\t\t<\/h2>\n\t\t\t\t\t\n\t\t\t\t\t\t\t\t\t\t\t<p class=\"c-card__text l-stack-xs u-font-body u-hide@mobile\">\n\t\t\t\t\t\t\tF\u00f6r dig som gillar service i kombination med f\u00e4rg, form och design passar detta bra.\n\t\t\t\t\t\t<\/p>\n\t\t\t\t\t\n\t\t\t\t\t\t\t\t\t\t\t\t\t\t\t\t<ul class=\"c-card__list u-list-none l-stack-grow u-divider-top u-font-body\">\n\t\t\t\t\t\t\t\t\t\t\t\t\t\t\t<li>\n\t\t\t\t\t\t\t\t\t<strong>Program<\/strong>\n\t\t\t\t\t\t\t\t\t<ul class=\"u-list-dash\">\n\t\t\t\t\t\t\t\t\t\t\t\t\t\t\t\t\t\t\t\t\t<li>Fris\u00f6r- och stylistprogrammet<\/li>\n\t\t\t\t\t\t\t\t\t\t\t\t\t\t\t\t\t\t\t<\/ul>\n\t\t\t\t\t\t\t\t<\/li>\n\t\t\t\t\t\t\t\n\t\t\t\t\t\t\t\t\t\t\t\t\t\t\t\t\t\t\t\t\t\t\t\t<li>\n\t\t\t\t\t\t\t\t\t\t<strong>Inriktning<\/strong>\n\t\t\t\t\t\t\t\t\t\t<ul class=\"u-list-dash\">\n\t\t\t\t\t\t\t\t\t\t\t\t\t\t\t\t\t\t\t\t\t\t\t<li>H\u00e5r- och makeupstylist<\/li>\n\t\t\t\t\t\t\t\t\t\t\t\t\t\t\t\t\t\t\t\t\t<\/ul>\n\t\t\t\t\t\t\t\t\t<\/li>\n\t\t\t\t\t\t\t\t\t\t\t\t\t\t\t\t\t\t\t\t\t<\/ul>\n\n\t\t\t\t\t\t<div class=\"c-card__icon c-card__icon--nl\">\n\t\t\t\t\t\t\t\t\t\t\t\t\t\t<svg class=\"ams-icon ams-icon--arrow-right\" width=\"32\" height=\"32\" viewbox=\"0 0 32 32\" fill=\"currentColor\" aria-hidden=\"true\" xmlns=\"http:\/\/www.w3.org\/2000\/svg\">\n\t\t\t\t\t\t\t\t\t\t\t\t\t\t\t\t<path d=\"M15.4617 0.252159L14.9567 0.75931C14.6219 1.09545 14.6219 1.64048 14.9567 1.97669L27.7062 14.7806H0.857144C0.383786 14.7806 0 15.166 0 15.6414V16.3587C0 16.8341 0.383786 17.2195 0.857144 17.2195H27.7062L14.9567 30.0234C14.6219 30.3595 14.6219 30.9045 14.9567 31.2407L15.4617 31.7479C15.7964 32.084 16.3392 32.084 16.6739 31.7479L31.749 16.6087C32.0837 16.2725 32.0837 15.7275 31.749 15.3913L16.6739 0.252159C16.3392 -0.084053 15.7964 -0.084053 15.4617 0.252159Z\"\/>\n\t\t\t\t\t\t\t\n\t\t\t\t\t\t\t<\/svg>\n\t\t\t\t\t\t<\/div>\n\t\t\t\t\t\t\t\t\t<\/div>\n\t\t\t\t<div class=\"c-card__media \" style=\" \">\n\t\t\t\t\t<img decoding=\"async\" width=\"400\" height=\"267\" src=\"https:\/\/drottningblanka.se\/wp-content\/uploads\/sites\/41\/2023\/06\/hvharstylistdbgyhelsingborg202403h8a0468-400x267.jpg\" class=\"attachment-sm size-sm wp-post-image\" alt=\"Elever sminkar en kund\" sizes=\"(min-width: 64em) 300px, (min-width: 48em) calc(.50 * (100vw - 240px)), calc(100vw - 160px)\" srcset=\"https:\/\/drottningblanka.se\/wp-content\/uploads\/sites\/41\/2023\/06\/hvharstylistdbgyhelsingborg202403h8a0468-400x267.jpg 400w, https:\/\/drottningblanka.se\/wp-content\/uploads\/sites\/41\/2023\/06\/hvharstylistdbgyhelsingborg202403h8a0468-300x200.jpg 300w, https:\/\/drottningblanka.se\/wp-content\/uploads\/sites\/41\/2023\/06\/hvharstylistdbgyhelsingborg202403h8a0468-600x400.jpg 600w, https:\/\/drottningblanka.se\/wp-content\/uploads\/sites\/41\/2023\/06\/hvharstylistdbgyhelsingborg202403h8a0468-800x533.jpg 800w, https:\/\/drottningblanka.se\/wp-content\/uploads\/sites\/41\/2023\/06\/hvharstylistdbgyhelsingborg202403h8a0468-1024x683.jpg 1024w, https:\/\/drottningblanka.se\/wp-content\/uploads\/sites\/41\/2023\/06\/hvharstylistdbgyhelsingborg202403h8a0468.jpg 1080w\" \/>\n\t\t\t\t<\/div>\n\t\t\t<\/article>\n\t\t<\/li>\n\t\t\t<li class=\"l-col-6@md l-col-4@lg\">\n\t\t\t<article class=\"c-card has-media-zoom  \"\n\t\t\t\t\t\tdata-variant=\"\"\n\t\t\t\t\t\tdata-style=\"square\"\n\t\t\t\t\t\tdata-click-area>\n\t\t\t\t<div class=\"c-card__content l-stack l-stack-sm\">\n\t\t\t\t\t\t\t\t\t\t\t<h2 class=\"c-card__title u-font-title-3\">\n\t\t\t\t\t\t\t\t\t\t\t\t\t\t\t<a class=\"c-card__title-link\" href=\"https:\/\/drottningblanka.se\/malmo-lilla-torg\/program\/samhallsvetenskapsprogrammet\/kriminologi\/\">\n\t\t\t\t\t\t\t\t\tKriminologi\n\t\t\t\t\t\t\t\t<\/a>\n\t\t\t\t\t\t\t\t\t\t\t\t\t<\/h2>\n\t\t\t\t\t\n\t\t\t\t\t\t\t\t\t\t\t<p class=\"c-card__text l-stack-xs u-font-body u-hide@mobile\">\n\t\t\t\t\t\t\tGrunden till denna utbildning \u00e4r Samh\u00e4llsvetenskapsprogrammet med inriktningen beteendevetenskap, s\u00e5 du f\u00e5r en bred bas att bygga vidare p\u00e5 inf\u00f6r vidare studier.\n\t\t\t\t\t\t<\/p>\n\t\t\t\t\t\n\t\t\t\t\t\t\t\t\t\t\t\t\t\t\t\t<ul class=\"c-card__list u-list-none l-stack-grow u-divider-top u-font-body\">\n\t\t\t\t\t\t\t\t\t\t\t\t\t\t\t<li>\n\t\t\t\t\t\t\t\t\t<strong>Program<\/strong>\n\t\t\t\t\t\t\t\t\t<ul class=\"u-list-dash\">\n\t\t\t\t\t\t\t\t\t\t\t\t\t\t\t\t\t\t\t\t\t<li>Samh\u00e4llsvetenskapsprogrammet<\/li>\n\t\t\t\t\t\t\t\t\t\t\t\t\t\t\t\t\t\t\t<\/ul>\n\t\t\t\t\t\t\t\t<\/li>\n\t\t\t\t\t\t\t\n\t\t\t\t\t\t\t\t\t\t\t\t\t\t\t\t\t\t\t\t\t\t\t\t<li>\n\t\t\t\t\t\t\t\t\t\t<strong>Inriktning<\/strong>\n\t\t\t\t\t\t\t\t\t\t<ul class=\"u-list-dash\">\n\t\t\t\t\t\t\t\t\t\t\t\t\t\t\t\t\t\t\t\t\t\t\t<li>Beteendevetenskap<\/li>\n\t\t\t\t\t\t\t\t\t\t\t\t\t\t\t\t\t\t\t\t\t<\/ul>\n\t\t\t\t\t\t\t\t\t<\/li>\n\t\t\t\t\t\t\t\t\t\t\t\t\t\t\t\t\t\t\t\t\t<\/ul>\n\n\t\t\t\t\t\t<div class=\"c-card__icon c-card__icon--nl\">\n\t\t\t\t\t\t\t\t\t\t\t\t\t\t<svg class=\"ams-icon ams-icon--arrow-right\" width=\"32\" height=\"32\" viewbox=\"0 0 32 32\" fill=\"currentColor\" aria-hidden=\"true\" xmlns=\"http:\/\/www.w3.org\/2000\/svg\">\n\t\t\t\t\t\t\t\t\t\t\t\t\t\t\t\t<path d=\"M15.4617 0.252159L14.9567 0.75931C14.6219 1.09545 14.6219 1.64048 14.9567 1.97669L27.7062 14.7806H0.857144C0.383786 14.7806 0 15.166 0 15.6414V16.3587C0 16.8341 0.383786 17.2195 0.857144 17.2195H27.7062L14.9567 30.0234C14.6219 30.3595 14.6219 30.9045 14.9567 31.2407L15.4617 31.7479C15.7964 32.084 16.3392 32.084 16.6739 31.7479L31.749 16.6087C32.0837 16.2725 32.0837 15.7275 31.749 15.3913L16.6739 0.252159C16.3392 -0.084053 15.7964 -0.084053 15.4617 0.252159Z\"\/>\n\t\t\t\t\t\t\t\n\t\t\t\t\t\t\t<\/svg>\n\t\t\t\t\t\t<\/div>\n\t\t\t\t\t\t\t\t\t<\/div>\n\t\t\t\t<div class=\"c-card__media \" style=\" \">\n\t\t\t\t\t<img decoding=\"async\" width=\"400\" height=\"267\" src=\"https:\/\/drottningblanka.se\/wp-content\/uploads\/sites\/41\/2023\/06\/sabetdbgygoteborg202403h8a4474-400x267.jpg\" class=\"attachment-sm size-sm wp-post-image\" alt=\"L\u00e4rare och tv\u00e5 elever i ett klassrum\" sizes=\"(min-width: 64em) 300px, (min-width: 48em) calc(.50 * (100vw - 240px)), calc(100vw - 160px)\" srcset=\"https:\/\/drottningblanka.se\/wp-content\/uploads\/sites\/41\/2023\/06\/sabetdbgygoteborg202403h8a4474-400x267.jpg 400w, https:\/\/drottningblanka.se\/wp-content\/uploads\/sites\/41\/2023\/06\/sabetdbgygoteborg202403h8a4474-300x200.jpg 300w, https:\/\/drottningblanka.se\/wp-content\/uploads\/sites\/41\/2023\/06\/sabetdbgygoteborg202403h8a4474-600x400.jpg 600w, https:\/\/drottningblanka.se\/wp-content\/uploads\/sites\/41\/2023\/06\/sabetdbgygoteborg202403h8a4474-800x533.jpg 800w, https:\/\/drottningblanka.se\/wp-content\/uploads\/sites\/41\/2023\/06\/sabetdbgygoteborg202403h8a4474-1024x683.jpg 1024w, https:\/\/drottningblanka.se\/wp-content\/uploads\/sites\/41\/2023\/06\/sabetdbgygoteborg202403h8a4474.jpg 1080w\" \/>\n\t\t\t\t<\/div>\n\t\t\t<\/article>\n\t\t<\/li>\n\t\t\t<li class=\"l-col-6@md l-col-4@lg\">\n\t\t\t<article class=\"c-card has-media-zoom  \"\n\t\t\t\t\t\tdata-variant=\"\"\n\t\t\t\t\t\tdata-style=\"square\"\n\t\t\t\t\t\tdata-click-area>\n\t\t\t\t<div class=\"c-card__content l-stack l-stack-sm\">\n\t\t\t\t\t\t\t\t\t\t\t<h2 class=\"c-card__title u-font-title-3\">\n\t\t\t\t\t\t\t\t\t\t\t\t\t\t\t<a class=\"c-card__title-link\" href=\"https:\/\/drottningblanka.se\/malmo-lilla-torg\/program\/vard-och-omsorgsprogrammet\/akutsjukvard\/\">\n\t\t\t\t\t\t\t\t\tAkutsjukv\u00e5rd\n\t\t\t\t\t\t\t\t<\/a>\n\t\t\t\t\t\t\t\t\t\t\t\t\t<\/h2>\n\t\t\t\t\t\n\t\t\t\t\t\t\t\t\t\t\t<p class=\"c-card__text l-stack-xs u-font-body u-hide@mobile\">\n\t\t\t\t\t\t\tH\u00e4r ligger fokuset p\u00e5 akuta sjukdomstillst\u00e5nd.\n\t\t\t\t\t\t<\/p>\n\t\t\t\t\t\n\t\t\t\t\t\t\t\t\t\t\t\t\t\t\t\t<ul class=\"c-card__list u-list-none l-stack-grow u-divider-top u-font-body\">\n\t\t\t\t\t\t\t\t\t\t\t\t\t\t\t<li>\n\t\t\t\t\t\t\t\t\t<strong>Program<\/strong>\n\t\t\t\t\t\t\t\t\t<ul class=\"u-list-dash\">\n\t\t\t\t\t\t\t\t\t\t\t\t\t\t\t\t\t\t\t\t\t<li>V\u00e5rd- och omsorgsprogrammet<\/li>\n\t\t\t\t\t\t\t\t\t\t\t\t\t\t\t\t\t\t\t<\/ul>\n\t\t\t\t\t\t\t\t<\/li>\n\t\t\t\t\t\t\t\n\t\t\t\t\t\t\t\t\t\t\t\t\t\t\t\t\t\t\t\t\t\t\t\t<li>\n\t\t\t\t\t\t\t\t\t\t<strong>Inriktning<\/strong>\n\t\t\t\t\t\t\t\t\t\t<ul class=\"u-list-dash\">\n\t\t\t\t\t\t\t\t\t\t\t\t\t\t\t\t\t\t\t\t\t\t\t<li>V\u00e5rd och omsorg<\/li>\n\t\t\t\t\t\t\t\t\t\t\t\t\t\t\t\t\t\t\t\t\t<\/ul>\n\t\t\t\t\t\t\t\t\t<\/li>\n\t\t\t\t\t\t\t\t\t\t\t\t\t\t\t\t\t\t\t\t\t<\/ul>\n\n\t\t\t\t\t\t<div class=\"c-card__icon c-card__icon--nl\">\n\t\t\t\t\t\t\t\t\t\t\t\t\t\t<svg class=\"ams-icon ams-icon--arrow-right\" width=\"32\" height=\"32\" viewbox=\"0 0 32 32\" fill=\"currentColor\" aria-hidden=\"true\" xmlns=\"http:\/\/www.w3.org\/2000\/svg\">\n\t\t\t\t\t\t\t\t\t\t\t\t\t\t\t\t<path d=\"M15.4617 0.252159L14.9567 0.75931C14.6219 1.09545 14.6219 1.64048 14.9567 1.97669L27.7062 14.7806H0.857144C0.383786 14.7806 0 15.166 0 15.6414V16.3587C0 16.8341 0.383786 17.2195 0.857144 17.2195H27.7062L14.9567 30.0234C14.6219 30.3595 14.6219 30.9045 14.9567 31.2407L15.4617 31.7479C15.7964 32.084 16.3392 32.084 16.6739 31.7479L31.749 16.6087C32.0837 16.2725 32.0837 15.7275 31.749 15.3913L16.6739 0.252159C16.3392 -0.084053 15.7964 -0.084053 15.4617 0.252159Z\"\/>\n\t\t\t\t\t\t\t\n\t\t\t\t\t\t\t<\/svg>\n\t\t\t\t\t\t<\/div>\n\t\t\t\t\t\t\t\t\t<\/div>\n\t\t\t\t<div class=\"c-card__media \" style=\" \">\n\t\t\t\t\t<img decoding=\"async\" width=\"400\" height=\"267\" src=\"https:\/\/drottningblanka.se\/wp-content\/uploads\/sites\/41\/2023\/06\/vodbgyhelsingborg202403h8a9995-400x267.jpg\" class=\"attachment-sm size-sm wp-post-image\" alt=\"Elever med en \u00f6vningsdocka\" sizes=\"(min-width: 64em) 300px, (min-width: 48em) calc(.50 * (100vw - 240px)), calc(100vw - 160px)\" srcset=\"https:\/\/drottningblanka.se\/wp-content\/uploads\/sites\/41\/2023\/06\/vodbgyhelsingborg202403h8a9995-400x267.jpg 400w, https:\/\/drottningblanka.se\/wp-content\/uploads\/sites\/41\/2023\/06\/vodbgyhelsingborg202403h8a9995-300x200.jpg 300w, https:\/\/drottningblanka.se\/wp-content\/uploads\/sites\/41\/2023\/06\/vodbgyhelsingborg202403h8a9995-600x400.jpg 600w, https:\/\/drottningblanka.se\/wp-content\/uploads\/sites\/41\/2023\/06\/vodbgyhelsingborg202403h8a9995-800x533.jpg 800w, https:\/\/drottningblanka.se\/wp-content\/uploads\/sites\/41\/2023\/06\/vodbgyhelsingborg202403h8a9995-1024x683.jpg 1024w, https:\/\/drottningblanka.se\/wp-content\/uploads\/sites\/41\/2023\/06\/vodbgyhelsingborg202403h8a9995.jpg 1080w\" \/>\n\t\t\t\t<\/div>\n\t\t\t<\/article>\n\t\t<\/li>\n\t<\/ul>\n\t\n\n\t\t\t<\/div>\n\n\t\t\n\n<\/section>\n\n\n\n\n<section  class=\"ams-cta ams-cta--stacked c-block l-stacked ams-border\" data-color-scheme=\"beige\">\n\t<div class=\"l-container-narrow l-stack l-stack-fluid-2xl u-pt-fluid-3xl-6xl u-pb-fluid-3xl-6xl is-center is-center@md\">\n\t\t\t\t\t<div class=\"ams-cta__intro l-stack l-stack-lg\">\n\t\t\t\t\t\n\t<h2\n\tclass=\"c-heading u-font-title-1 \"\n\tstyle=\"\">\n\t\t\n\t\t\t\t\tVad \u00e4r profiler?\n\t\t\t\t\n\t<\/h2>\n\n\t\t\t\t\t\t\t\t\t<div class=\"c-text l-stack u-cs-xl u-font-body\">\n\t\t\t\t\t\t<p>Ja vad \u00e4r det egentligen? Att du inte h\u00f6rt det f\u00f6rut \u00e4r inte s\u00e5 konstigt. Profiler \u00e4r n\u00e4mligen v\u00e5rt s\u00e4tt att s\u00e4tta en intressant twist p\u00e5 din utbildning och ge dig en utbildning som du trivs lite extra p\u00e5.<\/p>\n\n\t\t\t\t\t<\/div>\n\t\t\t\t\t\t\t<\/div>\n\t\t\n\t\t\n\t\t\t<div class=\"ams-cta__action u-inline-items\">\n\t\t\t\t\t\t\t\n\n\n<a href=\"https:\/\/drottningblanka.se\/malmo-lilla-torg\/profiler\/\"\n\t\n\tclass=\"c-btn \"\n\tdata-style=\"round\"\n\tdata-size=\"md\"\n\tdata-width=\"full-mobile\"\n\tdata-variant=\"default\"\n\ttarget=\"_self\">\n\t\t\t<span class=\"label\"> Jag vill veta mer om twisten!<\/span>\n\t\t\t<\/a>\n\t\t\t<\/div>\n\t<\/div>\n\n\t\t\n\n<\/section>\n","protected":false},"excerpt":{"rendered":"","protected":false},"author":1,"featured_media":0,"parent":0,"menu_order":0,"comment_status":"closed","ping_status":"closed","template":"","meta":{"footnotes":""},"yoast_head":"<!-- This site is optimized with the Yoast SEO plugin v22.0 - https:\/\/yoast.com\/wordpress\/plugins\/seo\/ -->\n<title>Program hos Drottning Blankas Gymnasieskola Malm\u00f6 Lilla Torg<\/title>\n<meta name=\"description\" content=\"V\u00e5ra program har profiler som s\u00e4tter en intressant twist p\u00e5 din utbildning och ger dig en utbildning som du trivs lite extra p\u00e5.\" \/>\n<meta name=\"robots\" content=\"index, follow, max-snippet:-1, max-image-preview:large, max-video-preview:-1\" \/>\n<link rel=\"canonical\" href=\"https:\/\/drottningblanka.se\/malmo-lilla-torg\/program\/\" \/>\n<meta property=\"og:locale\" content=\"sv_SE\" \/>\n<meta property=\"og:type\" content=\"article\" \/>\n<meta property=\"og:title\" content=\"Program hos Drottning Blankas Gymnasieskola Malm\u00f6 Lilla Torg\" \/>\n<meta property=\"og:description\" content=\"V\u00e5ra program har profiler som s\u00e4tter en intressant twist p\u00e5 din utbildning och ger dig en utbildning som du trivs lite extra p\u00e5.\" \/>\n<meta property=\"og:url\" content=\"https:\/\/drottningblanka.se\/malmo-lilla-torg\/program\/\" \/>\n<meta property=\"og:site_name\" content=\"Malm\u00f6 Lilla Torg\" \/>\n<meta property=\"article:modified_time\" content=\"2025-09-05T12:27:42+00:00\" \/>\n<meta name=\"twitter:card\" content=\"summary_large_image\" \/>\n<meta name=\"twitter:title\" content=\"Program hos Drottning Blankas Gymnasieskola Malm\u00f6 Lilla Torg\" \/>\n<meta name=\"twitter:description\" content=\"V\u00e5ra program har profiler som s\u00e4tter en intressant twist p\u00e5 din utbildning och ger dig en utbildning som du trivs lite extra p\u00e5.\" \/>\n<meta name=\"twitter:label1\" content=\"Ber\u00e4knad l\u00e4stid\" \/>\n\t<meta name=\"twitter:data1\" content=\"1 minut\" \/>\n<script type=\"application\/ld+json\" class=\"yoast-schema-graph\">{\"@context\":\"https:\/\/schema.org\",\"@graph\":[{\"@type\":\"WebPage\",\"@id\":\"https:\/\/drottningblanka.se\/malmo-lilla-torg\/program\/\",\"url\":\"https:\/\/drottningblanka.se\/malmo-lilla-torg\/program\/\",\"name\":\"Program hos Drottning Blankas Gymnasieskola Malm\u00f6 Lilla Torg\",\"isPartOf\":{\"@id\":\"https:\/\/drottningblanka.se\/malmo-lilla-torg\/#website\"},\"datePublished\":\"2022-09-22T09:19:34+00:00\",\"dateModified\":\"2025-09-05T12:27:42+00:00\",\"description\":\"V\u00e5ra program har profiler som s\u00e4tter en intressant twist p\u00e5 din utbildning och ger dig en utbildning som du trivs lite extra p\u00e5.\",\"breadcrumb\":{\"@id\":\"https:\/\/drottningblanka.se\/malmo-lilla-torg\/program\/#breadcrumb\"},\"inLanguage\":\"sv-SE\",\"potentialAction\":[{\"@type\":\"ReadAction\",\"target\":[\"https:\/\/drottningblanka.se\/malmo-lilla-torg\/program\/\"]}]},{\"@type\":\"BreadcrumbList\",\"@id\":\"https:\/\/drottningblanka.se\/malmo-lilla-torg\/program\/#breadcrumb\",\"itemListElement\":[{\"@type\":\"ListItem\",\"position\":1,\"name\":\"Start\",\"item\":\"https:\/\/drottningblanka.se\/malmo-lilla-torg\/\"},{\"@type\":\"ListItem\",\"position\":2,\"name\":\"Program\"}]},{\"@type\":\"WebSite\",\"@id\":\"https:\/\/drottningblanka.se\/malmo-lilla-torg\/#website\",\"url\":\"https:\/\/drottningblanka.se\/malmo-lilla-torg\/\",\"name\":\"Malm\u00f6 Lilla Torg\",\"description\":\"En del av AcadeMedia\",\"potentialAction\":[{\"@type\":\"SearchAction\",\"target\":{\"@type\":\"EntryPoint\",\"urlTemplate\":\"https:\/\/drottningblanka.se\/malmo-lilla-torg\/?s={search_term_string}\"},\"query-input\":\"required name=search_term_string\"}],\"inLanguage\":\"sv-SE\"}]}<\/script>\n<!-- \/ Yoast SEO plugin. -->","yoast_head_json":{"title":"Program hos Drottning Blankas Gymnasieskola Malm\u00f6 Lilla Torg","description":"V\u00e5ra program har profiler som s\u00e4tter en intressant twist p\u00e5 din utbildning och ger dig en utbildning som du trivs lite extra p\u00e5.","robots":{"index":"index","follow":"follow","max-snippet":"max-snippet:-1","max-image-preview":"max-image-preview:large","max-video-preview":"max-video-preview:-1"},"canonical":"https:\/\/drottningblanka.se\/malmo-lilla-torg\/program\/","og_locale":"sv_SE","og_type":"article","og_title":"Program hos Drottning Blankas Gymnasieskola Malm\u00f6 Lilla Torg","og_description":"V\u00e5ra program har profiler som s\u00e4tter en intressant twist p\u00e5 din utbildning och ger dig en utbildning som du trivs lite extra p\u00e5.","og_url":"https:\/\/drottningblanka.se\/malmo-lilla-torg\/program\/","og_site_name":"Malm\u00f6 Lilla Torg","article_modified_time":"2025-09-05T12:27:42+00:00","twitter_card":"summary_large_image","twitter_title":"Program hos Drottning Blankas Gymnasieskola Malm\u00f6 Lilla Torg","twitter_description":"V\u00e5ra program har profiler som s\u00e4tter en intressant twist p\u00e5 din utbildning och ger dig en utbildning som du trivs lite extra p\u00e5.","twitter_misc":{"Ber\u00e4knad l\u00e4stid":"1 minut"},"schema":{"@context":"https:\/\/schema.org","@graph":[{"@type":"WebPage","@id":"https:\/\/drottningblanka.se\/malmo-lilla-torg\/program\/","url":"https:\/\/drottningblanka.se\/malmo-lilla-torg\/program\/","name":"Program hos Drottning Blankas Gymnasieskola Malm\u00f6 Lilla Torg","isPartOf":{"@id":"https:\/\/drottningblanka.se\/malmo-lilla-torg\/#website"},"datePublished":"2022-09-22T09:19:34+00:00","dateModified":"2025-09-05T12:27:42+00:00","description":"V\u00e5ra program har profiler som s\u00e4tter en intressant twist p\u00e5 din utbildning och ger dig en utbildning som du trivs lite extra p\u00e5.","breadcrumb":{"@id":"https:\/\/drottningblanka.se\/malmo-lilla-torg\/program\/#breadcrumb"},"inLanguage":"sv-SE","potentialAction":[{"@type":"ReadAction","target":["https:\/\/drottningblanka.se\/malmo-lilla-torg\/program\/"]}]},{"@type":"BreadcrumbList","@id":"https:\/\/drottningblanka.se\/malmo-lilla-torg\/program\/#breadcrumb","itemListElement":[{"@type":"ListItem","position":1,"name":"Start","item":"https:\/\/drottningblanka.se\/malmo-lilla-torg\/"},{"@type":"ListItem","position":2,"name":"Program"}]},{"@type":"WebSite","@id":"https:\/\/drottningblanka.se\/malmo-lilla-torg\/#website","url":"https:\/\/drottningblanka.se\/malmo-lilla-torg\/","name":"Malm\u00f6 Lilla Torg","description":"En del av AcadeMedia","potentialAction":[{"@type":"SearchAction","target":{"@type":"EntryPoint","urlTemplate":"https:\/\/drottningblanka.se\/malmo-lilla-torg\/?s={search_term_string}"},"query-input":"required name=search_term_string"}],"inLanguage":"sv-SE"}]}},"_links":{"self":[{"href":"https:\/\/drottningblanka.se\/malmo-lilla-torg\/wp-json\/wp\/v2\/pages\/456"}],"collection":[{"href":"https:\/\/drottningblanka.se\/malmo-lilla-torg\/wp-json\/wp\/v2\/pages"}],"about":[{"href":"https:\/\/drottningblanka.se\/malmo-lilla-torg\/wp-json\/wp\/v2\/types\/page"}],"author":[{"embeddable":true,"href":"https:\/\/drottningblanka.se\/malmo-lilla-torg\/wp-json\/wp\/v2\/users\/1"}],"replies":[{"embeddable":true,"href":"https:\/\/drottningblanka.se\/malmo-lilla-torg\/wp-json\/wp\/v2\/comments?post=456"}],"version-history":[{"count":10,"href":"https:\/\/drottningblanka.se\/malmo-lilla-torg\/wp-json\/wp\/v2\/pages\/456\/revisions"}],"predecessor-version":[{"id":2287,"href":"https:\/\/drottningblanka.se\/malmo-lilla-torg\/wp-json\/wp\/v2\/pages\/456\/revisions\/2287"}],"wp:attachment":[{"href":"https:\/\/drottningblanka.se\/malmo-lilla-torg\/wp-json\/wp\/v2\/media?parent=456"}],"curies":[{"name":"wp","href":"https:\/\/api.w.org\/{rel}","templated":true}]}}