{"id":1022,"date":"2023-05-22T15:48:50","date_gmt":"2023-05-22T13:48:50","guid":{"rendered":"https:\/\/drottningblanka.se\/malmo-lilla-torg\/?page_id=1022"},"modified":"2025-12-08T14:56:20","modified_gmt":"2025-12-08T13:56:20","slug":"kvalitetsrapporter","status":"publish","type":"page","link":"https:\/\/drottningblanka.se\/malmo-lilla-torg\/kvalitet\/kvalitetsrapporter\/","title":{"rendered":"V\u00e5ra kvalitetsresultat"},"content":{"rendered":"\n\t\n\t\n\t\n\t\n\t\n\t\n\t\t\n\t\t\n<section  class=\"ams-hero ams-hero--fifty ams-hero--default ams-hero--container c-block l-stacked  \" data-color-scheme=\"gra\">\n\t<div class=\"ams-hero__container media-left media-bottom l-container u-pt-fluid-3xl-6xl u-pb-fluid-3xl-6xl\">\n\t\t<div class=\"ams-hero__content l-stack l-stack-xl is-left is-left@lg\">\n\t\t\t<div class=\"l-stack l-stack-lg\">\n\t\t\t\t\t\n\t<h1\n\tclass=\"c-heading u-font-title-1 \"\n\tstyle=\"\">\n\t\t\n\t\t\t\t\tV\u00e5rt kvalitetsresultat\n\t\t\t\t\n\t<\/h1>\n\n\t\t\t\t\t\t\t\t\t<div class=\"text l-stack u-font-body\">\n\t\t\t\t\t\t<p>P\u00e5 denna sida hittar du b\u00e5de v\u00e5r lokala kvalitetsrapport och v\u00e5ra kvalitetsrapporter och betygsstatistik f\u00f6r Drottning Blankas Gymnasieskolor p\u00e5 huvudmannaniv\u00e5. H\u00e4r kan du se hur b\u00e5de vi och v\u00e5ra systerskolor st\u00e4ndigt arbetar med att bli \u00e4nnu b\u00e4ttre.<\/p>\n\n\t\t\t\t\t<\/div>\n\t\t\t\t\t\t\t<\/div>\n\n\t\t\t\t<div class=\"ams-hero__action u-inline-items\">\n\t\t\t\t\t\t\t\n\n\n<a href=\"https:\/\/drottningblanka.se\/wp-content\/uploads\/sites\/41\/2025\/12\/kr-2425dbgy-malmo-soderport.pdf\"\n\t\n\tclass=\"c-btn \"\n\tdata-style=\"round\"\n\tdata-size=\"md\"\n\tdata-width=\"full-mobile\"\n\tdata-variant=\"default\"\n\ttarget=\"_blank\">\n\t\t\t<span class=\"label\"> Lokal kvalitetsrapport 2024-2025<\/span>\n\t\t\t<\/a>\n\t\t\t<\/div>\n\t\t<\/div>\n\t\t<div class=\"ams-hero__media u-ratio-square \">\n\n\t\t\t\t\t\t\t\t\t\t\t\t<img decoding=\"async\" width=\"600\" height=\"400\" src=\"https:\/\/drottningblanka.se\/wp-content\/uploads\/sites\/41\/2024\/04\/dbgyhelsingborg202403h8a1636-600x400.jpeg\" class=\"attachment-md size-md\" alt=\"L\u00e4rare och tre elever i ett klassrum\" sizes=\"(min-width: 64em) 600px, calc(100vw - 160px)\" srcset=\"https:\/\/drottningblanka.se\/wp-content\/uploads\/sites\/41\/2024\/04\/dbgyhelsingborg202403h8a1636-600x400.jpeg 600w, https:\/\/drottningblanka.se\/wp-content\/uploads\/sites\/41\/2024\/04\/dbgyhelsingborg202403h8a1636-300x200.jpeg 300w, https:\/\/drottningblanka.se\/wp-content\/uploads\/sites\/41\/2024\/04\/dbgyhelsingborg202403h8a1636-400x267.jpeg 400w, https:\/\/drottningblanka.se\/wp-content\/uploads\/sites\/41\/2024\/04\/dbgyhelsingborg202403h8a1636-800x533.jpeg 800w, https:\/\/drottningblanka.se\/wp-content\/uploads\/sites\/41\/2024\/04\/dbgyhelsingborg202403h8a1636-1024x683.jpeg 1024w, https:\/\/drottningblanka.se\/wp-content\/uploads\/sites\/41\/2024\/04\/dbgyhelsingborg202403h8a1636.jpeg 1080w\" \/>\n\t\t\t\t\t\t\t\n\t\t\t\n\t\t\t\t\t<\/div>\n\t<\/div>\n\n\t\n\n<\/section>\n\n\n\n\t<div class=\"module_wrapper ams_remote_pages_module \">\n\t\t\n\t\n\t\n\t\n\n\t\n\t\n\t\t\n<section  class=\"c-block l-stacked  \" data-color-scheme=\"vit\">\n\t<div class=\"ams-fifty ams-fifty--container ams-fifty--right ams-fifty--top l-container u-pt-fluid-3xl-6xl u-pb-fluid-3xl-6xl\">\n\t\t<div class=\"ams-fifty__content l-stack l-stack-xl is-center is-left@lg\">\n\t\t\t<div class=\"ams-fifty__text l-stack l-stack-lg\">\n\t\t\t\t\t\n\t<h2\n\tclass=\"c-heading u-font-title-1 \"\n\tstyle=\"\">\n\t\t\n\t\t\t\t\tAndel elever med examen\n\t\t\t\t\n\t<\/h2>\n\n\t\t\t\t\t\t\t\t\t<div class=\"text l-stack u-font-body\">\n\t\t\t\t\t\t<p>En gymnasieexamen \u00e4r ett samlat begrepp f\u00f6r tv\u00e5 olika examina med olika krav, d\u00e4r m\u00e5let f\u00f6r eleverna p\u00e5 yrkesprogrammen \u00e4r en yrkesexamen, medan det f\u00f6r eleverna p\u00e5 h\u00f6gskolef\u00f6rberedande program \u00e4r en h\u00f6gskolef\u00f6rberedande examen.<\/p>\n<p>Andel elever med examen visar hur stor andel av de elever som fullf\u00f6ljt sin utbildning under det aktuella l\u00e4s\u00e5ret, som uppn\u00e5tt kraven f\u00f6r examen. Till de som fullf\u00f6ljt sin utbildning r\u00e4knas de elever som f\u00e5tt ett avg\u00e5ngsbetyg (studiebevis eller gymnasieexamen) omfattande minst 2500p.<\/p>\n\n\t\t\t\t\t<\/div>\n\t\t\t\t\t\t\t<\/div>\n\n\t\t\t\t\t<\/div>\n\n\t\t <div class=\"ams-fifty__media u-ratio-square\">\n\t\t \t\t\t\t\t<img decoding=\"async\" width=\"600\" height=\"400\" src=\"https:\/\/drottningblanka.se\/wp-content\/uploads\/2023\/05\/ekekodbgykristianstad202403h8a3249-1-600x400.jpg\" class=\"attachment-md size-md\" alt=\"L\u00e4rare och elev st\u00e5r framme vid tavlan\" sizes=\"(min-width: 64em) 600px, calc(100vw - 160px)\" srcset=\"https:\/\/drottningblanka.se\/wp-content\/uploads\/2023\/05\/ekekodbgykristianstad202403h8a3249-1-600x400.jpg 600w, https:\/\/drottningblanka.se\/wp-content\/uploads\/2023\/05\/ekekodbgykristianstad202403h8a3249-1-300x200.jpg 300w, https:\/\/drottningblanka.se\/wp-content\/uploads\/2023\/05\/ekekodbgykristianstad202403h8a3249-1-400x267.jpg 400w, https:\/\/drottningblanka.se\/wp-content\/uploads\/2023\/05\/ekekodbgykristianstad202403h8a3249-1-800x533.jpg 800w, https:\/\/drottningblanka.se\/wp-content\/uploads\/2023\/05\/ekekodbgykristianstad202403h8a3249-1-1024x683.jpg 1024w, https:\/\/drottningblanka.se\/wp-content\/uploads\/2023\/05\/ekekodbgykristianstad202403h8a3249-1.jpg 1080w\" \/>\n\t\t\t\n\t\t\t\n\t\t\t\t\t<\/div>\n\t<\/div>\n\n\t\t\n\n<\/section>\n\n\n<section  class=\"ams-cta ams-cta--stacked c-block l-stacked\" data-color-scheme=\"gra\">\n\t<div class=\"l-container l-stack l-stack-fluid-2xl u-pt-fluid-3xl-6xl u-pb-fluid-3xl-6xl is-center is-center@md\">\n\t\t\t\t\t<div class=\"ams-cta__intro l-stack l-stack-lg\">\n\t\t\t\t\t\n\t<h2\n\tclass=\"c-heading u-font-title-1 \"\n\tstyle=\"\">\n\t\t\n\t\t\t\t\t\t\t\t\tKvalitetsrapport\n\t\t\t\t<span class=\"c-heading__sub is-below u-font-title-3\">\n\t\t\t\t\tDrottning Blankas Gymnasieskolor\n\t\t\t\t<\/span>\n\t\t\t\t\t\t\t\n\t<\/h2>\n\n\t\t\t\t\t\t\t<\/div>\n\t\t\n\t\t\n\t\t\t<div class=\"ams-cta__action u-inline-items\">\n\t\t\t\t\t\t\t\n\n\n<a href=\"https:\/\/drottningblanka.se\/wp-content\/uploads\/2025\/12\/kr2425dbgy-hm.pdf\"\n\t\n\tclass=\"c-btn \"\n\tdata-style=\"round\"\n\tdata-size=\"md\"\n\tdata-width=\"full-mobile\"\n\tdata-variant=\"default\"\n\ttarget=\"_blank\">\n\t\t\t<span class=\"label\"> Kvalitetsrapport f\u00f6r l\u00e4s\u00e5ret 2024\/2025<\/span>\n\t\t\t<\/a>\n\t\t\t<\/div>\n\t<\/div>\n\n\t\t\n\n<\/section>\n\n\t\n\t\n\t\n\n\t\n\t\n\t\t\n<section  class=\"c-block l-stacked  \" data-color-scheme=\"vit\">\n\t<div class=\"ams-fifty ams-fifty--container ams-fifty--left ams-fifty--top l-container u-pt-fluid-3xl-6xl u-pb-fluid-3xl-6xl\">\n\t\t<div class=\"ams-fifty__content l-stack l-stack-xl is-center is-left@lg\">\n\t\t\t<div class=\"ams-fifty__text l-stack l-stack-lg\">\n\t\t\t\t\t\n\t<h2\n\tclass=\"c-heading u-font-title-1 \"\n\tstyle=\"\">\n\t\t\n\t\t\t\t\tGenomsnittlig betygspo\u00e4ng\n\t\t\t\t\n\t<\/h2>\n\n\t\t\t\t\t\t\t\t\t<div class=\"text l-stack u-font-body\">\n\t\t\t\t\t\t<p>Den genomsnittliga betygspo\u00e4ngen m\u00e4ts p\u00e5 samtliga avg\u00e5ngselever (d.v.s. elever som antingen har erh\u00e5llit gymnasieexamen eller ett studiebevis med omfattningen minst 2500 po\u00e4ng) och ber\u00e4knas p\u00e5 betygen i de kurser som ing\u00e5r i den ordinarie studieplanen f\u00f6r ett fullst\u00e4ndigt program (med undantag f\u00f6r gymnasiearbetet eftersom betyget endast kan vara F eller E). Betyg i ut\u00f6kade kurser p\u00e5verkar inte den genomsnittliga betygspo\u00e4ngen.<\/p>\n<p>Varje kursbetyg po\u00e4ngs\u00e4tts enligt E=10, D=12.5, C=15, B=17.5 och A=20, multipliceras med kursernas omfattning i kurspo\u00e4ng och divideras sedan med 2400. Det m\u00f6jliga maxv\u00e4rdet \u00e4r 20.0.<\/p>\n\n\t\t\t\t\t<\/div>\n\t\t\t\t\t\t\t<\/div>\n\n\t\t\t\t\t<\/div>\n\n\t\t <div class=\"ams-fifty__media u-ratio-square\">\n\t\t \t\t\t\t\t<img decoding=\"async\" width=\"600\" height=\"400\" src=\"https:\/\/drottningblanka.se\/wp-content\/uploads\/2023\/05\/dbgyhelsingborg202403h8a1618-600x400.jpg\" class=\"attachment-md size-md\" alt=\"L\u00e4rare och elev i samtal i ett klassrum\" sizes=\"(min-width: 64em) 600px, calc(100vw - 160px)\" srcset=\"https:\/\/drottningblanka.se\/wp-content\/uploads\/2023\/05\/dbgyhelsingborg202403h8a1618-600x400.jpg 600w, https:\/\/drottningblanka.se\/wp-content\/uploads\/2023\/05\/dbgyhelsingborg202403h8a1618-300x200.jpg 300w, https:\/\/drottningblanka.se\/wp-content\/uploads\/2023\/05\/dbgyhelsingborg202403h8a1618-400x267.jpg 400w, https:\/\/drottningblanka.se\/wp-content\/uploads\/2023\/05\/dbgyhelsingborg202403h8a1618-800x533.jpg 800w, https:\/\/drottningblanka.se\/wp-content\/uploads\/2023\/05\/dbgyhelsingborg202403h8a1618-1024x683.jpg 1024w, https:\/\/drottningblanka.se\/wp-content\/uploads\/2023\/05\/dbgyhelsingborg202403h8a1618.jpg 1080w\" \/>\n\t\t\t\n\t\t\t\n\t\t\t\t\t<\/div>\n\t<\/div>\n\n\t\t\n\n<\/section>\n\t<\/div>\n\n\t\n\n\n\n<section  class=\"ams-cta ams-cta--stacked c-block l-stacked ams-border\" data-color-scheme=\"beige\">\n\t<div class=\"l-container-narrow l-stack l-stack-fluid-2xl u-pt-fluid-3xl-6xl u-pb-fluid-3xl-6xl is-center is-center@md\">\n\t\t\t\t\t<div class=\"ams-cta__intro l-stack l-stack-lg\">\n\t\t\t\t\t\n\t<h2\n\tclass=\"c-heading u-font-title-1 \"\n\tstyle=\"\">\n\t\t\n\t\t\t\t\tHar du fr\u00e5gor?\n\t\t\t\t\n\t<\/h2>\n\n\t\t\t\t\t\t\t\t\t<div class=\"c-text l-stack u-cs-xl u-font-body\">\n\t\t\t\t\t\t<p>Du kan alltid kontakta oss direkt, eller l\u00e4sa mer om v\u00e5rt kvalitetsarbete.<\/p>\n\n\t\t\t\t\t<\/div>\n\t\t\t\t\t\t\t<\/div>\n\t\t\n\t\t\n\t\t\t<div class=\"ams-cta__action u-inline-items\">\n\t\t\t\t\t\t\t\n\n\n<a href=\"https:\/\/drottningblanka.se\/malmo-lilla-torg\/kontakta-oss\/\"\n\t\n\tclass=\"c-btn \"\n\tdata-style=\"round\"\n\tdata-size=\"md\"\n\tdata-width=\"full-mobile\"\n\tdata-variant=\"default\"\n\ttarget=\"_self\">\n\t\t\t<span class=\"label\"> Kontakta oss<\/span>\n\t\t\t<\/a>\n\t\t\t\t\t\t\t\n\n\n<a href=\"https:\/\/drottningblanka.se\/malmo-lilla-torg\/kvalitet\/\"\n\t\n\tclass=\"c-btn \"\n\tdata-style=\"round\"\n\tdata-size=\"md\"\n\tdata-width=\"full-mobile\"\n\tdata-variant=\"outline\"\n\ttarget=\"_self\">\n\t\t\t<span class=\"label\"> V\u00e5rt kvalitetsarbete<\/span>\n\t\t\t<\/a>\n\t\t\t<\/div>\n\t<\/div>\n\n\t\t\n\n<\/section>\n","protected":false},"excerpt":{"rendered":"","protected":false},"author":1,"featured_media":0,"parent":963,"menu_order":0,"comment_status":"closed","ping_status":"closed","template":"","meta":{"footnotes":""},"yoast_head":"<!-- This site is optimized with the Yoast SEO plugin v22.0 - https:\/\/yoast.com\/wordpress\/plugins\/seo\/ -->\n<title>V\u00e5ra kvalitetsresultat - Drottning Blankas Gymnasium Malm\u00f6 Lilla Torg<\/title>\n<meta name=\"description\" content=\"P\u00e5 denna sida hittar du kvalitetsrapporter och betygsstatistik f\u00f6r Drottning Blankas Gymnasieskolor. V\u00e4lkommen till Drottning Blanka!\" \/>\n<meta name=\"robots\" content=\"index, follow, max-snippet:-1, max-image-preview:large, max-video-preview:-1\" \/>\n<link rel=\"canonical\" href=\"https:\/\/drottningblanka.se\/kvalitet\/kvalitetsrapporter\/\" \/>\n<meta property=\"og:locale\" content=\"sv_SE\" \/>\n<meta property=\"og:type\" content=\"article\" \/>\n<meta property=\"og:title\" content=\"V\u00e5ra kvalitetsresultat - Drottning Blankas Gymnasium Malm\u00f6 Lilla Torg\" \/>\n<meta property=\"og:description\" content=\"P\u00e5 denna sida hittar du kvalitetsrapporter och betygsstatistik f\u00f6r Drottning Blankas Gymnasieskolor. V\u00e4lkommen till Drottning Blanka!\" \/>\n<meta property=\"og:url\" content=\"https:\/\/drottningblanka.se\/kvalitet\/kvalitetsrapporter\/\" \/>\n<meta property=\"og:site_name\" content=\"Malm\u00f6 Lilla Torg\" \/>\n<meta property=\"article:modified_time\" content=\"2025-12-08T13:56:20+00:00\" \/>\n<meta name=\"twitter:card\" content=\"summary_large_image\" \/>\n<meta name=\"twitter:title\" content=\"V\u00e5ra kvalitetsresultat - Drottning Blankas Gymnasium Malm\u00f6 Lilla Torg\" \/>\n<meta name=\"twitter:description\" content=\"P\u00e5 denna sida hittar du kvalitetsrapporter och betygsstatistik f\u00f6r Drottning Blankas Gymnasieskolor. V\u00e4lkommen till Drottning Blanka!\" \/>\n<meta name=\"twitter:label1\" content=\"Ber\u00e4knad l\u00e4stid\" \/>\n\t<meta name=\"twitter:data1\" content=\"1 minut\" \/>\n<script type=\"application\/ld+json\" class=\"yoast-schema-graph\">{\"@context\":\"https:\/\/schema.org\",\"@graph\":[{\"@type\":\"WebPage\",\"@id\":\"https:\/\/drottningblanka.se\/malmo-lilla-torg\/kvalitet\/kvalitetsrapporter\/\",\"url\":\"https:\/\/drottningblanka.se\/kvalitet\/kvalitetsrapporter\/\",\"name\":\"V\u00e5ra kvalitetsresultat - Drottning Blankas Gymnasium Malm\u00f6 Lilla Torg\",\"isPartOf\":{\"@id\":\"https:\/\/drottningblanka.se\/malmo-lilla-torg\/#website\"},\"datePublished\":\"2023-05-22T13:48:50+00:00\",\"dateModified\":\"2025-12-08T13:56:20+00:00\",\"description\":\"P\u00e5 denna sida hittar du kvalitetsrapporter och betygsstatistik f\u00f6r Drottning Blankas Gymnasieskolor. V\u00e4lkommen till Drottning Blanka!\",\"breadcrumb\":{\"@id\":\"https:\/\/drottningblanka.se\/kvalitet\/kvalitetsrapporter\/#breadcrumb\"},\"inLanguage\":\"sv-SE\",\"potentialAction\":[{\"@type\":\"ReadAction\",\"target\":[\"https:\/\/drottningblanka.se\/kvalitet\/kvalitetsrapporter\/\"]}]},{\"@type\":\"BreadcrumbList\",\"@id\":\"https:\/\/drottningblanka.se\/kvalitet\/kvalitetsrapporter\/#breadcrumb\",\"itemListElement\":[{\"@type\":\"ListItem\",\"position\":1,\"name\":\"Start\",\"item\":\"https:\/\/drottningblanka.se\/malmo-lilla-torg\/\"},{\"@type\":\"ListItem\",\"position\":2,\"name\":\"Kvalitet\",\"item\":\"https:\/\/drottningblanka.se\/malmo-lilla-torg\/kvalitet\/\"},{\"@type\":\"ListItem\",\"position\":3,\"name\":\"V\u00e5ra kvalitetsresultat\"}]},{\"@type\":\"WebSite\",\"@id\":\"https:\/\/drottningblanka.se\/malmo-lilla-torg\/#website\",\"url\":\"https:\/\/drottningblanka.se\/malmo-lilla-torg\/\",\"name\":\"Malm\u00f6 Lilla Torg\",\"description\":\"En del av AcadeMedia\",\"potentialAction\":[{\"@type\":\"SearchAction\",\"target\":{\"@type\":\"EntryPoint\",\"urlTemplate\":\"https:\/\/drottningblanka.se\/malmo-lilla-torg\/?s={search_term_string}\"},\"query-input\":\"required name=search_term_string\"}],\"inLanguage\":\"sv-SE\"}]}<\/script>\n<!-- \/ Yoast SEO plugin. -->","yoast_head_json":{"title":"V\u00e5ra kvalitetsresultat - Drottning Blankas Gymnasium Malm\u00f6 Lilla Torg","description":"P\u00e5 denna sida hittar du kvalitetsrapporter och betygsstatistik f\u00f6r Drottning Blankas Gymnasieskolor. V\u00e4lkommen till Drottning Blanka!","robots":{"index":"index","follow":"follow","max-snippet":"max-snippet:-1","max-image-preview":"max-image-preview:large","max-video-preview":"max-video-preview:-1"},"canonical":"https:\/\/drottningblanka.se\/kvalitet\/kvalitetsrapporter\/","og_locale":"sv_SE","og_type":"article","og_title":"V\u00e5ra kvalitetsresultat - Drottning Blankas Gymnasium Malm\u00f6 Lilla Torg","og_description":"P\u00e5 denna sida hittar du kvalitetsrapporter och betygsstatistik f\u00f6r Drottning Blankas Gymnasieskolor. V\u00e4lkommen till Drottning Blanka!","og_url":"https:\/\/drottningblanka.se\/kvalitet\/kvalitetsrapporter\/","og_site_name":"Malm\u00f6 Lilla Torg","article_modified_time":"2025-12-08T13:56:20+00:00","twitter_card":"summary_large_image","twitter_title":"V\u00e5ra kvalitetsresultat - Drottning Blankas Gymnasium Malm\u00f6 Lilla Torg","twitter_description":"P\u00e5 denna sida hittar du kvalitetsrapporter och betygsstatistik f\u00f6r Drottning Blankas Gymnasieskolor. V\u00e4lkommen till Drottning Blanka!","twitter_misc":{"Ber\u00e4knad l\u00e4stid":"1 minut"},"schema":{"@context":"https:\/\/schema.org","@graph":[{"@type":"WebPage","@id":"https:\/\/drottningblanka.se\/malmo-lilla-torg\/kvalitet\/kvalitetsrapporter\/","url":"https:\/\/drottningblanka.se\/kvalitet\/kvalitetsrapporter\/","name":"V\u00e5ra kvalitetsresultat - Drottning Blankas Gymnasium Malm\u00f6 Lilla Torg","isPartOf":{"@id":"https:\/\/drottningblanka.se\/malmo-lilla-torg\/#website"},"datePublished":"2023-05-22T13:48:50+00:00","dateModified":"2025-12-08T13:56:20+00:00","description":"P\u00e5 denna sida hittar du kvalitetsrapporter och betygsstatistik f\u00f6r Drottning Blankas Gymnasieskolor. V\u00e4lkommen till Drottning Blanka!","breadcrumb":{"@id":"https:\/\/drottningblanka.se\/kvalitet\/kvalitetsrapporter\/#breadcrumb"},"inLanguage":"sv-SE","potentialAction":[{"@type":"ReadAction","target":["https:\/\/drottningblanka.se\/kvalitet\/kvalitetsrapporter\/"]}]},{"@type":"BreadcrumbList","@id":"https:\/\/drottningblanka.se\/kvalitet\/kvalitetsrapporter\/#breadcrumb","itemListElement":[{"@type":"ListItem","position":1,"name":"Start","item":"https:\/\/drottningblanka.se\/malmo-lilla-torg\/"},{"@type":"ListItem","position":2,"name":"Kvalitet","item":"https:\/\/drottningblanka.se\/malmo-lilla-torg\/kvalitet\/"},{"@type":"ListItem","position":3,"name":"V\u00e5ra kvalitetsresultat"}]},{"@type":"WebSite","@id":"https:\/\/drottningblanka.se\/malmo-lilla-torg\/#website","url":"https:\/\/drottningblanka.se\/malmo-lilla-torg\/","name":"Malm\u00f6 Lilla Torg","description":"En del av AcadeMedia","potentialAction":[{"@type":"SearchAction","target":{"@type":"EntryPoint","urlTemplate":"https:\/\/drottningblanka.se\/malmo-lilla-torg\/?s={search_term_string}"},"query-input":"required name=search_term_string"}],"inLanguage":"sv-SE"}]}},"_links":{"self":[{"href":"https:\/\/drottningblanka.se\/malmo-lilla-torg\/wp-json\/wp\/v2\/pages\/1022"}],"collection":[{"href":"https:\/\/drottningblanka.se\/malmo-lilla-torg\/wp-json\/wp\/v2\/pages"}],"about":[{"href":"https:\/\/drottningblanka.se\/malmo-lilla-torg\/wp-json\/wp\/v2\/types\/page"}],"author":[{"embeddable":true,"href":"https:\/\/drottningblanka.se\/malmo-lilla-torg\/wp-json\/wp\/v2\/users\/1"}],"replies":[{"embeddable":true,"href":"https:\/\/drottningblanka.se\/malmo-lilla-torg\/wp-json\/wp\/v2\/comments?post=1022"}],"version-history":[{"count":10,"href":"https:\/\/drottningblanka.se\/malmo-lilla-torg\/wp-json\/wp\/v2\/pages\/1022\/revisions"}],"predecessor-version":[{"id":2367,"href":"https:\/\/drottningblanka.se\/malmo-lilla-torg\/wp-json\/wp\/v2\/pages\/1022\/revisions\/2367"}],"up":[{"embeddable":true,"href":"https:\/\/drottningblanka.se\/malmo-lilla-torg\/wp-json\/wp\/v2\/pages\/963"}],"wp:attachment":[{"href":"https:\/\/drottningblanka.se\/malmo-lilla-torg\/wp-json\/wp\/v2\/media?parent=1022"}],"curies":[{"name":"wp","href":"https:\/\/api.w.org\/{rel}","templated":true}]}}