{"id":2463,"date":"2024-11-08T12:53:17","date_gmt":"2024-11-08T11:53:17","guid":{"rendered":"https:\/\/drottningblanka.se\/malmo-city\/?page_id=2463"},"modified":"2025-09-23T12:27:45","modified_gmt":"2025-09-23T10:27:45","slug":"elevsalong","status":"publish","type":"page","link":"https:\/\/drottningblanka.se\/malmo-city\/elevsalong\/","title":{"rendered":"Elevsalong"},"content":{"rendered":"\n\t\n\t\n\t\n\n\t\n\t\n\t\n<section  class=\"c-block l-stacked  \" data-color-scheme=\"bla\">\n\t<div class=\"ams-fifty ams-fifty--full ams-fifty--right ams-fifty--top\">\n\t\t<div class=\"ams-fifty__content l-stack l-stack-xl is-left is-left@lg u-pt-fluid-3xl-6xl u-pb-fluid-3xl-6xl\">\n\t\t\t<div class=\"ams-fifty__text l-stack l-stack-lg\">\n\t\t\t\t\t\n\t<h1\n\tclass=\"c-heading u-font-title-1 \"\n\tstyle=\"\">\n\t\t\n\t\t\t\t\t\t\t\t\t<span class=\"c-heading__sub is-above u-font-display\">\n\t\t\t\t\tV\u00e4lkommen till v\u00e5r elevsalong!\n\t\t\t\t<\/span>\n\t\t\t\tBlankaHair Salong\n\t\t\t\t\t\t\t\n\t<\/h1>\n\n\t\t\t\t\t\t\t\t\t<div class=\"text l-stack u-font-body\">\n\t\t\t\t\t\t<p>P\u00e5 BlankaHair Salongen s\u00e4tter vi alltid dig och ditt h\u00e5r i fokus. Med v\u00e5r passion f\u00f6r h\u00e5rv\u00e5rd och sk\u00f6nhet str\u00e4var vi efter att skapa en plats d\u00e4r du kan koppla av, inspireras och f\u00e5 en personlig behandling som framh\u00e4ver din stil och personlighet.<\/p>\n<p>V\u00e5ra fris\u00f6relever g\u00f6r allt fr\u00e5n klippning och f\u00e4rgning till olika stylingtekniker. Vi anv\u00e4nder oss av noggrant utvalda produkter f\u00f6r att ge ditt h\u00e5r den b\u00e4sta m\u00f6jliga omsorg.<\/p>\n\n\t\t\t\t\t<\/div>\n\t\t\t\t\t\t\t<\/div>\n\n\t\t\t\t<div class=\"ams-fifty__action u-inline-items\">\n\t\t\t\t\t\t\t\n\n\n<a href=\"https:\/\/www.bokadirekt.se\/places\/drottning-blanka-gymnasiet-48707\"\n\t\n\tclass=\"c-btn \"\n\tdata-style=\"round\"\n\tdata-size=\"md\"\n\tdata-width=\"full-mobile\"\n\tdata-variant=\"default\"\n\ttarget=\"_blank\">\n\t\t\t<span class=\"label\"> Boka tid<\/span>\n\t\t\t<\/a>\n\t\t\t<\/div>\n\t\t<\/div>\n\n\t\t <div class=\"ams-fifty__media u-ratio-landscape\">\n\t\t \t\t\t\t\t<img decoding=\"async\" width=\"600\" height=\"424\" src=\"https:\/\/drottningblanka.se\/wp-content\/uploads\/sites\/24\/2024\/11\/hvfrisordbgyhelsingborg202403h8a0158-e1731065788892-600x424.jpg\" class=\"attachment-md size-md\" alt=\"Elever blir stylade\" sizes=\"(min-width: 64em) 600px, calc(100vw - 160px)\" srcset=\"https:\/\/drottningblanka.se\/wp-content\/uploads\/sites\/24\/2024\/11\/hvfrisordbgyhelsingborg202403h8a0158-e1731065788892-600x424.jpg 600w, https:\/\/drottningblanka.se\/wp-content\/uploads\/sites\/24\/2024\/11\/hvfrisordbgyhelsingborg202403h8a0158-e1731065788892-300x212.jpg 300w, https:\/\/drottningblanka.se\/wp-content\/uploads\/sites\/24\/2024\/11\/hvfrisordbgyhelsingborg202403h8a0158-e1731065788892-400x282.jpg 400w, https:\/\/drottningblanka.se\/wp-content\/uploads\/sites\/24\/2024\/11\/hvfrisordbgyhelsingborg202403h8a0158-e1731065788892-800x565.jpg 800w, https:\/\/drottningblanka.se\/wp-content\/uploads\/sites\/24\/2024\/11\/hvfrisordbgyhelsingborg202403h8a0158-e1731065788892.jpg 881w\" \/>\n\t\t\t\n\t\t\t\n\t\t\t\t\t<\/div>\n\t<\/div>\n\n\t\t\n\n<\/section>\n\n\n\n\n<section  class=\"ams-quote c-block l-stacked ams-border\" data-color-scheme=\"beige\">\n\t<div class=\"l-container l-stack l-stack-fluid-2xl u-pt-fluid-3xl-6xl u-pb-fluid-3xl-6xl is-center is-center@md\">\n\t\t\n\t\t\t\t\t<ul class=\"ams-quote__list l-grid u-gap-fluid-2xl-4xl u-justify-center\"\n\taria-label=\"Citat\">\n\t\t\t<li class=\"l-col-12@md\">\n\t\t\t<article class=\"c-card\" data-variant=\"neutral\" >\n\t\t\t\t<div class=\"c-card__content l-stack u-text-center\">\n\t\t\t\t\t\t\t\t\t\t\t<blockquote class=\"c-card__title u-font-title-1\">\n\t\t\t\t\t\t\t\t\t\t\t\t\t\t\t<p class=\"u-quote-marks\">Kom och upplev BlankaHair Salong \u2013 d\u00e4r vi g\u00f6r ditt h\u00e5r till v\u00e5r konst!<\/p>\n\t\t\t\t\t\t\t\t\t\t\t\t\t<\/blockquote>\n\t\t\t\t\t\n\t\t\t\t\t\t\t\t\t<\/div>\n\n\t\t\t\t\t\t\t<\/article>\n\t\t<\/li>\n\t<\/ul>\n\t\n\t\t\t<\/div>\n\n\t\t\n\n<\/section>\n\n\n\n\t\n\t\n\t\n\n\t\n\t\n\t\t\n<section  class=\"c-block l-stacked  \" data-color-scheme=\"vit\">\n\t<div class=\"ams-fifty ams-fifty--container ams-fifty--left ams-fifty--bottom l-container u-pt-fluid-3xl-6xl u-pb-fluid-3xl-6xl\">\n\t\t<div class=\"ams-fifty__content l-stack l-stack-xl is-left is-left@lg\">\n\t\t\t<div class=\"ams-fifty__text l-stack l-stack-lg\">\n\t\t\t\t\t\n\t<h2\n\tclass=\"c-heading u-font-title-1 \"\n\tstyle=\"\">\n\t\t\n\t\t\t\t\t\t\t\t\tV\u00e5r Elevsalong\n\t\t\t\t<span class=\"c-heading__sub is-below u-font-title-3\">\n\t\t\t\t\tp\u00e5 DBGY Malm\u00f6 City\n\t\t\t\t<\/span>\n\t\t\t\t\t\t\t\n\t<\/h2>\n\n\t\t\t\t\t\t\t\t\t<div class=\"text l-stack u-font-body\">\n\t\t\t\t\t\t<p>Oavsett om du vill ha en stor f\u00f6r\u00e4ndring, en uppfr\u00e4schning av din nuvarande stil, eller en fin frisyr f\u00f6r ett speciellt tillf\u00e4lle, \u00e4r BlankaHair Salongen redo att f\u00f6rverkliga dina dr\u00f6mmar. Vi erbjuder ocks\u00e5 r\u00e5dgivning kring h\u00e5rv\u00e5rd och styling s\u00e5 att du kan k\u00e4nna dig fantastisk \u2013 b\u00e5de i salongen och hemma.<\/p>\n<p><strong>Boka din tid redan idag <span class=\"gmail_default\">p\u00e5 <a href=\"https:\/\/www.bokadirekt.se\/places\/drottning-blanka-gymnasiet-48707\" target=\"_blank\" rel=\"noopener\">Bokadirekt <\/a><\/span>och l\u00e5t oss hj\u00e4lpa dig att str\u00e5la. Vi ser fram emot att v\u00e4lkomna dig till v\u00e5r salong!<\/strong><\/p>\n\n\t\t\t\t\t<\/div>\n\t\t\t\t\t\t\t<\/div>\n\n\t\t\t\t\t<\/div>\n\n\t\t <div class=\"ams-fifty__media u-ratio-landscape\">\n\t\t \t\t\t\t\t<img decoding=\"async\" width=\"600\" height=\"400\" src=\"https:\/\/drottningblanka.se\/wp-content\/uploads\/sites\/24\/2023\/06\/hvfrisordbgyhelsingborg202403h8a0610-600x400.jpeg\" class=\"attachment-md size-md\" alt=\"Kund f\u00e5r sitt h\u00e5r tv\u00e4ttat\" sizes=\"(min-width: 64em) 600px, calc(100vw - 160px)\" srcset=\"https:\/\/drottningblanka.se\/wp-content\/uploads\/sites\/24\/2023\/06\/hvfrisordbgyhelsingborg202403h8a0610-600x400.jpeg 600w, https:\/\/drottningblanka.se\/wp-content\/uploads\/sites\/24\/2023\/06\/hvfrisordbgyhelsingborg202403h8a0610-300x200.jpeg 300w, https:\/\/drottningblanka.se\/wp-content\/uploads\/sites\/24\/2023\/06\/hvfrisordbgyhelsingborg202403h8a0610-400x267.jpeg 400w, https:\/\/drottningblanka.se\/wp-content\/uploads\/sites\/24\/2023\/06\/hvfrisordbgyhelsingborg202403h8a0610-800x533.jpeg 800w, https:\/\/drottningblanka.se\/wp-content\/uploads\/sites\/24\/2023\/06\/hvfrisordbgyhelsingborg202403h8a0610-1024x682.jpeg 1024w, https:\/\/drottningblanka.se\/wp-content\/uploads\/sites\/24\/2023\/06\/hvfrisordbgyhelsingborg202403h8a0610-1200x800.jpeg 1200w, https:\/\/drottningblanka.se\/wp-content\/uploads\/sites\/24\/2023\/06\/hvfrisordbgyhelsingborg202403h8a0610.jpeg 1280w\" \/>\n\t\t\t\n\t\t\t\n\t\t\t\t\t<\/div>\n\t<\/div>\n\n\t\t\n\n<\/section>\n","protected":false},"excerpt":{"rendered":"","protected":false},"author":73,"featured_media":0,"parent":0,"menu_order":0,"comment_status":"closed","ping_status":"closed","template":"","meta":{"footnotes":""},"yoast_head":"<!-- This site is optimized with the Yoast SEO plugin v22.0 - https:\/\/yoast.com\/wordpress\/plugins\/seo\/ -->\n<title>BlankaHair Salong - Drottning Blankas Gymnasieskola Malm\u00f6 City<\/title>\n<meta name=\"description\" content=\"BlankaHair Salongen \u00e4r redo att f\u00f6rverkliga dina dr\u00f6mmar! V\u00e5ra fris\u00f6relever g\u00f6r allt fr\u00e5n klippning och f\u00e4rgning till olika stylingtekniker.\" \/>\n<meta name=\"robots\" content=\"index, follow, max-snippet:-1, max-image-preview:large, max-video-preview:-1\" \/>\n<link rel=\"canonical\" href=\"https:\/\/drottningblanka.se\/malmo-city\/elevsalong\/\" \/>\n<meta property=\"og:locale\" content=\"sv_SE\" \/>\n<meta property=\"og:type\" content=\"article\" \/>\n<meta property=\"og:title\" content=\"BlankaHair Salong - Drottning Blankas Gymnasieskola Malm\u00f6 City\" \/>\n<meta property=\"og:description\" content=\"BlankaHair Salongen \u00e4r redo att f\u00f6rverkliga dina dr\u00f6mmar! V\u00e5ra fris\u00f6relever g\u00f6r allt fr\u00e5n klippning och f\u00e4rgning till olika stylingtekniker.\" \/>\n<meta property=\"og:url\" content=\"https:\/\/drottningblanka.se\/malmo-city\/elevsalong\/\" \/>\n<meta property=\"og:site_name\" content=\"Malm\u00f6 City\" \/>\n<meta property=\"article:modified_time\" content=\"2025-09-23T10:27:45+00:00\" \/>\n<meta name=\"twitter:card\" content=\"summary_large_image\" \/>\n<meta name=\"twitter:title\" content=\"BlankaHair Salong - Drottning Blankas Gymnasieskola Malm\u00f6 City\" \/>\n<meta name=\"twitter:description\" content=\"BlankaHair Salongen \u00e4r redo att f\u00f6rverkliga dina dr\u00f6mmar! V\u00e5ra fris\u00f6relever g\u00f6r allt fr\u00e5n klippning och f\u00e4rgning till olika stylingtekniker.\" \/>\n<meta name=\"twitter:label1\" content=\"Ber\u00e4knad l\u00e4stid\" \/>\n\t<meta name=\"twitter:data1\" content=\"2 minuter\" \/>\n<script type=\"application\/ld+json\" class=\"yoast-schema-graph\">{\"@context\":\"https:\/\/schema.org\",\"@graph\":[{\"@type\":\"WebPage\",\"@id\":\"https:\/\/drottningblanka.se\/malmo-city\/elevsalong\/\",\"url\":\"https:\/\/drottningblanka.se\/malmo-city\/elevsalong\/\",\"name\":\"BlankaHair Salong - Drottning Blankas Gymnasieskola Malm\u00f6 City\",\"isPartOf\":{\"@id\":\"https:\/\/drottningblanka.se\/malmo-city\/#website\"},\"datePublished\":\"2024-11-08T11:53:17+00:00\",\"dateModified\":\"2025-09-23T10:27:45+00:00\",\"description\":\"BlankaHair Salongen \u00e4r redo att f\u00f6rverkliga dina dr\u00f6mmar! V\u00e5ra fris\u00f6relever g\u00f6r allt fr\u00e5n klippning och f\u00e4rgning till olika stylingtekniker.\",\"breadcrumb\":{\"@id\":\"https:\/\/drottningblanka.se\/malmo-city\/elevsalong\/#breadcrumb\"},\"inLanguage\":\"sv-SE\",\"potentialAction\":[{\"@type\":\"ReadAction\",\"target\":[\"https:\/\/drottningblanka.se\/malmo-city\/elevsalong\/\"]}]},{\"@type\":\"BreadcrumbList\",\"@id\":\"https:\/\/drottningblanka.se\/malmo-city\/elevsalong\/#breadcrumb\",\"itemListElement\":[{\"@type\":\"ListItem\",\"position\":1,\"name\":\"Start\",\"item\":\"https:\/\/drottningblanka.se\/malmo-city\/\"},{\"@type\":\"ListItem\",\"position\":2,\"name\":\"Elevsalong\"}]},{\"@type\":\"WebSite\",\"@id\":\"https:\/\/drottningblanka.se\/malmo-city\/#website\",\"url\":\"https:\/\/drottningblanka.se\/malmo-city\/\",\"name\":\"Malm\u00f6 City\",\"description\":\"En del av AcadeMedia\",\"potentialAction\":[{\"@type\":\"SearchAction\",\"target\":{\"@type\":\"EntryPoint\",\"urlTemplate\":\"https:\/\/drottningblanka.se\/malmo-city\/?s={search_term_string}\"},\"query-input\":\"required name=search_term_string\"}],\"inLanguage\":\"sv-SE\"}]}<\/script>\n<!-- \/ Yoast SEO plugin. -->","yoast_head_json":{"title":"BlankaHair Salong - Drottning Blankas Gymnasieskola Malm\u00f6 City","description":"BlankaHair Salongen \u00e4r redo att f\u00f6rverkliga dina dr\u00f6mmar! V\u00e5ra fris\u00f6relever g\u00f6r allt fr\u00e5n klippning och f\u00e4rgning till olika stylingtekniker.","robots":{"index":"index","follow":"follow","max-snippet":"max-snippet:-1","max-image-preview":"max-image-preview:large","max-video-preview":"max-video-preview:-1"},"canonical":"https:\/\/drottningblanka.se\/malmo-city\/elevsalong\/","og_locale":"sv_SE","og_type":"article","og_title":"BlankaHair Salong - Drottning Blankas Gymnasieskola Malm\u00f6 City","og_description":"BlankaHair Salongen \u00e4r redo att f\u00f6rverkliga dina dr\u00f6mmar! V\u00e5ra fris\u00f6relever g\u00f6r allt fr\u00e5n klippning och f\u00e4rgning till olika stylingtekniker.","og_url":"https:\/\/drottningblanka.se\/malmo-city\/elevsalong\/","og_site_name":"Malm\u00f6 City","article_modified_time":"2025-09-23T10:27:45+00:00","twitter_card":"summary_large_image","twitter_title":"BlankaHair Salong - Drottning Blankas Gymnasieskola Malm\u00f6 City","twitter_description":"BlankaHair Salongen \u00e4r redo att f\u00f6rverkliga dina dr\u00f6mmar! V\u00e5ra fris\u00f6relever g\u00f6r allt fr\u00e5n klippning och f\u00e4rgning till olika stylingtekniker.","twitter_misc":{"Ber\u00e4knad l\u00e4stid":"2 minuter"},"schema":{"@context":"https:\/\/schema.org","@graph":[{"@type":"WebPage","@id":"https:\/\/drottningblanka.se\/malmo-city\/elevsalong\/","url":"https:\/\/drottningblanka.se\/malmo-city\/elevsalong\/","name":"BlankaHair Salong - Drottning Blankas Gymnasieskola Malm\u00f6 City","isPartOf":{"@id":"https:\/\/drottningblanka.se\/malmo-city\/#website"},"datePublished":"2024-11-08T11:53:17+00:00","dateModified":"2025-09-23T10:27:45+00:00","description":"BlankaHair Salongen \u00e4r redo att f\u00f6rverkliga dina dr\u00f6mmar! V\u00e5ra fris\u00f6relever g\u00f6r allt fr\u00e5n klippning och f\u00e4rgning till olika stylingtekniker.","breadcrumb":{"@id":"https:\/\/drottningblanka.se\/malmo-city\/elevsalong\/#breadcrumb"},"inLanguage":"sv-SE","potentialAction":[{"@type":"ReadAction","target":["https:\/\/drottningblanka.se\/malmo-city\/elevsalong\/"]}]},{"@type":"BreadcrumbList","@id":"https:\/\/drottningblanka.se\/malmo-city\/elevsalong\/#breadcrumb","itemListElement":[{"@type":"ListItem","position":1,"name":"Start","item":"https:\/\/drottningblanka.se\/malmo-city\/"},{"@type":"ListItem","position":2,"name":"Elevsalong"}]},{"@type":"WebSite","@id":"https:\/\/drottningblanka.se\/malmo-city\/#website","url":"https:\/\/drottningblanka.se\/malmo-city\/","name":"Malm\u00f6 City","description":"En del av AcadeMedia","potentialAction":[{"@type":"SearchAction","target":{"@type":"EntryPoint","urlTemplate":"https:\/\/drottningblanka.se\/malmo-city\/?s={search_term_string}"},"query-input":"required name=search_term_string"}],"inLanguage":"sv-SE"}]}},"_links":{"self":[{"href":"https:\/\/drottningblanka.se\/malmo-city\/wp-json\/wp\/v2\/pages\/2463"}],"collection":[{"href":"https:\/\/drottningblanka.se\/malmo-city\/wp-json\/wp\/v2\/pages"}],"about":[{"href":"https:\/\/drottningblanka.se\/malmo-city\/wp-json\/wp\/v2\/types\/page"}],"author":[{"embeddable":true,"href":"https:\/\/drottningblanka.se\/malmo-city\/wp-json\/wp\/v2\/users\/73"}],"replies":[{"embeddable":true,"href":"https:\/\/drottningblanka.se\/malmo-city\/wp-json\/wp\/v2\/comments?post=2463"}],"version-history":[{"count":9,"href":"https:\/\/drottningblanka.se\/malmo-city\/wp-json\/wp\/v2\/pages\/2463\/revisions"}],"predecessor-version":[{"id":2799,"href":"https:\/\/drottningblanka.se\/malmo-city\/wp-json\/wp\/v2\/pages\/2463\/revisions\/2799"}],"wp:attachment":[{"href":"https:\/\/drottningblanka.se\/malmo-city\/wp-json\/wp\/v2\/media?parent=2463"}],"curies":[{"name":"wp","href":"https:\/\/api.w.org\/{rel}","templated":true}]}}