{"id":948,"date":"2023-05-16T17:11:11","date_gmt":"2023-05-16T15:11:11","guid":{"rendered":"https:\/\/drottningblanka.se\/lund\/?page_id=948"},"modified":"2025-08-20T08:06:46","modified_gmt":"2025-08-20T06:06:46","slug":"engagemang","status":"publish","type":"page","link":"https:\/\/drottningblanka.se\/lund\/engagemang\/","title":{"rendered":"Engagemang"},"content":{"rendered":"\n\t<div class=\"module_wrapper ams_remote_pages_module \">\n\t\t\n\t\n\t\n\t\n\n\t\n\t\n\t\t\n<section  class=\"c-block l-stacked  \" data-color-scheme=\"vit\">\n\t<div class=\"ams-fifty ams-fifty--container ams-fifty--left ams-fifty--top l-container u-pt-fluid-3xl-6xl u-pb-fluid-3xl-6xl\">\n\t\t<div class=\"ams-fifty__content l-stack l-stack-xl is-left is-left@lg\">\n\t\t\t<div class=\"ams-fifty__text l-stack l-stack-lg\">\n\t\t\t\t\t\n\t<h1\n\tclass=\"c-heading u-font-title-1 \"\n\tstyle=\"\">\n\t\t\n\t\t\t\t\tPersonligt, lokalt och globalt engagemang\n\t\t\t\t\n\t<\/h1>\n\n\t\t\t\t\t\t\t\t\t<div class=\"text l-stack u-font-body\">\n\t\t\t\t\t\t<p>F\u00f6r oss \u00e4r det viktigt att du ska k\u00e4nna att du kan p\u00e5verka din omgivning genom ditt engagemang. N\u00e4r du b\u00f6rjar p\u00e5 Drottning Blanka kommer du d\u00e4rf\u00f6r bli del av en tre\u00e5rig plan f\u00f6r att utveckla ditt engagemang.<\/p>\n<p>Vi b\u00f6rjar med det personliga engagemanget och r\u00f6r oss tillsammans ut\u00e5t mot lokalt och globalt engagemang. Efter 3 \u00e5r hos oss ska du k\u00e4nna dig trygg i din egen f\u00f6rm\u00e5ga att p\u00e5verka dig sj\u00e4lv, din omgivning och v\u00e4rlden utanf\u00f6r.<\/p>\n\n\t\t\t\t\t<\/div>\n\t\t\t\t\t\t\t<\/div>\n\n\t\t\t\t\t<\/div>\n\n\t\t <div class=\"ams-fifty__media u-ratio-widescreen\">\n\t\t \t\n\t\t\t\n\t\t\t\t\t\t\t<lite-youtube videoid=\"F6M_e0NXpMo\" style=\"background-image: url('https:\/\/i.ytimg.com\/vi\/F6M_e0NXpMo\/hqdefault.jpg');\">\n\t\t\t\t\t\t<button href=\"https:\/\/youtube.com\/watch?v=F6M_e0NXpMo\" class=\"lty-playbtn\" title=\"Play Video\">\n\t\t\t\t\t\t\t<span class=\"lyt-visually-hidden\">Play Video<\/span>\n\t\t\t\t\t\t<\/button>\n\t\t\t\t\t<\/lite-youtube>\n\t\t\t\t\t<\/div>\n\t<\/div>\n\n\t\t\n\n<\/section>\n\n\t\n\t\n\t\n\n\t\n\t\n\t\t\n<section  class=\"c-block l-stacked  \" data-color-scheme=\"gra\">\n\t<div class=\"ams-fifty ams-fifty--container ams-fifty--right ams-fifty--top l-container u-pt-fluid-3xl-6xl u-pb-fluid-3xl-6xl\">\n\t\t<div class=\"ams-fifty__content l-stack l-stack-xl is-left is-left@lg\">\n\t\t\t<div class=\"ams-fifty__text l-stack l-stack-lg\">\n\t\t\t\t\t\n\t<h2\n\tclass=\"c-heading u-font-title-1 \"\n\tstyle=\"\">\n\t\t\n\t\t\t\t\tVi b\u00f6rjar med din personliga utveckling\n\t\t\t\t\n\t<\/h2>\n\n\t\t\t\t\t\t\t\t\t<div class=\"text l-stack u-font-body\">\n\t\t\t\t\t\t<p>Drottning Blankas Gymnasieskola \u00e4r skolan som bryr sig om b\u00e5de dig som elev och v\u00e4rlden som du s\u00e5 sm\u00e5ningom ska ut i. Genom att vara n\u00e4rvarande i det personliga, det lokala och det globala manifesterar vi att det h\u00e4nger ihop \u2013 och att du som elev \u00e4r del av detta b\u00e5de idag och i framtiden. Det b\u00f6rjar med din personliga utveckling och slutar med hur du kan vara med och driva utvecklingen f\u00f6r andra.<\/p>\n\n\t\t\t\t\t<\/div>\n\t\t\t\t\t\t\t<\/div>\n\n\t\t\t\t\t<\/div>\n\n\t\t <div class=\"ams-fifty__media u-ratio-square\">\n\t\t \t\t\t\t\t<img decoding=\"async\" width=\"600\" height=\"400\" src=\"https:\/\/drottningblanka.se\/wp-content\/uploads\/2023\/05\/ekekodbgykristianstad202403h8a3153-600x400.jpg\" class=\"attachment-md size-md\" alt=\"Elev i n\u00e4rbild presenterar framf\u00f6r klassen\" sizes=\"(min-width: 64em) 600px, calc(100vw - 160px)\" srcset=\"https:\/\/drottningblanka.se\/wp-content\/uploads\/2023\/05\/ekekodbgykristianstad202403h8a3153-600x400.jpg 600w, https:\/\/drottningblanka.se\/wp-content\/uploads\/2023\/05\/ekekodbgykristianstad202403h8a3153-300x200.jpg 300w, https:\/\/drottningblanka.se\/wp-content\/uploads\/2023\/05\/ekekodbgykristianstad202403h8a3153-400x267.jpg 400w, https:\/\/drottningblanka.se\/wp-content\/uploads\/2023\/05\/ekekodbgykristianstad202403h8a3153-800x533.jpg 800w, https:\/\/drottningblanka.se\/wp-content\/uploads\/2023\/05\/ekekodbgykristianstad202403h8a3153-1024x683.jpg 1024w, https:\/\/drottningblanka.se\/wp-content\/uploads\/2023\/05\/ekekodbgykristianstad202403h8a3153.jpg 1080w\" \/>\n\t\t\t\n\t\t\t\n\t\t\t\t\t<\/div>\n\t<\/div>\n\n\t\t\n\n<\/section>\n\n\n<section  class=\"ams-usp c-block l-stacked\" data-color-scheme=\"kort-bla\">\n\t<div class=\"l-container l-stack l-stack-fluid-2xl u-pt-fluid-3xl-6xl u-pb-fluid-3xl-6xl is-center is-center@md\">\n\t\t\t\t\t<div class=\"ams-usp__intro l-stack l-stack-lg\">\n\t\t\t\t\t\n\t<h2\n\tclass=\"c-heading u-font-title-1 \"\n\tstyle=\"\">\n\t\t\n\t\t\t\t\tDin resa p\u00e5 tre \u00e5r &#8211; tusen m\u00f6jligheter\n\t\t\t\t\n\t<\/h2>\n\n\t\t\t\t\t\t\t<\/div>\n\t\t\n\t\t\t<ul class=\"ams-usp__list l-grid u-justify-center u-gap-fluid-2xl-4xl\">\n\t\t\t\t\t<li class=\"l-col-6@md l-col-4@lg\">\n\t\t\t\t<article\n\t\t\t\t\tclass=\"\n\t\t\t\t\tc-card\n\t\t\t\t\thas-media-zoom\n\t\t\t\t\t\n\t\t\t\t\t\n\t\t\t\t\t\"\n\t\t\t\t\tdata-variant=\"simple\"\n\t\t\t\t\tdata-style=\"square\"\n\t\t\t\t\t\n\t\t\t\t\t>\n\t\t\t\t\t\t\t\t\t\t\t<div class=\"c-card__content l-stack l-stack-sm u-text-left\">\n\t\t\t\t\t\t\t\t\t\t\t\t\t\t\t<h3 class=\"c-card__title u-font-title-3\">\n\t\t\t\t\t\t\t\t\t\t\t\t\t\t\t\t\t\t\t\t\t\t\t\t\t\t\t\t\t\t\u00c5r 1 &#8211; Personligt\n\t\t\t\t\t\t\t\t\t\t\t\t\t\t\t\t\t\t\t\t\t\t\t\t\t\t\t<\/h3>\n\t\t\t\t\t\t\t\n\t\t\t\t\t\t\t\t\t\t\t\t\t\t\t<div class=\"c-card__text l-stack-xs u-font-body\">\n\t\t\t\t\t\t\t\t\t<p>Det \u00e4r viktigt f\u00f6r oss att det g\u00e5r bra f\u00f6r dig!<\/p>\n<p>F\u00f6r att du ska lyckas kr\u00e4vs b\u00e5de v\u00e5rt och ditt personliga engagemang. Som ny elev f\u00e5r du en mentor som peppar och st\u00f6ttar dig i dina studier.<\/p>\n<p>Under \u00e5rskurs 1 ges du \u00e4ven de verktyg och strategier som beh\u00f6vs f\u00f6r att du med sj\u00e4lvf\u00f6rtroende ska lyckas under dina \u00e5r p\u00e5 Drottning Blankas Gymnasieskola!<\/p>\n\n\t\t\t\t\t\t\t\t<\/div>\n\t\t\t\t\t\t\t\t\t\t\t\t\t<\/div>\n\t\t\t\t\t\n\t\t\t\t\t<div class=\"c-card__media\">\n\t\t\t\t\t\t\t\t\t\t\t\t\t<img decoding=\"async\" width=\"400\" height=\"267\" src=\"https:\/\/drottningblanka.se\/wp-content\/uploads\/2023\/05\/dbgyhelsingborg202403h8a1616-400x267.jpg\" class=\"u-radius-square u-ratio-landscape  ams_icon_size_default\" alt=\"Tv\u00e5 elever och en l\u00e4rare vid en dator\" srcset=\"https:\/\/drottningblanka.se\/wp-content\/uploads\/2023\/05\/dbgyhelsingborg202403h8a1616-400x267.jpg 400w, https:\/\/drottningblanka.se\/wp-content\/uploads\/2023\/05\/dbgyhelsingborg202403h8a1616-300x200.jpg 300w, https:\/\/drottningblanka.se\/wp-content\/uploads\/2023\/05\/dbgyhelsingborg202403h8a1616-600x400.jpg 600w, https:\/\/drottningblanka.se\/wp-content\/uploads\/2023\/05\/dbgyhelsingborg202403h8a1616-800x533.jpg 800w, https:\/\/drottningblanka.se\/wp-content\/uploads\/2023\/05\/dbgyhelsingborg202403h8a1616-1024x683.jpg 1024w, https:\/\/drottningblanka.se\/wp-content\/uploads\/2023\/05\/dbgyhelsingborg202403h8a1616.jpg 1080w\" sizes=\"(max-width: 400px) 100vw, 400px\" \/>\n\t\t\t\t\t\t\t\t\t\t\t<\/div>\n\t\t\t\t<\/article>\n\t\t\t<\/li>\n\n\t\t\t\t\t<li class=\"l-col-6@md l-col-4@lg\">\n\t\t\t\t<article\n\t\t\t\t\tclass=\"\n\t\t\t\t\tc-card\n\t\t\t\t\thas-media-zoom\n\t\t\t\t\t\n\t\t\t\t\t\n\t\t\t\t\t\"\n\t\t\t\t\tdata-variant=\"simple\"\n\t\t\t\t\tdata-style=\"square\"\n\t\t\t\t\t\n\t\t\t\t\t>\n\t\t\t\t\t\t\t\t\t\t\t<div class=\"c-card__content l-stack l-stack-sm u-text-left\">\n\t\t\t\t\t\t\t\t\t\t\t\t\t\t\t<h3 class=\"c-card__title u-font-title-3\">\n\t\t\t\t\t\t\t\t\t\t\t\t\t\t\t\t\t\t\t\t\t\t\t\t\t\t\t\t\t\t\u00c5r 2 &#8211; Lokalt\n\t\t\t\t\t\t\t\t\t\t\t\t\t\t\t\t\t\t\t\t\t\t\t\t\t\t\t<\/h3>\n\t\t\t\t\t\t\t\n\t\t\t\t\t\t\t\t\t\t\t\t\t\t\t<div class=\"c-card__text l-stack-xs u-font-body\">\n\t\t\t\t\t\t\t\t\t<p>Drottning Blankas Gymnasieskolor \u00e4r en positiv kraft p\u00e5 de orter d\u00e4r vi finns!<\/p>\n<p>Genom skarpa samarbeten skapar vi meningsfullhet i v\u00e5ra utbildningar, ofta i sammanhang som g\u00f6r skillnad f\u00f6r n\u00e5gon annan.<\/p>\n<p>Att vi samarbetar med v\u00e4rlden utanf\u00f6r skolan g\u00f6r ocks\u00e5 att du som elev f\u00e5r m\u00f6jlighet att knyta viktiga kontakter under din gymnasietid.<\/p>\n\n\t\t\t\t\t\t\t\t<\/div>\n\t\t\t\t\t\t\t\t\t\t\t\t\t<\/div>\n\t\t\t\t\t\n\t\t\t\t\t<div class=\"c-card__media\">\n\t\t\t\t\t\t\t\t\t\t\t\t\t<img decoding=\"async\" width=\"400\" height=\"600\" src=\"https:\/\/drottningblanka.se\/wp-content\/uploads\/2023\/05\/esbilgrafiskdesigndbgylund202403h8a3693-400x600.jpg\" class=\"u-radius-square u-ratio-landscape  ams_icon_size_default\" alt=\"L\u00e4rare och elev tittar p\u00e5 bilder de tagit med en kamera\" srcset=\"https:\/\/drottningblanka.se\/wp-content\/uploads\/2023\/05\/esbilgrafiskdesigndbgylund202403h8a3693-400x600.jpg 400w, https:\/\/drottningblanka.se\/wp-content\/uploads\/2023\/05\/esbilgrafiskdesigndbgylund202403h8a3693-300x450.jpg 300w, https:\/\/drottningblanka.se\/wp-content\/uploads\/2023\/05\/esbilgrafiskdesigndbgylund202403h8a3693-600x900.jpg 600w, https:\/\/drottningblanka.se\/wp-content\/uploads\/2023\/05\/esbilgrafiskdesigndbgylund202403h8a3693-800x1200.jpg 800w, https:\/\/drottningblanka.se\/wp-content\/uploads\/2023\/05\/esbilgrafiskdesigndbgylund202403h8a3693-1024x1536.jpg 1024w, https:\/\/drottningblanka.se\/wp-content\/uploads\/2023\/05\/esbilgrafiskdesigndbgylund202403h8a3693-1200x1800.jpg 1200w, https:\/\/drottningblanka.se\/wp-content\/uploads\/2023\/05\/esbilgrafiskdesigndbgylund202403h8a3693-scaled.jpg 1707w\" sizes=\"(max-width: 400px) 100vw, 400px\" \/>\n\t\t\t\t\t\t\t\t\t\t\t<\/div>\n\t\t\t\t<\/article>\n\t\t\t<\/li>\n\n\t\t\t\t\t<li class=\"l-col-6@md l-col-4@lg\">\n\t\t\t\t<article\n\t\t\t\t\tclass=\"\n\t\t\t\t\tc-card\n\t\t\t\t\thas-media-zoom\n\t\t\t\t\t\n\t\t\t\t\t\n\t\t\t\t\t\"\n\t\t\t\t\tdata-variant=\"simple\"\n\t\t\t\t\tdata-style=\"square\"\n\t\t\t\t\t\n\t\t\t\t\t>\n\t\t\t\t\t\t\t\t\t\t\t<div class=\"c-card__content l-stack l-stack-sm u-text-left\">\n\t\t\t\t\t\t\t\t\t\t\t\t\t\t\t<h3 class=\"c-card__title u-font-title-3\">\n\t\t\t\t\t\t\t\t\t\t\t\t\t\t\t\t\t\t\t\t\t\t\t\t\t\t\t\t\t\t\u00c5r 3 &#8211; Globalt\n\t\t\t\t\t\t\t\t\t\t\t\t\t\t\t\t\t\t\t\t\t\t\t\t\t\t\t<\/h3>\n\t\t\t\t\t\t\t\n\t\t\t\t\t\t\t\t\t\t\t\t\t\t\t<div class=\"c-card__text l-stack-xs u-font-body\">\n\t\t\t\t\t\t\t\t\t<p>Hela v\u00e4rlden \u00e4r viktig!<\/p>\n<p>Likv\u00e4l som vi bryr oss om varandra och v\u00e5r n\u00e4rmilj\u00f6 bryr vi oss om den v\u00e4rld vi lever i. Det globala perspektivet genomsyrar alla v\u00e5ra skolor och i \u00e5k3 engageras v\u00e5ra elever extra mycket i globala fr\u00e5gor, p\u00e5 vissa skolor f\u00e5r du m\u00f6jlighet att resa utomlands.<\/p>\n<p>V\u00e5rt m\u00e5l \u00e4r att du under din studietid ska m\u00f6ta m\u00e4nniskor, perspektiv och kulturer bortom Sveriges gr\u00e4nser.<\/p>\n\n\t\t\t\t\t\t\t\t<\/div>\n\t\t\t\t\t\t\t\t\t\t\t\t\t<\/div>\n\t\t\t\t\t\n\t\t\t\t\t<div class=\"c-card__media\">\n\t\t\t\t\t\t\t\t\t\t\t\t\t<img decoding=\"async\" width=\"400\" height=\"267\" src=\"https:\/\/drottningblanka.se\/wp-content\/uploads\/2023\/05\/sasamdbgykristianstad202403h8a2323-1-400x267.jpg\" class=\"u-radius-square u-ratio-landscape  ams_icon_size_default\" alt=\"Elev kollar p\u00e5 en jordglob\" srcset=\"https:\/\/drottningblanka.se\/wp-content\/uploads\/2023\/05\/sasamdbgykristianstad202403h8a2323-1-400x267.jpg 400w, https:\/\/drottningblanka.se\/wp-content\/uploads\/2023\/05\/sasamdbgykristianstad202403h8a2323-1-300x200.jpg 300w, https:\/\/drottningblanka.se\/wp-content\/uploads\/2023\/05\/sasamdbgykristianstad202403h8a2323-1-600x400.jpg 600w, https:\/\/drottningblanka.se\/wp-content\/uploads\/2023\/05\/sasamdbgykristianstad202403h8a2323-1-800x533.jpg 800w, https:\/\/drottningblanka.se\/wp-content\/uploads\/2023\/05\/sasamdbgykristianstad202403h8a2323-1-1024x683.jpg 1024w, https:\/\/drottningblanka.se\/wp-content\/uploads\/2023\/05\/sasamdbgykristianstad202403h8a2323-1.jpg 1080w\" sizes=\"(max-width: 400px) 100vw, 400px\" \/>\n\t\t\t\t\t\t\t\t\t\t\t<\/div>\n\t\t\t\t<\/article>\n\t\t\t<\/li>\n\n\t\t\t<\/ul>\n\n\t\t\t<\/div>\n\n\t\t\n\n<\/section>\n\n\t\n\t\n\t\n\n\t\n\t\n\t\t\n<section  class=\"c-block l-stacked  \" data-color-scheme=\"vit\">\n\t<div class=\"ams-fifty ams-fifty--container ams-fifty--right ams-fifty--top l-container u-pt-fluid-3xl-6xl u-pb-fluid-3xl-6xl\">\n\t\t<div class=\"ams-fifty__content l-stack l-stack-xl is-left is-left@lg\">\n\t\t\t<div class=\"ams-fifty__text l-stack l-stack-lg\">\n\t\t\t\t\t\n\t<h2\n\tclass=\"c-heading u-font-title-1 \"\n\tstyle=\"\">\n\t\t\n\t\t\t\t\tS\u00e5h\u00e4r jobbar vi p\u00e5 DBGY\n\t\t\t\t\n\t<\/h2>\n\n\t\t\t\t\t\t\t\t\t<div class=\"text l-stack u-font-body\">\n\t\t\t\t\t\t<h3>Du som elev<\/h3>\n<ul>\n<li>Tar ansvar f\u00f6r dina studier.<\/li>\n<li>Visar h\u00e4nsyn till dina klasskamrater och l\u00e4rare.<\/li>\n<li>Har ett intresse f\u00f6r din valda profil och utbildning.<\/li>\n<\/ul>\n<h3>V\u00e5ra l\u00e4rare<\/h3>\n<ul>\n<li>Lyssnar, \u00e4r lyh\u00f6rda och v\u00e4gleder dig.<\/li>\n<li>Visar intresse i din utveckling och ger dig positiv f\u00f6rst\u00e4rkning.<\/li>\n<li>\u00c4r kreativa och har h\u00f6ga f\u00f6rv\u00e4ntningar p\u00e5 dig som elev.<\/li>\n<\/ul>\n\n\t\t\t\t\t<\/div>\n\t\t\t\t\t\t\t<\/div>\n\n\t\t\t\t\t<\/div>\n\n\t\t <div class=\"ams-fifty__media u-ratio-square\">\n\t\t \t\t\t\t\t<img decoding=\"async\" width=\"600\" height=\"400\" src=\"https:\/\/drottningblanka.se\/wp-content\/uploads\/2023\/05\/ekjurdbgygoteborg202403h8a4671-1-600x400.jpg\" class=\"attachment-md size-md\" alt=\"L\u00e4rare och elev i samtal\" sizes=\"(min-width: 64em) 600px, calc(100vw - 160px)\" srcset=\"https:\/\/drottningblanka.se\/wp-content\/uploads\/2023\/05\/ekjurdbgygoteborg202403h8a4671-1-600x400.jpg 600w, https:\/\/drottningblanka.se\/wp-content\/uploads\/2023\/05\/ekjurdbgygoteborg202403h8a4671-1-300x200.jpg 300w, https:\/\/drottningblanka.se\/wp-content\/uploads\/2023\/05\/ekjurdbgygoteborg202403h8a4671-1-400x267.jpg 400w, https:\/\/drottningblanka.se\/wp-content\/uploads\/2023\/05\/ekjurdbgygoteborg202403h8a4671-1-800x533.jpg 800w, https:\/\/drottningblanka.se\/wp-content\/uploads\/2023\/05\/ekjurdbgygoteborg202403h8a4671-1-1024x683.jpg 1024w, https:\/\/drottningblanka.se\/wp-content\/uploads\/2023\/05\/ekjurdbgygoteborg202403h8a4671-1.jpg 1080w\" \/>\n\t\t\t\n\t\t\t\n\t\t\t\t\t<\/div>\n\t<\/div>\n\n\t\t\n\n<\/section>\n\t<\/div>\n\n\t\n\n\n\n<section  class=\"ams-cta ams-cta--stacked c-block l-stacked ams-border\" data-color-scheme=\"beige\">\n\t<div class=\"l-container-narrow l-stack l-stack-fluid-2xl u-pt-fluid-3xl-6xl u-pb-fluid-3xl-6xl is-center is-center@md\">\n\t\t\t\t\t<div class=\"ams-cta__intro l-stack l-stack-lg\">\n\t\t\t\t\t\n\t<h2\n\tclass=\"c-heading u-font-title-1 \"\n\tstyle=\"\">\n\t\t\n\t\t\t\t\tL\u00e4s mer om vad du f\u00e5r som elev!\n\t\t\t\t\n\t<\/h2>\n\n\t\t\t\t\t\t\t\t\t<div class=\"c-text l-stack u-cs-xl u-font-body\">\n\t\t\t\t\t\t<p style=\"text-align: center;\"><span data-sheets-value=\"{&quot;1&quot;:2,&quot;2&quot;:&quot;Ut\u00f6ver v\u00e5ra elever och undervisningen finns det ett par saker som vi bryr oss om lite extra. Detta \u00e4r omr\u00e5den som vi satsar extra mycket p\u00e5 och som ska ge dig som elev extra bra f\u00f6ruts\u00e4ttningar under din gymnasietid.&quot;}\" data-sheets-userformat=\"{&quot;2&quot;:5025,&quot;3&quot;:{&quot;1&quot;:0},&quot;8&quot;:{&quot;1&quot;:[{&quot;1&quot;:2,&quot;2&quot;:0,&quot;5&quot;:{&quot;1&quot;:2,&quot;2&quot;:0}},{&quot;1&quot;:0,&quot;2&quot;:0,&quot;3&quot;:3},{&quot;1&quot;:1,&quot;2&quot;:0,&quot;4&quot;:1}]},&quot;10&quot;:0,&quot;11&quot;:4,&quot;12&quot;:0,&quot;15&quot;:&quot;Montserrat&quot;}\">Ut\u00f6ver v\u00e5ra elever och undervisningen finns det ett par saker som vi bryr oss om lite extra. Detta \u00e4r omr\u00e5den som vi satsar extra mycket p\u00e5 och som ska ge dig som elev extra bra f\u00f6ruts\u00e4ttningar under din gymnasietid.<\/span><\/p>\n\n\t\t\t\t\t<\/div>\n\t\t\t\t\t\t\t<\/div>\n\t\t\n\t\t\n\t\t\t<div class=\"ams-cta__action u-inline-items\">\n\t\t\t\t\t\t\t\n\n\n<a href=\"https:\/\/drottningblanka.se\/lund\/internationalisering\/\"\n\t\n\tclass=\"c-btn \"\n\tdata-style=\"round\"\n\tdata-size=\"md\"\n\tdata-width=\"full-mobile\"\n\tdata-variant=\"outline\"\n\ttarget=\"_self\">\n\t\t\t<span class=\"label\"> Internationalisering<\/span>\n\t\t\t<\/a>\n\t\t\t<\/div>\n\t<\/div>\n\n\t\t\n\n<\/section>\n","protected":false},"excerpt":{"rendered":"","protected":false},"author":1,"featured_media":0,"parent":0,"menu_order":0,"comment_status":"closed","ping_status":"closed","template":"","meta":{"footnotes":""},"yoast_head":"<!-- This site is optimized with the Yoast SEO plugin v22.0 - https:\/\/yoast.com\/wordpress\/plugins\/seo\/ -->\n<title>Engagemang - Drottning Blankas Gymnasieskola Lund<\/title>\n<meta name=\"description\" content=\"F\u00f6r oss \u00e4r det viktigt att du ska k\u00e4nna att du kan p\u00e5verka din omgivning genom ditt engagemang. V\u00e4lkommen till Drottning Blanka!\" \/>\n<meta name=\"robots\" content=\"index, follow, max-snippet:-1, max-image-preview:large, max-video-preview:-1\" \/>\n<link rel=\"canonical\" href=\"https:\/\/drottningblanka.se\/lund\/engagemang\/\" \/>\n<meta property=\"og:locale\" content=\"sv_SE\" \/>\n<meta property=\"og:type\" content=\"article\" \/>\n<meta property=\"og:title\" content=\"Engagemang - Drottning Blankas Gymnasieskola Lund\" \/>\n<meta property=\"og:description\" content=\"F\u00f6r oss \u00e4r det viktigt att du ska k\u00e4nna att du kan p\u00e5verka din omgivning genom ditt engagemang. V\u00e4lkommen till Drottning Blanka!\" \/>\n<meta property=\"og:url\" content=\"https:\/\/drottningblanka.se\/lund\/engagemang\/\" \/>\n<meta property=\"og:site_name\" content=\"Lund\" \/>\n<meta property=\"article:modified_time\" content=\"2025-08-20T06:06:46+00:00\" \/>\n<meta name=\"twitter:card\" content=\"summary_large_image\" \/>\n<meta name=\"twitter:title\" content=\"Engagemang - Drottning Blankas Gymnasieskola Lund\" \/>\n<meta name=\"twitter:description\" content=\"F\u00f6r oss \u00e4r det viktigt att du ska k\u00e4nna att du kan p\u00e5verka din omgivning genom ditt engagemang. V\u00e4lkommen till Drottning Blanka!\" \/>\n<meta name=\"twitter:label1\" content=\"Ber\u00e4knad l\u00e4stid\" \/>\n\t<meta name=\"twitter:data1\" content=\"1 minut\" \/>\n<script type=\"application\/ld+json\" class=\"yoast-schema-graph\">{\"@context\":\"https:\/\/schema.org\",\"@graph\":[{\"@type\":\"WebPage\",\"@id\":\"https:\/\/drottningblanka.se\/lund\/engagemang\/\",\"url\":\"https:\/\/drottningblanka.se\/lund\/engagemang\/\",\"name\":\"Engagemang - Drottning Blankas Gymnasieskola Lund\",\"isPartOf\":{\"@id\":\"https:\/\/drottningblanka.se\/lund\/#website\"},\"datePublished\":\"2023-05-16T15:11:11+00:00\",\"dateModified\":\"2025-08-20T06:06:46+00:00\",\"description\":\"F\u00f6r oss \u00e4r det viktigt att du ska k\u00e4nna att du kan p\u00e5verka din omgivning genom ditt engagemang. V\u00e4lkommen till Drottning Blanka!\",\"breadcrumb\":{\"@id\":\"https:\/\/drottningblanka.se\/lund\/engagemang\/#breadcrumb\"},\"inLanguage\":\"sv-SE\",\"potentialAction\":[{\"@type\":\"ReadAction\",\"target\":[\"https:\/\/drottningblanka.se\/lund\/engagemang\/\"]}]},{\"@type\":\"BreadcrumbList\",\"@id\":\"https:\/\/drottningblanka.se\/lund\/engagemang\/#breadcrumb\",\"itemListElement\":[{\"@type\":\"ListItem\",\"position\":1,\"name\":\"Start\",\"item\":\"https:\/\/drottningblanka.se\/lund\/\"},{\"@type\":\"ListItem\",\"position\":2,\"name\":\"Engagemang\"}]},{\"@type\":\"WebSite\",\"@id\":\"https:\/\/drottningblanka.se\/lund\/#website\",\"url\":\"https:\/\/drottningblanka.se\/lund\/\",\"name\":\"Lund\",\"description\":\"En del av AcadeMedia\",\"potentialAction\":[{\"@type\":\"SearchAction\",\"target\":{\"@type\":\"EntryPoint\",\"urlTemplate\":\"https:\/\/drottningblanka.se\/lund\/?s={search_term_string}\"},\"query-input\":\"required name=search_term_string\"}],\"inLanguage\":\"sv-SE\"}]}<\/script>\n<!-- \/ Yoast SEO plugin. -->","yoast_head_json":{"title":"Engagemang - Drottning Blankas Gymnasieskola Lund","description":"F\u00f6r oss \u00e4r det viktigt att du ska k\u00e4nna att du kan p\u00e5verka din omgivning genom ditt engagemang. V\u00e4lkommen till Drottning Blanka!","robots":{"index":"index","follow":"follow","max-snippet":"max-snippet:-1","max-image-preview":"max-image-preview:large","max-video-preview":"max-video-preview:-1"},"canonical":"https:\/\/drottningblanka.se\/lund\/engagemang\/","og_locale":"sv_SE","og_type":"article","og_title":"Engagemang - Drottning Blankas Gymnasieskola Lund","og_description":"F\u00f6r oss \u00e4r det viktigt att du ska k\u00e4nna att du kan p\u00e5verka din omgivning genom ditt engagemang. V\u00e4lkommen till Drottning Blanka!","og_url":"https:\/\/drottningblanka.se\/lund\/engagemang\/","og_site_name":"Lund","article_modified_time":"2025-08-20T06:06:46+00:00","twitter_card":"summary_large_image","twitter_title":"Engagemang - Drottning Blankas Gymnasieskola Lund","twitter_description":"F\u00f6r oss \u00e4r det viktigt att du ska k\u00e4nna att du kan p\u00e5verka din omgivning genom ditt engagemang. V\u00e4lkommen till Drottning Blanka!","twitter_misc":{"Ber\u00e4knad l\u00e4stid":"1 minut"},"schema":{"@context":"https:\/\/schema.org","@graph":[{"@type":"WebPage","@id":"https:\/\/drottningblanka.se\/lund\/engagemang\/","url":"https:\/\/drottningblanka.se\/lund\/engagemang\/","name":"Engagemang - Drottning Blankas Gymnasieskola Lund","isPartOf":{"@id":"https:\/\/drottningblanka.se\/lund\/#website"},"datePublished":"2023-05-16T15:11:11+00:00","dateModified":"2025-08-20T06:06:46+00:00","description":"F\u00f6r oss \u00e4r det viktigt att du ska k\u00e4nna att du kan p\u00e5verka din omgivning genom ditt engagemang. V\u00e4lkommen till Drottning Blanka!","breadcrumb":{"@id":"https:\/\/drottningblanka.se\/lund\/engagemang\/#breadcrumb"},"inLanguage":"sv-SE","potentialAction":[{"@type":"ReadAction","target":["https:\/\/drottningblanka.se\/lund\/engagemang\/"]}]},{"@type":"BreadcrumbList","@id":"https:\/\/drottningblanka.se\/lund\/engagemang\/#breadcrumb","itemListElement":[{"@type":"ListItem","position":1,"name":"Start","item":"https:\/\/drottningblanka.se\/lund\/"},{"@type":"ListItem","position":2,"name":"Engagemang"}]},{"@type":"WebSite","@id":"https:\/\/drottningblanka.se\/lund\/#website","url":"https:\/\/drottningblanka.se\/lund\/","name":"Lund","description":"En del av AcadeMedia","potentialAction":[{"@type":"SearchAction","target":{"@type":"EntryPoint","urlTemplate":"https:\/\/drottningblanka.se\/lund\/?s={search_term_string}"},"query-input":"required name=search_term_string"}],"inLanguage":"sv-SE"}]}},"_links":{"self":[{"href":"https:\/\/drottningblanka.se\/lund\/wp-json\/wp\/v2\/pages\/948"}],"collection":[{"href":"https:\/\/drottningblanka.se\/lund\/wp-json\/wp\/v2\/pages"}],"about":[{"href":"https:\/\/drottningblanka.se\/lund\/wp-json\/wp\/v2\/types\/page"}],"author":[{"embeddable":true,"href":"https:\/\/drottningblanka.se\/lund\/wp-json\/wp\/v2\/users\/1"}],"replies":[{"embeddable":true,"href":"https:\/\/drottningblanka.se\/lund\/wp-json\/wp\/v2\/comments?post=948"}],"version-history":[{"count":10,"href":"https:\/\/drottningblanka.se\/lund\/wp-json\/wp\/v2\/pages\/948\/revisions"}],"predecessor-version":[{"id":2438,"href":"https:\/\/drottningblanka.se\/lund\/wp-json\/wp\/v2\/pages\/948\/revisions\/2438"}],"wp:attachment":[{"href":"https:\/\/drottningblanka.se\/lund\/wp-json\/wp\/v2\/media?parent=948"}],"curies":[{"name":"wp","href":"https:\/\/api.w.org\/{rel}","templated":true}]}}