{"id":35,"date":"2022-07-25T23:10:09","date_gmt":"2022-07-25T21:10:09","guid":{"rendered":"https:\/\/drottningblanka.se\/kungsbacka\/?page_id=35"},"modified":"2025-08-19T12:41:49","modified_gmt":"2025-08-19T10:41:49","slug":"profiler","status":"publish","type":"page","link":"https:\/\/drottningblanka.se\/kungsbacka\/profiler\/","title":{"rendered":"Vad \u00e4r profiler?"},"content":{"rendered":"\n\t\n\t\n\t\n\n\t\n\t\n\t\t\n<section  class=\"c-block l-stacked  \" data-color-scheme=\"gra\">\n\t<div class=\"ams-fifty ams-fifty--container ams-fifty--left ams-fifty--top l-container u-pt-fluid-3xl-6xl u-pb-fluid-3xl-6xl\">\n\t\t<div class=\"ams-fifty__content l-stack l-stack-xl is-left is-left@lg\">\n\t\t\t<div class=\"ams-fifty__text l-stack l-stack-lg\">\n\t\t\t\t\t\n\t<h1\n\tclass=\"c-heading u-font-title-1 \"\n\tstyle=\"\">\n\t\t\n\t\t\t\t\tVad \u00e4r profiler?\n\t\t\t\t\n\t<\/h1>\n\n\t\t\t\t\t\t\t\t\t<div class=\"text l-stack u-font-body\">\n\t\t\t\t\t\t<p>H\u00e5ller du ocks\u00e5 med om att man presterar b\u00e4ttre n\u00e4r man g\u00f6r n\u00e5got man tycker \u00e4r intressant? Vad bra!<\/p>\n<p>P\u00e5 alla DBGY-skolor erbjuder vi olika profiler \u2013 f\u00e4rdiga paket d\u00e4r du f\u00e5r en bred utbildning med en intressant twist. F\u00f6rdjupningskurserna fokuserar n\u00e4mligen kring ett visst omr\u00e5de. Kika p\u00e5 filmen och l\u00e4r dig mer!<\/p>\n\n\t\t\t\t\t<\/div>\n\t\t\t\t\t\t\t<\/div>\n\n\t\t\t\t\t<\/div>\n\n\t\t <div class=\"ams-fifty__media u-ratio-widescreen\">\n\t\t \t\n\t\t\t\n\t\t\t\t\t\t\t<lite-youtube videoid=\"1Pp8mUlGttA\" style=\"background-image: url('https:\/\/i.ytimg.com\/vi\/1Pp8mUlGttA\/hqdefault.jpg');\">\n\t\t\t\t\t\t<button href=\"https:\/\/youtube.com\/watch?v=1Pp8mUlGttA\" class=\"lty-playbtn\" title=\"Play Video\">\n\t\t\t\t\t\t\t<span class=\"lyt-visually-hidden\">Play Video<\/span>\n\t\t\t\t\t\t<\/button>\n\t\t\t\t\t<\/lite-youtube>\n\t\t\t\t\t<\/div>\n\t<\/div>\n\n\t\t\n\n<\/section>\n\n\n\n\t\n\t\n\t\n\n\t\n\t\n\t\t\n<section  class=\"c-block l-stacked  \" data-color-scheme=\"vit\">\n\t<div class=\"ams-fifty ams-fifty--container ams-fifty--right ams-fifty--bottom l-container u-pt-fluid-3xl-6xl u-pb-fluid-3xl-6xl\">\n\t\t<div class=\"ams-fifty__content l-stack l-stack-xl is-left is-left@lg\">\n\t\t\t<div class=\"ams-fifty__text l-stack l-stack-lg\">\n\t\t\t\t\t\n\t<h2\n\tclass=\"c-heading u-font-title-1 \"\n\tstyle=\"\">\n\t\t\n\t\t\t\t\tMen vad inneb\u00e4r det i praktiken?\n\t\t\t\t\n\t<\/h2>\n\n\t\t\t\t\t\t\t\t\t<div class=\"text l-stack u-font-body\">\n\t\t\t\t\t\t<p>Alla gymnasieutbildningar \u00e4r uppbyggda utifr\u00e5n olika typer av kurser. Gymnasie-, program- och inriktningsgemensamma kurser best\u00e4ms av skolverket och \u00e4r samma p\u00e5 alla skolor i hela Sverige.<\/p>\n<p>De enda kurserna som en skola sj\u00e4lv kan v\u00e4lja ut \u00e4r f\u00f6rdjupningskurserna. Dessa har vi handplockat och paketerat till intressanta profiler f\u00f6r att du ska kunna v\u00e4lja n\u00e5got du \u00e4r intresserad av. Det ger dig helt enkelt en intressant twist p\u00e5 din utbildning!<\/p>\n\n\t\t\t\t\t<\/div>\n\t\t\t\t\t\t\t<\/div>\n\n\t\t\t\t\t<\/div>\n\n\t\t <div class=\"ams-fifty__media u-ratio-square\">\n\t\t \t\t\t\t\t<img decoding=\"async\" width=\"600\" height=\"338\" src=\"https:\/\/drottningblanka.se\/wp-content\/uploads\/sites\/21\/2023\/05\/dbgy-profilpyramid-600x338.png\" class=\"attachment-md size-md\" alt=\"En pyramid som visar att profilen best\u00e5r av f\u00f6rdjupningskurser\" sizes=\"(min-width: 64em) 600px, calc(100vw - 160px)\" srcset=\"https:\/\/drottningblanka.se\/wp-content\/uploads\/sites\/21\/2023\/05\/dbgy-profilpyramid-600x338.png 600w, https:\/\/drottningblanka.se\/wp-content\/uploads\/sites\/21\/2023\/05\/dbgy-profilpyramid-300x169.png 300w, https:\/\/drottningblanka.se\/wp-content\/uploads\/sites\/21\/2023\/05\/dbgy-profilpyramid-400x225.png 400w, https:\/\/drottningblanka.se\/wp-content\/uploads\/sites\/21\/2023\/05\/dbgy-profilpyramid-800x450.png 800w, https:\/\/drottningblanka.se\/wp-content\/uploads\/sites\/21\/2023\/05\/dbgy-profilpyramid-1024x576.png 1024w, https:\/\/drottningblanka.se\/wp-content\/uploads\/sites\/21\/2023\/05\/dbgy-profilpyramid-1200x675.png 1200w, https:\/\/drottningblanka.se\/wp-content\/uploads\/sites\/21\/2023\/05\/dbgy-profilpyramid.png 1920w\" \/>\n\t\t\t\n\t\t\t\n\t\t\t\t\t<\/div>\n\t<\/div>\n\n\t\t\n\n<\/section>\n\n\n\n\n<section  class=\"ams-cta ams-cta--stacked c-block l-stacked ams-border\" data-color-scheme=\"beige\">\n\t<div class=\"l-container-narrow l-stack l-stack-fluid-2xl u-pt-fluid-3xl-6xl u-pb-fluid-3xl-6xl is-center is-center@md\">\n\t\t\t\t\t<div class=\"ams-cta__intro l-stack l-stack-lg\">\n\t\t\t\t\t\n\t<h2\n\tclass=\"c-heading u-font-title-1 \"\n\tstyle=\"\">\n\t\t\n\t\t\t\t\tUppt\u00e4ck v\u00e5ra profiler!\n\t\t\t\t\n\t<\/h2>\n\n\t\t\t\t\t\t\t\t\t<div class=\"c-text l-stack u-cs-xl u-font-body\">\n\t\t\t\t\t\t<p>Nu vet du f\u00f6rhoppningsvis precis vad en profil \u00e4r. Nu \u00e4r det dags att uppt\u00e4cka vad profilerna faktiskt inneb\u00e4r!<\/p>\n\n\t\t\t\t\t<\/div>\n\t\t\t\t\t\t\t<\/div>\n\t\t\n\t\t\n\t\t\t<div class=\"ams-cta__action u-inline-items\">\n\t\t\t\t\t\t\t\n\n\n<a href=\"https:\/\/drottningblanka.se\/kungsbacka\/program\/\"\n\t\n\tclass=\"c-btn \"\n\tdata-style=\"round\"\n\tdata-size=\"md\"\n\tdata-width=\"full-mobile\"\n\tdata-variant=\"default\"\n\ttarget=\"_self\">\n\t\t\t<span class=\"label\"> Uppt\u00e4ck v\u00e5ra profiler<\/span>\n\t\t\t<\/a>\n\t\t\t<\/div>\n\t<\/div>\n\n\t\t\n\n<\/section>\n","protected":false},"excerpt":{"rendered":"","protected":false},"author":1,"featured_media":0,"parent":0,"menu_order":0,"comment_status":"closed","ping_status":"closed","template":"","meta":{"footnotes":""},"yoast_head":"<!-- This site is optimized with the Yoast SEO plugin v22.0 - https:\/\/yoast.com\/wordpress\/plugins\/seo\/ -->\n<title>Vad \u00e4r profiler? - DBGY Kungsbacka<\/title>\n<meta name=\"description\" content=\"P\u00e5 alla DBGY-skolor erbjuder vi olika profiler \u2013 f\u00e4rdiga paket d\u00e4r du f\u00e5r en bred utbildning med en intressant twist.\" \/>\n<meta name=\"robots\" content=\"index, follow, max-snippet:-1, max-image-preview:large, max-video-preview:-1\" \/>\n<link rel=\"canonical\" href=\"https:\/\/drottningblanka.se\/kungsbacka\/profiler\/\" \/>\n<meta property=\"og:locale\" content=\"sv_SE\" \/>\n<meta property=\"og:type\" content=\"article\" \/>\n<meta property=\"og:title\" content=\"Vad \u00e4r profiler? - DBGY Kungsbacka\" \/>\n<meta property=\"og:description\" content=\"P\u00e5 alla DBGY-skolor erbjuder vi olika profiler \u2013 f\u00e4rdiga paket d\u00e4r du f\u00e5r en bred utbildning med en intressant twist.\" \/>\n<meta property=\"og:url\" content=\"https:\/\/drottningblanka.se\/kungsbacka\/profiler\/\" \/>\n<meta property=\"og:site_name\" content=\"Kungsbacka\" \/>\n<meta property=\"article:modified_time\" content=\"2025-08-19T10:41:49+00:00\" \/>\n<meta name=\"twitter:card\" content=\"summary_large_image\" \/>\n<meta name=\"twitter:title\" content=\"Vad \u00e4r profiler? - DBGY Kungsbacka\" \/>\n<meta name=\"twitter:description\" content=\"P\u00e5 alla DBGY-skolor erbjuder vi olika profiler \u2013 f\u00e4rdiga paket d\u00e4r du f\u00e5r en bred utbildning med en intressant twist.\" \/>\n<meta name=\"twitter:label1\" content=\"Ber\u00e4knad l\u00e4stid\" \/>\n\t<meta name=\"twitter:data1\" content=\"1 minut\" \/>\n<script type=\"application\/ld+json\" class=\"yoast-schema-graph\">{\"@context\":\"https:\/\/schema.org\",\"@graph\":[{\"@type\":\"WebPage\",\"@id\":\"https:\/\/drottningblanka.se\/kungsbacka\/profiler\/\",\"url\":\"https:\/\/drottningblanka.se\/kungsbacka\/profiler\/\",\"name\":\"Vad \u00e4r profiler? - DBGY Kungsbacka\",\"isPartOf\":{\"@id\":\"https:\/\/drottningblanka.se\/kungsbacka\/#website\"},\"datePublished\":\"2022-07-25T21:10:09+00:00\",\"dateModified\":\"2025-08-19T10:41:49+00:00\",\"description\":\"P\u00e5 alla DBGY-skolor erbjuder vi olika profiler \u2013 f\u00e4rdiga paket d\u00e4r du f\u00e5r en bred utbildning med en intressant twist.\",\"breadcrumb\":{\"@id\":\"https:\/\/drottningblanka.se\/kungsbacka\/profiler\/#breadcrumb\"},\"inLanguage\":\"sv-SE\",\"potentialAction\":[{\"@type\":\"ReadAction\",\"target\":[\"https:\/\/drottningblanka.se\/kungsbacka\/profiler\/\"]}]},{\"@type\":\"BreadcrumbList\",\"@id\":\"https:\/\/drottningblanka.se\/kungsbacka\/profiler\/#breadcrumb\",\"itemListElement\":[{\"@type\":\"ListItem\",\"position\":1,\"name\":\"Start\",\"item\":\"https:\/\/drottningblanka.se\/kungsbacka\/\"},{\"@type\":\"ListItem\",\"position\":2,\"name\":\"Vad \u00e4r profiler?\"}]},{\"@type\":\"WebSite\",\"@id\":\"https:\/\/drottningblanka.se\/kungsbacka\/#website\",\"url\":\"https:\/\/drottningblanka.se\/kungsbacka\/\",\"name\":\"Kungsbacka\",\"description\":\"En del av AcadeMedia\",\"potentialAction\":[{\"@type\":\"SearchAction\",\"target\":{\"@type\":\"EntryPoint\",\"urlTemplate\":\"https:\/\/drottningblanka.se\/kungsbacka\/?s={search_term_string}\"},\"query-input\":\"required name=search_term_string\"}],\"inLanguage\":\"sv-SE\"}]}<\/script>\n<!-- \/ Yoast SEO plugin. -->","yoast_head_json":{"title":"Vad \u00e4r profiler? - DBGY Kungsbacka","description":"P\u00e5 alla DBGY-skolor erbjuder vi olika profiler \u2013 f\u00e4rdiga paket d\u00e4r du f\u00e5r en bred utbildning med en intressant twist.","robots":{"index":"index","follow":"follow","max-snippet":"max-snippet:-1","max-image-preview":"max-image-preview:large","max-video-preview":"max-video-preview:-1"},"canonical":"https:\/\/drottningblanka.se\/kungsbacka\/profiler\/","og_locale":"sv_SE","og_type":"article","og_title":"Vad \u00e4r profiler? - DBGY Kungsbacka","og_description":"P\u00e5 alla DBGY-skolor erbjuder vi olika profiler \u2013 f\u00e4rdiga paket d\u00e4r du f\u00e5r en bred utbildning med en intressant twist.","og_url":"https:\/\/drottningblanka.se\/kungsbacka\/profiler\/","og_site_name":"Kungsbacka","article_modified_time":"2025-08-19T10:41:49+00:00","twitter_card":"summary_large_image","twitter_title":"Vad \u00e4r profiler? - DBGY Kungsbacka","twitter_description":"P\u00e5 alla DBGY-skolor erbjuder vi olika profiler \u2013 f\u00e4rdiga paket d\u00e4r du f\u00e5r en bred utbildning med en intressant twist.","twitter_misc":{"Ber\u00e4knad l\u00e4stid":"1 minut"},"schema":{"@context":"https:\/\/schema.org","@graph":[{"@type":"WebPage","@id":"https:\/\/drottningblanka.se\/kungsbacka\/profiler\/","url":"https:\/\/drottningblanka.se\/kungsbacka\/profiler\/","name":"Vad \u00e4r profiler? - DBGY Kungsbacka","isPartOf":{"@id":"https:\/\/drottningblanka.se\/kungsbacka\/#website"},"datePublished":"2022-07-25T21:10:09+00:00","dateModified":"2025-08-19T10:41:49+00:00","description":"P\u00e5 alla DBGY-skolor erbjuder vi olika profiler \u2013 f\u00e4rdiga paket d\u00e4r du f\u00e5r en bred utbildning med en intressant twist.","breadcrumb":{"@id":"https:\/\/drottningblanka.se\/kungsbacka\/profiler\/#breadcrumb"},"inLanguage":"sv-SE","potentialAction":[{"@type":"ReadAction","target":["https:\/\/drottningblanka.se\/kungsbacka\/profiler\/"]}]},{"@type":"BreadcrumbList","@id":"https:\/\/drottningblanka.se\/kungsbacka\/profiler\/#breadcrumb","itemListElement":[{"@type":"ListItem","position":1,"name":"Start","item":"https:\/\/drottningblanka.se\/kungsbacka\/"},{"@type":"ListItem","position":2,"name":"Vad \u00e4r profiler?"}]},{"@type":"WebSite","@id":"https:\/\/drottningblanka.se\/kungsbacka\/#website","url":"https:\/\/drottningblanka.se\/kungsbacka\/","name":"Kungsbacka","description":"En del av AcadeMedia","potentialAction":[{"@type":"SearchAction","target":{"@type":"EntryPoint","urlTemplate":"https:\/\/drottningblanka.se\/kungsbacka\/?s={search_term_string}"},"query-input":"required name=search_term_string"}],"inLanguage":"sv-SE"}]}},"_links":{"self":[{"href":"https:\/\/drottningblanka.se\/kungsbacka\/wp-json\/wp\/v2\/pages\/35"}],"collection":[{"href":"https:\/\/drottningblanka.se\/kungsbacka\/wp-json\/wp\/v2\/pages"}],"about":[{"href":"https:\/\/drottningblanka.se\/kungsbacka\/wp-json\/wp\/v2\/types\/page"}],"author":[{"embeddable":true,"href":"https:\/\/drottningblanka.se\/kungsbacka\/wp-json\/wp\/v2\/users\/1"}],"replies":[{"embeddable":true,"href":"https:\/\/drottningblanka.se\/kungsbacka\/wp-json\/wp\/v2\/comments?post=35"}],"version-history":[{"count":10,"href":"https:\/\/drottningblanka.se\/kungsbacka\/wp-json\/wp\/v2\/pages\/35\/revisions"}],"predecessor-version":[{"id":2319,"href":"https:\/\/drottningblanka.se\/kungsbacka\/wp-json\/wp\/v2\/pages\/35\/revisions\/2319"}],"wp:attachment":[{"href":"https:\/\/drottningblanka.se\/kungsbacka\/wp-json\/wp\/v2\/media?parent=35"}],"curies":[{"name":"wp","href":"https:\/\/api.w.org\/{rel}","templated":true}]}}