{"id":981,"date":"2023-05-22T15:19:54","date_gmt":"2023-05-22T13:19:54","guid":{"rendered":"https:\/\/drottningblanka.se\/jonkoping\/?page_id=981"},"modified":"2025-09-18T09:25:27","modified_gmt":"2025-09-18T07:25:27","slug":"meritpoang","status":"publish","type":"page","link":"https:\/\/drottningblanka.se\/jonkoping\/meritpoang\/","title":{"rendered":"Meritpo\u00e4ng"},"content":{"rendered":"\n\t\n\t\n\t\n\n\t\n\t\n\t\t\n<section  class=\"c-block l-stacked  \" data-color-scheme=\"gra\">\n\t<div class=\"ams-fifty ams-fifty--container ams-fifty--right ams-fifty--top l-container u-pt-fluid-3xl-6xl u-pb-fluid-3xl-6xl\">\n\t\t<div class=\"ams-fifty__content l-stack l-stack-xl is-left is-left@lg\">\n\t\t\t<div class=\"ams-fifty__text l-stack l-stack-lg\">\n\t\t\t\t\t\n\t<h1\n\tclass=\"c-heading u-font-title-1 \"\n\tstyle=\"\">\n\t\t\n\t\t\t\t\tMeritpo\u00e4ng f\u00f6r DBGY J\u00f6nk\u00f6ping\n\t\t\t\t\n\t<\/h1>\n\n\t\t\t\t\t\t\t\t\t<div class=\"text l-stack u-font-body\">\n\t\t\t\t\t\t<p>\u00c4r du nyfiken p\u00e5 om du har de betyg och meritpo\u00e4ng som kr\u00e4vs f\u00f6r att komma in p\u00e5 Drottning Blanka J\u00f6nk\u00f6ping? P\u00e5 den h\u00e4r sidan har vi samlat information om meritpo\u00e4ng, antagningspo\u00e4ng och medelpo\u00e4ng f\u00f6r v\u00e5ra program. Kom ih\u00e5g att meritpo\u00e4ngen kan \u00e4ndras fr\u00e5n \u00e5r till \u00e5r beroende p\u00e5 hur m\u00e5nga som s\u00f6ker programmet och vad f\u00f6r betyg de har!<\/p>\n\n\t\t\t\t\t<\/div>\n\t\t\t\t\t\t\t<\/div>\n\n\t\t\t\t\t<\/div>\n\n\t\t <div class=\"ams-fifty__media u-ratio-square\">\n\t\t \t\t\t\t\t<img decoding=\"async\" width=\"600\" height=\"400\" src=\"https:\/\/drottningblanka.se\/wp-content\/uploads\/sites\/18\/2024\/04\/dbgygoteborg202403h8a6754-600x400.jpg\" class=\"attachment-md size-md\" alt=\"Elever i skolans gemensamma lokaler\" sizes=\"(min-width: 64em) 600px, calc(100vw - 160px)\" srcset=\"https:\/\/drottningblanka.se\/wp-content\/uploads\/sites\/18\/2024\/04\/dbgygoteborg202403h8a6754-600x400.jpg 600w, https:\/\/drottningblanka.se\/wp-content\/uploads\/sites\/18\/2024\/04\/dbgygoteborg202403h8a6754-300x200.jpg 300w, https:\/\/drottningblanka.se\/wp-content\/uploads\/sites\/18\/2024\/04\/dbgygoteborg202403h8a6754-400x267.jpg 400w, https:\/\/drottningblanka.se\/wp-content\/uploads\/sites\/18\/2024\/04\/dbgygoteborg202403h8a6754-800x533.jpg 800w, https:\/\/drottningblanka.se\/wp-content\/uploads\/sites\/18\/2024\/04\/dbgygoteborg202403h8a6754-1024x683.jpg 1024w, https:\/\/drottningblanka.se\/wp-content\/uploads\/sites\/18\/2024\/04\/dbgygoteborg202403h8a6754.jpg 1080w\" \/>\n\t\t\t\n\t\t\t\n\t\t\t\t\t<\/div>\n\t<\/div>\n\n\t\t\n\n<\/section>\n\n\n\n\n<section  class=\"ams-cta ams-cta--stacked c-block l-stacked\" data-color-scheme=\"vit\">\n\t<div class=\"l-container l-stack l-stack-fluid-2xl u-pt-fluid-3xl-6xl u-pb-fluid-3xl-6xl is-center is-center@md\">\n\t\t\t\t\t<div class=\"ams-cta__intro l-stack l-stack-lg\">\n\t\t\t\t\t\n\t<h2\n\tclass=\"c-heading u-font-title-1 \"\n\tstyle=\"\">\n\t\t\n\t\t\t\t\tAntagningspo\u00e4ng och medelpo\u00e4ng f\u00f6r DBGY J\u00f6nk\u00f6ping\n\t\t\t\t\n\t<\/h2>\n\n\t\t\t\t\t\t\t\t\t<div class=\"c-text l-stack u-cs-xl u-font-body\">\n\t\t\t\t\t\t<h3>Barn- och fritidsprogrammet<\/h3>\n<p>Barn- och fritidsprogrammet hade \u00e5r 2025 en medelpo\u00e4ng p\u00e5 192.5 och en antagningsgr\u00e4ns p\u00e5 125.<\/p>\n<h3>Fris\u00f6r- och stylistprogrammet<\/h3>\n<p>Fris\u00f6r- och stylistprogrammet &#8211; Fris\u00f6r hade \u00e5r 2025 en medelpo\u00e4ng p\u00e5 215.1 och en antagningsgr\u00e4ns p\u00e5 155 po\u00e4ng.<br \/>\nFris\u00f6r- och stylistprogrammet &#8211; H\u00e5r- och makeupstylist hade \u00e5r 2025 en medelpo\u00e4ng p\u00e5 150.4 och en antagningsgr\u00e4ns p\u00e5 82.5 po\u00e4ng.<\/p>\n<h3>Samh\u00e4llsvetenskapsprogrammet<\/h3>\n<p>Samh\u00e4llsvetenskapsprogrammet hade \u00e5r 2025 en medelpo\u00e4ng p\u00e5 219.3 och en antagningsgr\u00e4ns p\u00e5 152.5 po\u00e4ng.<\/p>\n<h3>V\u00e5rd- och omsorgsprogrammet<\/h3>\n<p>V\u00e5rd- och omsorgsprogrammet hade \u00e5r 2025 en medelpo\u00e4ng p\u00e5 177.1 och en antagningsgr\u00e4ns p\u00e5 82.5 po\u00e4ng.<\/p>\n\n\t\t\t\t\t<\/div>\n\t\t\t\t\t\t\t<\/div>\n\t\t\n\t\t\n\t\t\t<div class=\"ams-cta__action u-inline-items\">\n\t\t\t\t\t\t\t\n\n\n<a href=\"https:\/\/drottningblanka.se\/jonkoping\/program\/\"\n\t\n\tclass=\"c-btn \"\n\tdata-style=\"round\"\n\tdata-size=\"md\"\n\tdata-width=\"full-mobile\"\n\tdata-variant=\"default\"\n\ttarget=\"_self\">\n\t\t\t<span class=\"label\"> Till v\u00e5ra program<\/span>\n\t\t\t<\/a>\n\t\t\t<\/div>\n\t<\/div>\n\n\t\t\n\n<\/section>\n\n\n\n\t\n\t\n\t\n\n\t\n\t\n\t\t\n<section  class=\"c-block l-stacked  \" data-color-scheme=\"gra\">\n\t<div class=\"ams-fifty ams-fifty--container ams-fifty--left ams-fifty--top l-container u-pt-fluid-3xl-6xl u-pb-fluid-3xl-6xl\">\n\t\t<div class=\"ams-fifty__content l-stack l-stack-xl is-left is-left@lg\">\n\t\t\t<div class=\"ams-fifty__text l-stack l-stack-lg\">\n\t\t\t\t\t\n\t<h2\n\tclass=\"c-heading u-font-title-1 \"\n\tstyle=\"\">\n\t\t\n\t\t\t\t\tHur r\u00e4knar jag ut min meritpo\u00e4ng?\n\t\t\t\t\n\t<\/h2>\n\n\t\t\t\t\t\t\t\t\t<div class=\"text l-stack u-font-body\">\n\t\t\t\t\t\t<p>Din meritpo\u00e4ng \u00e4r summan av dina 16 b\u00e4sta betyg fr\u00e5n grundskolan. Om du d\u00e4remot har betyg i moderna spr\u00e5k r\u00e4knas detta in i din meritpo\u00e4ng som ett 17:e betyg, och du kan d\u00e5 f\u00e5 en h\u00f6gre meritpo\u00e4ng. Baserat p\u00e5 16 betyg kan du som max f\u00e5 320 i meritpo\u00e4ng, men 340 med ett 17:e betyg i moderna spr\u00e5k inr\u00e4knat. Meritpo\u00e4ng kallas ocks\u00e5 f\u00f6r betygspo\u00e4ng eller meritv\u00e4rde. R\u00e4kna ut din meritpo\u00e4ng via knappen nedan!<\/p>\n\n\t\t\t\t\t<\/div>\n\t\t\t\t\t\t\t<\/div>\n\n\t\t\t\t<div class=\"ams-fifty__action u-inline-items\">\n\t\t\t\t\t\t\t\n\n\n<a href=\"https:\/\/gymnasiekoll.se\/gymnasieval\/meritvarde\/\"\n\t\n\tclass=\"c-btn \"\n\tdata-style=\"round\"\n\tdata-size=\"md\"\n\tdata-width=\"full-mobile\"\n\tdata-variant=\"outline\"\n\ttarget=\"_blank\">\n\t\t\t<span class=\"label\"> R\u00e4kna ut ditt meritv\u00e4rde<\/span>\n\t\t\t<\/a>\n\t\t\t<\/div>\n\t\t<\/div>\n\n\t\t <div class=\"ams-fifty__media u-ratio-square\">\n\t\t \t\t\t\t\t<img decoding=\"async\" width=\"600\" height=\"400\" src=\"https:\/\/drottningblanka.se\/wp-content\/uploads\/sites\/18\/2024\/04\/dbgylund202403h8a4580-600x400.jpeg\" class=\"attachment-md size-md\" alt=\"Elever i skolans gemensamma lokaler\" sizes=\"(min-width: 64em) 600px, calc(100vw - 160px)\" srcset=\"https:\/\/drottningblanka.se\/wp-content\/uploads\/sites\/18\/2024\/04\/dbgylund202403h8a4580-600x400.jpeg 600w, https:\/\/drottningblanka.se\/wp-content\/uploads\/sites\/18\/2024\/04\/dbgylund202403h8a4580-300x200.jpeg 300w, https:\/\/drottningblanka.se\/wp-content\/uploads\/sites\/18\/2024\/04\/dbgylund202403h8a4580-400x267.jpeg 400w, https:\/\/drottningblanka.se\/wp-content\/uploads\/sites\/18\/2024\/04\/dbgylund202403h8a4580-800x533.jpeg 800w, https:\/\/drottningblanka.se\/wp-content\/uploads\/sites\/18\/2024\/04\/dbgylund202403h8a4580-1024x682.jpeg 1024w, https:\/\/drottningblanka.se\/wp-content\/uploads\/sites\/18\/2024\/04\/dbgylund202403h8a4580-1200x800.jpeg 1200w, https:\/\/drottningblanka.se\/wp-content\/uploads\/sites\/18\/2024\/04\/dbgylund202403h8a4580.jpeg 1280w\" \/>\n\t\t\t\n\t\t\t\n\t\t\t\t\t<\/div>\n\t<\/div>\n\n\t\t\n\n<\/section>\n\n\n\n\n<section  class=\"ams-cta ams-cta--stacked c-block l-stacked ams-border\" data-color-scheme=\"vit\">\n\t<div class=\"l-container-narrow l-stack l-stack-fluid-2xl u-pt-fluid-3xl-6xl u-pb-fluid-3xl-6xl is-center is-center@md\">\n\t\t\t\t\t<div class=\"ams-cta__intro l-stack l-stack-lg\">\n\t\t\t\t\t\n\t<h2\n\tclass=\"c-heading u-font-title-1 \"\n\tstyle=\"\">\n\t\t\n\t\t\t\t\tVad \u00e4r antagningspo\u00e4ng och medelpo\u00e4ng?\n\t\t\t\t\n\t<\/h2>\n\n\t\t\t\t\t\t\t\t\t<div class=\"c-text l-stack u-cs-xl u-font-body\">\n\t\t\t\t\t\t<p>Antagningspo\u00e4ng motsvarar den l\u00e4gsta meritpo\u00e4ngen som beh\u00f6vs f\u00f6r att bli antagen till programmet. Ibland kan antagningspo\u00e4ngen f\u00f6r\u00e4ndras mellan den prelimin\u00e4ra antagningen och det slutgiltiga beskedet, och det \u00e4r d\u00e4rf\u00f6r som ny statistik ibland st\u00e5r utskriven som prelimin\u00e4r. Kom ih\u00e5g att antagningspo\u00e4ngen ocks\u00e5 kan \u00e4ndras fr\u00e5n \u00e5r till \u00e5r beroende p\u00e5 hur m\u00e5nga som s\u00f6ker programmet och vad f\u00f6r betyg de har!<\/p>\n<p>Medelpo\u00e4ng \u00e4r summan av alla intagna elevers meritpo\u00e4ng p\u00e5 ett specifikt program, delat med antalet elever.<\/p>\n\n\t\t\t\t\t<\/div>\n\t\t\t\t\t\t\t<\/div>\n\t\t\n\t\t\n\t\t\t<div class=\"ams-cta__action u-inline-items\">\n\t\t\t\t\t\t\t\n\n\n<a href=\"https:\/\/drottningblanka.se\/jonkoping\/program\/\"\n\t\n\tclass=\"c-btn \"\n\tdata-style=\"round\"\n\tdata-size=\"md\"\n\tdata-width=\"full-mobile\"\n\tdata-variant=\"default\"\n\ttarget=\"_self\">\n\t\t\t<span class=\"label\"> Uppt\u00e4ck mer om v\u00e5ra program<\/span>\n\t\t\t<\/a>\n\t\t\t<\/div>\n\t<\/div>\n\n\t\t\n\n<\/section>\n","protected":false},"excerpt":{"rendered":"","protected":false},"author":1,"featured_media":0,"parent":0,"menu_order":0,"comment_status":"closed","ping_status":"closed","template":"","meta":{"footnotes":""},"yoast_head":"<!-- This site is optimized with the Yoast SEO plugin v22.0 - https:\/\/yoast.com\/wordpress\/plugins\/seo\/ -->\n<title>Meritpo\u00e4ng hos Drottning Blankas Gymnasieskola J\u00f6nk\u00f6ping<\/title>\n<meta name=\"description\" content=\"P\u00e5 den h\u00e4r sidan har vi samlat information om meritpo\u00e4ng, antagningspo\u00e4ng och medelpo\u00e4ng f\u00f6r v\u00e5ra program.\" \/>\n<meta name=\"robots\" content=\"index, follow, max-snippet:-1, max-image-preview:large, max-video-preview:-1\" \/>\n<link rel=\"canonical\" href=\"https:\/\/drottningblanka.se\/jonkoping\/meritpoang\/\" \/>\n<meta property=\"og:locale\" content=\"sv_SE\" \/>\n<meta property=\"og:type\" content=\"article\" \/>\n<meta property=\"og:title\" content=\"Meritpo\u00e4ng hos Drottning Blankas Gymnasieskola J\u00f6nk\u00f6ping\" \/>\n<meta property=\"og:description\" content=\"P\u00e5 den h\u00e4r sidan har vi samlat information om meritpo\u00e4ng, antagningspo\u00e4ng och medelpo\u00e4ng f\u00f6r v\u00e5ra program.\" \/>\n<meta property=\"og:url\" content=\"https:\/\/drottningblanka.se\/jonkoping\/meritpoang\/\" \/>\n<meta property=\"og:site_name\" content=\"J\u00f6nk\u00f6ping\" \/>\n<meta property=\"article:modified_time\" content=\"2025-09-18T07:25:27+00:00\" \/>\n<meta name=\"twitter:card\" content=\"summary_large_image\" \/>\n<meta name=\"twitter:title\" content=\"Meritpo\u00e4ng hos Drottning Blankas Gymnasieskola J\u00f6nk\u00f6ping\" \/>\n<meta name=\"twitter:description\" content=\"P\u00e5 den h\u00e4r sidan har vi samlat information om meritpo\u00e4ng, antagningspo\u00e4ng och medelpo\u00e4ng f\u00f6r v\u00e5ra program.\" \/>\n<meta name=\"twitter:label1\" content=\"Ber\u00e4knad l\u00e4stid\" \/>\n\t<meta name=\"twitter:data1\" content=\"3 minuter\" \/>\n<script type=\"application\/ld+json\" class=\"yoast-schema-graph\">{\"@context\":\"https:\/\/schema.org\",\"@graph\":[{\"@type\":\"WebPage\",\"@id\":\"https:\/\/drottningblanka.se\/jonkoping\/meritpoang\/\",\"url\":\"https:\/\/drottningblanka.se\/jonkoping\/meritpoang\/\",\"name\":\"Meritpo\u00e4ng hos Drottning Blankas Gymnasieskola J\u00f6nk\u00f6ping\",\"isPartOf\":{\"@id\":\"https:\/\/drottningblanka.se\/jonkoping\/#website\"},\"datePublished\":\"2023-05-22T13:19:54+00:00\",\"dateModified\":\"2025-09-18T07:25:27+00:00\",\"description\":\"P\u00e5 den h\u00e4r sidan har vi samlat information om meritpo\u00e4ng, antagningspo\u00e4ng och medelpo\u00e4ng f\u00f6r v\u00e5ra program.\",\"breadcrumb\":{\"@id\":\"https:\/\/drottningblanka.se\/jonkoping\/meritpoang\/#breadcrumb\"},\"inLanguage\":\"sv-SE\",\"potentialAction\":[{\"@type\":\"ReadAction\",\"target\":[\"https:\/\/drottningblanka.se\/jonkoping\/meritpoang\/\"]}]},{\"@type\":\"BreadcrumbList\",\"@id\":\"https:\/\/drottningblanka.se\/jonkoping\/meritpoang\/#breadcrumb\",\"itemListElement\":[{\"@type\":\"ListItem\",\"position\":1,\"name\":\"Start\",\"item\":\"https:\/\/drottningblanka.se\/jonkoping\/\"},{\"@type\":\"ListItem\",\"position\":2,\"name\":\"Meritpo\u00e4ng\"}]},{\"@type\":\"WebSite\",\"@id\":\"https:\/\/drottningblanka.se\/jonkoping\/#website\",\"url\":\"https:\/\/drottningblanka.se\/jonkoping\/\",\"name\":\"J\u00f6nk\u00f6ping\",\"description\":\"En del av AcadeMedia\",\"potentialAction\":[{\"@type\":\"SearchAction\",\"target\":{\"@type\":\"EntryPoint\",\"urlTemplate\":\"https:\/\/drottningblanka.se\/jonkoping\/?s={search_term_string}\"},\"query-input\":\"required name=search_term_string\"}],\"inLanguage\":\"sv-SE\"}]}<\/script>\n<!-- \/ Yoast SEO plugin. -->","yoast_head_json":{"title":"Meritpo\u00e4ng hos Drottning Blankas Gymnasieskola J\u00f6nk\u00f6ping","description":"P\u00e5 den h\u00e4r sidan har vi samlat information om meritpo\u00e4ng, antagningspo\u00e4ng och medelpo\u00e4ng f\u00f6r v\u00e5ra program.","robots":{"index":"index","follow":"follow","max-snippet":"max-snippet:-1","max-image-preview":"max-image-preview:large","max-video-preview":"max-video-preview:-1"},"canonical":"https:\/\/drottningblanka.se\/jonkoping\/meritpoang\/","og_locale":"sv_SE","og_type":"article","og_title":"Meritpo\u00e4ng hos Drottning Blankas Gymnasieskola J\u00f6nk\u00f6ping","og_description":"P\u00e5 den h\u00e4r sidan har vi samlat information om meritpo\u00e4ng, antagningspo\u00e4ng och medelpo\u00e4ng f\u00f6r v\u00e5ra program.","og_url":"https:\/\/drottningblanka.se\/jonkoping\/meritpoang\/","og_site_name":"J\u00f6nk\u00f6ping","article_modified_time":"2025-09-18T07:25:27+00:00","twitter_card":"summary_large_image","twitter_title":"Meritpo\u00e4ng hos Drottning Blankas Gymnasieskola J\u00f6nk\u00f6ping","twitter_description":"P\u00e5 den h\u00e4r sidan har vi samlat information om meritpo\u00e4ng, antagningspo\u00e4ng och medelpo\u00e4ng f\u00f6r v\u00e5ra program.","twitter_misc":{"Ber\u00e4knad l\u00e4stid":"3 minuter"},"schema":{"@context":"https:\/\/schema.org","@graph":[{"@type":"WebPage","@id":"https:\/\/drottningblanka.se\/jonkoping\/meritpoang\/","url":"https:\/\/drottningblanka.se\/jonkoping\/meritpoang\/","name":"Meritpo\u00e4ng hos Drottning Blankas Gymnasieskola J\u00f6nk\u00f6ping","isPartOf":{"@id":"https:\/\/drottningblanka.se\/jonkoping\/#website"},"datePublished":"2023-05-22T13:19:54+00:00","dateModified":"2025-09-18T07:25:27+00:00","description":"P\u00e5 den h\u00e4r sidan har vi samlat information om meritpo\u00e4ng, antagningspo\u00e4ng och medelpo\u00e4ng f\u00f6r v\u00e5ra program.","breadcrumb":{"@id":"https:\/\/drottningblanka.se\/jonkoping\/meritpoang\/#breadcrumb"},"inLanguage":"sv-SE","potentialAction":[{"@type":"ReadAction","target":["https:\/\/drottningblanka.se\/jonkoping\/meritpoang\/"]}]},{"@type":"BreadcrumbList","@id":"https:\/\/drottningblanka.se\/jonkoping\/meritpoang\/#breadcrumb","itemListElement":[{"@type":"ListItem","position":1,"name":"Start","item":"https:\/\/drottningblanka.se\/jonkoping\/"},{"@type":"ListItem","position":2,"name":"Meritpo\u00e4ng"}]},{"@type":"WebSite","@id":"https:\/\/drottningblanka.se\/jonkoping\/#website","url":"https:\/\/drottningblanka.se\/jonkoping\/","name":"J\u00f6nk\u00f6ping","description":"En del av AcadeMedia","potentialAction":[{"@type":"SearchAction","target":{"@type":"EntryPoint","urlTemplate":"https:\/\/drottningblanka.se\/jonkoping\/?s={search_term_string}"},"query-input":"required name=search_term_string"}],"inLanguage":"sv-SE"}]}},"_links":{"self":[{"href":"https:\/\/drottningblanka.se\/jonkoping\/wp-json\/wp\/v2\/pages\/981"}],"collection":[{"href":"https:\/\/drottningblanka.se\/jonkoping\/wp-json\/wp\/v2\/pages"}],"about":[{"href":"https:\/\/drottningblanka.se\/jonkoping\/wp-json\/wp\/v2\/types\/page"}],"author":[{"embeddable":true,"href":"https:\/\/drottningblanka.se\/jonkoping\/wp-json\/wp\/v2\/users\/1"}],"replies":[{"embeddable":true,"href":"https:\/\/drottningblanka.se\/jonkoping\/wp-json\/wp\/v2\/comments?post=981"}],"version-history":[{"count":9,"href":"https:\/\/drottningblanka.se\/jonkoping\/wp-json\/wp\/v2\/pages\/981\/revisions"}],"predecessor-version":[{"id":2467,"href":"https:\/\/drottningblanka.se\/jonkoping\/wp-json\/wp\/v2\/pages\/981\/revisions\/2467"}],"wp:attachment":[{"href":"https:\/\/drottningblanka.se\/jonkoping\/wp-json\/wp\/v2\/media?parent=981"}],"curies":[{"name":"wp","href":"https:\/\/api.w.org\/{rel}","templated":true}]}}