{"id":5,"date":"2022-07-25T22:55:30","date_gmt":"2022-07-25T20:55:30","guid":{"rendered":"https:\/\/drottningblanka.se\/lindholmen\/?page_id=5"},"modified":"2026-02-02T14:44:40","modified_gmt":"2026-02-02T13:44:40","slug":"startsida","status":"publish","type":"page","link":"https:\/\/drottningblanka.se\/goteborg-operan\/","title":{"rendered":"Startsida"},"content":{"rendered":"\n\t\n\t\n\t\n\t\n\t\n\n<section \n\tclass=\"ams-hero ams-hero--classic ams-hero--100 c-block l-stacked ams-border \"\n\tdata-color-scheme=\"hero\"\n\tstyle=\"\">\n\t<div class=\"ams-hero__container u-items-center u-justify-center\">\n\t\t<div\n\t\t\tclass=\"ams-hero__content l-stack l-stack-xl is-center is-center@md\" >\n\t\t\t<div class=\"l-stack l-stack-lg\">\n\t\t\t\t\t\n\t<h1\n\tclass=\"c-heading u-font-huge \"\n\tstyle=\"\">\n\t\t\n\t\t\t\t\t\t\t\t\tVi \u00e4r nu <\/br> Drottning Blankas Gymnasieskola\n\t\t\t\t<span class=\"c-heading__sub is-below u-font-display\">\n\t\t\t\t\tG\u00f6teborg Karlastaden\n\t\t\t\t<\/span>\n\t\t\t\t\t\t\t\n\t<\/h1>\n\n\t\t\t\t\t\t\t\t\t<div class=\"text l-stack u-font-body\">\n\t\t\t\t\t\t<p><strong>H\u00f6sten 2025 bytte vi namn och flyttade till stadsdelen Karlastaden p\u00e5 Lindholmen. Med ett nybyggt gymnasium med stora ljusa och moderna klassrum kommer detta bli en plats d\u00e4r kvalitet, kultur och gemenskap st\u00e5r i fokus.<\/strong><\/p>\n\n\t\t\t\t\t<\/div>\n\t\t\t\t\t\t\t<\/div>\n\n\t\t\t\t<div class=\"ams-hero__action u-inline-items\">\n\t\t\t\t\t\t\t\n\n\n<a href=\"https:\/\/drottningblanka.se\/goteborg-karlastaden\/\"\n\t\n\tclass=\"c-btn \"\n\tdata-style=\"round\"\n\tdata-size=\"md\"\n\tdata-width=\"full-mobile\"\n\tdata-variant=\"default\"\n\ttarget=\"_self\">\n\t\t\t<span class=\"label\"> Till DBGY G\u00f6teborg Karlastaden<\/span>\n\t\t\t<\/a>\n\t\t\t<\/div>\n\t\t<\/div>\n\t<\/div>\n\n\t\n\t\t\t\n\t\t\t\t\t\t\t\n\t\t\t\t<div class=\"c-bg c-bg--img\" data-settings=\"{&quot;desktop_settings&quot;:{&quot;size&quot;:&quot;cover&quot;,&quot;position&quot;:&quot;middle-center&quot;},&quot;mobile_settings&quot;:{&quot;size&quot;:&quot;cover&quot;,&quot;position&quot;:&quot;middle-center&quot;}}\" data-position=\"middle-center\" data-size=\"cover\">\n\t\t\t<img decoding=\"async\" width=\"1920\" height=\"1080\" src=\"https:\/\/drottningblanka.se\/wp-content\/uploads\/sites\/38\/2024\/04\/dbgywebbheadermtoningskola-1.jpg\" class=\"attachment-hero-lg size-hero-lg\" alt=\"Elever g\u00e5r utomhus mot kameran\" sizes=\"(max-width: 1920px) 100vw, 1920px\" srcset=\"https:\/\/drottningblanka.se\/wp-content\/uploads\/sites\/38\/2024\/04\/dbgywebbheadermtoningskola-1.jpg 1920w, https:\/\/drottningblanka.se\/wp-content\/uploads\/sites\/38\/2024\/04\/dbgywebbheadermtoningskola-1-300x169.jpg 300w, https:\/\/drottningblanka.se\/wp-content\/uploads\/sites\/38\/2024\/04\/dbgywebbheadermtoningskola-1-400x225.jpg 400w, https:\/\/drottningblanka.se\/wp-content\/uploads\/sites\/38\/2024\/04\/dbgywebbheadermtoningskola-1-600x338.jpg 600w, https:\/\/drottningblanka.se\/wp-content\/uploads\/sites\/38\/2024\/04\/dbgywebbheadermtoningskola-1-800x450.jpg 800w, https:\/\/drottningblanka.se\/wp-content\/uploads\/sites\/38\/2024\/04\/dbgywebbheadermtoningskola-1-1024x576.jpg 1024w, https:\/\/drottningblanka.se\/wp-content\/uploads\/sites\/38\/2024\/04\/dbgywebbheadermtoningskola-1-1200x675.jpg 1200w\" \/>\n\t\t<\/div>\n\t\n\t<div class=\"c-overlay\" style=\"--overlay-bg: rgba(34,51,75,0.6);\"><\/div>\n<\/section>\n\n\n\n\t\n\t\n\t\n\n\t\n\t\n\t\t\n<section  class=\"c-block l-stacked  \" data-color-scheme=\"vit\">\n\t<div class=\"ams-fifty ams-fifty--container ams-fifty--right ams-fifty--top l-container u-pt-fluid-3xl-6xl u-pb-fluid-3xl-6xl\">\n\t\t<div class=\"ams-fifty__content l-stack l-stack-xl is-center is-left@lg\">\n\t\t\t<div class=\"ams-fifty__text l-stack l-stack-lg\">\n\t\t\t\t\t\n\t<h2\n\tclass=\"c-heading u-font-title-1 \"\n\tstyle=\"\">\n\t\t\n\t\t\t\t\tDet \u00e4r viktigt f\u00f6r oss att det g\u00e5r bra f\u00f6r dig!\n\t\t\t\t\n\t<\/h2>\n\n\t\t\t\t\t\t\t\t\t<div class=\"text l-stack u-font-body\">\n\t\t\t\t\t\t<p style=\"text-align: left;\">Vi v\u00e4rnar om relationer och \u00e4r \u00f6vertygade om att engagemang \u00e4r nyckeln till en b\u00e4ttre v\u00e4rld. Det personliga engagemanget vi har kring din framg\u00e5ng och ditt v\u00e4lm\u00e5ende \u00e4r viktigast.<\/p>\n<p style=\"text-align: left;\">Allt sammanfattas i v\u00e5r devis. Den genomsyrar allt vi g\u00f6r, i hela verksamheten \u2013 det \u00e4r viktigt f\u00f6r oss att det g\u00e5r bra f\u00f6r dig!<\/p>\n\n\t\t\t\t\t<\/div>\n\t\t\t\t\t\t\t<\/div>\n\n\t\t\t\t<div class=\"ams-fifty__action u-inline-items\">\n\t\t\t\t\t\t\t\n\n\n<a href=\"https:\/\/drottningblanka.se\/goteborg-karlastaden\/om-dbgy\/\"\n\t\n\tclass=\"c-btn \"\n\tdata-style=\"round\"\n\tdata-size=\"md\"\n\tdata-width=\"full-mobile\"\n\tdata-variant=\"default\"\n\ttarget=\"_self\">\n\t\t\t<span class=\"label\"> L\u00e4s mer om DBGY Karlastaden<\/span>\n\t\t\t<\/a>\n\t\t\t<\/div>\n\t\t<\/div>\n\n\t\t <div class=\"ams-fifty__media u-ratio-widescreen\">\n\t\t \t\n\t\t\t\n\t\t\t\t\t\t\t<lite-youtube videoid=\"9Y20M5_70_8\" style=\"background-image: url('https:\/\/i.ytimg.com\/vi\/9Y20M5_70_8\/hqdefault.jpg');\">\n\t\t\t\t\t\t<button href=\"https:\/\/youtube.com\/watch?v=9Y20M5_70_8\" class=\"lty-playbtn\" title=\"Play Video\">\n\t\t\t\t\t\t\t<span class=\"lyt-visually-hidden\">Play Video<\/span>\n\t\t\t\t\t\t<\/button>\n\t\t\t\t\t<\/lite-youtube>\n\t\t\t\t\t<\/div>\n\t<\/div>\n\n\t\t\n\n<\/section>\n\n\n\n\n<section  class=\"ams-quote c-block l-stacked ams-border\" data-color-scheme=\"primar1-hover-standard\">\n\t<div class=\"l-container l-stack l-stack-fluid-2xl u-pt-fluid-3xl-6xl u-pb-fluid-3xl-6xl is-center is-center@md\">\n\t\t\n\t\t\t\t\t<ul class=\"ams-quote__list l-grid u-gap-fluid-2xl-4xl u-justify-center\"\n\taria-label=\"Citat\">\n\t\t\t<li class=\"l-col-12@md\">\n\t\t\t<article class=\"c-card\" data-variant=\"neutral\" >\n\t\t\t\t<div class=\"c-card__content l-stack u-text-center\">\n\t\t\t\t\t\t\t\t\t\t\t<blockquote class=\"c-card__title u-font-title-1\">\n\t\t\t\t\t\t\t\t\t\t\t\t\t\t\t<p class=\"u-quote-marks\">Det \u00e4r med stor gl\u00e4dje och stolthet vi nu \u00f6ppnat upp en fj\u00e4rde skola i G\u00f6teborgsregionen. Vi ser fram emot att kunna erbjuda \u00e4nnu fler elever en utbildningsplats hos oss.<\/p>\n\t\t\t\t\t\t\t\t\t\t\t\t\t<\/blockquote>\n\t\t\t\t\t\n\t\t\t\t\t\t\t\t\t\t\t<p class=\"c-card__text\">\n\t\t\t\t\t\t\t<span class=\"author u-font-body\">Sara Dahl<\/span>\n\t\t\t\t\t\t\t<span class=\"title u-font-body\">Skolchef, Drottning Blankas Gymnasieskolor<\/span>\n\t\t\t\t\t\t<\/p>\n\t\t\t\t\t\t\t\t\t<\/div>\n\n\t\t\t\t\t\t\t<\/article>\n\t\t<\/li>\n\t<\/ul>\n\t\n\t\t\t<\/div>\n\n\t\t\n\n<\/section>\n\n\n\n\n\n<section  class=\"ams-article c-block l-stacked js-load-more\" data-color-scheme=\"bakgrund-hover-standard_standard\" data-count=\"3\" data-count-mobile=\"3\">\n\t<div class=\"l-container l-stack l-stack-fluid-2xl u-pt-fluid-3xl-6xl u-pb-fluid-3xl-6xl is-center is-center@md\">\n\t\t\t\t\t<div class=\"ams-article__intro l-stack l-stack-lg\">\n\t\t\t\t\t\n\t<h2\n\tclass=\"c-heading u-font-title-1 \"\n\tstyle=\"\">\n\t\t\n\t\t\t\t\tNyheter\n\t\t\t\t\n\t<\/h2>\n\n\t\t\t\t\t\t\t<\/div>\n\t\t\n\t\t\t\n\t    \n\t\n\t<ul id=\"ams-article-list-69e38da06c16c\" class=\"ams-article__list l-grid u-gap-2xl u-justify-center js-results \" aria-label=\"Artiklar\" data-filter-animation=\"off\">\n\t\t\t\t\t\t\t\t\t\t\t\t\t\t\t\t\t\n\t\t\t\n\t\t\t\n\t\t\t<li class=\"l-col-6@md l-col-4@lg \" data-filter=\"nyheter juni-2025\">\n\t\t\t\t<article class=\"c-card  has-media-zoom  \" data-variant=\"simple\" data-style=\"square\" data-click-area>\n\t\t\t\t\t<div class=\"c-card__content l-stack l-stack-sm\">\n\n\t\t\t\t\t\t\t\t\t\t\t\t\t<time class=\"c-card__date u-font-small\" datetime=\"2025-06-25\">25 juni 2025<\/time>\n\t\t\t\t\t\t\n\t\t\t\t\t\t\t\t\t\t\t\t\t<h3 class=\"c-card__title u-font-title-3\">\n\t\t\t\t\t\t\t\t\t\t\t\t\t\t\t\t\t<a class=\"c-card__link\" href=\"https:\/\/drottningblanka.se\/goteborg-operan\/nyheter\/dbgy-operan-flyttar-sommaren-2025\/\">\n\t\t\t\t\t\t\t\t\t\tDBGY Operan flyttar sommaren 2025!\n\t\t\t\t\t\t\t\t\t<\/a>\n\t\t\t\t\t\t\t\t\t\t\t\t\t\t\t<\/h3>\n\t\t\t\t\t\t\n\t\t\t\t\t\t\t\t\t\t\t\t\t<p class=\"c-card__text l-stack-xs u-font-body\">\n\t\t\t\t\t\t\t\tInf\u00f6r h\u00f6stterminen 2025 sl\u00e5r vi upp d\u00f6rrarna till helt nybyggda lokaler i modern&#8230;\n\t\t\t\t\t\t\t<\/p>\n\t\t\t\t\t\t\n\t\t\t\t\t\t\t\t\t\t\t\t\t<ul class=\"c-card__tags l-stack-grow u-list-none u-pt-md\" aria-label=\"Kategorier\">\n\t\t\t\t\t\t\t\t\t\t\t\t\t\t\t\t\t<li><span class=\"c-tag\" data-variant=\"outline\">Nyheter<\/span><\/li>\n\t\t\t\t\t\t\t\t\t\t\t\t\t\t\t<\/ul>\n\t\t\t\t\t\t\n\t\t\t\t\t\t<div class=\"c-card__icon\">\n\t\t\t\t\t\t\t\t\t\t\t\t\t\t<svg class=\"ams-icon ams-icon--arrow-right\" width=\"32\" height=\"32\" viewbox=\"0 0 32 32\" fill=\"currentColor\" aria-hidden=\"true\" xmlns=\"http:\/\/www.w3.org\/2000\/svg\">\n\t\t\t\t\t\t\t\t\t\t\t\t\t\t\t\t<path d=\"M15.4617 0.252159L14.9567 0.75931C14.6219 1.09545 14.6219 1.64048 14.9567 1.97669L27.7062 14.7806H0.857144C0.383786 14.7806 0 15.166 0 15.6414V16.3587C0 16.8341 0.383786 17.2195 0.857144 17.2195H27.7062L14.9567 30.0234C14.6219 30.3595 14.6219 30.9045 14.9567 31.2407L15.4617 31.7479C15.7964 32.084 16.3392 32.084 16.6739 31.7479L31.749 16.6087C32.0837 16.2725 32.0837 15.7275 31.749 15.3913L16.6739 0.252159C16.3392 -0.084053 15.7964 -0.084053 15.4617 0.252159Z\"\/>\n\t\t\t\t\t\t\t\n\t\t\t\t\t\t\t<\/svg>\n\t\t\t\t\t\t<\/div>\n\t\t\t\t\t<\/div>\n\n\t\t\t\t\t<div class=\"c-card__media \" style=\" \">\n\t\t\t\t\t\t<img decoding=\"async\" width=\"400\" height=\"430\" src=\"https:\/\/drottningblanka.se\/wp-content\/uploads\/sites\/38\/2024\/11\/capellab5a3984-scaled-e1733231785281-400x430.jpg\" class=\"attachment-sm size-sm\" alt=\"Ett gr\u00e5tt och ett vitt h\u00f6ghus med m\u00e5nga f\u00f6nster\" sizes=\"(min-width: 64em) 300px, (min-width: 48em) calc(.50 * (100vw - 224px)), calc(100vw - 160px)\" srcset=\"https:\/\/drottningblanka.se\/wp-content\/uploads\/sites\/38\/2024\/11\/capellab5a3984-scaled-e1733231785281-400x430.jpg 400w, https:\/\/drottningblanka.se\/wp-content\/uploads\/sites\/38\/2024\/11\/capellab5a3984-scaled-e1733231785281-300x323.jpg 300w, https:\/\/drottningblanka.se\/wp-content\/uploads\/sites\/38\/2024\/11\/capellab5a3984-scaled-e1733231785281-600x645.jpg 600w, https:\/\/drottningblanka.se\/wp-content\/uploads\/sites\/38\/2024\/11\/capellab5a3984-scaled-e1733231785281-800x860.jpg 800w, https:\/\/drottningblanka.se\/wp-content\/uploads\/sites\/38\/2024\/11\/capellab5a3984-scaled-e1733231785281-1024x1101.jpg 1024w, https:\/\/drottningblanka.se\/wp-content\/uploads\/sites\/38\/2024\/11\/capellab5a3984-scaled-e1733231785281-1200x1290.jpg 1200w, https:\/\/drottningblanka.se\/wp-content\/uploads\/sites\/38\/2024\/11\/capellab5a3984-scaled-e1733231785281.jpg 1706w\" \/>\n\t\t\t\t\t<\/div>\n\t\t\t\t<\/article>\n\t\t\t<\/li>\n\t\t\t<\/ul>\n\n\t<div class=\"no-results u-mt-0 u-hide\" data-filter-fallback-id=\"ams-article-list-69e38da06c16c\">\n\t<p>Det finns inga resultat som matchar din filtrering.<\/p>\n<\/div>\n\n\t\n\n\t\t\n\t\t\t<\/div>\n\n\t\t\n\n<\/section>\n","protected":false},"excerpt":{"rendered":"","protected":false},"author":1,"featured_media":0,"parent":0,"menu_order":0,"comment_status":"closed","ping_status":"closed","template":"","meta":{"footnotes":""},"yoast_head":"<!-- This site is optimized with the Yoast SEO plugin v22.0 - https:\/\/yoast.com\/wordpress\/plugins\/seo\/ -->\n<title>V\u00e4lkommen till DBGY G\u00f6teborg Operan!<\/title>\n<meta name=\"description\" content=\"Vi v\u00e4rnar om relationer och \u00e4r \u00f6vertygade om att engagemang \u00e4r nyckeln till en b\u00e4ttre v\u00e4rld. V\u00e4lkommen till DBGY G\u00f6teborg!\" \/>\n<meta name=\"robots\" content=\"index, follow, max-snippet:-1, max-image-preview:large, max-video-preview:-1\" \/>\n<link rel=\"canonical\" href=\"https:\/\/drottningblanka.se\/goteborg-operan\/\" \/>\n<meta property=\"og:locale\" content=\"sv_SE\" \/>\n<meta property=\"og:type\" content=\"article\" \/>\n<meta property=\"og:title\" content=\"V\u00e4lkommen till DBGY G\u00f6teborg Operan!\" \/>\n<meta property=\"og:description\" content=\"Vi v\u00e4rnar om relationer och \u00e4r \u00f6vertygade om att engagemang \u00e4r nyckeln till en b\u00e4ttre v\u00e4rld. V\u00e4lkommen till DBGY G\u00f6teborg!\" \/>\n<meta property=\"og:url\" content=\"https:\/\/drottningblanka.se\/goteborg-operan\/\" \/>\n<meta property=\"og:site_name\" content=\"G\u00f6teborg Operan\" \/>\n<meta property=\"article:modified_time\" content=\"2026-02-02T13:44:40+00:00\" \/>\n<meta name=\"twitter:card\" content=\"summary_large_image\" \/>\n<meta name=\"twitter:title\" content=\"V\u00e4lkommen till DBGY G\u00f6teborg Operan!\" \/>\n<meta name=\"twitter:description\" content=\"Vi v\u00e4rnar om relationer och \u00e4r \u00f6vertygade om att engagemang \u00e4r nyckeln till en b\u00e4ttre v\u00e4rld. V\u00e4lkommen till DBGY G\u00f6teborg!\" \/>\n<meta name=\"twitter:label1\" content=\"Ber\u00e4knad l\u00e4stid\" \/>\n\t<meta name=\"twitter:data1\" content=\"1 minut\" \/>\n<script type=\"application\/ld+json\" class=\"yoast-schema-graph\">{\"@context\":\"https:\/\/schema.org\",\"@graph\":[{\"@type\":\"WebPage\",\"@id\":\"https:\/\/drottningblanka.se\/goteborg-operan\/\",\"url\":\"https:\/\/drottningblanka.se\/goteborg-operan\/\",\"name\":\"V\u00e4lkommen till DBGY G\u00f6teborg Operan!\",\"isPartOf\":{\"@id\":\"https:\/\/drottningblanka.se\/goteborg-operan\/#website\"},\"datePublished\":\"2022-07-25T20:55:30+00:00\",\"dateModified\":\"2026-02-02T13:44:40+00:00\",\"description\":\"Vi v\u00e4rnar om relationer och \u00e4r \u00f6vertygade om att engagemang \u00e4r nyckeln till en b\u00e4ttre v\u00e4rld. V\u00e4lkommen till DBGY G\u00f6teborg!\",\"breadcrumb\":{\"@id\":\"https:\/\/drottningblanka.se\/goteborg-operan\/#breadcrumb\"},\"inLanguage\":\"sv-SE\",\"potentialAction\":[{\"@type\":\"ReadAction\",\"target\":[\"https:\/\/drottningblanka.se\/goteborg-operan\/\"]}]},{\"@type\":\"BreadcrumbList\",\"@id\":\"https:\/\/drottningblanka.se\/goteborg-operan\/#breadcrumb\",\"itemListElement\":[{\"@type\":\"ListItem\",\"position\":1,\"name\":\"Start\",\"item\":\"https:\/\/drottningblanka.se\/goteborg-operan\/\"},{\"@type\":\"ListItem\",\"position\":2,\"name\":\"Startsida\"}]},{\"@type\":\"WebSite\",\"@id\":\"https:\/\/drottningblanka.se\/goteborg-operan\/#website\",\"url\":\"https:\/\/drottningblanka.se\/goteborg-operan\/\",\"name\":\"G\u00f6teborg Operan\",\"description\":\"En del av AcadeMedia\",\"potentialAction\":[{\"@type\":\"SearchAction\",\"target\":{\"@type\":\"EntryPoint\",\"urlTemplate\":\"https:\/\/drottningblanka.se\/goteborg-operan\/?s={search_term_string}\"},\"query-input\":\"required name=search_term_string\"}],\"inLanguage\":\"sv-SE\"}]}<\/script>\n<!-- \/ Yoast SEO plugin. -->","yoast_head_json":{"title":"V\u00e4lkommen till DBGY G\u00f6teborg Operan!","description":"Vi v\u00e4rnar om relationer och \u00e4r \u00f6vertygade om att engagemang \u00e4r nyckeln till en b\u00e4ttre v\u00e4rld. V\u00e4lkommen till DBGY G\u00f6teborg!","robots":{"index":"index","follow":"follow","max-snippet":"max-snippet:-1","max-image-preview":"max-image-preview:large","max-video-preview":"max-video-preview:-1"},"canonical":"https:\/\/drottningblanka.se\/goteborg-operan\/","og_locale":"sv_SE","og_type":"article","og_title":"V\u00e4lkommen till DBGY G\u00f6teborg Operan!","og_description":"Vi v\u00e4rnar om relationer och \u00e4r \u00f6vertygade om att engagemang \u00e4r nyckeln till en b\u00e4ttre v\u00e4rld. V\u00e4lkommen till DBGY G\u00f6teborg!","og_url":"https:\/\/drottningblanka.se\/goteborg-operan\/","og_site_name":"G\u00f6teborg Operan","article_modified_time":"2026-02-02T13:44:40+00:00","twitter_card":"summary_large_image","twitter_title":"V\u00e4lkommen till DBGY G\u00f6teborg Operan!","twitter_description":"Vi v\u00e4rnar om relationer och \u00e4r \u00f6vertygade om att engagemang \u00e4r nyckeln till en b\u00e4ttre v\u00e4rld. V\u00e4lkommen till DBGY G\u00f6teborg!","twitter_misc":{"Ber\u00e4knad l\u00e4stid":"1 minut"},"schema":{"@context":"https:\/\/schema.org","@graph":[{"@type":"WebPage","@id":"https:\/\/drottningblanka.se\/goteborg-operan\/","url":"https:\/\/drottningblanka.se\/goteborg-operan\/","name":"V\u00e4lkommen till DBGY G\u00f6teborg Operan!","isPartOf":{"@id":"https:\/\/drottningblanka.se\/goteborg-operan\/#website"},"datePublished":"2022-07-25T20:55:30+00:00","dateModified":"2026-02-02T13:44:40+00:00","description":"Vi v\u00e4rnar om relationer och \u00e4r \u00f6vertygade om att engagemang \u00e4r nyckeln till en b\u00e4ttre v\u00e4rld. V\u00e4lkommen till DBGY G\u00f6teborg!","breadcrumb":{"@id":"https:\/\/drottningblanka.se\/goteborg-operan\/#breadcrumb"},"inLanguage":"sv-SE","potentialAction":[{"@type":"ReadAction","target":["https:\/\/drottningblanka.se\/goteborg-operan\/"]}]},{"@type":"BreadcrumbList","@id":"https:\/\/drottningblanka.se\/goteborg-operan\/#breadcrumb","itemListElement":[{"@type":"ListItem","position":1,"name":"Start","item":"https:\/\/drottningblanka.se\/goteborg-operan\/"},{"@type":"ListItem","position":2,"name":"Startsida"}]},{"@type":"WebSite","@id":"https:\/\/drottningblanka.se\/goteborg-operan\/#website","url":"https:\/\/drottningblanka.se\/goteborg-operan\/","name":"G\u00f6teborg Operan","description":"En del av AcadeMedia","potentialAction":[{"@type":"SearchAction","target":{"@type":"EntryPoint","urlTemplate":"https:\/\/drottningblanka.se\/goteborg-operan\/?s={search_term_string}"},"query-input":"required name=search_term_string"}],"inLanguage":"sv-SE"}]}},"_links":{"self":[{"href":"https:\/\/drottningblanka.se\/goteborg-operan\/wp-json\/wp\/v2\/pages\/5"}],"collection":[{"href":"https:\/\/drottningblanka.se\/goteborg-operan\/wp-json\/wp\/v2\/pages"}],"about":[{"href":"https:\/\/drottningblanka.se\/goteborg-operan\/wp-json\/wp\/v2\/types\/page"}],"author":[{"embeddable":true,"href":"https:\/\/drottningblanka.se\/goteborg-operan\/wp-json\/wp\/v2\/users\/1"}],"replies":[{"embeddable":true,"href":"https:\/\/drottningblanka.se\/goteborg-operan\/wp-json\/wp\/v2\/comments?post=5"}],"version-history":[{"count":9,"href":"https:\/\/drottningblanka.se\/goteborg-operan\/wp-json\/wp\/v2\/pages\/5\/revisions"}],"predecessor-version":[{"id":2804,"href":"https:\/\/drottningblanka.se\/goteborg-operan\/wp-json\/wp\/v2\/pages\/5\/revisions\/2804"}],"wp:attachment":[{"href":"https:\/\/drottningblanka.se\/goteborg-operan\/wp-json\/wp\/v2\/media?parent=5"}],"curies":[{"name":"wp","href":"https:\/\/api.w.org\/{rel}","templated":true}]}}