{"id":17,"date":"2022-07-25T23:01:13","date_gmt":"2022-07-25T21:01:13","guid":{"rendered":"https:\/\/drottningblanka.se\/lindholmen\/?page_id=17"},"modified":"2026-01-27T10:25:33","modified_gmt":"2026-01-27T09:25:33","slug":"elev-for-en-dag","status":"publish","type":"page","link":"https:\/\/drottningblanka.se\/goteborg-karlastaden\/elev-for-en-dag\/","title":{"rendered":"Elev f\u00f6r en dag"},"content":{"rendered":"\n<div class=\"wp-block-columns is-layout-flex wp-container-core-columns-layout-1 wp-block-columns-is-layout-flex\">\n<div class=\"wp-block-column is-layout-flow wp-block-column-is-layout-flow\">\n\t<div\n\t\tclass=\"module_wrapper video_module__bg container-fluid video_module \t\tglobal_body-color pt-5 pb-5\n\t\tpl-0 pr-0\t\t\"\n\t\t\t>\n\t\t<div class=\"container\">\n\t\t\t\n\t\t\t\n\t\t\t\t\t<\/div>\n\n\t\t<div style=\"width:100%;\">\n\t\t\t<div class=\"video_module__wrapper 1  \">\n\t\t\t\t<div class=\"embed-responsive embed-responsive-16by9\">\n\t\t\t\t\t<iframe title=\"YouTube video player\" style=\"border-width:0px;\" class=\"embed-responsive-item\"  src=\"https:\/\/www.youtube.com\/embed\/nOqcgKSRAX4\" allow=\"accelerometer; autoplay; encrypted-media; gyroscope; picture-in-picture \" allowfullscreen><\/iframe>\t\t\t\t<\/div>\n\t\t\t<\/div>\n\t\t<\/div>\n\n\t\t<div class=\"container\">\n\t\t\t\t\t\t\t\t<\/div>\n\t<\/div>\n\n\n<\/div>\n\n\n\n<div class=\"wp-block-column is-layout-flow wp-block-column-is-layout-flow\">\n<h1 class=\"wp-block-heading\">Elev f\u00f6r en dag p\u00e5 DBGY G\u00f6teborg Karlastaden<\/h1>\n\n\n\n<p><strong>Just nu har vi inga fler planerade tillf\u00e4llen f\u00f6r Elev f\u00f6r en dag.<\/strong><br><br>N\u00e4r nya tillf\u00e4llen \u00f6ppnas kommer ni att kunna boka plats direkt h\u00e4r p\u00e5 hemsidan, utifr\u00e5n datum och program. H\u00e5ll utkik h\u00e4r och i v\u00e5ra sociala medier f\u00f6r information om n\u00e4r nya tider publiceras.<\/p>\n\n\n\n<h2 class=\"wp-block-heading\">Som elev f\u00f6r en dag f\u00e5r du<\/h2>\n\n\n\n<ul>\n<li>Uppleva en vanlig skoldag<\/li>\n\n\n\n<li>H\u00e4nga med skolans elever<\/li>\n\n\n\n<li>Fler datum att v\u00e4lja mellan<\/li>\n\n\n\n<li>N\u00e5gon som tar hand om dig under tiden du \u00e4r p\u00e5 skolan, det kan vara antingen en elev eller n\u00e5gon i personalen<\/li>\n\n\n\n<li>G\u00e4rna boka in dig samma dag som en kompis om du inte vill komma ensam<\/li>\n<\/ul>\n\n\n\n<h3 class=\"wp-block-heading\">Vill du hellre bes\u00f6ka \u00d6ppet hus?<\/h3>\n\n\n\n<p><meta charset=\"utf-8\"><\/meta>Ett st\u00f6rre, mer anordnat event d\u00e4r skolan presenterar de olika programmen och inriktningarna. <a href=\"https:\/\/drottningblanka.se\/goteborg-karlastaden\/oppet-hus\/\">Se datum f\u00f6r \u00f6ppet hus<\/a><\/p>\n<\/div>\n<\/div>\n\n\n\n\t<div class=\"module_wrapper ams_remote_pages_module \">\n\t\t\n\t\n\t\n<section  class=\"ams-map ams-map--fifty c-block  media-bottom media-right \" data-color-scheme=\"gra\" data-locations=\"[{&quot;id&quot;:&quot;5950&quot;,&quot;county&quot;:&quot;V\\u00e4stra G\\u00f6talands l\\u00e4n&quot;,&quot;city&quot;:&quot;G\\u00f6teborgs stad&quot;,&quot;school&quot;:&quot;G\\u00f6teborg Karlastaden&quot;,&quot;title&quot;:&quot;DBGY G\\u00f6teborg Karlastaden&quot;,&quot;phone&quot;:&quot;0313335433&quot;,&quot;phone_formatted&quot;:&quot;031-3335433&quot;,&quot;email&quot;:&quot;karlastaden@dbgy.se&quot;,&quot;visiting_address&quot;:{&quot;address&quot;:&quot;Liberagatan 38&quot;,&quot;zip_code&quot;:&quot;417 52&quot;,&quot;city&quot;:&quot;G\\u00f6teborg&quot;},&quot;postal_address&quot;:{&quot;address&quot;:&quot;Liberagatan 38&quot;,&quot;zip_code&quot;:&quot;417 52&quot;,&quot;city&quot;:&quot;G\\u00f6teborg&quot;},&quot;address_map&quot;:&quot;Liberagatan 38, 417 52 G\\u00f6teborg, Sverige&quot;,&quot;lat&quot;:57.70950300000001,&quot;lng&quot;:11.9360456,&quot;link&quot;:{&quot;url&quot;:&quot;https:\\\/\\\/drottningblanka.se\\\/goteborg-karlastaden&quot;,&quot;text&quot;:&quot;Till skolans hemsida&quot;}}]\">\n\t<div class=\"ams-map__content u-pt-fluid-3xl-6xl u-pb-fluid-3xl-6xl l-stack l-stack-fluid-xl is-center is-left@lg\">\n\t\t\t\n\t<h2\n\tclass=\"c-heading u-font-title-1 \"\n\tstyle=\"\">\n\t\t\n\t\t\t\t\tKontakta oss\n\t\t\t\t\n\t<\/h2>\n\n\t\t\n\t\t\t\t\t<div class=\"contact-info l-stack\">\n\t\t\t\t\t\t\t\t\t<div class=\"contact-info__item\">\n\t\t\t\t\t\t<p class=\"contact-info__heading u-font-title-4\">\n\t\t\t\t\t\t\tBes\u00f6ksadress\n\t\t\t\t\t\t<\/p>\n\t\t\t\t\t\t<p>\n\t\t\t\t\t\t\t\t\t\t\t\t\t\t\tLiberagatan 38<br \/>\n\t\t\t\t\t\t\t\t\t\t\t\t\t\t417 52 G\u00f6teborg\n\t\t\t\t\t\t<\/p>\n\t\t\t\t\t<\/div>\n\t\t\t\t\n\t\t\t\t\n\t\t\t\t\t\t\t\t\t<div class=\"contact-info__item\">\n\t\t\t\t\t\t<p class=\"contact-info__heading u-font-title-4\">\n\t\t\t\t\t\t\tKontakt\n\t\t\t\t\t\t<\/p>\n\t\t\t\t\t\t<p>\n\t\t\t\t\t\t\t\t\t\t\t\t\t\t\t<a href=\"tel:0313335433\">031-3335433<\/a><br \/>\n\t\t\t\t\t\t\t\t\t\t\t\t\t\t\t\t\t\t\t\t\t\t<a href=\"mailto:karlastaden@dbgy.se\">karlastaden@dbgy.se<\/a>\n\t\t\t\t\t\t\t\t\t\t\t\t\t<\/p>\n\t\t\t\t\t<\/div>\n\t\t\t\t\t\t\t<\/div>\n\t\t\t<\/div>\n\n\t<div class=\"ams-map__media\">\n\t<\/div>\n<\/section>\n\t<\/div>\n\n\t\n\n\n\n<section  class=\"ams-info-card c-block l-stacked\" data-color-scheme=\"kort-beige\">\n\t<div class=\"l-container l-stack l-stack-fluid-2xl u-pt-fluid-3xl-6xl u-pb-fluid-3xl-6xl is-center is-center@md\">\n\t\t\t\t\t<div class=\"ams-info-card__intro l-stack l-stack-lg\">\n\t\t\t\t\t\n\t<h2\n\tclass=\"c-heading u-font-title-1 \"\n\tstyle=\"\">\n\t\t\n\t\t\t\t\tDu kanske ocks\u00e5 \u00e4r intresserad av\n\t\t\t\t\n\t<\/h2>\n\n\t\t\t\t\t\t\t<\/div>\n\t\t\n\t\t\t\t\t\n<ul class=\"ams-info-card__list l-grid u-gap-2xl\">\n\t\t\t<li class=\"l-col-6@md l-col-4@lg\">\n\t\t\t<article\n\t\t\t\tclass=\"\n\t\t\t\tc-card\n\t\t\t\t\n\t\t\t\thas-media-zoom\n\t\t\t\t\n\t\t\t\t\"\n\t\t\t\tdata-variant=\"simple\"\n\t\t\t\tdata-style=\"square\"\n\t\t\t\t data-click-area\n\t\t\t\t\n\t\t\t\t\n\t\t\t\t>\n\t\t\t\t<div class=\"c-card__content l-stack l-stack-sm is-left is-left@md\">\n\t\t\t\t\t\t\t\t\t\t\t<h3 class=\"c-card__title u-font-title-3\">\n\t\t\t\t\t\t\t\t\t\t\t\t\t\t\t<a class=\"c-card__link\" href=\"https:\/\/drottningblanka.se\/goteborg-karlastaden\/oppet-hus\/\" target=\"_self\">\n\t\t\t\t\t\t\t\t\t\u00d6ppet hus\n\t\t\t\t\t\t\t\t<\/a>\n\t\t\t\t\t\t\t\t\t\t\t\t\t<\/h3>\n\t\t\t\t\t\n\t\t\t\t\t\t\t\t\t\t\t<div class=\"c-card__text l-stack-xs u-font-body\">\n\t\t\t\t\t\t\t<p>Ett avslappnat event d\u00e4r du i lugn och ro kan l\u00e4ra k\u00e4nna v\u00e5ra elever, prata med l\u00e4rare och uppt\u00e4cka v\u00e5ra lokaler.<\/p>\n\n\t\t\t\t\t\t<\/div>\n\t\t\t\t\t\n\t\t\t\t\t\t\t\t\t\t\t<div class=\"c-card__icon c-card__icon--nl\">\n\t\t\t\t\t\t\t\t\t\t\t\t\t\t<svg class=\"ams-icon ams-icon--arrow-right\" width=\"32\" height=\"32\" viewbox=\"0 0 32 32\" fill=\"currentColor\" aria-hidden=\"true\" xmlns=\"http:\/\/www.w3.org\/2000\/svg\">\n\t\t\t\t\t\t\t\t\t\t\t\t\t\t\t\t<path d=\"M15.4617 0.252159L14.9567 0.75931C14.6219 1.09545 14.6219 1.64048 14.9567 1.97669L27.7062 14.7806H0.857144C0.383786 14.7806 0 15.166 0 15.6414V16.3587C0 16.8341 0.383786 17.2195 0.857144 17.2195H27.7062L14.9567 30.0234C14.6219 30.3595 14.6219 30.9045 14.9567 31.2407L15.4617 31.7479C15.7964 32.084 16.3392 32.084 16.6739 31.7479L31.749 16.6087C32.0837 16.2725 32.0837 15.7275 31.749 15.3913L16.6739 0.252159C16.3392 -0.084053 15.7964 -0.084053 15.4617 0.252159Z\"\/>\n\t\t\t\t\t\t\t\n\t\t\t\t\t\t\t<\/svg>\n\t\t\t\t\t\t<\/div>\n\t\t\t\t\t\t\t\t\t<\/div>\n\n\t\t\t\t\t\t\t\t\t<div class=\"c-card__media \" style=\" \">\n\t\t\t\t\t\t<img decoding=\"async\" width=\"400\" height=\"267\" src=\"https:\/\/drottningblanka.se\/wp-content\/uploads\/sites\/40\/2023\/05\/ekekodbgykristianstad202403h8a3011-400x267.jpg\" class=\"\" alt=\"Tv\u00e5 elever i ett klassrum\" sizes=\"(min-width: 64em) 300px, (min-width: 48em) calc(.50 * (100vw - 304px)), calc(100vw - 208px)\" srcset=\"https:\/\/drottningblanka.se\/wp-content\/uploads\/sites\/40\/2023\/05\/ekekodbgykristianstad202403h8a3011-400x267.jpg 400w, https:\/\/drottningblanka.se\/wp-content\/uploads\/sites\/40\/2023\/05\/ekekodbgykristianstad202403h8a3011-300x200.jpg 300w, https:\/\/drottningblanka.se\/wp-content\/uploads\/sites\/40\/2023\/05\/ekekodbgykristianstad202403h8a3011-600x400.jpg 600w, https:\/\/drottningblanka.se\/wp-content\/uploads\/sites\/40\/2023\/05\/ekekodbgykristianstad202403h8a3011-800x533.jpg 800w, https:\/\/drottningblanka.se\/wp-content\/uploads\/sites\/40\/2023\/05\/ekekodbgykristianstad202403h8a3011-1024x683.jpg 1024w, https:\/\/drottningblanka.se\/wp-content\/uploads\/sites\/40\/2023\/05\/ekekodbgykristianstad202403h8a3011.jpg 1080w\" \/>\n\t\t\t\t\t<\/div>\n\t\t\t\t\t\t\t<\/article>\n\t\t<\/li>\n\t\t\t<li class=\"l-col-6@md l-col-4@lg\">\n\t\t\t<article\n\t\t\t\tclass=\"\n\t\t\t\tc-card\n\t\t\t\t\n\t\t\t\thas-media-zoom\n\t\t\t\t\n\t\t\t\t\"\n\t\t\t\tdata-variant=\"simple\"\n\t\t\t\tdata-style=\"square\"\n\t\t\t\t data-click-area\n\t\t\t\t\n\t\t\t\t\n\t\t\t\t>\n\t\t\t\t<div class=\"c-card__content l-stack l-stack-sm is-left is-left@md\">\n\t\t\t\t\t\t\t\t\t\t\t<h3 class=\"c-card__title u-font-title-3\">\n\t\t\t\t\t\t\t\t\t\t\t\t\t\t\t<a class=\"c-card__link\" href=\"https:\/\/drottningblanka.se\/goteborg-karlastaden\/digitalt-oppet-hus\/\" target=\"_self\">\n\t\t\t\t\t\t\t\t\tDigitalt \u00f6ppet hus\n\t\t\t\t\t\t\t\t<\/a>\n\t\t\t\t\t\t\t\t\t\t\t\t\t<\/h3>\n\t\t\t\t\t\n\t\t\t\t\t\t\t\t\t\t\t<div class=\"c-card__text l-stack-xs u-font-body\">\n\t\t\t\t\t\t\t<p>G\u00f6r din research fr\u00e5n soffan. H\u00e4r har vi samlat allt du beh\u00f6ver f\u00f6r att g\u00f6ra ett v\u00e4lgrundat skolval!<\/p>\n\n\t\t\t\t\t\t<\/div>\n\t\t\t\t\t\n\t\t\t\t\t\t\t\t\t\t\t<div class=\"c-card__icon c-card__icon--nl\">\n\t\t\t\t\t\t\t\t\t\t\t\t\t\t<svg class=\"ams-icon ams-icon--arrow-right\" width=\"32\" height=\"32\" viewbox=\"0 0 32 32\" fill=\"currentColor\" aria-hidden=\"true\" xmlns=\"http:\/\/www.w3.org\/2000\/svg\">\n\t\t\t\t\t\t\t\t\t\t\t\t\t\t\t\t<path d=\"M15.4617 0.252159L14.9567 0.75931C14.6219 1.09545 14.6219 1.64048 14.9567 1.97669L27.7062 14.7806H0.857144C0.383786 14.7806 0 15.166 0 15.6414V16.3587C0 16.8341 0.383786 17.2195 0.857144 17.2195H27.7062L14.9567 30.0234C14.6219 30.3595 14.6219 30.9045 14.9567 31.2407L15.4617 31.7479C15.7964 32.084 16.3392 32.084 16.6739 31.7479L31.749 16.6087C32.0837 16.2725 32.0837 15.7275 31.749 15.3913L16.6739 0.252159C16.3392 -0.084053 15.7964 -0.084053 15.4617 0.252159Z\"\/>\n\t\t\t\t\t\t\t\n\t\t\t\t\t\t\t<\/svg>\n\t\t\t\t\t\t<\/div>\n\t\t\t\t\t\t\t\t\t<\/div>\n\n\t\t\t\t\t\t\t\t\t<div class=\"c-card__media \" style=\" \">\n\t\t\t\t\t\t<img decoding=\"async\" width=\"400\" height=\"267\" src=\"https:\/\/drottningblanka.se\/wp-content\/uploads\/sites\/40\/2023\/05\/dbgygoteborg202403h8a6940-400x267.jpg\" class=\"\" alt=\"Elever i ett grupprum\" sizes=\"(min-width: 64em) 300px, (min-width: 48em) calc(.50 * (100vw - 304px)), calc(100vw - 208px)\" srcset=\"https:\/\/drottningblanka.se\/wp-content\/uploads\/sites\/40\/2023\/05\/dbgygoteborg202403h8a6940-400x267.jpg 400w, https:\/\/drottningblanka.se\/wp-content\/uploads\/sites\/40\/2023\/05\/dbgygoteborg202403h8a6940-300x200.jpg 300w, https:\/\/drottningblanka.se\/wp-content\/uploads\/sites\/40\/2023\/05\/dbgygoteborg202403h8a6940-600x400.jpg 600w, https:\/\/drottningblanka.se\/wp-content\/uploads\/sites\/40\/2023\/05\/dbgygoteborg202403h8a6940-800x533.jpg 800w, https:\/\/drottningblanka.se\/wp-content\/uploads\/sites\/40\/2023\/05\/dbgygoteborg202403h8a6940-1024x683.jpg 1024w, https:\/\/drottningblanka.se\/wp-content\/uploads\/sites\/40\/2023\/05\/dbgygoteborg202403h8a6940.jpg 1080w\" \/>\n\t\t\t\t\t<\/div>\n\t\t\t\t\t\t\t<\/article>\n\t\t<\/li>\n\t<\/ul>\n\t\n\t\t\t<\/div>\n\n\t\t\n\n<\/section>\n","protected":false},"excerpt":{"rendered":"<p>Elev f\u00f6r en dag p\u00e5 DBGY G\u00f6teborg Karlastaden Just nu har vi inga fler planerade tillf\u00e4llen f\u00f6r Elev f\u00f6r en dag. N\u00e4r nya tillf\u00e4llen \u00f6ppnas kommer ni att kunna boka plats direkt h\u00e4r p\u00e5 hemsidan, utifr\u00e5n datum och program. H\u00e5ll utkik h\u00e4r och i v\u00e5ra sociala medier f\u00f6r information om n\u00e4r nya tider publiceras. Som&#8230;<\/p>\n","protected":false},"author":1,"featured_media":0,"parent":0,"menu_order":0,"comment_status":"closed","ping_status":"closed","template":"","meta":{"footnotes":""},"yoast_head":"<!-- This site is optimized with the Yoast SEO plugin v22.0 - https:\/\/yoast.com\/wordpress\/plugins\/seo\/ -->\n<title>Elev f\u00f6r en dag - Drottning Blankas Gymnasium G\u00f6teborg Karlastaden<\/title>\n<meta name=\"description\" content=\"Prova p\u00e5 the real deal! Boka in dig f\u00f6r att bes\u00f6ka oss en vanlig skoldag \u2013 det b\u00e4sta s\u00e4ttet f\u00f6r att g\u00f6ra ett v\u00e4lgrundat skolval.\" \/>\n<meta name=\"robots\" content=\"index, follow, max-snippet:-1, max-image-preview:large, max-video-preview:-1\" \/>\n<link rel=\"canonical\" href=\"https:\/\/drottningblanka.se\/goteborg-karlastaden\/elev-for-en-dag\/\" \/>\n<meta property=\"og:locale\" content=\"sv_SE\" \/>\n<meta property=\"og:type\" content=\"article\" \/>\n<meta property=\"og:title\" content=\"Elev f\u00f6r en dag - Drottning Blankas Gymnasium G\u00f6teborg Karlastaden\" \/>\n<meta property=\"og:description\" content=\"Prova p\u00e5 the real deal! Boka in dig f\u00f6r att bes\u00f6ka oss en vanlig skoldag \u2013 det b\u00e4sta s\u00e4ttet f\u00f6r att g\u00f6ra ett v\u00e4lgrundat skolval.\" \/>\n<meta property=\"og:url\" content=\"https:\/\/drottningblanka.se\/goteborg-karlastaden\/elev-for-en-dag\/\" \/>\n<meta property=\"og:site_name\" content=\"G\u00f6teborg Karlastaden\" \/>\n<meta property=\"article:modified_time\" content=\"2026-01-27T09:25:33+00:00\" \/>\n<meta name=\"twitter:card\" content=\"summary_large_image\" \/>\n<meta name=\"twitter:title\" content=\"Elev f\u00f6r en dag - Drottning Blankas Gymnasium G\u00f6teborg Karlastaden\" \/>\n<meta name=\"twitter:description\" content=\"Prova p\u00e5 the real deal! Boka in dig f\u00f6r att bes\u00f6ka oss en vanlig skoldag \u2013 det b\u00e4sta s\u00e4ttet f\u00f6r att g\u00f6ra ett v\u00e4lgrundat skolval.\" \/>\n<meta name=\"twitter:label1\" content=\"Ber\u00e4knad l\u00e4stid\" \/>\n\t<meta name=\"twitter:data1\" content=\"1 minut\" \/>\n<script type=\"application\/ld+json\" class=\"yoast-schema-graph\">{\"@context\":\"https:\/\/schema.org\",\"@graph\":[{\"@type\":\"WebPage\",\"@id\":\"https:\/\/drottningblanka.se\/goteborg-karlastaden\/elev-for-en-dag\/\",\"url\":\"https:\/\/drottningblanka.se\/goteborg-karlastaden\/elev-for-en-dag\/\",\"name\":\"Elev f\u00f6r en dag - Drottning Blankas Gymnasium G\u00f6teborg Karlastaden\",\"isPartOf\":{\"@id\":\"https:\/\/drottningblanka.se\/goteborg-karlastaden\/#website\"},\"datePublished\":\"2022-07-25T21:01:13+00:00\",\"dateModified\":\"2026-01-27T09:25:33+00:00\",\"description\":\"Prova p\u00e5 the real deal! Boka in dig f\u00f6r att bes\u00f6ka oss en vanlig skoldag \u2013 det b\u00e4sta s\u00e4ttet f\u00f6r att g\u00f6ra ett v\u00e4lgrundat skolval.\",\"breadcrumb\":{\"@id\":\"https:\/\/drottningblanka.se\/goteborg-karlastaden\/elev-for-en-dag\/#breadcrumb\"},\"inLanguage\":\"sv-SE\",\"potentialAction\":[{\"@type\":\"ReadAction\",\"target\":[\"https:\/\/drottningblanka.se\/goteborg-karlastaden\/elev-for-en-dag\/\"]}]},{\"@type\":\"BreadcrumbList\",\"@id\":\"https:\/\/drottningblanka.se\/goteborg-karlastaden\/elev-for-en-dag\/#breadcrumb\",\"itemListElement\":[{\"@type\":\"ListItem\",\"position\":1,\"name\":\"Start\",\"item\":\"https:\/\/drottningblanka.se\/goteborg-karlastaden\/\"},{\"@type\":\"ListItem\",\"position\":2,\"name\":\"Elev f\u00f6r en dag\"}]},{\"@type\":\"WebSite\",\"@id\":\"https:\/\/drottningblanka.se\/goteborg-karlastaden\/#website\",\"url\":\"https:\/\/drottningblanka.se\/goteborg-karlastaden\/\",\"name\":\"G\u00f6teborg Karlastaden\",\"description\":\"En del av AcadeMedia\",\"potentialAction\":[{\"@type\":\"SearchAction\",\"target\":{\"@type\":\"EntryPoint\",\"urlTemplate\":\"https:\/\/drottningblanka.se\/goteborg-karlastaden\/?s={search_term_string}\"},\"query-input\":\"required name=search_term_string\"}],\"inLanguage\":\"sv-SE\"}]}<\/script>\n<!-- \/ Yoast SEO plugin. -->","yoast_head_json":{"title":"Elev f\u00f6r en dag - Drottning Blankas Gymnasium G\u00f6teborg Karlastaden","description":"Prova p\u00e5 the real deal! Boka in dig f\u00f6r att bes\u00f6ka oss en vanlig skoldag \u2013 det b\u00e4sta s\u00e4ttet f\u00f6r att g\u00f6ra ett v\u00e4lgrundat skolval.","robots":{"index":"index","follow":"follow","max-snippet":"max-snippet:-1","max-image-preview":"max-image-preview:large","max-video-preview":"max-video-preview:-1"},"canonical":"https:\/\/drottningblanka.se\/goteborg-karlastaden\/elev-for-en-dag\/","og_locale":"sv_SE","og_type":"article","og_title":"Elev f\u00f6r en dag - Drottning Blankas Gymnasium G\u00f6teborg Karlastaden","og_description":"Prova p\u00e5 the real deal! Boka in dig f\u00f6r att bes\u00f6ka oss en vanlig skoldag \u2013 det b\u00e4sta s\u00e4ttet f\u00f6r att g\u00f6ra ett v\u00e4lgrundat skolval.","og_url":"https:\/\/drottningblanka.se\/goteborg-karlastaden\/elev-for-en-dag\/","og_site_name":"G\u00f6teborg Karlastaden","article_modified_time":"2026-01-27T09:25:33+00:00","twitter_card":"summary_large_image","twitter_title":"Elev f\u00f6r en dag - Drottning Blankas Gymnasium G\u00f6teborg Karlastaden","twitter_description":"Prova p\u00e5 the real deal! Boka in dig f\u00f6r att bes\u00f6ka oss en vanlig skoldag \u2013 det b\u00e4sta s\u00e4ttet f\u00f6r att g\u00f6ra ett v\u00e4lgrundat skolval.","twitter_misc":{"Ber\u00e4knad l\u00e4stid":"1 minut"},"schema":{"@context":"https:\/\/schema.org","@graph":[{"@type":"WebPage","@id":"https:\/\/drottningblanka.se\/goteborg-karlastaden\/elev-for-en-dag\/","url":"https:\/\/drottningblanka.se\/goteborg-karlastaden\/elev-for-en-dag\/","name":"Elev f\u00f6r en dag - Drottning Blankas Gymnasium G\u00f6teborg Karlastaden","isPartOf":{"@id":"https:\/\/drottningblanka.se\/goteborg-karlastaden\/#website"},"datePublished":"2022-07-25T21:01:13+00:00","dateModified":"2026-01-27T09:25:33+00:00","description":"Prova p\u00e5 the real deal! Boka in dig f\u00f6r att bes\u00f6ka oss en vanlig skoldag \u2013 det b\u00e4sta s\u00e4ttet f\u00f6r att g\u00f6ra ett v\u00e4lgrundat skolval.","breadcrumb":{"@id":"https:\/\/drottningblanka.se\/goteborg-karlastaden\/elev-for-en-dag\/#breadcrumb"},"inLanguage":"sv-SE","potentialAction":[{"@type":"ReadAction","target":["https:\/\/drottningblanka.se\/goteborg-karlastaden\/elev-for-en-dag\/"]}]},{"@type":"BreadcrumbList","@id":"https:\/\/drottningblanka.se\/goteborg-karlastaden\/elev-for-en-dag\/#breadcrumb","itemListElement":[{"@type":"ListItem","position":1,"name":"Start","item":"https:\/\/drottningblanka.se\/goteborg-karlastaden\/"},{"@type":"ListItem","position":2,"name":"Elev f\u00f6r en dag"}]},{"@type":"WebSite","@id":"https:\/\/drottningblanka.se\/goteborg-karlastaden\/#website","url":"https:\/\/drottningblanka.se\/goteborg-karlastaden\/","name":"G\u00f6teborg Karlastaden","description":"En del av AcadeMedia","potentialAction":[{"@type":"SearchAction","target":{"@type":"EntryPoint","urlTemplate":"https:\/\/drottningblanka.se\/goteborg-karlastaden\/?s={search_term_string}"},"query-input":"required name=search_term_string"}],"inLanguage":"sv-SE"}]}},"_links":{"self":[{"href":"https:\/\/drottningblanka.se\/goteborg-karlastaden\/wp-json\/wp\/v2\/pages\/17"}],"collection":[{"href":"https:\/\/drottningblanka.se\/goteborg-karlastaden\/wp-json\/wp\/v2\/pages"}],"about":[{"href":"https:\/\/drottningblanka.se\/goteborg-karlastaden\/wp-json\/wp\/v2\/types\/page"}],"author":[{"embeddable":true,"href":"https:\/\/drottningblanka.se\/goteborg-karlastaden\/wp-json\/wp\/v2\/users\/1"}],"replies":[{"embeddable":true,"href":"https:\/\/drottningblanka.se\/goteborg-karlastaden\/wp-json\/wp\/v2\/comments?post=17"}],"version-history":[{"count":10,"href":"https:\/\/drottningblanka.se\/goteborg-karlastaden\/wp-json\/wp\/v2\/pages\/17\/revisions"}],"predecessor-version":[{"id":2980,"href":"https:\/\/drottningblanka.se\/goteborg-karlastaden\/wp-json\/wp\/v2\/pages\/17\/revisions\/2980"}],"wp:attachment":[{"href":"https:\/\/drottningblanka.se\/goteborg-karlastaden\/wp-json\/wp\/v2\/media?parent=17"}],"curies":[{"name":"wp","href":"https:\/\/api.w.org\/{rel}","templated":true}]}}