{"id":2501,"date":"2025-09-18T11:15:30","date_gmt":"2025-09-18T09:15:30","guid":{"rendered":"https:\/\/drottningblanka.se\/gavle\/?page_id=2501"},"modified":"2025-12-11T11:24:51","modified_gmt":"2025-12-11T10:24:51","slug":"kameraovervakning","status":"publish","type":"page","link":"https:\/\/drottningblanka.se\/gavle\/kameraovervakning\/","title":{"rendered":"Kamera\u00f6vervakning"},"content":{"rendered":"\n\t\n\t\n\t\n\n\t\n\t\n\t\n<section  class=\"c-block l-stacked  \" data-color-scheme=\"gra\">\n\t<div class=\"ams-fifty ams-fifty--full ams-fifty--right ams-fifty--top\">\n\t\t<div class=\"ams-fifty__content l-stack l-stack-xl is-left is-left@lg u-pt-fluid-3xl-6xl u-pb-fluid-3xl-6xl\">\n\t\t\t<div class=\"ams-fifty__text l-stack l-stack-lg\">\n\t\t\t\t\t\n\t<h1\n\tclass=\"c-heading u-font-title-1 \"\n\tstyle=\"\">\n\t\t\n\t\t\t\t\tKamerabevakning p\u00e5 DBGY G\u00e4vle\n\t\t\t\t\n\t<\/h1>\n\n\t\t\t\t\t\t\t\t\t<div class=\"text l-stack u-font-body\">\n\t\t\t\t\t\t<p>Du som bes\u00f6ker skolan har r\u00e4tt att f\u00e5 information om hur huvudmannen\/skolan behandlar personuppgifter med anledningen av skolans kamerabevakning.<\/p>\n<p>Vissa av skolans utrymmen bevakas med hj\u00e4lp av bevakningskameror. P\u00e5 de omr\u00e5den d\u00e4r skolan kamerabevakar finns skyltar som informerar om att omr\u00e5det \u00e4r kamerabevakat. Ifall du r\u00f6r dig inom det omr\u00e5det, kommer du att synas p\u00e5 skolans bevakningsmonitorer.<\/p>\n\n\t\t\t\t\t<\/div>\n\t\t\t\t\t\t\t<\/div>\n\n\t\t\t\t\t<\/div>\n\n\t\t <div class=\"ams-fifty__media u-ratio-landscape\">\n\t\t \t\t\t\t\t<img decoding=\"async\" width=\"600\" height=\"400\" src=\"https:\/\/drottningblanka.se\/wp-content\/uploads\/sites\/11\/2025\/09\/bfpedagogikdbgykristianstad202403h8a3975-600x400.jpg\" class=\"attachment-md size-md\" alt=\"Visar ryggen av en elev som har en m\u00f6rkbl\u00e5 hoodie med DBGYs logga\" sizes=\"(min-width: 64em) 600px, calc(100vw - 160px)\" srcset=\"https:\/\/drottningblanka.se\/wp-content\/uploads\/sites\/11\/2025\/09\/bfpedagogikdbgykristianstad202403h8a3975-600x400.jpg 600w, https:\/\/drottningblanka.se\/wp-content\/uploads\/sites\/11\/2025\/09\/bfpedagogikdbgykristianstad202403h8a3975-300x200.jpg 300w, https:\/\/drottningblanka.se\/wp-content\/uploads\/sites\/11\/2025\/09\/bfpedagogikdbgykristianstad202403h8a3975-400x267.jpg 400w, https:\/\/drottningblanka.se\/wp-content\/uploads\/sites\/11\/2025\/09\/bfpedagogikdbgykristianstad202403h8a3975-800x533.jpg 800w, https:\/\/drottningblanka.se\/wp-content\/uploads\/sites\/11\/2025\/09\/bfpedagogikdbgykristianstad202403h8a3975-1024x683.jpg 1024w, https:\/\/drottningblanka.se\/wp-content\/uploads\/sites\/11\/2025\/09\/bfpedagogikdbgykristianstad202403h8a3975.jpg 1080w\" \/>\n\t\t\t\n\t\t\t\n\t\t\t\t\t<\/div>\n\t<\/div>\n\n\t\t\n\n<\/section>\n\n\n\n<div style=\"height:50px\" aria-hidden=\"true\" class=\"wp-block-spacer\"><\/div>\n\n\n\n<h2 class=\"wp-block-heading\">Information om kamera\u00f6vervakning<\/h2>\n\n\n\n<p>Den som \u00e4r ansvarig f\u00f6r kamera\u00f6vervakningen p\u00e5 Drottning Blankas gymnasieskola i G\u00e4vle \u00e4r huvudmannen, allts\u00e5 DBGY Juvelen AB. Huvudmannen \u00e4r d\u00e4rmed ocks\u00e5 personuppgiftsansvarig.<br><br>Syftet med bevakningen i skolans lokaler \u00e4r att motverka exempelvis: st\u00f6lder, skadeg\u00f6relse, f\u00f6rhindra kr\u00e4nkande behandling och att fr\u00e4mja tryggheten och s\u00e4kerheten f\u00f6r alla p\u00e5 skolan.<br><br>Skolan har r\u00e4tt att behandla och bevara bilder som spelas in via bevakningskamerorna. Bildmaterialet sparas som huvudregel i fyra (4) dagar, men kan sparas under en l\u00e4ngre period beroende p\u00e5 \u00e4ndam\u00e5let med materialet.<br><br>Den r\u00e4ttsliga grunden f\u00f6r behandlingen \u00e4r intresseavv\u00e4gning. Skolan har ett intresse av att fr\u00e4mja trygghet och s\u00e4kerhet och f\u00f6rhindra kr\u00e4nkande behandling men \u00e4ven f\u00f6rebygga samt motverka skadeg\u00f6relse samt st\u00f6lder.<br><br>Inspelat material f\u00f6rvaras p\u00e5 s\u00e4rskilt datalagringsmedia i kamerabevakningsutrustningen. Beh\u00f6righet att f\u00e5 tillg\u00e5ng till materialet \u00e4r begr\u00e4nsad. Materialet hanteras med sekretess i enlighet med 22 \u00a7 kamerabevakningslagen. Skolan kan l\u00e4mna ut materialet till polisen om det f\u00f6religger misstanke om brott.<br><br>Du har r\u00e4tt att beg\u00e4ra att f\u00e5 veta om skolan behandlar personuppgifter som r\u00f6r dig och i s\u00e5 fall f\u00e5 del av uppgifterna och viss information om behandlingen (ett s\u00e5 kallat registerutdrag). Om du beg\u00e4r registerutdrag mer \u00e4n en g\u00e5ng per \u00e5r kan skolan komma att avsl\u00e5 din beg\u00e4ran eller ta ut en rimlig avgift f\u00f6r den.<br><br>Du har \u00e4ven bland annat r\u00e4tt att beg\u00e4ra radering av dina personuppgifter, g\u00f6ra inv\u00e4ndningar mot behandlingen och beg\u00e4ra begr\u00e4nsning av behandlingen av dem. Om du beg\u00e4r r\u00e4ttelse, radering, inv\u00e4nder mot behandlingen eller beg\u00e4r begr\u00e4nsning av den kommer skolan att pr\u00f6va om den \u00e5tg\u00e4rd du beg\u00e4r ska vidtas eller inte. <a href=\"https:\/\/medarbetare.academedia.se\/dataskydd-valj-ditt-segment\/\" target=\"_blank\" rel=\"noreferrer noopener\">L\u00e4s mer om hur AcadeMedia hanterar personuppgifter h\u00e4r<\/a>.<\/p>\n\n\n\n<h2 class=\"wp-block-heading\">Du har r\u00e4tt att klaga till Integritetsskyddsmyndigheten (IMY)<\/h2>\n\n\n\n<p>Om du anser att skolan har behandlat dina personuppgifter p\u00e5 ett s\u00e4tt som st\u00e5r i strid med g\u00e4llande best\u00e4mmelser om behandling av s\u00e5dana uppgifter, kan du v\u00e4nda dig till Integritetsskyddsmyndigheten med klagom\u00e5l. Du kan komma i kontakt med IMY via&nbsp;<a href=\"mailto:imy@imy.se\" target=\"_blank\" rel=\"noreferrer noopener\">imy@imy.se<\/a>. Du kan \u00e4ven ringa dem p\u00e5 08-657 61 00 eller n\u00e5 dem per post p\u00e5 adress: IMY, Box 8114, 104 20 Stockholm.<\/p>\n\n\n\n<h2 class=\"wp-block-heading\">Vid fr\u00e5gor<\/h2>\n\n\n\n<p>Om du har fr\u00e5gor n\u00e4r det g\u00e4ller skolans personuppgiftsbehandling kan v\u00e4nda dig till skolans dataskyddsombud&nbsp;<a href=\"mailto:dataskydd.gymnasiet@academedia.se\" target=\"_blank\" rel=\"noreferrer noopener\">dataskydd.gymnasiet@academedia.se<\/a><\/p>\n\n\n\n<div style=\"height:50px\" aria-hidden=\"true\" class=\"wp-block-spacer\"><\/div>\n","protected":false},"excerpt":{"rendered":"<p>Information om kamera\u00f6vervakning Den som \u00e4r ansvarig f\u00f6r kamera\u00f6vervakningen p\u00e5 Drottning Blankas gymnasieskola i G\u00e4vle \u00e4r huvudmannen, allts\u00e5 DBGY Juvelen AB. Huvudmannen \u00e4r d\u00e4rmed ocks\u00e5 personuppgiftsansvarig. Syftet med bevakningen i skolans lokaler \u00e4r att motverka exempelvis: st\u00f6lder, skadeg\u00f6relse, f\u00f6rhindra kr\u00e4nkande behandling och att fr\u00e4mja tryggheten och s\u00e4kerheten f\u00f6r alla p\u00e5 skolan. Skolan har r\u00e4tt att&#8230;<\/p>\n","protected":false},"author":73,"featured_media":0,"parent":0,"menu_order":0,"comment_status":"closed","ping_status":"closed","template":"","meta":{"footnotes":""},"yoast_head":"<!-- This site is optimized with the Yoast SEO plugin v22.0 - https:\/\/yoast.com\/wordpress\/plugins\/seo\/ -->\n<title>Kamera\u00f6vervakning - Drottning Blankas Gymnasieskola G\u00e4vle<\/title>\n<meta name=\"description\" content=\"Kamera\u00f6vervakning i lokalerna \u00e4r f\u00f6r att motverka ex. st\u00f6lder och skadeg\u00f6relse samt fr\u00e4mja tryggheten och s\u00e4kerheten f\u00f6r alla p\u00e5 skolan.\" \/>\n<meta name=\"robots\" content=\"index, follow, max-snippet:-1, max-image-preview:large, max-video-preview:-1\" \/>\n<link rel=\"canonical\" href=\"https:\/\/drottningblanka.se\/gavle\/kameraovervakning\/\" \/>\n<meta property=\"og:locale\" content=\"sv_SE\" \/>\n<meta property=\"og:type\" content=\"article\" \/>\n<meta property=\"og:title\" content=\"Kamera\u00f6vervakning - Drottning Blankas Gymnasieskola G\u00e4vle\" \/>\n<meta property=\"og:description\" content=\"Kamera\u00f6vervakning i lokalerna \u00e4r f\u00f6r att motverka ex. st\u00f6lder och skadeg\u00f6relse samt fr\u00e4mja tryggheten och s\u00e4kerheten f\u00f6r alla p\u00e5 skolan.\" \/>\n<meta property=\"og:url\" content=\"https:\/\/drottningblanka.se\/gavle\/kameraovervakning\/\" \/>\n<meta property=\"og:site_name\" content=\"G\u00e4vle\" \/>\n<meta property=\"article:modified_time\" content=\"2025-12-11T10:24:51+00:00\" \/>\n<meta name=\"twitter:card\" content=\"summary_large_image\" \/>\n<meta name=\"twitter:title\" content=\"Kamera\u00f6vervakning - Drottning Blankas Gymnasieskola G\u00e4vle\" \/>\n<meta name=\"twitter:description\" content=\"Kamera\u00f6vervakning i lokalerna \u00e4r f\u00f6r att motverka ex. st\u00f6lder och skadeg\u00f6relse samt fr\u00e4mja tryggheten och s\u00e4kerheten f\u00f6r alla p\u00e5 skolan.\" \/>\n<meta name=\"twitter:label1\" content=\"Ber\u00e4knad l\u00e4stid\" \/>\n\t<meta name=\"twitter:data1\" content=\"3 minuter\" \/>\n<script type=\"application\/ld+json\" class=\"yoast-schema-graph\">{\"@context\":\"https:\/\/schema.org\",\"@graph\":[{\"@type\":\"WebPage\",\"@id\":\"https:\/\/drottningblanka.se\/gavle\/kameraovervakning\/\",\"url\":\"https:\/\/drottningblanka.se\/gavle\/kameraovervakning\/\",\"name\":\"Kamera\u00f6vervakning - Drottning Blankas Gymnasieskola G\u00e4vle\",\"isPartOf\":{\"@id\":\"https:\/\/drottningblanka.se\/gavle\/#website\"},\"datePublished\":\"2025-09-18T09:15:30+00:00\",\"dateModified\":\"2025-12-11T10:24:51+00:00\",\"description\":\"Kamera\u00f6vervakning i lokalerna \u00e4r f\u00f6r att motverka ex. st\u00f6lder och skadeg\u00f6relse samt fr\u00e4mja tryggheten och s\u00e4kerheten f\u00f6r alla p\u00e5 skolan.\",\"breadcrumb\":{\"@id\":\"https:\/\/drottningblanka.se\/gavle\/kameraovervakning\/#breadcrumb\"},\"inLanguage\":\"sv-SE\",\"potentialAction\":[{\"@type\":\"ReadAction\",\"target\":[\"https:\/\/drottningblanka.se\/gavle\/kameraovervakning\/\"]}]},{\"@type\":\"BreadcrumbList\",\"@id\":\"https:\/\/drottningblanka.se\/gavle\/kameraovervakning\/#breadcrumb\",\"itemListElement\":[{\"@type\":\"ListItem\",\"position\":1,\"name\":\"Start\",\"item\":\"https:\/\/drottningblanka.se\/gavle\/\"},{\"@type\":\"ListItem\",\"position\":2,\"name\":\"Kamera\u00f6vervakning\"}]},{\"@type\":\"WebSite\",\"@id\":\"https:\/\/drottningblanka.se\/gavle\/#website\",\"url\":\"https:\/\/drottningblanka.se\/gavle\/\",\"name\":\"G\u00e4vle\",\"description\":\"En del av AcadeMedia\",\"potentialAction\":[{\"@type\":\"SearchAction\",\"target\":{\"@type\":\"EntryPoint\",\"urlTemplate\":\"https:\/\/drottningblanka.se\/gavle\/?s={search_term_string}\"},\"query-input\":\"required name=search_term_string\"}],\"inLanguage\":\"sv-SE\"}]}<\/script>\n<!-- \/ Yoast SEO plugin. -->","yoast_head_json":{"title":"Kamera\u00f6vervakning - Drottning Blankas Gymnasieskola G\u00e4vle","description":"Kamera\u00f6vervakning i lokalerna \u00e4r f\u00f6r att motverka ex. st\u00f6lder och skadeg\u00f6relse samt fr\u00e4mja tryggheten och s\u00e4kerheten f\u00f6r alla p\u00e5 skolan.","robots":{"index":"index","follow":"follow","max-snippet":"max-snippet:-1","max-image-preview":"max-image-preview:large","max-video-preview":"max-video-preview:-1"},"canonical":"https:\/\/drottningblanka.se\/gavle\/kameraovervakning\/","og_locale":"sv_SE","og_type":"article","og_title":"Kamera\u00f6vervakning - Drottning Blankas Gymnasieskola G\u00e4vle","og_description":"Kamera\u00f6vervakning i lokalerna \u00e4r f\u00f6r att motverka ex. st\u00f6lder och skadeg\u00f6relse samt fr\u00e4mja tryggheten och s\u00e4kerheten f\u00f6r alla p\u00e5 skolan.","og_url":"https:\/\/drottningblanka.se\/gavle\/kameraovervakning\/","og_site_name":"G\u00e4vle","article_modified_time":"2025-12-11T10:24:51+00:00","twitter_card":"summary_large_image","twitter_title":"Kamera\u00f6vervakning - Drottning Blankas Gymnasieskola G\u00e4vle","twitter_description":"Kamera\u00f6vervakning i lokalerna \u00e4r f\u00f6r att motverka ex. st\u00f6lder och skadeg\u00f6relse samt fr\u00e4mja tryggheten och s\u00e4kerheten f\u00f6r alla p\u00e5 skolan.","twitter_misc":{"Ber\u00e4knad l\u00e4stid":"3 minuter"},"schema":{"@context":"https:\/\/schema.org","@graph":[{"@type":"WebPage","@id":"https:\/\/drottningblanka.se\/gavle\/kameraovervakning\/","url":"https:\/\/drottningblanka.se\/gavle\/kameraovervakning\/","name":"Kamera\u00f6vervakning - Drottning Blankas Gymnasieskola G\u00e4vle","isPartOf":{"@id":"https:\/\/drottningblanka.se\/gavle\/#website"},"datePublished":"2025-09-18T09:15:30+00:00","dateModified":"2025-12-11T10:24:51+00:00","description":"Kamera\u00f6vervakning i lokalerna \u00e4r f\u00f6r att motverka ex. st\u00f6lder och skadeg\u00f6relse samt fr\u00e4mja tryggheten och s\u00e4kerheten f\u00f6r alla p\u00e5 skolan.","breadcrumb":{"@id":"https:\/\/drottningblanka.se\/gavle\/kameraovervakning\/#breadcrumb"},"inLanguage":"sv-SE","potentialAction":[{"@type":"ReadAction","target":["https:\/\/drottningblanka.se\/gavle\/kameraovervakning\/"]}]},{"@type":"BreadcrumbList","@id":"https:\/\/drottningblanka.se\/gavle\/kameraovervakning\/#breadcrumb","itemListElement":[{"@type":"ListItem","position":1,"name":"Start","item":"https:\/\/drottningblanka.se\/gavle\/"},{"@type":"ListItem","position":2,"name":"Kamera\u00f6vervakning"}]},{"@type":"WebSite","@id":"https:\/\/drottningblanka.se\/gavle\/#website","url":"https:\/\/drottningblanka.se\/gavle\/","name":"G\u00e4vle","description":"En del av AcadeMedia","potentialAction":[{"@type":"SearchAction","target":{"@type":"EntryPoint","urlTemplate":"https:\/\/drottningblanka.se\/gavle\/?s={search_term_string}"},"query-input":"required name=search_term_string"}],"inLanguage":"sv-SE"}]}},"_links":{"self":[{"href":"https:\/\/drottningblanka.se\/gavle\/wp-json\/wp\/v2\/pages\/2501"}],"collection":[{"href":"https:\/\/drottningblanka.se\/gavle\/wp-json\/wp\/v2\/pages"}],"about":[{"href":"https:\/\/drottningblanka.se\/gavle\/wp-json\/wp\/v2\/types\/page"}],"author":[{"embeddable":true,"href":"https:\/\/drottningblanka.se\/gavle\/wp-json\/wp\/v2\/users\/73"}],"replies":[{"embeddable":true,"href":"https:\/\/drottningblanka.se\/gavle\/wp-json\/wp\/v2\/comments?post=2501"}],"version-history":[{"count":10,"href":"https:\/\/drottningblanka.se\/gavle\/wp-json\/wp\/v2\/pages\/2501\/revisions"}],"predecessor-version":[{"id":2564,"href":"https:\/\/drottningblanka.se\/gavle\/wp-json\/wp\/v2\/pages\/2501\/revisions\/2564"}],"wp:attachment":[{"href":"https:\/\/drottningblanka.se\/gavle\/wp-json\/wp\/v2\/media?parent=2501"}],"curies":[{"name":"wp","href":"https:\/\/api.w.org\/{rel}","templated":true}]}}