{"id":419,"date":"2022-09-22T10:50:00","date_gmt":"2022-09-22T08:50:00","guid":{"rendered":"https:\/\/drottningblanka.se\/falun\/?page_id=419"},"modified":"2025-08-15T16:26:55","modified_gmt":"2025-08-15T14:26:55","slug":"kontakta-oss","status":"publish","type":"page","link":"https:\/\/drottningblanka.se\/falun\/kontakta-oss\/","title":{"rendered":"Kontakta oss"},"content":{"rendered":"\n\t<div class=\"module_wrapper ams_remote_pages_module \">\n\t\t\n\t\n\t\n<section  class=\"ams-map ams-map--fifty c-block  media-bottom media-right \" data-color-scheme=\"gra\" data-locations=\"[{&quot;id&quot;:&quot;1937&quot;,&quot;county&quot;:&quot;Dalarnas l\\u00e4n&quot;,&quot;city&quot;:&quot;Falu &quot;,&quot;school&quot;:&quot;Falun&quot;,&quot;title&quot;:&quot;DBGY Falun&quot;,&quot;phone&quot;:&quot;0725208971&quot;,&quot;phone_formatted&quot;:&quot;072-5208971&quot;,&quot;email&quot;:&quot;falun@hagstromska.se&quot;,&quot;visiting_address&quot;:{&quot;address&quot;:&quot;\\u00c5sgatan 33&quot;,&quot;zip_code&quot;:&quot;791 71&quot;,&quot;city&quot;:&quot;Falun&quot;},&quot;postal_address&quot;:{&quot;address&quot;:&quot;\\u00c5sgatan 33&quot;,&quot;zip_code&quot;:&quot;791 71&quot;,&quot;city&quot;:&quot;Falun&quot;},&quot;address_map&quot;:&quot;\\u00c5sgatan 33, Falun, Sverige&quot;,&quot;lat&quot;:60.6065928,&quot;lng&quot;:15.6313963,&quot;link&quot;:{&quot;url&quot;:&quot;https:\\\/\\\/hagstromska.se\\\/&quot;,&quot;text&quot;:&quot;Till skolans hemsida&quot;}}]\">\n\t<div class=\"ams-map__content u-pt-fluid-3xl-6xl u-pb-fluid-3xl-6xl l-stack l-stack-fluid-xl is-center is-left@lg\">\n\t\t\t\n\t<h1\n\tclass=\"c-heading u-font-title-1 \"\n\tstyle=\"\">\n\t\t\n\t\t\t\t\tKontakta oss\n\t\t\t\t\n\t<\/h1>\n\n\t\t\t\t\t<div class=\"c-text l-stack u-cs-xl u-font-body\">\n\t\t\t\t<p>Vi har nu blivit en del av Hagstr\u00f6mska Gymnasiet. Har du fr\u00e5gor om \u00f6verg\u00e5ngen? Vi ska g\u00f6ra v\u00e5rt b\u00e4sta f\u00f6r att svara p\u00e5 dina fr\u00e5gor!<\/p>\n\n\t\t\t<\/div>\n\t\t\n\t\t\t\t\t<div class=\"contact-info l-stack\">\n\t\t\t\t\t\t\t\t\t<div class=\"contact-info__item\">\n\t\t\t\t\t\t<p class=\"contact-info__heading u-font-title-4\">\n\t\t\t\t\t\t\tBes\u00f6ksadress\n\t\t\t\t\t\t<\/p>\n\t\t\t\t\t\t<p>\n\t\t\t\t\t\t\t\t\t\t\t\t\t\t\t\u00c5sgatan 33<br \/>\n\t\t\t\t\t\t\t\t\t\t\t\t\t\t791 71 Falun\n\t\t\t\t\t\t<\/p>\n\t\t\t\t\t<\/div>\n\t\t\t\t\n\t\t\t\t\n\t\t\t\t\t\t\t\t\t<div class=\"contact-info__item\">\n\t\t\t\t\t\t<p class=\"contact-info__heading u-font-title-4\">\n\t\t\t\t\t\t\tKontakt\n\t\t\t\t\t\t<\/p>\n\t\t\t\t\t\t<p>\n\t\t\t\t\t\t\t\t\t\t\t\t\t\t\t<a href=\"tel:0725208971\">072-5208971<\/a><br \/>\n\t\t\t\t\t\t\t\t\t\t\t\t\t\t\t\t\t\t\t\t\t\t<a href=\"mailto:falun@hagstromska.se\">falun@hagstromska.se<\/a>\n\t\t\t\t\t\t\t\t\t\t\t\t\t<\/p>\n\t\t\t\t\t<\/div>\n\t\t\t\t\t\t\t<\/div>\n\t\t\t<\/div>\n\n\t<div class=\"ams-map__media\">\n\t<\/div>\n<\/section>\n\t<\/div>\n\n\t\n\n\n<section \n\t\t class=\"\n\t\t ams-contact\n\t\t \n\t\t c-block l-stacked\n\t\t \n\t\t \n\t\t js-load-more\n\t\t \"\n\t\t data-color-scheme=\"vit\"\n\t\t\t\t\tdata-count=\"3\"\n\t\t\t\t\t\t\tdata-count-mobile=\"2\"\n\t\t\t\t>\n\t<div\n\t\t class=\"\n\t\t l-container\n\t\t l-stack l-stack-fluid-2xl\n\t\t u-pt-fluid-3xl-6xl\n\t\t u-pb-fluid-3xl-6xl\n\t\t is-center\n\t\t is-center@md\n\t\t \">\n\t\t\t\t\t<div class=\"ams-contact__intro l-stack l-stack-lg\">\n\t\t\t\t\t\n\t<h2\n\tclass=\"c-heading u-font-title-1 \"\n\tstyle=\"\">\n\t\t\n\t\t\t\t\tLedning\n\t\t\t\t\n\t<\/h2>\n\n\t\t\t\t\t\t\t<\/div>\n\t\t\n\t\t\n\t\t    \t\n\t\t\n\t\t<ul\n\t\t\tid=\"contact-grid-69e22c2018953\"\n\t\t\tclass=\"ams-contact__list l-grid u-gap-fluid-2xl-4xl u-justify-center js-results \"\n\t\t\taria-label=\"Kontakter\"\n\t\t\tdata-filter-animation=\"off\"\n\t\t\t>\n\t\t\t\t\t\t\t\t\t\t\t\n\t\t\t\t\n\t\t\t\t<li class=\"l-col-6@md l-col-4@lg \" data-filter=\"ledning\">\n\t\t\t\t\t<article class=\"c-card \" data-variant=\"neutral\">\n\t\t\t\t\t\t<div class=\"c-card__content u-text-center\">\n\t\t\t\t\t\t\t\t\t\t\t\t\t\t\t<h3 class=\"c-card__title u-font-title-3\">\n\t\t\t\t\t\t\t\t\tEmma \u00c5kerlund\n\t\t\t\t\t\t\t\t<\/h3>\n\t\t\t\t\t\t\t\n\t\t\t\t\t\t\t\t\t\t\t\t\t\t\t<p class=\"position u-font-body\">TF Rektor<\/p>\n\t\t\t\t\t\t\t\n\t\t\t\t\t\t\t\t\t\t\t\t\t\t\t<div class=\"contact-info u-font-body\">\n\t\t\t\t\t\t\t\t\t\t\t\t\t\t\t\t\t\t\t\t\t\t\t\t\t\t\t\t\t\t<p class=\"phone\"><a\n\t\t\t\t\t\t\t\t\t\t\t\t\thref=\"tel:0703547999\"\n\t\t\t\t\t\t\t\t\t\t\t\t\tclass=\"u-text-link\">070-354 79 99<\/a>\n\t\t\t\t\t\t\t\t\t\t\t<\/p>\n\t\t\t\t\t\t\t\t\t\t\t\t\t\t\t\t\t\t\t\n\t\t\t\t\t\t\t\t\t\t\t\t\t\t\t\t\t\t\t\t\t\t\t\t\t\t\t\t\t\t<p class=\"email\"><a\n\t\t\t\t\t\t\t\t\t\t\t\t\thref=\"&#109;ai&#108;&#116;o&#058;e&#109;&#109;a.&#097;&#107;e&#114;l&#117;&#110;&#100;&#064;&#104;a&#103;&#115;trom&#115;ka.&#115;e\"\n\t\t\t\t\t\t\t\t\t\t\t\t\tclass=\"u-text-link\">em&#109;a&#046;a&#107;e&#114;lu&#110;d&#064;&#104;&#097;&#103;&#115;&#116;&#114;omska&#046;&#115;e<\/a>\n\t\t\t\t\t\t\t\t\t\t\t<\/p>\n\t\t\t\t\t\t\t\t\t\t\t\t\t\t\t\t\t\t\t\t\t\t\t\t\t\t\t<\/div>\n\t\t\t\t\t\t\t\n\t\t\t\t\t\t\t\t\t\t\t\t\t<\/div>\n\t\t\t\t\t\t<div class=\"c-card__media\">\n\t\t\t\t\t\t\t\t\t\t\t\t\t\t\t\t\t\t\t\t\t\t\t\t\t\t\t\t\t\t\t\t\t\t\t\t\t\t\t\t\t\t\t\t\t\t\t\t\t<img decoding=\"async\" width=\"391\" height=\"426\" src=\"https:\/\/drottningblanka.se\/wp-content\/uploads\/sites\/10\/2023\/05\/emma-akerlund-e1709725481962.jpg\" class=\"u-radius-round u-ratio-landscape  \" alt=\"Personport\u00e4tt\" sizes=\"(max-width: 300px) 100vw, 300px\" srcset=\"https:\/\/drottningblanka.se\/wp-content\/uploads\/sites\/10\/2023\/05\/emma-akerlund-e1709725481962.jpg 391w, https:\/\/drottningblanka.se\/wp-content\/uploads\/sites\/10\/2023\/05\/emma-akerlund-e1709725481962-300x327.jpg 300w\" \/>\n\t\t\t\t\t\t<\/div>\n\t\t\t\t\t<\/article>\n\t\t\t\t<\/li>\n\t\t\t\t\t<\/ul>\n\n\t\t\n\t\t    <div class=\"ams-contact__more u-inline-items js-load-more-btn\">\n        <button href=\"#\"\n                class=\"c-btn\"\n                data-style=\"round\"\n                data-size=\"md\"\n                data-width=\"full-mobile\"\n                data-variant=\"outline\">\n        \tVisa mer\n        <\/button>\n    <\/div>\n\n\t\t\t<\/div>\n\n\t\t\n\n<\/section>\n\n\n\n\n<section  class=\"ams-cta ams-cta--stacked c-block l-stacked ams-border\" data-color-scheme=\"beige\">\n\t<div class=\"l-container-narrow l-stack l-stack-fluid-2xl u-pt-fluid-3xl-6xl u-pb-fluid-3xl-6xl is-center is-center@md\">\n\t\t\t\t\t<div class=\"ams-cta__intro l-stack l-stack-lg\">\n\t\t\t\t\t\n\t<h2\n\tclass=\"c-heading u-font-title-1 \"\n\tstyle=\"\">\n\t\t\n\t\t\t\t\tSynpunkter p\u00e5 verksamheten\n\t\t\t\t\n\t<\/h2>\n\n\t\t\t\t\t\t\t\t\t<div class=\"c-text l-stack u-cs-xl u-font-body\">\n\t\t\t\t\t\t<p style=\"text-align: center;\">Vi vill att v\u00e5r skola ska vara s\u00e5 bra som m\u00f6jligt f\u00f6r alla! V\u00e5rt m\u00e5l \u00e4r att erbjuda en h\u00f6g och god kvalitet i alla v\u00e5ra verksamheter. D\u00e4rf\u00f6r \u00e4r det viktigt att vi f\u00e5r information om eventuella brister, s\u00e5 att vi i dialog med dig kan f\u00f6rb\u00e4ttra och utveckla verksamheten.<\/p>\n\n\t\t\t\t\t<\/div>\n\t\t\t\t\t\t\t<\/div>\n\t\t\n\t\t\n\t\t\t<div class=\"ams-cta__action u-inline-items\">\n\t\t\t\t\t\t\t\n\n\n<a href=\"https:\/\/drottningblanka.se\/falun\/kvalitet\/synpunkter-pa-verksamheten\/\"\n\t\n\tclass=\"c-btn \"\n\tdata-style=\"round\"\n\tdata-size=\"md\"\n\tdata-width=\"full-mobile\"\n\tdata-variant=\"default\"\n\ttarget=\"_self\">\n\t\t\t<span class=\"label\"> L\u00e4mna synpunkt<\/span>\n\t\t\t<\/a>\n\t\t\t<\/div>\n\t<\/div>\n\n\t\t\n\n<\/section>\n","protected":false},"excerpt":{"rendered":"","protected":false},"author":1,"featured_media":0,"parent":0,"menu_order":0,"comment_status":"closed","ping_status":"closed","template":"archive-personal.php","meta":{"footnotes":""},"yoast_head":"<!-- This site is optimized with the Yoast SEO plugin v22.0 - https:\/\/yoast.com\/wordpress\/plugins\/seo\/ -->\n<title>Kontakta oss - Drottning Blankas Gymnasium Falun<\/title>\n<meta name=\"description\" content=\"H\u00e4r hittar du v\u00e5ra kontaktuppgifter till Drottning Blankas Gymnasium. Ni \u00e4r v\u00e4lkomna att ringa eller maila oss! V\u00e4lkommen till DBGY!\" \/>\n<meta name=\"robots\" content=\"index, follow, max-snippet:-1, max-image-preview:large, max-video-preview:-1\" \/>\n<link rel=\"canonical\" href=\"https:\/\/drottningblanka.se\/falun\/kontakta-oss\/\" \/>\n<meta property=\"og:locale\" content=\"sv_SE\" \/>\n<meta property=\"og:type\" content=\"article\" \/>\n<meta property=\"og:title\" content=\"Kontakta oss - Drottning Blankas Gymnasium Falun\" \/>\n<meta property=\"og:description\" content=\"H\u00e4r hittar du v\u00e5ra kontaktuppgifter till Drottning Blankas Gymnasium. Ni \u00e4r v\u00e4lkomna att ringa eller maila oss! V\u00e4lkommen till DBGY!\" \/>\n<meta property=\"og:url\" content=\"https:\/\/drottningblanka.se\/falun\/kontakta-oss\/\" \/>\n<meta property=\"og:site_name\" content=\"Falun\" \/>\n<meta property=\"article:modified_time\" content=\"2025-08-15T14:26:55+00:00\" \/>\n<meta name=\"twitter:card\" content=\"summary_large_image\" \/>\n<meta name=\"twitter:title\" content=\"Kontakta oss - Drottning Blankas Gymnasium Falun\" \/>\n<meta name=\"twitter:description\" content=\"H\u00e4r hittar du v\u00e5ra kontaktuppgifter till Drottning Blankas Gymnasium. Ni \u00e4r v\u00e4lkomna att ringa eller maila oss! V\u00e4lkommen till DBGY!\" \/>\n<meta name=\"twitter:label1\" content=\"Ber\u00e4knad l\u00e4stid\" \/>\n\t<meta name=\"twitter:data1\" content=\"1 minut\" \/>\n<script type=\"application\/ld+json\" class=\"yoast-schema-graph\">{\"@context\":\"https:\/\/schema.org\",\"@graph\":[{\"@type\":\"WebPage\",\"@id\":\"https:\/\/drottningblanka.se\/falun\/kontakta-oss\/\",\"url\":\"https:\/\/drottningblanka.se\/falun\/kontakta-oss\/\",\"name\":\"Kontakta oss - Drottning Blankas Gymnasium Falun\",\"isPartOf\":{\"@id\":\"https:\/\/drottningblanka.se\/falun\/#website\"},\"datePublished\":\"2022-09-22T08:50:00+00:00\",\"dateModified\":\"2025-08-15T14:26:55+00:00\",\"description\":\"H\u00e4r hittar du v\u00e5ra kontaktuppgifter till Drottning Blankas Gymnasium. Ni \u00e4r v\u00e4lkomna att ringa eller maila oss! V\u00e4lkommen till DBGY!\",\"breadcrumb\":{\"@id\":\"https:\/\/drottningblanka.se\/falun\/kontakta-oss\/#breadcrumb\"},\"inLanguage\":\"sv-SE\",\"potentialAction\":[{\"@type\":\"ReadAction\",\"target\":[\"https:\/\/drottningblanka.se\/falun\/kontakta-oss\/\"]}]},{\"@type\":\"BreadcrumbList\",\"@id\":\"https:\/\/drottningblanka.se\/falun\/kontakta-oss\/#breadcrumb\",\"itemListElement\":[{\"@type\":\"ListItem\",\"position\":1,\"name\":\"Start\",\"item\":\"https:\/\/drottningblanka.se\/falun\/\"},{\"@type\":\"ListItem\",\"position\":2,\"name\":\"Kontakta oss\"}]},{\"@type\":\"WebSite\",\"@id\":\"https:\/\/drottningblanka.se\/falun\/#website\",\"url\":\"https:\/\/drottningblanka.se\/falun\/\",\"name\":\"Falun\",\"description\":\"En del av AcadeMedia\",\"potentialAction\":[{\"@type\":\"SearchAction\",\"target\":{\"@type\":\"EntryPoint\",\"urlTemplate\":\"https:\/\/drottningblanka.se\/falun\/?s={search_term_string}\"},\"query-input\":\"required name=search_term_string\"}],\"inLanguage\":\"sv-SE\"}]}<\/script>\n<!-- \/ Yoast SEO plugin. -->","yoast_head_json":{"title":"Kontakta oss - Drottning Blankas Gymnasium Falun","description":"H\u00e4r hittar du v\u00e5ra kontaktuppgifter till Drottning Blankas Gymnasium. Ni \u00e4r v\u00e4lkomna att ringa eller maila oss! V\u00e4lkommen till DBGY!","robots":{"index":"index","follow":"follow","max-snippet":"max-snippet:-1","max-image-preview":"max-image-preview:large","max-video-preview":"max-video-preview:-1"},"canonical":"https:\/\/drottningblanka.se\/falun\/kontakta-oss\/","og_locale":"sv_SE","og_type":"article","og_title":"Kontakta oss - Drottning Blankas Gymnasium Falun","og_description":"H\u00e4r hittar du v\u00e5ra kontaktuppgifter till Drottning Blankas Gymnasium. Ni \u00e4r v\u00e4lkomna att ringa eller maila oss! V\u00e4lkommen till DBGY!","og_url":"https:\/\/drottningblanka.se\/falun\/kontakta-oss\/","og_site_name":"Falun","article_modified_time":"2025-08-15T14:26:55+00:00","twitter_card":"summary_large_image","twitter_title":"Kontakta oss - Drottning Blankas Gymnasium Falun","twitter_description":"H\u00e4r hittar du v\u00e5ra kontaktuppgifter till Drottning Blankas Gymnasium. Ni \u00e4r v\u00e4lkomna att ringa eller maila oss! V\u00e4lkommen till DBGY!","twitter_misc":{"Ber\u00e4knad l\u00e4stid":"1 minut"},"schema":{"@context":"https:\/\/schema.org","@graph":[{"@type":"WebPage","@id":"https:\/\/drottningblanka.se\/falun\/kontakta-oss\/","url":"https:\/\/drottningblanka.se\/falun\/kontakta-oss\/","name":"Kontakta oss - Drottning Blankas Gymnasium Falun","isPartOf":{"@id":"https:\/\/drottningblanka.se\/falun\/#website"},"datePublished":"2022-09-22T08:50:00+00:00","dateModified":"2025-08-15T14:26:55+00:00","description":"H\u00e4r hittar du v\u00e5ra kontaktuppgifter till Drottning Blankas Gymnasium. Ni \u00e4r v\u00e4lkomna att ringa eller maila oss! V\u00e4lkommen till DBGY!","breadcrumb":{"@id":"https:\/\/drottningblanka.se\/falun\/kontakta-oss\/#breadcrumb"},"inLanguage":"sv-SE","potentialAction":[{"@type":"ReadAction","target":["https:\/\/drottningblanka.se\/falun\/kontakta-oss\/"]}]},{"@type":"BreadcrumbList","@id":"https:\/\/drottningblanka.se\/falun\/kontakta-oss\/#breadcrumb","itemListElement":[{"@type":"ListItem","position":1,"name":"Start","item":"https:\/\/drottningblanka.se\/falun\/"},{"@type":"ListItem","position":2,"name":"Kontakta oss"}]},{"@type":"WebSite","@id":"https:\/\/drottningblanka.se\/falun\/#website","url":"https:\/\/drottningblanka.se\/falun\/","name":"Falun","description":"En del av AcadeMedia","potentialAction":[{"@type":"SearchAction","target":{"@type":"EntryPoint","urlTemplate":"https:\/\/drottningblanka.se\/falun\/?s={search_term_string}"},"query-input":"required name=search_term_string"}],"inLanguage":"sv-SE"}]}},"_links":{"self":[{"href":"https:\/\/drottningblanka.se\/falun\/wp-json\/wp\/v2\/pages\/419"}],"collection":[{"href":"https:\/\/drottningblanka.se\/falun\/wp-json\/wp\/v2\/pages"}],"about":[{"href":"https:\/\/drottningblanka.se\/falun\/wp-json\/wp\/v2\/types\/page"}],"author":[{"embeddable":true,"href":"https:\/\/drottningblanka.se\/falun\/wp-json\/wp\/v2\/users\/1"}],"replies":[{"embeddable":true,"href":"https:\/\/drottningblanka.se\/falun\/wp-json\/wp\/v2\/comments?post=419"}],"version-history":[{"count":10,"href":"https:\/\/drottningblanka.se\/falun\/wp-json\/wp\/v2\/pages\/419\/revisions"}],"predecessor-version":[{"id":2823,"href":"https:\/\/drottningblanka.se\/falun\/wp-json\/wp\/v2\/pages\/419\/revisions\/2823"}],"wp:attachment":[{"href":"https:\/\/drottningblanka.se\/falun\/wp-json\/wp\/v2\/media?parent=419"}],"curies":[{"name":"wp","href":"https:\/\/api.w.org\/{rel}","templated":true}]}}