{"id":25,"date":"2022-07-25T23:07:54","date_gmt":"2022-07-25T21:07:54","guid":{"rendered":"https:\/\/drottningblanka.se\/boras\/?page_id=25"},"modified":"2026-03-30T15:41:26","modified_gmt":"2026-03-30T13:41:26","slug":"lasarstider","status":"publish","type":"page","link":"https:\/\/drottningblanka.se\/boras\/om-dbgy\/lasarstider\/","title":{"rendered":"L\u00e4s\u00e5rstider"},"content":{"rendered":"\n\n<section  class=\"ams-timeline c-block l-stacked\" data-color-scheme=\"bakgrund-dark-card-nyans1_av_p2-dark-hover-menu_standard\">\n\t<div class=\"l-container l-stack l-stack-fluid-2xl u-pt-fluid-3xl-6xl u-pb-fluid-3xl-6xl is-center is-center@md\">\n\t\t\t\t\t<div class=\"ams-timeline__intro l-stack l-stack-lg\">\n\t\t\t\t\t\n\t<h1\n\tclass=\"c-heading u-font-title-1 \"\n\tstyle=\"\">\n\t\t\n\t\t\t\t\tV\u00e5ra terminstider \n\t\t\t\t\n\t<\/h1>\n\n\t\t\t\t\t\t\t\t\t<div class=\"c-text l-stack u-cs-xl u-font-body\">\n\t\t\t\t\t\t<p>Se aktuella datum f\u00f6r verksamheten. Mer information om till exempel studiedagar och andra avvikelser finns i Schoolsoft.<\/p>\n\n\t\t\t\t\t<\/div>\n\t\t\t\t\t\t\t<\/div>\n\t\t\n\t\t\t\t\t\n<ol class=\"c-steps\" data-variant=\"horizontal\" data-size=\"md\">\n\t\t\t<li class=\"c-steps__item \"\n\t\t\t\n\t\t\t>\n\t\t\t\t\t\t\t<div class=\"c-steps__circle u-radius-round\">\n\t\t\t\t\t\t\t\t\t\t\t<time class=\"c-steps__date\" datetime=\"2026-04-07\">\n\t\t\t\t\t\t\t<span class=\"day\">7<\/span>\n\t\t\t\t\t\t\t<span class=\"month\">april<\/span>\n\t\t\t\t\t\t<\/time>\n\t\t\t\t\t\t\t\t\t<\/div>\n\t\t\t\n\t\t\t\t\t\t\t<div class=\"c-steps__content l-stack-xs\">\n\t\t\t\t\t\n\t\t\t\t\t\t\t\t\t\t\t<div class=\"c-steps__text l-stack-sm u-font-body\">\n\t\t\t\t\t\t\t<p>P\u00e5sklov 7\/4 \u2013 10\/4<\/p>\n\n\t\t\t\t\t\t<\/div>\n\t\t\t\t\t\t\t\t\t<\/div>\n\t\t\t\t\t<\/li>\n\t\t\t<li class=\"c-steps__item \"\n\t\t\t\n\t\t\t>\n\t\t\t\t\t\t\t<div class=\"c-steps__circle u-radius-round\">\n\t\t\t\t\t\t\t\t\t\t\t<time class=\"c-steps__date\" datetime=\"2026-06-12\">\n\t\t\t\t\t\t\t<span class=\"day\">12<\/span>\n\t\t\t\t\t\t\t<span class=\"month\">juni<\/span>\n\t\t\t\t\t\t<\/time>\n\t\t\t\t\t\t\t\t\t<\/div>\n\t\t\t\n\t\t\t\t\t\t\t<div class=\"c-steps__content l-stack-xs\">\n\t\t\t\t\t\n\t\t\t\t\t\t\t\t\t\t\t<div class=\"c-steps__text l-stack-sm u-font-body\">\n\t\t\t\t\t\t\t<p>Student &amp; skolavslutning \u00e5k 1 &amp; 2<\/p>\n\n\t\t\t\t\t\t<\/div>\n\t\t\t\t\t\t\t\t\t<\/div>\n\t\t\t\t\t<\/li>\n\t\t\t<li class=\"c-steps__item \"\n\t\t\t\n\t\t\t>\n\t\t\t\t\t\t\t<div class=\"c-steps__circle u-radius-round\">\n\t\t\t\t\t\t\t\t\t\t\t<time class=\"c-steps__date\" datetime=\"2026-08-18\">\n\t\t\t\t\t\t\t<span class=\"day\">18<\/span>\n\t\t\t\t\t\t\t<span class=\"month\">augusti<\/span>\n\t\t\t\t\t\t<\/time>\n\t\t\t\t\t\t\t\t\t<\/div>\n\t\t\t\n\t\t\t\t\t\t\t<div class=\"c-steps__content l-stack-xs\">\n\t\t\t\t\t\n\t\t\t\t\t\t\t\t\t\t\t<div class=\"c-steps__text l-stack-sm u-font-body\">\n\t\t\t\t\t\t\t<p>Terminsstart h\u00f6sttermin<\/p>\n\n\t\t\t\t\t\t<\/div>\n\t\t\t\t\t\t\t\t\t<\/div>\n\t\t\t\t\t<\/li>\n\t\t\t<li class=\"c-steps__item \"\n\t\t\t\n\t\t\t>\n\t\t\t\t\t\t\t<div class=\"c-steps__circle u-radius-round\">\n\t\t\t\t\t\t\t\t\t\t\t<time class=\"c-steps__date\" datetime=\"2026-10-26\">\n\t\t\t\t\t\t\t<span class=\"day\">26<\/span>\n\t\t\t\t\t\t\t<span class=\"month\">oktober<\/span>\n\t\t\t\t\t\t<\/time>\n\t\t\t\t\t\t\t\t\t<\/div>\n\t\t\t\n\t\t\t\t\t\t\t<div class=\"c-steps__content l-stack-xs\">\n\t\t\t\t\t\n\t\t\t\t\t\t\t\t\t\t\t<div class=\"c-steps__text l-stack-sm u-font-body\">\n\t\t\t\t\t\t\t<p>H\u00f6stlov v.44<\/p>\n\n\t\t\t\t\t\t<\/div>\n\t\t\t\t\t\t\t\t\t<\/div>\n\t\t\t\t\t<\/li>\n\t\t\t<li class=\"c-steps__item \"\n\t\t\t\n\t\t\t>\n\t\t\t\t\t\t\t<div class=\"c-steps__circle u-radius-round\">\n\t\t\t\t\t\t\t\t\t\t\t<time class=\"c-steps__date\" datetime=\"2026-12-21\">\n\t\t\t\t\t\t\t<span class=\"day\">21<\/span>\n\t\t\t\t\t\t\t<span class=\"month\">december<\/span>\n\t\t\t\t\t\t<\/time>\n\t\t\t\t\t\t\t\t\t<\/div>\n\t\t\t\n\t\t\t\t\t\t\t<div class=\"c-steps__content l-stack-xs\">\n\t\t\t\t\t\n\t\t\t\t\t\t\t\t\t\t\t<div class=\"c-steps__text l-stack-sm u-font-body\">\n\t\t\t\t\t\t\t<p>Jullov<\/p>\n\n\t\t\t\t\t\t<\/div>\n\t\t\t\t\t\t\t\t\t<\/div>\n\t\t\t\t\t<\/li>\n\t<\/ol>\n\t\n\t\t\t<\/div>\n\n\t\t\n\n<\/section>\n\n\n\n\n<section  class=\"ams-cta ams-cta--stacked c-block l-stacked ams-border\" data-color-scheme=\"beige\">\n\t<div class=\"l-container l-stack l-stack-fluid-2xl u-pt-fluid-3xl-6xl u-pb-fluid-3xl-6xl is-center is-center@md\">\n\t\t\t\t\t<div class=\"ams-cta__intro l-stack l-stack-lg\">\n\t\t\t\t\t\n\t<h2\n\tclass=\"c-heading u-font-title-1 \"\n\tstyle=\"\">\n\t\t\n\t\t\t\t\tHar du fr\u00e5gor?\n\t\t\t\t\n\t<\/h2>\n\n\t\t\t\t\t\t\t\t\t<div class=\"c-text l-stack u-cs-xl u-font-body\">\n\t\t\t\t\t\t<p>Du kan alltid kontakta oss direkt eller logga in p\u00e5 schoolsoft f\u00f6r att se aktuell information f\u00f6r v\u00e5rdnadshavare och elever.<\/p>\n\n\t\t\t\t\t<\/div>\n\t\t\t\t\t\t\t<\/div>\n\t\t\n\t\t\n\t\t\t<div class=\"ams-cta__action u-inline-items\">\n\t\t\t\t\t\t\t\n\n\n<a href=\"https:\/\/drottningblanka.se\/boras\/kontakta-oss\/\"\n\t\n\tclass=\"c-btn \"\n\tdata-style=\"round\"\n\tdata-size=\"md\"\n\tdata-width=\"full-mobile\"\n\tdata-variant=\"default\"\n\ttarget=\"_self\">\n\t\t\t<span class=\"label\"> Kontakta oss<\/span>\n\t\t\t<\/a>\n\t\t\t\t\t\t\t\n\n\n<a href=\"https:\/\/sms.schoolsoft.se\/drottningblanka\/jsp\/Login.jsp\"\n\t\n\tclass=\"c-btn \"\n\tdata-style=\"round\"\n\tdata-size=\"md\"\n\tdata-width=\"full-mobile\"\n\tdata-variant=\"outline\"\n\ttarget=\"_blank\">\n\t\t\t<span class=\"label\"> Till Schoolsoft<\/span>\n\t\t\t<\/a>\n\t\t\t<\/div>\n\t<\/div>\n\n\t\t\n\n<\/section>\n","protected":false},"excerpt":{"rendered":"","protected":false},"author":1,"featured_media":0,"parent":19,"menu_order":0,"comment_status":"closed","ping_status":"closed","template":"","meta":{"footnotes":""},"yoast_head":"<!-- This site is optimized with the Yoast SEO plugin v22.0 - https:\/\/yoast.com\/wordpress\/plugins\/seo\/ -->\n<title>Bor\u00e5s<\/title>\n<meta name=\"description\" content=\"H\u00e4r kan du se v\u00e5ra terminstider inklusive lov och terminsstarter.\" \/>\n<meta name=\"robots\" content=\"index, follow, max-snippet:-1, max-image-preview:large, max-video-preview:-1\" \/>\n<link rel=\"canonical\" href=\"https:\/\/drottningblanka.se\/boras\/om-dbgy\/lasarstider\/\" \/>\n<meta property=\"og:locale\" content=\"sv_SE\" \/>\n<meta property=\"og:type\" content=\"article\" \/>\n<meta property=\"og:description\" content=\"H\u00e4r kan du se v\u00e5ra terminstider inklusive lov och terminsstarter.\" \/>\n<meta property=\"og:url\" content=\"https:\/\/drottningblanka.se\/boras\/om-dbgy\/lasarstider\/\" \/>\n<meta property=\"og:site_name\" content=\"Bor\u00e5s\" \/>\n<meta property=\"article:modified_time\" content=\"2026-03-30T13:41:26+00:00\" \/>\n<meta name=\"twitter:card\" content=\"summary_large_image\" \/>\n<meta name=\"twitter:description\" content=\"H\u00e4r kan du se v\u00e5ra terminstider inklusive lov och terminsstarter.\" \/>\n<meta name=\"twitter:label1\" content=\"Ber\u00e4knad l\u00e4stid\" \/>\n\t<meta name=\"twitter:data1\" content=\"1 minut\" \/>\n<script type=\"application\/ld+json\" class=\"yoast-schema-graph\">{\"@context\":\"https:\/\/schema.org\",\"@graph\":[{\"@type\":\"WebPage\",\"@id\":\"https:\/\/drottningblanka.se\/boras\/om-dbgy\/lasarstider\/\",\"url\":\"https:\/\/drottningblanka.se\/boras\/om-dbgy\/lasarstider\/\",\"name\":\"L\u00e4s\u00e5rstider - Bor\u00e5s\",\"isPartOf\":{\"@id\":\"https:\/\/drottningblanka.se\/boras\/#website\"},\"datePublished\":\"2022-07-25T21:07:54+00:00\",\"dateModified\":\"2026-03-30T13:41:26+00:00\",\"description\":\"H\u00e4r kan du se v\u00e5ra terminstider inklusive lov och terminsstarter.\",\"breadcrumb\":{\"@id\":\"https:\/\/drottningblanka.se\/boras\/om-dbgy\/lasarstider\/#breadcrumb\"},\"inLanguage\":\"sv-SE\",\"potentialAction\":[{\"@type\":\"ReadAction\",\"target\":[\"https:\/\/drottningblanka.se\/boras\/om-dbgy\/lasarstider\/\"]}]},{\"@type\":\"BreadcrumbList\",\"@id\":\"https:\/\/drottningblanka.se\/boras\/om-dbgy\/lasarstider\/#breadcrumb\",\"itemListElement\":[{\"@type\":\"ListItem\",\"position\":1,\"name\":\"Start\",\"item\":\"https:\/\/drottningblanka.se\/boras\/\"},{\"@type\":\"ListItem\",\"position\":2,\"name\":\"Om DBGY\",\"item\":\"https:\/\/drottningblanka.se\/boras\/om-dbgy\/\"},{\"@type\":\"ListItem\",\"position\":3,\"name\":\"L\u00e4s\u00e5rstider\"}]},{\"@type\":\"WebSite\",\"@id\":\"https:\/\/drottningblanka.se\/boras\/#website\",\"url\":\"https:\/\/drottningblanka.se\/boras\/\",\"name\":\"Bor\u00e5s\",\"description\":\"En del av AcadeMedia\",\"potentialAction\":[{\"@type\":\"SearchAction\",\"target\":{\"@type\":\"EntryPoint\",\"urlTemplate\":\"https:\/\/drottningblanka.se\/boras\/?s={search_term_string}\"},\"query-input\":\"required name=search_term_string\"}],\"inLanguage\":\"sv-SE\"}]}<\/script>\n<!-- \/ Yoast SEO plugin. -->","yoast_head_json":{"title":"Bor\u00e5s","description":"H\u00e4r kan du se v\u00e5ra terminstider inklusive lov och terminsstarter.","robots":{"index":"index","follow":"follow","max-snippet":"max-snippet:-1","max-image-preview":"max-image-preview:large","max-video-preview":"max-video-preview:-1"},"canonical":"https:\/\/drottningblanka.se\/boras\/om-dbgy\/lasarstider\/","og_locale":"sv_SE","og_type":"article","og_description":"H\u00e4r kan du se v\u00e5ra terminstider inklusive lov och terminsstarter.","og_url":"https:\/\/drottningblanka.se\/boras\/om-dbgy\/lasarstider\/","og_site_name":"Bor\u00e5s","article_modified_time":"2026-03-30T13:41:26+00:00","twitter_card":"summary_large_image","twitter_description":"H\u00e4r kan du se v\u00e5ra terminstider inklusive lov och terminsstarter.","twitter_misc":{"Ber\u00e4knad l\u00e4stid":"1 minut"},"schema":{"@context":"https:\/\/schema.org","@graph":[{"@type":"WebPage","@id":"https:\/\/drottningblanka.se\/boras\/om-dbgy\/lasarstider\/","url":"https:\/\/drottningblanka.se\/boras\/om-dbgy\/lasarstider\/","name":"L\u00e4s\u00e5rstider - Bor\u00e5s","isPartOf":{"@id":"https:\/\/drottningblanka.se\/boras\/#website"},"datePublished":"2022-07-25T21:07:54+00:00","dateModified":"2026-03-30T13:41:26+00:00","description":"H\u00e4r kan du se v\u00e5ra terminstider inklusive lov och terminsstarter.","breadcrumb":{"@id":"https:\/\/drottningblanka.se\/boras\/om-dbgy\/lasarstider\/#breadcrumb"},"inLanguage":"sv-SE","potentialAction":[{"@type":"ReadAction","target":["https:\/\/drottningblanka.se\/boras\/om-dbgy\/lasarstider\/"]}]},{"@type":"BreadcrumbList","@id":"https:\/\/drottningblanka.se\/boras\/om-dbgy\/lasarstider\/#breadcrumb","itemListElement":[{"@type":"ListItem","position":1,"name":"Start","item":"https:\/\/drottningblanka.se\/boras\/"},{"@type":"ListItem","position":2,"name":"Om DBGY","item":"https:\/\/drottningblanka.se\/boras\/om-dbgy\/"},{"@type":"ListItem","position":3,"name":"L\u00e4s\u00e5rstider"}]},{"@type":"WebSite","@id":"https:\/\/drottningblanka.se\/boras\/#website","url":"https:\/\/drottningblanka.se\/boras\/","name":"Bor\u00e5s","description":"En del av AcadeMedia","potentialAction":[{"@type":"SearchAction","target":{"@type":"EntryPoint","urlTemplate":"https:\/\/drottningblanka.se\/boras\/?s={search_term_string}"},"query-input":"required name=search_term_string"}],"inLanguage":"sv-SE"}]}},"_links":{"self":[{"href":"https:\/\/drottningblanka.se\/boras\/wp-json\/wp\/v2\/pages\/25"}],"collection":[{"href":"https:\/\/drottningblanka.se\/boras\/wp-json\/wp\/v2\/pages"}],"about":[{"href":"https:\/\/drottningblanka.se\/boras\/wp-json\/wp\/v2\/types\/page"}],"author":[{"embeddable":true,"href":"https:\/\/drottningblanka.se\/boras\/wp-json\/wp\/v2\/users\/1"}],"replies":[{"embeddable":true,"href":"https:\/\/drottningblanka.se\/boras\/wp-json\/wp\/v2\/comments?post=25"}],"version-history":[{"count":9,"href":"https:\/\/drottningblanka.se\/boras\/wp-json\/wp\/v2\/pages\/25\/revisions"}],"predecessor-version":[{"id":3379,"href":"https:\/\/drottningblanka.se\/boras\/wp-json\/wp\/v2\/pages\/25\/revisions\/3379"}],"up":[{"embeddable":true,"href":"https:\/\/drottningblanka.se\/boras\/wp-json\/wp\/v2\/pages\/19"}],"wp:attachment":[{"href":"https:\/\/drottningblanka.se\/boras\/wp-json\/wp\/v2\/media?parent=25"}],"curies":[{"name":"wp","href":"https:\/\/api.w.org\/{rel}","templated":true}]}}